{"id":1904,"date":"2025-02-17T03:43:41","date_gmt":"2025-02-17T03:43:41","guid":{"rendered":"https:\/\/theperfumebottles.com\/?post_type=product&#038;p=1904"},"modified":"2025-05-29T09:03:10","modified_gmt":"2025-05-29T01:03:10","slug":"wholesale-custom-100ml-luxury-perfume-bottles","status":"publish","type":"product","link":"https:\/\/theperfumebottles.com\/da\/vare\/wholesale-custom-100ml-luxury-perfume-bottles\/","title":{"rendered":"Engros brugerdefinerede 100ml luksus parfumeflasker"},"content":{"rendered":"<p>Disse 100 ml firkantede luksusparfumeflasker i glas har et enkelt og moderne design, gennemsigtigt materiale, h\u00f8j genkendelighed og er uforglemmelige ved f\u00f8rste blik. Flaskens krop bruger en unik indfarvningsproces til at pr\u00e6sentere en lagdelt bl\u00e5-sort tone. Den har en enest\u00e5ende tekstur under lys og en fremtr\u00e6dende visuel effekt, som hj\u00e6lper med at forbedre brandindtrykket og hukommelsespunktet. Den er designet specielt til moderne herredufte og tager h\u00f8jde for b\u00e5de sk\u00f8nhed og praktisk ydeevne, hvilket hj\u00e6lper brandet med at formidle et raffineret, behersket og stilfuldt brandimage.<\/p>\n<h2>Vigtige specifikationer for vores luksusparfumeflasker<\/h2>\n<table style=\"border-collapse: collapse;margin-left: auto;margin-right: auto;width: 354.02pt\" border=\"0\" width=\"472\" cellspacing=\"0\" cellpadding=\"0\">\n<tbody>\n<tr style=\"height: 13.50pt\">\n<td style=\"height: 13.50pt;margin-left: auto;margin-right: auto;width: 130.50pt\" width=\"174\" height=\"18\">Modelnummer<\/td>\n<td style=\"width: 223.50pt\" width=\"298\">PB-BF05<\/td>\n<\/tr>\n<tr style=\"height: 13.50pt\">\n<td style=\"height: 13.50pt\" height=\"18\">Kapacitet<\/td>\n<td>100 ml (3,4 oz)<\/td>\n<\/tr>\n<tr style=\"height: 13.50pt\">\n<td style=\"height: 13.50pt\" height=\"18\">Diameter<\/td>\n<td>15 mm<\/td>\n<\/tr>\n<tr style=\"height: 13.50pt\">\n<td style=\"height: 13.50pt\" height=\"18\">Farve<\/td>\n<td>Klart glas med bl\u00e5t\/sort l\u00e5g<\/td>\n<\/tr>\n<tr style=\"height: 13.50pt\">\n<td style=\"height: 13.50pt\" height=\"18\">St\u00f8rrelse p\u00e5 glas<\/td>\n<td>68 mm * 36 mm * 100 mm<\/td>\n<\/tr>\n<tr style=\"height: 13.50pt\">\n<td style=\"height: 13.50pt\" height=\"18\">Form<\/td>\n<td>Rektangul\u00e6r<\/td>\n<\/tr>\n<tr style=\"height: 13.50pt\">\n<td style=\"height: 13.50pt\" height=\"18\">Materiale<\/td>\n<td>Krystalglas af h\u00f8j kvalitet<\/td>\n<\/tr>\n<\/tbody>\n<\/table>\n<h2>Brugsscenarier<\/h2>\n<p>Denne 100 ml bl\u00e5 parfumeflaske er designet til herredufte, uanset om det er cologne, aftershave eller eau de toilette, kan den nemt kontrolleres. Uanset om du er en parfumeproducent, der har brug for emballage i stor skala, eller et brand, der skaber eksklusive dufte. Selv for nichem\u00e6rker eller h\u00e5ndlavede parfumeurere, der str\u00e6ber efter et individuelt udtryk, er det ogs\u00e5 et meget attraktivt valg.<\/p>\n<h2>Hvorfor v\u00e6lge os?<\/h2>\n<p>Som partner med fokus p\u00e5 avancerede parfumeflasker ved vi, at hver eneste parfumeflaske b\u00e6rer brandets historie. Designet af denne sprayflaske fokuserer ikke kun p\u00e5 udseendet, men er ogs\u00e5 opm\u00e6rksom p\u00e5 den dybe tilpasning til brandets tone - fra glassets rene tekstur til flaskekroppens glatte bue er hver detalje gentagne gange blevet poleret, bare for at formidle din str\u00e6ben efter kvalitet og sk\u00f8nhed. Uanset om det er den delikate ber\u00f8ring eller brugervenligheden, h\u00e5ber vi, at den vil blive den perfekte udvidelse af dine duftprodukter. Uanset om du har brug for at k\u00f8be stort ind eller \u00f8nsker at tilpasse et unikt design, s\u00e5 kontakt os nu for at tale om dine ideer - lad os bruge uds\u00f8gt emballage til at give din duft en mere r\u00f8rende historie og f\u00e5 dit brand til at skille sig ud p\u00e5 markedet.<\/p>","protected":false},"excerpt":{"rendered":"<p>Vores 100 ml luksusparfumeflasker i glas er et bevis p\u00e5 sofistikeret design og f\u00f8rsteklasses kvalitet. N\u00e5r det g\u00e6lder dufte, kan den rigtige pr\u00e6sentation g\u00f8re hele forskellen.<\/p>","protected":false},"featured_media":2335,"comment_status":"open","ping_status":"closed","template":"","meta":{"_acf_changed":false,"site-sidebar-layout":"default","site-content-layout":"","ast-site-content-layout":"default","site-content-style":"default","site-sidebar-style":"default","ast-global-header-display":"","ast-banner-title-visibility":"","ast-main-header-display":"","ast-hfb-above-header-display":"","ast-hfb-below-header-display":"","ast-hfb-mobile-header-display":"","site-post-title":"","ast-breadcrumbs-content":"","ast-featured-img":"","footer-sml-layout":"","ast-disable-related-posts":"","theme-transparent-header-meta":"default","adv-header-id-meta":"","stick-header-meta":"","header-above-stick-meta":"","header-main-stick-meta":"","header-below-stick-meta":"","astra-migrate-meta-layouts":"set","ast-page-background-enabled":"default","ast-page-background-meta":{"desktop":{"background-color":"var(--ast-global-color-5)","background-image":"","background-repeat":"repeat","background-position":"center center","background-size":"auto","background-attachment":"scroll","background-type":"","background-media":"","overlay-type":"","overlay-color":"","overlay-opacity":"","overlay-gradient":""},"tablet":{"background-color":"","background-image":"","background-repeat":"repeat","background-position":"center center","background-size":"auto","background-attachment":"scroll","background-type":"","background-media":"","overlay-type":"","overlay-color":"","overlay-opacity":"","overlay-gradient":""},"mobile":{"background-color":"","background-image":"","background-repeat":"repeat","background-position":"center center","background-size":"auto","background-attachment":"scroll","background-type":"","background-media":"","overlay-type":"","overlay-color":"","overlay-opacity":"","overlay-gradient":""}},"ast-content-background-meta":{"desktop":{"background-color":"var(--ast-global-color-4)","background-image":"","background-repeat":"repeat","background-position":"center center","background-size":"auto","background-attachment":"scroll","background-type":"","background-media":"","overlay-type":"","overlay-color":"","overlay-opacity":"","overlay-gradient":""},"tablet":{"background-color":"var(--ast-global-color-4)","background-image":"","background-repeat":"repeat","background-position":"center center","background-size":"auto","background-attachment":"scroll","background-type":"","background-media":"","overlay-type":"","overlay-color":"","overlay-opacity":"","overlay-gradient":""},"mobile":{"background-color":"var(--ast-global-color-4)","background-image":"","background-repeat":"repeat","background-position":"center center","background-size":"auto","background-attachment":"scroll","background-type":"","background-media":"","overlay-type":"","overlay-color":"","overlay-opacity":"","overlay-gradient":""}}},"product_brand":[],"product_cat":[41,72],"product_tag":[],"class_list":{"0":"post-1904","1":"product","2":"type-product","3":"status-publish","4":"has-post-thumbnail","6":"product_cat-perfume-bottles","7":"product_cat-cosmetic-packaging","8":"desktop-align-left","9":"tablet-align-left","10":"mobile-align-left","12":"first","13":"instock","14":"shipping-taxable","15":"product-type-simple"},"acf":[],"jetpack_sharing_enabled":true,"_links":{"self":[{"href":"https:\/\/theperfumebottles.com\/da\/wp-json\/wp\/v2\/product\/1904","targetHints":{"allow":["GET"]}}],"collection":[{"href":"https:\/\/theperfumebottles.com\/da\/wp-json\/wp\/v2\/product"}],"about":[{"href":"https:\/\/theperfumebottles.com\/da\/wp-json\/wp\/v2\/types\/product"}],"replies":[{"embeddable":true,"href":"https:\/\/theperfumebottles.com\/da\/wp-json\/wp\/v2\/comments?post=1904"}],"wp:featuredmedia":[{"embeddable":true,"href":"https:\/\/theperfumebottles.com\/da\/wp-json\/wp\/v2\/media\/2335"}],"wp:attachment":[{"href":"https:\/\/theperfumebottles.com\/da\/wp-json\/wp\/v2\/media?parent=1904"}],"wp:term":[{"taxonomy":"product_brand","embeddable":true,"href":"https:\/\/theperfumebottles.com\/da\/wp-json\/wp\/v2\/product_brand?post=1904"},{"taxonomy":"product_cat","embeddable":true,"href":"https:\/\/theperfumebottles.com\/da\/wp-json\/wp\/v2\/product_cat?post=1904"},{"taxonomy":"product_tag","embeddable":true,"href":"https:\/\/theperfumebottles.com\/da\/wp-json\/wp\/v2\/product_tag?post=1904"}],"curies":[{"name":"wp","href":"https:\/\/api.w.org\/{rel}","templated":true}]}}