{"id":1909,"date":"2025-02-17T07:16:21","date_gmt":"2025-02-17T07:16:21","guid":{"rendered":"https:\/\/theperfumebottles.com\/?post_type=product&#038;p=1909"},"modified":"2026-04-07T16:33:12","modified_gmt":"2026-04-07T08:33:12","slug":"50ml-fragrance-bottles-wholesale","status":"publish","type":"product","link":"https:\/\/theperfumebottles.com\/da\/vare\/50ml-fragrance-bottles-wholesale\/","title":{"rendered":"50ml krystalglas duftflasker engros"},"content":{"rendered":"<p data-sourcepos=\"9:1-9:360\">Disse duftflasker har et attraktivt firkantet design. Flaskedesignet inkluderer en diamantslebet krystalh\u00e6tte, der sidder p\u00e5 en glashals med en poleret guldmetalring, hvilket skaber en attraktiv visuel effekt, der \u00f8ger flaskens luksuri\u00f8se v\u00e6rdi.<\/p>\n<p><img fetchpriority=\"high\" decoding=\"async\" class=\"size-medium wp-image-1910 aligncenter\" src=\"https:\/\/theperfumebottles.com\/wp-content\/uploads\/2025\/02\/fragrance-bottles-300x300.jpg\" alt=\"duftflasker\" width=\"300\" height=\"300\" srcset=\"https:\/\/theperfumebottles.com\/wp-content\/uploads\/2025\/02\/fragrance-bottles-300x300.jpg 300w, https:\/\/theperfumebottles.com\/wp-content\/uploads\/2025\/02\/fragrance-bottles-150x150.jpg 150w, https:\/\/theperfumebottles.com\/wp-content\/uploads\/2025\/02\/fragrance-bottles-768x768.jpg 768w, https:\/\/theperfumebottles.com\/wp-content\/uploads\/2025\/02\/fragrance-bottles-12x12.jpg 12w, https:\/\/theperfumebottles.com\/wp-content\/uploads\/2025\/02\/fragrance-bottles-600x600.jpg 600w, https:\/\/theperfumebottles.com\/wp-content\/uploads\/2025\/02\/fragrance-bottles-100x100.jpg 100w, https:\/\/theperfumebottles.com\/wp-content\/uploads\/2025\/02\/fragrance-bottles.jpg 1000w\" sizes=\"(max-width: 300px) 100vw, 300px\" \/><\/p>\n<h2>Vigtigste specifikationer for vores 50 ml duftflasker<\/h2>\n<table style=\"border-collapse: collapse; margin-left: auto; margin-right: auto; width: 354.02pt;\" border=\"0\" width=\"472\" cellspacing=\"0\" cellpadding=\"0\">\n<tbody>\n<tr style=\"height: 13.50pt;\">\n<td style=\"height: 13.50pt; width: 130.50pt;\" width=\"174\" height=\"18\">Modelnummer<\/td>\n<td style=\"width: 223.50pt;\" width=\"298\">PB-BF0801 \/ PB-BF0802<\/td>\n<\/tr>\n<tr style=\"height: 13.50pt;\">\n<td style=\"height: 13.50pt;\" height=\"18\">Kapacitet<\/td>\n<td>50 ml<\/td>\n<\/tr>\n<tr style=\"height: 13.50pt;\">\n<td style=\"height: 13.50pt;\" height=\"18\">Diameter<\/td>\n<td>15 mm<\/td>\n<\/tr>\n<tr style=\"height: 13.50pt;\">\n<td style=\"height: 13.50pt;\" height=\"18\">Farve<\/td>\n<td>Gennemsigtigt glas med guld\/s\u00f8lv top<\/td>\n<\/tr>\n<tr style=\"height: 13.50pt;\">\n<td style=\"height: 13.50pt;\" height=\"18\">Glasst\u00f8rrelse<\/td>\n<td>58 mm 33 mm 79 mm \/ 58 mm 35 mm 91 mm<\/td>\n<\/tr>\n<tr style=\"height: 13.50pt;\">\n<td style=\"height: 13.50pt;\" height=\"18\">Form<\/td>\n<td>Rektangul\u00e6r<\/td>\n<\/tr>\n<tr style=\"height: 13.50pt;\">\n<td style=\"height: 13.50pt;\" height=\"18\">Materiale<\/td>\n<td>Krystalglas af h\u00f8j kvalitet<\/td>\n<\/tr>\n<\/tbody>\n<\/table>\n<h2>Succeshistorie: En specialbestilling fra et luksusm\u00e6rke fra Mellem\u00f8sten<\/h2>\n<p>Et Dubai-baseret parfumem\u00e6rke valgte vores cologne-guldflaske og specialdesignede en 24 karat forgyldt hals og en dybbl\u00e5 glaskrop. Den specialdesignede flaske opn\u00e5ede stor succes, fordi 45 % af anmeldelserne beskrev dens v\u00e6gt og farve som vigtige indikatorer for luksus, mens kunderne anerkendte, at brugen af \u200b\u200bmaterialer af h\u00f8j kvalitet h\u00e6vede dens pris med 15 % i forhold til den normale kollektion. Virksomheden bestilte yderligere 360.000 flasker for at gennemf\u00f8re deres kommende lancering af oud-duft og til deres eksklusive toldfrie produkter i lufthavnen.<\/p>\n<h2>Muligheder for tilpasning af duftflasker<\/h2>\n<ul>\n<li>Kombinationer af metalringe og -h\u00e6tter: F\u00e5s med matchende eller kontrasterende halsringe og metalbaser (rosaguld, gunmetalgr\u00e5, antik s\u00f8lv).<\/li>\n<li>H\u00e6ttemateriale og -design: Virksomheden tilbyder tre typer af h\u00e6ttematerialer, herunder naturligt krystal, farvet glas og emaljeindlagt metal.<\/li>\n<li>St\u00f8rrelse og proportioner: Flaskens design tilbyder en r\u00e6kke forskellige h\u00f8jde- og breddemuligheder, fra en robust 30 ml til en slank 200 ml, for at im\u00f8dekomme forskellige behov.<\/li>\n<\/ul>","protected":false},"excerpt":{"rendered":"<p>Premium duftflasker i krystalglas med diamantslebet l\u00e5g og gulddetaljer. Guldfarvet cologneflaskedesign til luksusm\u00e6rker. Engrosrabatter tilg\u00e6ngelige.<\/p>","protected":false},"featured_media":2339,"comment_status":"open","ping_status":"closed","template":"","meta":{"_acf_changed":false,"site-sidebar-layout":"default","site-content-layout":"","ast-site-content-layout":"default","site-content-style":"default","site-sidebar-style":"default","ast-global-header-display":"","ast-banner-title-visibility":"","ast-main-header-display":"","ast-hfb-above-header-display":"","ast-hfb-below-header-display":"","ast-hfb-mobile-header-display":"","site-post-title":"","ast-breadcrumbs-content":"","ast-featured-img":"","footer-sml-layout":"","ast-disable-related-posts":"","theme-transparent-header-meta":"default","adv-header-id-meta":"","stick-header-meta":"","header-above-stick-meta":"","header-main-stick-meta":"","header-below-stick-meta":"","astra-migrate-meta-layouts":"set","ast-page-background-enabled":"default","ast-page-background-meta":{"desktop":{"background-color":"var(--ast-global-color-5)","background-image":"","background-repeat":"repeat","background-position":"center center","background-size":"auto","background-attachment":"scroll","background-type":"","background-media":"","overlay-type":"","overlay-color":"","overlay-opacity":"","overlay-gradient":""},"tablet":{"background-color":"","background-image":"","background-repeat":"repeat","background-position":"center center","background-size":"auto","background-attachment":"scroll","background-type":"","background-media":"","overlay-type":"","overlay-color":"","overlay-opacity":"","overlay-gradient":""},"mobile":{"background-color":"","background-image":"","background-repeat":"repeat","background-position":"center center","background-size":"auto","background-attachment":"scroll","background-type":"","background-media":"","overlay-type":"","overlay-color":"","overlay-opacity":"","overlay-gradient":""}},"ast-content-background-meta":{"desktop":{"background-color":"var(--ast-global-color-4)","background-image":"","background-repeat":"repeat","background-position":"center center","background-size":"auto","background-attachment":"scroll","background-type":"","background-media":"","overlay-type":"","overlay-color":"","overlay-opacity":"","overlay-gradient":""},"tablet":{"background-color":"var(--ast-global-color-4)","background-image":"","background-repeat":"repeat","background-position":"center center","background-size":"auto","background-attachment":"scroll","background-type":"","background-media":"","overlay-type":"","overlay-color":"","overlay-opacity":"","overlay-gradient":""},"mobile":{"background-color":"var(--ast-global-color-4)","background-image":"","background-repeat":"repeat","background-position":"center center","background-size":"auto","background-attachment":"scroll","background-type":"","background-media":"","overlay-type":"","overlay-color":"","overlay-opacity":"","overlay-gradient":""}}},"product_brand":[],"product_cat":[91,72,41],"product_tag":[],"class_list":{"0":"post-1909","1":"product","2":"type-product","3":"status-publish","4":"has-post-thumbnail","6":"product_cat-custom-perfume-bottles","7":"product_cat-cosmetic-packaging","8":"product_cat-perfume-bottles","9":"desktop-align-left","10":"tablet-align-left","11":"mobile-align-left","13":"first","14":"instock","15":"shipping-taxable","16":"product-type-simple"},"acf":[],"jetpack_sharing_enabled":true,"_links":{"self":[{"href":"https:\/\/theperfumebottles.com\/da\/wp-json\/wp\/v2\/product\/1909","targetHints":{"allow":["GET"]}}],"collection":[{"href":"https:\/\/theperfumebottles.com\/da\/wp-json\/wp\/v2\/product"}],"about":[{"href":"https:\/\/theperfumebottles.com\/da\/wp-json\/wp\/v2\/types\/product"}],"replies":[{"embeddable":true,"href":"https:\/\/theperfumebottles.com\/da\/wp-json\/wp\/v2\/comments?post=1909"}],"wp:featuredmedia":[{"embeddable":true,"href":"https:\/\/theperfumebottles.com\/da\/wp-json\/wp\/v2\/media\/2339"}],"wp:attachment":[{"href":"https:\/\/theperfumebottles.com\/da\/wp-json\/wp\/v2\/media?parent=1909"}],"wp:term":[{"taxonomy":"product_brand","embeddable":true,"href":"https:\/\/theperfumebottles.com\/da\/wp-json\/wp\/v2\/product_brand?post=1909"},{"taxonomy":"product_cat","embeddable":true,"href":"https:\/\/theperfumebottles.com\/da\/wp-json\/wp\/v2\/product_cat?post=1909"},{"taxonomy":"product_tag","embeddable":true,"href":"https:\/\/theperfumebottles.com\/da\/wp-json\/wp\/v2\/product_tag?post=1909"}],"curies":[{"name":"wp","href":"https:\/\/api.w.org\/{rel}","templated":true}]}}