{"id":2550,"date":"2025-03-06T08:49:54","date_gmt":"2025-03-06T08:49:54","guid":{"rendered":"https:\/\/theperfumebottles.com\/?post_type=product&#038;p=2550"},"modified":"2025-05-29T09:15:02","modified_gmt":"2025-05-29T01:15:02","slug":"glass-perfume-bottle-50ml-with-pump","status":"publish","type":"product","link":"https:\/\/theperfumebottles.com\/da\/vare\/glass-perfume-bottle-50ml-with-pump\/","title":{"rendered":"Glas parfumeflaske 50ml med pumpe"},"content":{"rendered":"<h2>Premium parfumeflaske 50 ml<\/h2>\n<p>Vores 50 ml parfumeflaske i glas er sofistikeret udformet med en slank rektangul\u00e6r form med skarpe geometriske linjer og glatte kanter.50 ml parfumeflasken i glas viser perfekt duftens rene farve med gennemsigtigt glasmateriale, og s\u00f8lvh\u00e6tten er omhyggeligt poleret og giver en diskret og skinnende moderne fornemmelse.50 ml-flaskens munding har et glat spr\u00f8jtedesign, som kan frigive duften j\u00e6vnt ved hvert tryk, og den f\u00f8les glat og sidder ikke fast. Vi har designet flasken til at v\u00e6re vandt\u00e6t, s\u00e5 du og dine kunder kan bruge den med tillid, uanset uj\u00e6vn k\u00f8rsel eller temperatur\u00e6ndringer.<\/p>\n<h2>Alsidig tilpasning til forskellige behov<\/h2>\n<p>Uanset om det er high-end parfume, rejsest\u00f8rrelse, limited edition eller \u00e6terisk olie til aromaterapi eller hudplejeessens, s\u00e5 kan denne flaske sagtens klare det. Den lille kapacitet er praktisk til opbevaring p\u00e5 toiletbordet, butikshylder eller gave\u00e6sker, s\u00e5 dit produkt skiller sig ud i enhver sammenh\u00e6ng.<\/p>\n<h2>N\u00f8glespecifikationer<\/h2>\n<table>\n<thead>\n<tr>\n<th><strong>Attribut<\/strong><\/th>\n<th><strong>Detaljer<\/strong><\/th>\n<\/tr>\n<\/thead>\n<tbody>\n<tr>\n<td>Model<\/td>\n<td>PB-BF07<\/td>\n<\/tr>\n<tr>\n<td>Kapacitet<\/td>\n<td>50 ml<\/td>\n<\/tr>\n<tr>\n<td>Materiale<\/td>\n<td>Krystalglas + metal + PE<\/td>\n<\/tr>\n<tr>\n<td>Dimensioner<\/td>\n<td>41 * <em>30 * <\/em>107 mm<\/td>\n<\/tr>\n<tr>\n<td>Forseglingstype<\/td>\n<td>Spr\u00f8jtetop (forst\u00f8ver)<\/td>\n<\/tr>\n<tr>\n<td>Farvemuligheder<\/td>\n<td>Gennemsigtigt glas med s\u00f8lvh\u00e6tte<\/td>\n<\/tr>\n<tr>\n<td>Tilpasning<\/td>\n<td>Graveringer, UV-tryk, frosting osv.<\/td>\n<\/tr>\n<\/tbody>\n<\/table>\n<h2>L\u00f8ft din duftindpakning<\/h2>\n<p>Skab et varigt indtryk med denne 50 ml parfumeflaske. S\u00f8g ikke l\u00e6ngere - vores fabrik tilbyder stabile forsyninger, sikker emballage og skr\u00e6ddersyede l\u00f8sninger. V\u00e6lg vores parfumeflasker for at opfylde din kundes behov for luksus. Kontakt os i dag for at oprette din konto og anmode om et tilbud!<\/p>","protected":false},"excerpt":{"rendered":"<p>Udformet til raffinement, vores <strong>50 ml parfumeflaske af glas<\/strong>\u00a0har en slank rektangul\u00e6r form med skarpe geometriske linjer og glatte kanter.<\/p>","protected":false},"featured_media":2551,"comment_status":"open","ping_status":"closed","template":"","meta":{"_acf_changed":false,"site-sidebar-layout":"default","site-content-layout":"","ast-site-content-layout":"default","site-content-style":"default","site-sidebar-style":"default","ast-global-header-display":"","ast-banner-title-visibility":"","ast-main-header-display":"","ast-hfb-above-header-display":"","ast-hfb-below-header-display":"","ast-hfb-mobile-header-display":"","site-post-title":"","ast-breadcrumbs-content":"","ast-featured-img":"","footer-sml-layout":"","ast-disable-related-posts":"","theme-transparent-header-meta":"default","adv-header-id-meta":"","stick-header-meta":"","header-above-stick-meta":"","header-main-stick-meta":"","header-below-stick-meta":"","astra-migrate-meta-layouts":"set","ast-page-background-enabled":"default","ast-page-background-meta":{"desktop":{"background-color":"var(--ast-global-color-5)","background-image":"","background-repeat":"repeat","background-position":"center center","background-size":"auto","background-attachment":"scroll","background-type":"","background-media":"","overlay-type":"","overlay-color":"","overlay-opacity":"","overlay-gradient":""},"tablet":{"background-color":"","background-image":"","background-repeat":"repeat","background-position":"center center","background-size":"auto","background-attachment":"scroll","background-type":"","background-media":"","overlay-type":"","overlay-color":"","overlay-opacity":"","overlay-gradient":""},"mobile":{"background-color":"","background-image":"","background-repeat":"repeat","background-position":"center center","background-size":"auto","background-attachment":"scroll","background-type":"","background-media":"","overlay-type":"","overlay-color":"","overlay-opacity":"","overlay-gradient":""}},"ast-content-background-meta":{"desktop":{"background-color":"var(--ast-global-color-4)","background-image":"","background-repeat":"repeat","background-position":"center center","background-size":"auto","background-attachment":"scroll","background-type":"","background-media":"","overlay-type":"","overlay-color":"","overlay-opacity":"","overlay-gradient":""},"tablet":{"background-color":"var(--ast-global-color-4)","background-image":"","background-repeat":"repeat","background-position":"center center","background-size":"auto","background-attachment":"scroll","background-type":"","background-media":"","overlay-type":"","overlay-color":"","overlay-opacity":"","overlay-gradient":""},"mobile":{"background-color":"var(--ast-global-color-4)","background-image":"","background-repeat":"repeat","background-position":"center center","background-size":"auto","background-attachment":"scroll","background-type":"","background-media":"","overlay-type":"","overlay-color":"","overlay-opacity":"","overlay-gradient":""}}},"product_brand":[],"product_cat":[72,41],"product_tag":[89],"class_list":{"0":"post-2550","1":"product","2":"type-product","3":"status-publish","4":"has-post-thumbnail","6":"product_cat-cosmetic-packaging","7":"product_cat-perfume-bottles","8":"product_tag-perfume-bottle","9":"desktop-align-left","10":"tablet-align-left","11":"mobile-align-left","13":"first","14":"instock","15":"shipping-taxable","16":"product-type-simple"},"acf":[],"jetpack_sharing_enabled":true,"_links":{"self":[{"href":"https:\/\/theperfumebottles.com\/da\/wp-json\/wp\/v2\/product\/2550","targetHints":{"allow":["GET"]}}],"collection":[{"href":"https:\/\/theperfumebottles.com\/da\/wp-json\/wp\/v2\/product"}],"about":[{"href":"https:\/\/theperfumebottles.com\/da\/wp-json\/wp\/v2\/types\/product"}],"replies":[{"embeddable":true,"href":"https:\/\/theperfumebottles.com\/da\/wp-json\/wp\/v2\/comments?post=2550"}],"wp:featuredmedia":[{"embeddable":true,"href":"https:\/\/theperfumebottles.com\/da\/wp-json\/wp\/v2\/media\/2551"}],"wp:attachment":[{"href":"https:\/\/theperfumebottles.com\/da\/wp-json\/wp\/v2\/media?parent=2550"}],"wp:term":[{"taxonomy":"product_brand","embeddable":true,"href":"https:\/\/theperfumebottles.com\/da\/wp-json\/wp\/v2\/product_brand?post=2550"},{"taxonomy":"product_cat","embeddable":true,"href":"https:\/\/theperfumebottles.com\/da\/wp-json\/wp\/v2\/product_cat?post=2550"},{"taxonomy":"product_tag","embeddable":true,"href":"https:\/\/theperfumebottles.com\/da\/wp-json\/wp\/v2\/product_tag?post=2550"}],"curies":[{"name":"wp","href":"https:\/\/api.w.org\/{rel}","templated":true}]}}