{"id":2573,"date":"2025-03-10T06:34:47","date_gmt":"2025-03-10T06:34:47","guid":{"rendered":"https:\/\/theperfumebottles.com\/?post_type=product&#038;p=2573"},"modified":"2026-01-12T10:46:54","modified_gmt":"2026-01-12T02:46:54","slug":"custom-perfume-bottles-mens-cologne-bottles","status":"publish","type":"product","link":"https:\/\/theperfumebottles.com\/da\/vare\/custom-perfume-bottles-mens-cologne-bottles\/","title":{"rendered":"50ml\/100ml rektangul\u00e6re brugerdefinerede glas parfumeflasker"},"content":{"rendered":"<p>Eksklusiv cologne-flaske til m\u00e6nd med dobbelt kapacitet p\u00e5 50 ml\/100 ml. Det vinkelslebne krystalglas er lige s\u00e5 krystalklart som rav og er matchet med en mat sort metalflaskeh\u00e6tte for at skabe en kontrast mellem h\u00e5rdhed og bl\u00f8dhed. Den fortykkede flaskebund st\u00e5r fast p\u00e5 bordet og opfylder nemt de daglige eller rejsem\u00e6ssige behov. Fra toiletbordets visuelle kunst til den taktile nedb\u00f8r i din h\u00e5ndflade, hver detalje afbalancerer rationelt design og f\u00f8lelsesm\u00e6ssig oplevelse.<\/p>\n<h2>N\u00f8glespecifikationer<\/h2>\n<table style=\"border-collapse: collapse;margin-left: auto;margin-right: auto;width: 443.27pt\" border=\"0\" width=\"591\" cellspacing=\"0\" cellpadding=\"0\">\n<tbody>\n<tr style=\"height: 17.25pt\">\n<td class=\"et2\" style=\"height: 17.25pt;width: 139.50pt\" width=\"186\" height=\"23\"><strong>Model<\/strong><\/td>\n<td class=\"et2\" style=\"width: 139.50pt\" width=\"186\"><strong>PB-BF1001<\/strong><\/td>\n<td class=\"et2\" style=\"width: 164.25pt\" width=\"219\"><strong>PB-BF1002<\/strong><\/td>\n<\/tr>\n<tr style=\"height: 17.25pt\">\n<td class=\"et3\" style=\"height: 17.25pt;width: 139.50pt\" width=\"186\" height=\"23\"><strong>Kapacitet<\/strong><\/td>\n<td class=\"et3\" style=\"width: 139.50pt\" width=\"186\">50 ml<\/td>\n<td class=\"et3\" style=\"width: 164.25pt\" width=\"219\">100ml<\/td>\n<\/tr>\n<tr style=\"height: 17.25pt\">\n<td class=\"et3\" style=\"height: 17.25pt;width: 139.50pt\" width=\"186\" height=\"23\"><strong>Dimensioner (H\u00d7B\u00d7D)<\/strong><\/td>\n<td class=\"et3\" style=\"width: 139.50pt\" width=\"186\">82\u00d754\u00d729 mm<\/td>\n<td class=\"et3\" style=\"width: 164.25pt\" width=\"219\">107\u00d772\u00d731 mm<\/td>\n<\/tr>\n<tr style=\"height: 17.25pt\">\n<td class=\"et3\" style=\"height: 17.25pt;width: 139.50pt\" width=\"186\" height=\"23\"><strong>H\u00e6ttefarve<\/strong><\/td>\n<td class=\"et3\" style=\"width: 139.50pt\" width=\"186\">Sort<\/td>\n<td class=\"et3\" style=\"width: 164.25pt\" width=\"219\">Sort<\/td>\n<\/tr>\n<tr style=\"height: 17.25pt\">\n<td class=\"et3\" style=\"height: 17.25pt;width: 139.50pt\" width=\"186\" height=\"23\"><strong>Materiale<\/strong><\/td>\n<td class=\"et3\" style=\"width: 139.50pt\" width=\"186\">Krystalglas<\/td>\n<td class=\"et3\" style=\"width: 164.25pt\" width=\"219\">Krystalglas<\/td>\n<\/tr>\n<tr style=\"height: 17.25pt\">\n<td class=\"et3\" style=\"height: 17.25pt;width: 139.50pt\" width=\"186\" height=\"23\"><strong>Forseglingstype<\/strong><\/td>\n<td class=\"et3\" style=\"width: 139.50pt\" width=\"186\">Spr\u00f8jtetop<\/td>\n<td class=\"et3\" style=\"width: 164.25pt\" width=\"219\">Spr\u00f8jtetop<\/td>\n<\/tr>\n<\/tbody>\n<\/table>\n<h2>L\u00f8ft dit parfumem\u00e6rke i dag<\/h2>\n<p>Skab uforglemmelige unboxing-oplevelser med vores specialdesignede parfumeflasker. V\u00e6lg mellem standarddesigns, eller samarbejd med vores team om at\u00a0<em>skabe<\/em>\u00a0parfumeemballage med branding. Bes\u00f8g vores hjemmeside for at s\u00f8ge efter tilg\u00e6ngelige modeller, anmode om pr\u00f8ver eller \u00e5bne en\u00a0<em>konto<\/em>\u00a0for engrospriser. Har du brug for et hurtigt lager? Vi leverer b\u00e5de spotvarer og skr\u00e6ddersyede partier - sp\u00f8rg nu for at sikre din ordre!<\/p>","protected":false},"excerpt":{"rendered":"<p>Eksklusivt parf\u00fcmflaske til m\u00e6nd, 50ml\/100ml dobbelt kapacitet. Det vinkelformede krystalglas er liges\u00e5 krystalklart som guld, og [\u2026]<\/p>","protected":false},"featured_media":2574,"comment_status":"open","ping_status":"closed","template":"","meta":{"_acf_changed":false,"site-sidebar-layout":"default","site-content-layout":"","ast-site-content-layout":"default","site-content-style":"default","site-sidebar-style":"default","ast-global-header-display":"","ast-banner-title-visibility":"","ast-main-header-display":"","ast-hfb-above-header-display":"","ast-hfb-below-header-display":"","ast-hfb-mobile-header-display":"","site-post-title":"","ast-breadcrumbs-content":"","ast-featured-img":"","footer-sml-layout":"","ast-disable-related-posts":"","theme-transparent-header-meta":"default","adv-header-id-meta":"","stick-header-meta":"","header-above-stick-meta":"","header-main-stick-meta":"","header-below-stick-meta":"","astra-migrate-meta-layouts":"set","ast-page-background-enabled":"default","ast-page-background-meta":{"desktop":{"background-color":"var(--ast-global-color-5)","background-image":"","background-repeat":"repeat","background-position":"center center","background-size":"auto","background-attachment":"scroll","background-type":"","background-media":"","overlay-type":"","overlay-color":"","overlay-opacity":"","overlay-gradient":""},"tablet":{"background-color":"","background-image":"","background-repeat":"repeat","background-position":"center center","background-size":"auto","background-attachment":"scroll","background-type":"","background-media":"","overlay-type":"","overlay-color":"","overlay-opacity":"","overlay-gradient":""},"mobile":{"background-color":"","background-image":"","background-repeat":"repeat","background-position":"center center","background-size":"auto","background-attachment":"scroll","background-type":"","background-media":"","overlay-type":"","overlay-color":"","overlay-opacity":"","overlay-gradient":""}},"ast-content-background-meta":{"desktop":{"background-color":"var(--ast-global-color-4)","background-image":"","background-repeat":"repeat","background-position":"center center","background-size":"auto","background-attachment":"scroll","background-type":"","background-media":"","overlay-type":"","overlay-color":"","overlay-opacity":"","overlay-gradient":""},"tablet":{"background-color":"var(--ast-global-color-4)","background-image":"","background-repeat":"repeat","background-position":"center center","background-size":"auto","background-attachment":"scroll","background-type":"","background-media":"","overlay-type":"","overlay-color":"","overlay-opacity":"","overlay-gradient":""},"mobile":{"background-color":"var(--ast-global-color-4)","background-image":"","background-repeat":"repeat","background-position":"center center","background-size":"auto","background-attachment":"scroll","background-type":"","background-media":"","overlay-type":"","overlay-color":"","overlay-opacity":"","overlay-gradient":""}}},"product_brand":[],"product_cat":[72,41],"product_tag":[],"class_list":{"0":"post-2573","1":"product","2":"type-product","3":"status-publish","4":"has-post-thumbnail","6":"product_cat-cosmetic-packaging","7":"product_cat-perfume-bottles","8":"desktop-align-left","9":"tablet-align-left","10":"mobile-align-left","12":"first","13":"instock","14":"shipping-taxable","15":"product-type-simple"},"acf":[],"jetpack_sharing_enabled":true,"_links":{"self":[{"href":"https:\/\/theperfumebottles.com\/da\/wp-json\/wp\/v2\/product\/2573","targetHints":{"allow":["GET"]}}],"collection":[{"href":"https:\/\/theperfumebottles.com\/da\/wp-json\/wp\/v2\/product"}],"about":[{"href":"https:\/\/theperfumebottles.com\/da\/wp-json\/wp\/v2\/types\/product"}],"replies":[{"embeddable":true,"href":"https:\/\/theperfumebottles.com\/da\/wp-json\/wp\/v2\/comments?post=2573"}],"wp:featuredmedia":[{"embeddable":true,"href":"https:\/\/theperfumebottles.com\/da\/wp-json\/wp\/v2\/media\/2574"}],"wp:attachment":[{"href":"https:\/\/theperfumebottles.com\/da\/wp-json\/wp\/v2\/media?parent=2573"}],"wp:term":[{"taxonomy":"product_brand","embeddable":true,"href":"https:\/\/theperfumebottles.com\/da\/wp-json\/wp\/v2\/product_brand?post=2573"},{"taxonomy":"product_cat","embeddable":true,"href":"https:\/\/theperfumebottles.com\/da\/wp-json\/wp\/v2\/product_cat?post=2573"},{"taxonomy":"product_tag","embeddable":true,"href":"https:\/\/theperfumebottles.com\/da\/wp-json\/wp\/v2\/product_tag?post=2573"}],"curies":[{"name":"wp","href":"https:\/\/api.w.org\/{rel}","templated":true}]}}