{"id":2580,"date":"2025-03-10T07:51:08","date_gmt":"2025-03-10T07:51:08","guid":{"rendered":"https:\/\/theperfumebottles.com\/?post_type=product&#038;p=2580"},"modified":"2026-04-08T18:18:42","modified_gmt":"2026-04-08T10:18:42","slug":"custom-glass-fragrance-bottles-bulk-perfume-bottles-set","status":"publish","type":"product","link":"https:\/\/theperfumebottles.com\/da\/vare\/custom-glass-fragrance-bottles-bulk-perfume-bottles-set\/","title":{"rendered":"30ml 50ml 100ml brugerdefinerede glasduftflasker \u2013 parfumeflaskes\u00e6t i store m\u00e6ngder"},"content":{"rendered":"<p>Glasduftflaskerne i denne serie er lavet af h\u00f8jklart soda-limeglas. De har en rektangul\u00e6r form med skarpe kanter og en tyk bund. De er meget stabile og holdbare p\u00e5 grund af deres bund. Den rektangul\u00e6re krop og store l\u00e5g f\u00e5r dem til at se moderne og luksuri\u00f8se ud.<\/p>\n<h2>N\u00f8glespecifikationer<\/h2>\n<table style=\"border-collapse: collapse; margin-left: auto; margin-right: auto; width: 80%;\" border=\"0\" width=\"618\" cellspacing=\"0\" cellpadding=\"0\">\n<tbody>\n<tr style=\"height: 19.00pt;\">\n<td class=\"et2\" style=\"height: 19.00pt; width: 117.75pt;\" width=\"157\" height=\"25\">Model<\/td>\n<td class=\"et3\" style=\"width: 116.25pt;\" width=\"155\">PB-BF1201<\/td>\n<td class=\"et3\" style=\"width: 115.50pt;\" width=\"154\">PB-BF1202<\/td>\n<td class=\"et3\" style=\"width: 114.00pt;\" width=\"152\">PB-BF1203<\/td>\n<\/tr>\n<tr style=\"height: 17.25pt;\">\n<td class=\"et2\" style=\"height: 17.25pt; width: 117.75pt;\" width=\"157\" height=\"23\">Kapacitet<\/td>\n<td class=\"et3\" style=\"width: 116.25pt;\" width=\"155\">30 ml<\/td>\n<td class=\"et3\" style=\"width: 115.50pt;\" width=\"154\">50 ml<\/td>\n<td class=\"et3\" style=\"width: 114.00pt;\" width=\"152\">100 ml<\/td>\n<\/tr>\n<tr style=\"height: 17.25pt;\">\n<td class=\"et2\" style=\"height: 17.25pt; width: 117.75pt;\" width=\"157\" height=\"23\">Kaliber<\/td>\n<td class=\"et3\" style=\"width: 116.25pt;\" width=\"155\">15 mm<\/td>\n<td class=\"et3\" style=\"width: 115.50pt;\" width=\"154\">15 mm<\/td>\n<td class=\"et3\" style=\"width: 114.00pt;\" width=\"152\">15 mm<\/td>\n<\/tr>\n<tr style=\"height: 18.00pt;\">\n<td class=\"et2\" style=\"height: 18.00pt; width: 117.75pt;\" width=\"157\" height=\"24\">Dimensioner<\/td>\n<td class=\"et3\" style=\"width: 116.25pt;\" width=\"155\">60 x 32 x 51 \/ mm<\/td>\n<td class=\"et3\" style=\"width: 115.50pt;\" width=\"154\">75 x 35 x 58 \/ mm<\/td>\n<td class=\"et3\" style=\"width: 114.00pt;\" width=\"152\">92 x 45 x 62 \/ mm<\/td>\n<\/tr>\n<tr style=\"height: 17.25pt;\">\n<td class=\"et2\" style=\"height: 17.25pt; width: 117.75pt;\" width=\"157\" height=\"23\">H\u00e6ttefarve<\/td>\n<td class=\"et3\" style=\"width: 116.25pt;\" width=\"155\">Sort\/R\u00f8d\/Bl\u00e5<\/td>\n<td class=\"et3\" style=\"width: 115.50pt;\" width=\"154\">Sort\/R\u00f8d\/Bl\u00e5<\/td>\n<td class=\"et3\" style=\"width: 114.00pt;\" width=\"152\">Sort\/R\u00f8d\/Bl\u00e5<\/td>\n<\/tr>\n<\/tbody>\n<\/table>\n<h2 data-start=\"94\" data-end=\"114\"><strong data-start=\"94\" data-end=\"114\">Distribut\u00f8rsag<\/strong><\/h2>\n<p>En distribut\u00f8r fra Holland k\u00f8bte 10 ml pr\u00f8veparfumeflasker for et \u00e5r siden fra os, som bestilte disse rektangul\u00e6re glasduftflasker i alle tre st\u00f8rrelser. Ved at anvende matsort spr\u00f8jtning og varmpr\u00e6gningsteknikker \u2013 kombineret med l\u00e5g, der afspejler flaskernes farve \u2013 har de givet disse rektangul\u00e6re glasparfumeflasker en virkelig luksuri\u00f8s visuel \u00e6stetik.<\/p>\n<p>De bestilte f\u00f8rst en 12 meter lang container med disse glasduftflasker. De solgte glasduftflaskerne i butikkerne og online. De nye glasduftflasker s\u00e5 bedre ud p\u00e5 hylderne, s\u00e5 folk syntes, at m\u00e6rket var mere fancy, og de solgte 35 % mere parfume p\u00e5 bare et kvartal. Virksomheden kunne s\u00e5 godt lide glasduftflaskerne, at de bestilte flere glasduftflasker og begyndte at bruge dem til flere af deres produkter.<\/p>\n<p>&nbsp;<\/p>\n<p>&nbsp;<\/p>","protected":false},"excerpt":{"rendered":"<p>Vores rektangul\u00e6re parfumeflasker i glas er fremstillet til kr\u00e6sne m\u00e6rker og kombinerer sofistikering og funktionalitet.<\/p>","protected":false},"featured_media":2584,"comment_status":"open","ping_status":"closed","template":"","meta":{"_acf_changed":false,"site-sidebar-layout":"default","site-content-layout":"","ast-site-content-layout":"default","site-content-style":"default","site-sidebar-style":"default","ast-global-header-display":"","ast-banner-title-visibility":"","ast-main-header-display":"","ast-hfb-above-header-display":"","ast-hfb-below-header-display":"","ast-hfb-mobile-header-display":"","site-post-title":"","ast-breadcrumbs-content":"","ast-featured-img":"","footer-sml-layout":"","ast-disable-related-posts":"","theme-transparent-header-meta":"default","adv-header-id-meta":"","stick-header-meta":"","header-above-stick-meta":"","header-main-stick-meta":"","header-below-stick-meta":"","astra-migrate-meta-layouts":"set","ast-page-background-enabled":"default","ast-page-background-meta":{"desktop":{"background-color":"var(--ast-global-color-5)","background-image":"","background-repeat":"repeat","background-position":"center center","background-size":"auto","background-attachment":"scroll","background-type":"","background-media":"","overlay-type":"","overlay-color":"","overlay-opacity":"","overlay-gradient":""},"tablet":{"background-color":"","background-image":"","background-repeat":"repeat","background-position":"center center","background-size":"auto","background-attachment":"scroll","background-type":"","background-media":"","overlay-type":"","overlay-color":"","overlay-opacity":"","overlay-gradient":""},"mobile":{"background-color":"","background-image":"","background-repeat":"repeat","background-position":"center center","background-size":"auto","background-attachment":"scroll","background-type":"","background-media":"","overlay-type":"","overlay-color":"","overlay-opacity":"","overlay-gradient":""}},"ast-content-background-meta":{"desktop":{"background-color":"var(--ast-global-color-4)","background-image":"","background-repeat":"repeat","background-position":"center center","background-size":"auto","background-attachment":"scroll","background-type":"","background-media":"","overlay-type":"","overlay-color":"","overlay-opacity":"","overlay-gradient":""},"tablet":{"background-color":"var(--ast-global-color-4)","background-image":"","background-repeat":"repeat","background-position":"center center","background-size":"auto","background-attachment":"scroll","background-type":"","background-media":"","overlay-type":"","overlay-color":"","overlay-opacity":"","overlay-gradient":""},"mobile":{"background-color":"var(--ast-global-color-4)","background-image":"","background-repeat":"repeat","background-position":"center center","background-size":"auto","background-attachment":"scroll","background-type":"","background-media":"","overlay-type":"","overlay-color":"","overlay-opacity":"","overlay-gradient":""}}},"product_brand":[],"product_cat":[91,72,41],"product_tag":[],"class_list":{"0":"post-2580","1":"product","2":"type-product","3":"status-publish","4":"has-post-thumbnail","6":"product_cat-custom-perfume-bottles","7":"product_cat-cosmetic-packaging","8":"product_cat-perfume-bottles","9":"desktop-align-left","10":"tablet-align-left","11":"mobile-align-left","13":"first","14":"instock","15":"shipping-taxable","16":"product-type-simple"},"acf":[],"jetpack_sharing_enabled":true,"_links":{"self":[{"href":"https:\/\/theperfumebottles.com\/da\/wp-json\/wp\/v2\/product\/2580","targetHints":{"allow":["GET"]}}],"collection":[{"href":"https:\/\/theperfumebottles.com\/da\/wp-json\/wp\/v2\/product"}],"about":[{"href":"https:\/\/theperfumebottles.com\/da\/wp-json\/wp\/v2\/types\/product"}],"replies":[{"embeddable":true,"href":"https:\/\/theperfumebottles.com\/da\/wp-json\/wp\/v2\/comments?post=2580"}],"wp:featuredmedia":[{"embeddable":true,"href":"https:\/\/theperfumebottles.com\/da\/wp-json\/wp\/v2\/media\/2584"}],"wp:attachment":[{"href":"https:\/\/theperfumebottles.com\/da\/wp-json\/wp\/v2\/media?parent=2580"}],"wp:term":[{"taxonomy":"product_brand","embeddable":true,"href":"https:\/\/theperfumebottles.com\/da\/wp-json\/wp\/v2\/product_brand?post=2580"},{"taxonomy":"product_cat","embeddable":true,"href":"https:\/\/theperfumebottles.com\/da\/wp-json\/wp\/v2\/product_cat?post=2580"},{"taxonomy":"product_tag","embeddable":true,"href":"https:\/\/theperfumebottles.com\/da\/wp-json\/wp\/v2\/product_tag?post=2580"}],"curies":[{"name":"wp","href":"https:\/\/api.w.org\/{rel}","templated":true}]}}