{"id":2588,"date":"2025-03-10T09:12:01","date_gmt":"2025-03-10T09:12:01","guid":{"rendered":"https:\/\/theperfumebottles.com\/?post_type=product&#038;p=2588"},"modified":"2025-05-28T18:09:05","modified_gmt":"2025-05-28T10:09:05","slug":"cologne-bottles-wholesale-custom-fragrance-packaging","status":"publish","type":"product","link":"https:\/\/theperfumebottles.com\/da\/vare\/cologne-bottles-wholesale-custom-fragrance-packaging\/","title":{"rendered":"60ml 80ml 100ml Cologneflasker Engros"},"content":{"rendered":"<p>Vores PB-BF13 glasparfumeflaske er ideel til engros salg af parfumeflasker og er designet til luksusparfumem\u00e6rker. Den har en raffineret rektangul\u00e6r form med klart, tykt krystalglas og en fed, sort, rektangul\u00e6r h\u00e6tte. Denne parfumeflaske m\u00e5ler 53x35x116 mm og kombinerer stabilitet (gennem en solid base) med en moderne \u00e6stetik. Den specialdesignede buede konkave struktur p\u00e5 flaskens inderv\u00e6g g\u00f8r det ikke kun muligt for v\u00e6sken at flyde mere naturligt, men giver ogs\u00e5 flasken et dybt visuelt niveau. Den f\u00e5s i tre kapaciteter p\u00e5 60 ml\/80 ml\/100 ml og er velegnet til daglig brug, rejsest\u00f8rrelse og limited edition for at im\u00f8dekomme dine forskellige behov.<\/p>\n<h2>N\u00f8glespecifikationer<\/h2>\n<table style=\"border-collapse: collapse;margin-left: auto;margin-right: auto;width: 384.77pt\" border=\"0\" width=\"513\" cellspacing=\"0\" cellpadding=\"0\">\n<tbody>\n<tr style=\"height: 13.50pt\">\n<td style=\"height: 13.50pt;width: 127.50pt\" width=\"170\" height=\"18\">Attribut<\/td>\n<td style=\"width: 257.25pt\" width=\"343\">Detaljer<\/td>\n<\/tr>\n<tr style=\"height: 13.50pt\">\n<td style=\"height: 13.50pt\" height=\"18\">Model<\/td>\n<td>PB-BF13<\/td>\n<\/tr>\n<tr style=\"height: 13.50pt\">\n<td style=\"height: 13.50pt\" height=\"18\">Kapacitetsmuligheder<\/td>\n<td>60 ml, 80 ml, 100 ml (2 oz cologne-flaske)<\/td>\n<\/tr>\n<tr style=\"height: 13.50pt\">\n<td style=\"height: 13.50pt\" height=\"18\">Dimensioner<\/td>\n<td>53 x 35 x 116 mm<\/td>\n<\/tr>\n<tr style=\"height: 13.50pt\">\n<td style=\"height: 13.50pt\" height=\"18\">Materiale<\/td>\n<td>Krystalglas, sort sprayh\u00e6tte<\/td>\n<\/tr>\n<tr style=\"height: 13.50pt\">\n<td style=\"height: 13.50pt\" height=\"18\">Farve<\/td>\n<td>Gennemsigtigt glas, mat sort h\u00e6tte<\/td>\n<\/tr>\n<tr style=\"height: 13.50pt\">\n<td style=\"height: 13.50pt\" height=\"18\">Forseglingstype<\/td>\n<td>Spr\u00f8jtetop<\/td>\n<\/tr>\n<\/tbody>\n<\/table>\n<h2>Alsidige anvendelsesmuligheder for duftbranding<\/h2>\n<p>Disse tomme parfumeflasker er designet til luksuri\u00f8s emballage til cologne, parfume eller duftt\u00e5ge. Velegnet til rejsedufte, begr\u00e6nsede kollektionsserier eller feriegaves\u00e6t. Det universelle design af mandlige og kvindelige dufte kan ikke kun fremh\u00e6ve bl\u00f8dheden i kvinders blomsternoter, men ogs\u00e5 b\u00e6re dybden i m\u00e6nds cologne. Den er is\u00e6r velegnet til avancerede duftm\u00e6rker, der forf\u00f8lger en f\u00f8lelse af k\u00f8nsfri gr\u00e6nser og realiserer en elegant l\u00f8sning med en flaske til flere scenarier.<\/p>\n<h2>Samarbejd med en p\u00e5lidelig producent<\/h2>\n<p>L\u00f8ft din duftlinje med disse f\u00f8rsteklasses parfumeflasker af glas. Uanset om du har brug for parfumeflasker engros, brugerdefineret branding eller 100 ml sprayflasker i bulk, garanterer vores fabrik hurtig levering, sikker emballage og overholdelse af eksportkrav. Kontakt os i dag for at skabe personlig parfumeemballage, der betager dine kunder!<\/p>","protected":false},"excerpt":{"rendered":"<p>Vores model PB-BF13 glasparfumeflaske er skabt til branding af luksusdufte og har en raffineret rektangul\u00e6r form med klart, tykt krystalglas og en fed sort rektangul\u00e6r h\u00e6tte.<\/p>","protected":false},"featured_media":2592,"comment_status":"open","ping_status":"closed","template":"","meta":{"_acf_changed":false,"site-sidebar-layout":"default","site-content-layout":"","ast-site-content-layout":"default","site-content-style":"default","site-sidebar-style":"default","ast-global-header-display":"","ast-banner-title-visibility":"","ast-main-header-display":"","ast-hfb-above-header-display":"","ast-hfb-below-header-display":"","ast-hfb-mobile-header-display":"","site-post-title":"","ast-breadcrumbs-content":"","ast-featured-img":"","footer-sml-layout":"","ast-disable-related-posts":"","theme-transparent-header-meta":"default","adv-header-id-meta":"","stick-header-meta":"","header-above-stick-meta":"","header-main-stick-meta":"","header-below-stick-meta":"","astra-migrate-meta-layouts":"set","ast-page-background-enabled":"default","ast-page-background-meta":{"desktop":{"background-color":"var(--ast-global-color-5)","background-image":"","background-repeat":"repeat","background-position":"center center","background-size":"auto","background-attachment":"scroll","background-type":"","background-media":"","overlay-type":"","overlay-color":"","overlay-opacity":"","overlay-gradient":""},"tablet":{"background-color":"","background-image":"","background-repeat":"repeat","background-position":"center center","background-size":"auto","background-attachment":"scroll","background-type":"","background-media":"","overlay-type":"","overlay-color":"","overlay-opacity":"","overlay-gradient":""},"mobile":{"background-color":"","background-image":"","background-repeat":"repeat","background-position":"center center","background-size":"auto","background-attachment":"scroll","background-type":"","background-media":"","overlay-type":"","overlay-color":"","overlay-opacity":"","overlay-gradient":""}},"ast-content-background-meta":{"desktop":{"background-color":"var(--ast-global-color-4)","background-image":"","background-repeat":"repeat","background-position":"center center","background-size":"auto","background-attachment":"scroll","background-type":"","background-media":"","overlay-type":"","overlay-color":"","overlay-opacity":"","overlay-gradient":""},"tablet":{"background-color":"var(--ast-global-color-4)","background-image":"","background-repeat":"repeat","background-position":"center center","background-size":"auto","background-attachment":"scroll","background-type":"","background-media":"","overlay-type":"","overlay-color":"","overlay-opacity":"","overlay-gradient":""},"mobile":{"background-color":"var(--ast-global-color-4)","background-image":"","background-repeat":"repeat","background-position":"center center","background-size":"auto","background-attachment":"scroll","background-type":"","background-media":"","overlay-type":"","overlay-color":"","overlay-opacity":"","overlay-gradient":""}}},"product_brand":[],"product_cat":[41,72],"product_tag":[],"class_list":{"0":"post-2588","1":"product","2":"type-product","3":"status-publish","4":"has-post-thumbnail","6":"product_cat-perfume-bottles","7":"product_cat-cosmetic-packaging","8":"desktop-align-left","9":"tablet-align-left","10":"mobile-align-left","12":"first","13":"instock","14":"shipping-taxable","15":"product-type-simple"},"acf":[],"jetpack_sharing_enabled":true,"_links":{"self":[{"href":"https:\/\/theperfumebottles.com\/da\/wp-json\/wp\/v2\/product\/2588","targetHints":{"allow":["GET"]}}],"collection":[{"href":"https:\/\/theperfumebottles.com\/da\/wp-json\/wp\/v2\/product"}],"about":[{"href":"https:\/\/theperfumebottles.com\/da\/wp-json\/wp\/v2\/types\/product"}],"replies":[{"embeddable":true,"href":"https:\/\/theperfumebottles.com\/da\/wp-json\/wp\/v2\/comments?post=2588"}],"wp:featuredmedia":[{"embeddable":true,"href":"https:\/\/theperfumebottles.com\/da\/wp-json\/wp\/v2\/media\/2592"}],"wp:attachment":[{"href":"https:\/\/theperfumebottles.com\/da\/wp-json\/wp\/v2\/media?parent=2588"}],"wp:term":[{"taxonomy":"product_brand","embeddable":true,"href":"https:\/\/theperfumebottles.com\/da\/wp-json\/wp\/v2\/product_brand?post=2588"},{"taxonomy":"product_cat","embeddable":true,"href":"https:\/\/theperfumebottles.com\/da\/wp-json\/wp\/v2\/product_cat?post=2588"},{"taxonomy":"product_tag","embeddable":true,"href":"https:\/\/theperfumebottles.com\/da\/wp-json\/wp\/v2\/product_tag?post=2588"}],"curies":[{"name":"wp","href":"https:\/\/api.w.org\/{rel}","templated":true}]}}