{"id":2595,"date":"2025-03-11T04:01:42","date_gmt":"2025-03-11T04:01:42","guid":{"rendered":"https:\/\/theperfumebottles.com\/?post_type=product&#038;p=2595"},"modified":"2026-04-08T16:16:49","modified_gmt":"2026-04-08T08:16:49","slug":"glass-cologne-bottles-custom-luxury-fragrance-containers","status":"publish","type":"product","link":"https:\/\/theperfumebottles.com\/da\/vare\/glass-cologne-bottles-custom-luxury-fragrance-containers\/","title":{"rendered":"30ml 50ml 100ml brugerdefinerede glas Cologneflasker"},"content":{"rendered":"<p>Disse rektangul\u00e6re krystalglas-cologneflasker kombinerer p\u00e5 smart vis moderne design med praktiske funktioner. De f\u00e5s i 30 ml, 50 ml og 100 ml, med lyselilla, lysegr\u00f8nne eller gennemsigtige l\u00e5g, og flaskens skarpe linjer og de matte, frostede kanter formidler et neutralt og elegant temperament. De kan perfekt fremh\u00e6ve charmen ved din parfume eller cologne.<\/p>\n<h2>Fleksibel tilpasning til forskellige scenarier<\/h2>\n<ul>\n<li><strong>30 ml pr\u00f8ve: <\/strong>Let og b\u00e6rbar, velegnet til pr\u00f8vepakker eller hurtig erfaring i toldfri butikker i lufthavne.<\/li>\n<li><strong>50 ml gave\u00e6ske: <\/strong>uds\u00f8gt kapacitet, perfekt til julegaver eller eksklusive hoteldufte.<\/li>\n<li><strong>100 ml formel: <\/strong>atmosf\u00e6riske specifikationer og bliver en stjernevare i m\u00e6rkets flagskibsbutikker eller e-handelsplatforme.<\/li>\n<\/ul>\n<h2>N\u00f8glespecifikationer: Luksus Cologne-flaskemuligheder<\/h2>\n<p>&nbsp;<\/p>\n<table>\n<thead>\n<tr>\n<th>Model<\/th>\n<th>Kapacitet<\/th>\n<th>Dimensioner (mm)<\/th>\n<th>Farvemuligheder for h\u00e6tten<\/th>\n<th>Materiale<\/th>\n<\/tr>\n<\/thead>\n<tbody>\n<tr>\n<td>PB-BF1401<\/td>\n<td>30 ml<\/td>\n<td>36\u00d724\u00d790<\/td>\n<td>Lys lilla, gr\u00f8n, gennemsigtig<\/td>\n<td>Krystalglas<\/td>\n<\/tr>\n<tr>\n<td>PB-BF1402<\/td>\n<td>50 ml<\/td>\n<td>45\u00d728\u00d7103<\/td>\n<td>Lys lilla, gr\u00f8n, gennemsigtig<\/td>\n<td>Krystalglas<\/td>\n<\/tr>\n<tr>\n<td>PB-BF1403<\/td>\n<td>100ml<\/td>\n<td>56\u00d727\u00d7132<\/td>\n<td>Lys lilla, gr\u00f8n, gennemsigtig<\/td>\n<td>Krystalglas<\/td>\n<\/tr>\n<\/tbody>\n<\/table>\n<p><em>Alle modeller har spr\u00f8jtetopforsegling og h\u00e6tter med en diameter p\u00e5 15 mm.<\/em><\/p>\n<h2>Succeshistorie: Specialbestilling fra et californisk herreplejem\u00e6rke<\/h2>\n<p>Det californiske herreplejem\u00e6rke valgte vores 100 ml glas-cologneflasker, som de specialdesignede med en matsort spraydyse. Det specialdesignede flaskedesign f\u00f8rte til fremragende resultater, fordi dens unikke konkave form og spraydyse i \u00e9t stykke fik produktet til at adskille sig fra konkurrerende varer i butikkerne, hvilket resulterede i en salgsstigning p\u00e5 40 %, og det specielle flaskedesign medf\u00f8rte en stigning p\u00e5 25 % i gentagne k\u00f8b. Virksomheden bestilte 500.000 flasker i forskellige st\u00f8rrelser, efter at deres nye tr\u00e6agtige\/krydrede duftlinje opn\u00e5ede succes.<\/p>\n<h2>Bliv partner med en betroet leverand\u00f8r af pr\u00f8veflasker af cologne<\/h2>\n<p>Som f\u00f8rende producenter af parfumeflasker leverer vi komplette l\u00f8sninger:<\/p>\n<ul>\n<li>Hurtig levering: Lagervarer tilg\u00e6ngelige til hastebestillinger<\/li>\n<li>Brugerdefineret design: Skr\u00e6ddersy former, farver og finishmuligheder<\/li>\n<li>Sikker eksport: Overensstemmende emballage og rabatter p\u00e5 store ordrer<\/li>\n<\/ul>\n<p>Kontakt os for at anmode om gratis pr\u00f8ver eller for at dr\u00f8fte specialfremstillede parfumeflasker i glas til din duftlinje. L\u00f8ft din parfumeemballage med fabriks-direkte kvalitet og konkurrencedygtige priser!<\/p>","protected":false},"excerpt":{"rendered":"<p>H\u00f8jkvalitets cologneflasker med raffineret firkantet design. Glascologneflasker egnede til luksusdufte og pr\u00f8vecologneflasker. Gratis pr\u00f8ver tilg\u00e6ngelige.<\/p>","protected":false},"featured_media":2599,"comment_status":"open","ping_status":"closed","template":"","meta":{"_acf_changed":false,"site-sidebar-layout":"default","site-content-layout":"","ast-site-content-layout":"default","site-content-style":"default","site-sidebar-style":"default","ast-global-header-display":"","ast-banner-title-visibility":"","ast-main-header-display":"","ast-hfb-above-header-display":"","ast-hfb-below-header-display":"","ast-hfb-mobile-header-display":"","site-post-title":"","ast-breadcrumbs-content":"","ast-featured-img":"","footer-sml-layout":"","ast-disable-related-posts":"","theme-transparent-header-meta":"default","adv-header-id-meta":"","stick-header-meta":"","header-above-stick-meta":"","header-main-stick-meta":"","header-below-stick-meta":"","astra-migrate-meta-layouts":"set","ast-page-background-enabled":"default","ast-page-background-meta":{"desktop":{"background-color":"var(--ast-global-color-5)","background-image":"","background-repeat":"repeat","background-position":"center center","background-size":"auto","background-attachment":"scroll","background-type":"","background-media":"","overlay-type":"","overlay-color":"","overlay-opacity":"","overlay-gradient":""},"tablet":{"background-color":"","background-image":"","background-repeat":"repeat","background-position":"center center","background-size":"auto","background-attachment":"scroll","background-type":"","background-media":"","overlay-type":"","overlay-color":"","overlay-opacity":"","overlay-gradient":""},"mobile":{"background-color":"","background-image":"","background-repeat":"repeat","background-position":"center center","background-size":"auto","background-attachment":"scroll","background-type":"","background-media":"","overlay-type":"","overlay-color":"","overlay-opacity":"","overlay-gradient":""}},"ast-content-background-meta":{"desktop":{"background-color":"var(--ast-global-color-4)","background-image":"","background-repeat":"repeat","background-position":"center center","background-size":"auto","background-attachment":"scroll","background-type":"","background-media":"","overlay-type":"","overlay-color":"","overlay-opacity":"","overlay-gradient":""},"tablet":{"background-color":"var(--ast-global-color-4)","background-image":"","background-repeat":"repeat","background-position":"center center","background-size":"auto","background-attachment":"scroll","background-type":"","background-media":"","overlay-type":"","overlay-color":"","overlay-opacity":"","overlay-gradient":""},"mobile":{"background-color":"var(--ast-global-color-4)","background-image":"","background-repeat":"repeat","background-position":"center center","background-size":"auto","background-attachment":"scroll","background-type":"","background-media":"","overlay-type":"","overlay-color":"","overlay-opacity":"","overlay-gradient":""}}},"product_brand":[],"product_cat":[91,72,41],"product_tag":[],"class_list":{"0":"post-2595","1":"product","2":"type-product","3":"status-publish","4":"has-post-thumbnail","6":"product_cat-custom-perfume-bottles","7":"product_cat-cosmetic-packaging","8":"product_cat-perfume-bottles","9":"desktop-align-left","10":"tablet-align-left","11":"mobile-align-left","13":"first","14":"instock","15":"shipping-taxable","16":"product-type-simple"},"acf":[],"jetpack_sharing_enabled":true,"_links":{"self":[{"href":"https:\/\/theperfumebottles.com\/da\/wp-json\/wp\/v2\/product\/2595","targetHints":{"allow":["GET"]}}],"collection":[{"href":"https:\/\/theperfumebottles.com\/da\/wp-json\/wp\/v2\/product"}],"about":[{"href":"https:\/\/theperfumebottles.com\/da\/wp-json\/wp\/v2\/types\/product"}],"replies":[{"embeddable":true,"href":"https:\/\/theperfumebottles.com\/da\/wp-json\/wp\/v2\/comments?post=2595"}],"wp:featuredmedia":[{"embeddable":true,"href":"https:\/\/theperfumebottles.com\/da\/wp-json\/wp\/v2\/media\/2599"}],"wp:attachment":[{"href":"https:\/\/theperfumebottles.com\/da\/wp-json\/wp\/v2\/media?parent=2595"}],"wp:term":[{"taxonomy":"product_brand","embeddable":true,"href":"https:\/\/theperfumebottles.com\/da\/wp-json\/wp\/v2\/product_brand?post=2595"},{"taxonomy":"product_cat","embeddable":true,"href":"https:\/\/theperfumebottles.com\/da\/wp-json\/wp\/v2\/product_cat?post=2595"},{"taxonomy":"product_tag","embeddable":true,"href":"https:\/\/theperfumebottles.com\/da\/wp-json\/wp\/v2\/product_tag?post=2595"}],"curies":[{"name":"wp","href":"https:\/\/api.w.org\/{rel}","templated":true}]}}