{"id":2622,"date":"2025-03-12T06:50:06","date_gmt":"2025-03-12T06:50:06","guid":{"rendered":"https:\/\/theperfumebottles.com\/?post_type=product&#038;p=2622"},"modified":"2025-05-30T09:44:39","modified_gmt":"2025-05-30T01:44:39","slug":"25ml-silver-topped-mini-fragrance-bottles","status":"publish","type":"product","link":"https:\/\/theperfumebottles.com\/da\/vare\/25ml-silver-topped-mini-fragrance-bottles\/","title":{"rendered":"25 ml mini-duftflasker med s\u00f8lvtop"},"content":{"rendered":"<p>Denne 25 ml rektangul\u00e6re glasparfumeflaske har et stilfuldt design og fint h\u00e5ndv\u00e6rk, specielt designet til moderne high-end brands. Det gennemsigtige krystalglas med skr\u00e5 kanter har et enkelt og p\u00e6nt udseende og en behagelig fornemmelse. Den sorte eller gennemsigtige sprayh\u00e6tte og s\u00f8lvflaskeh\u00e6tten er enkle og stilfulde. Den lille flaskekrop og 13 mm flaskehals er let at b\u00e6re og lettere at integrere i forskellige avancerede emballager. Velegnet til parfume, cologne eller personlig duft, velegnet til b\u00e5de m\u00e6nd og kvinder.<\/p>\n<h2>Et elegant valg til rejser, en kvalitetspartner for brands<\/h2>\n<p>Denne mini parfumeflaske er kompakt og b\u00e6rbar, perfekt til rejser, pr\u00f8ves\u00e6t eller skr\u00e6ddersyede cologner. Dens sofistikerede udseende vil forbedre gaves\u00e6t, abonnementsbokse og displays og er ogs\u00e5 velegnet til personlige parfumegaver til kampagner, bryllupper eller events.<\/p>\n<h2>N\u00f8glespecifikationer<\/h2>\n<div class=\"hyc-common-markdown__table-wrapper\">\n<table>\n<thead>\n<tr>\n<th>Parameter<\/th>\n<th>Detalje<\/th>\n<\/tr>\n<\/thead>\n<tbody>\n<tr>\n<td>Model<\/td>\n<td>PB-BF1801<\/td>\n<\/tr>\n<tr>\n<td>Kapacitet<\/td>\n<td>25 ml<\/td>\n<\/tr>\n<tr>\n<td>Dimensioner<\/td>\n<td>52x21x68mm<\/td>\n<\/tr>\n<tr>\n<td>Materiale<\/td>\n<td>Krystalglas af h\u00f8j kvalitet<\/td>\n<\/tr>\n<tr>\n<td>H\u00e6tteindstillinger<\/td>\n<td>Sort, gennemsigtig, s\u00f8lvfarvet top<\/td>\n<\/tr>\n<tr>\n<td>Forseglingstype<\/td>\n<td>Spr\u00f8jtetop<\/td>\n<\/tr>\n<tr>\n<td>Form<\/td>\n<td>Rektangul\u00e6r med affasede kanter<\/td>\n<\/tr>\n<\/tbody>\n<\/table>\n<\/div>\n<h2>Arbejd med p\u00e5lidelige leverand\u00f8rer<\/h2>\n<p>Som professionel producent af parfumeflasker er vi forpligtet til at levere et komplet udvalg af supporttjenester til grossister og brands:<\/p>\n<ul>\n<li><strong>Levering klar til lager:<\/strong> underst\u00f8tter store m\u00e6ngder ordrer og hurtig levering.<\/li>\n<li><strong>Personlig tilpasning:<\/strong> Flaskens form, farve, forseglingsmetode og glasurproces kan tilpasses.<\/li>\n<li><strong>St\u00f8tte til emballering:<\/strong> Vi kan ogs\u00e5 hj\u00e6lpe med emballagedesign! Vi skaber gerne en unik emballagel\u00f8sning til dig.<\/li>\n<\/ul>\n<p>Vil du skr\u00e6ddersy en unik parfumeflaske? Du er velkommen til at tale med os! V\u00e6lg os for at g\u00f8re din parfume mere stilfuld.<\/p>","protected":false},"excerpt":{"rendered":"<p>Oplev elegante 25 ml mini-parfumeflasker med s\u00f8lvtop - premium glasparfumeemballage til brands. Masseordrer og tilpassede designs er tilg\u00e6ngelige.<\/p>","protected":false},"featured_media":2625,"comment_status":"open","ping_status":"closed","template":"","meta":{"_acf_changed":false,"site-sidebar-layout":"default","site-content-layout":"","ast-site-content-layout":"default","site-content-style":"default","site-sidebar-style":"default","ast-global-header-display":"","ast-banner-title-visibility":"","ast-main-header-display":"","ast-hfb-above-header-display":"","ast-hfb-below-header-display":"","ast-hfb-mobile-header-display":"","site-post-title":"","ast-breadcrumbs-content":"","ast-featured-img":"","footer-sml-layout":"","ast-disable-related-posts":"","theme-transparent-header-meta":"default","adv-header-id-meta":"","stick-header-meta":"","header-above-stick-meta":"","header-main-stick-meta":"","header-below-stick-meta":"","astra-migrate-meta-layouts":"set","ast-page-background-enabled":"default","ast-page-background-meta":{"desktop":{"background-color":"var(--ast-global-color-5)","background-image":"","background-repeat":"repeat","background-position":"center center","background-size":"auto","background-attachment":"scroll","background-type":"","background-media":"","overlay-type":"","overlay-color":"","overlay-opacity":"","overlay-gradient":""},"tablet":{"background-color":"","background-image":"","background-repeat":"repeat","background-position":"center center","background-size":"auto","background-attachment":"scroll","background-type":"","background-media":"","overlay-type":"","overlay-color":"","overlay-opacity":"","overlay-gradient":""},"mobile":{"background-color":"","background-image":"","background-repeat":"repeat","background-position":"center center","background-size":"auto","background-attachment":"scroll","background-type":"","background-media":"","overlay-type":"","overlay-color":"","overlay-opacity":"","overlay-gradient":""}},"ast-content-background-meta":{"desktop":{"background-color":"var(--ast-global-color-4)","background-image":"","background-repeat":"repeat","background-position":"center center","background-size":"auto","background-attachment":"scroll","background-type":"","background-media":"","overlay-type":"","overlay-color":"","overlay-opacity":"","overlay-gradient":""},"tablet":{"background-color":"var(--ast-global-color-4)","background-image":"","background-repeat":"repeat","background-position":"center center","background-size":"auto","background-attachment":"scroll","background-type":"","background-media":"","overlay-type":"","overlay-color":"","overlay-opacity":"","overlay-gradient":""},"mobile":{"background-color":"var(--ast-global-color-4)","background-image":"","background-repeat":"repeat","background-position":"center center","background-size":"auto","background-attachment":"scroll","background-type":"","background-media":"","overlay-type":"","overlay-color":"","overlay-opacity":"","overlay-gradient":""}}},"product_brand":[],"product_cat":[41,72,74],"product_tag":[84],"class_list":{"0":"post-2622","1":"product","2":"type-product","3":"status-publish","4":"has-post-thumbnail","6":"product_cat-perfume-bottles","7":"product_cat-cosmetic-packaging","8":"product_cat-mini-perfume-bottles","9":"product_tag-fragrance-bottles","10":"desktop-align-left","11":"tablet-align-left","12":"mobile-align-left","14":"first","15":"instock","16":"shipping-taxable","17":"product-type-simple"},"acf":[],"jetpack_sharing_enabled":true,"_links":{"self":[{"href":"https:\/\/theperfumebottles.com\/da\/wp-json\/wp\/v2\/product\/2622","targetHints":{"allow":["GET"]}}],"collection":[{"href":"https:\/\/theperfumebottles.com\/da\/wp-json\/wp\/v2\/product"}],"about":[{"href":"https:\/\/theperfumebottles.com\/da\/wp-json\/wp\/v2\/types\/product"}],"replies":[{"embeddable":true,"href":"https:\/\/theperfumebottles.com\/da\/wp-json\/wp\/v2\/comments?post=2622"}],"wp:featuredmedia":[{"embeddable":true,"href":"https:\/\/theperfumebottles.com\/da\/wp-json\/wp\/v2\/media\/2625"}],"wp:attachment":[{"href":"https:\/\/theperfumebottles.com\/da\/wp-json\/wp\/v2\/media?parent=2622"}],"wp:term":[{"taxonomy":"product_brand","embeddable":true,"href":"https:\/\/theperfumebottles.com\/da\/wp-json\/wp\/v2\/product_brand?post=2622"},{"taxonomy":"product_cat","embeddable":true,"href":"https:\/\/theperfumebottles.com\/da\/wp-json\/wp\/v2\/product_cat?post=2622"},{"taxonomy":"product_tag","embeddable":true,"href":"https:\/\/theperfumebottles.com\/da\/wp-json\/wp\/v2\/product_tag?post=2622"}],"curies":[{"name":"wp","href":"https:\/\/api.w.org\/{rel}","templated":true}]}}