{"id":2696,"date":"2025-03-14T09:32:49","date_gmt":"2025-03-14T09:32:49","guid":{"rendered":"https:\/\/theperfumebottles.com\/?post_type=product&#038;p=2696"},"modified":"2025-05-27T10:50:16","modified_gmt":"2025-05-27T02:50:16","slug":"50ml-100ml-empty-perfume-spray-bottles","status":"publish","type":"product","link":"https:\/\/theperfumebottles.com\/da\/vare\/50ml-100ml-empty-perfume-spray-bottles\/","title":{"rendered":"50ml 100ml tomme parfumesprayflasker"},"content":{"rendered":"<p>Disse tomme parfumesprayflasker er specielt designet til m\u00e6rker, der str\u00e6ber efter h\u00f8j kvalitet. Flasken er lavet af krystalglas af h\u00f8j kvalitet og har et let skr\u00e5t rektangul\u00e6rt design med rene linjer. Det overordnede look er enkelt og gener\u00f8st, og det udstr\u00e5ler elegance og high-end-f\u00f8lelse p\u00e5 en lavm\u00e6lt m\u00e5de. Den gennemsigtige flaske kan perfekt vise farvecharmen i parfume eller cologne, hvilket g\u00f8r hver dr\u00e5be duft fuld af visuel appel. Med en bl\u00e5 metalh\u00e6tte eller en mat sort h\u00e6tte er den ikke kun alsidig i stil, men har ogs\u00e5 et unikt temperament. Den fortykkede glasbase er stabil og solid, og den f\u00f8les rolig og luksuri\u00f8s i h\u00e5nden, hvilket er meget velegnet til high-end eller nicheparfume-serier.<\/p>\n<h2>Ideelt valg til at skabe eksklusive parfumer<\/h2>\n<p>Uanset om du er ved at skabe et nyt brand eller lancere en begr\u00e6nset duftserie, er disse tomme flasker ideelle emballagepartnere. Flaskens glatte overflade underst\u00f8tter en r\u00e6kke forskellige tilpasningsmetoder som f.eks. tryk, gravering eller m\u00e6rkning, s\u00e5 du nemt kan pr\u00e6sentere dit brands personlighed.<\/p>\n<h2>Vigtige specifikationer: Pr\u00e6cision og kvalitet<\/h2>\n<div class=\"hyc-common-markdown__table-wrapper\">\n<table>\n<thead>\n<tr>\n<th>\u200b<strong>Specifikation<\/strong><\/th>\n<th>\u200b<strong>Detaljer<\/strong><\/th>\n<\/tr>\n<\/thead>\n<tbody>\n<tr>\n<td>\u200b<strong>Modeller<\/strong><\/td>\n<td>PB-BF1802 (50 ml), PB-BF1803 (100 ml)<\/td>\n<\/tr>\n<tr>\n<td>\u200b<strong>Dimensioner<\/strong><\/td>\n<td>70 * 27 * 84 mm (50 ml), 95 * 30 * 109 mm (100 ml)<\/td>\n<\/tr>\n<tr>\n<td>\u200b<strong>H\u00e6tteindstillinger<\/strong><\/td>\n<td>Bl\u00e5 metalh\u00e6tte, matsort PE-h\u00e6tte<\/td>\n<\/tr>\n<tr>\n<td>\u200b<strong>Form<\/strong><\/td>\n<td>Rektangul\u00e6r med let affasede kanter<\/td>\n<\/tr>\n<tr>\n<td>\u200b<strong>Materiale<\/strong><\/td>\n<td>Krystalglas af h\u00f8j kvalitet<\/td>\n<\/tr>\n<tr>\n<td>\u200b<strong>Forseglingstype<\/strong><\/td>\n<td>Spr\u00f8jtetop<\/td>\n<\/tr>\n<\/tbody>\n<\/table>\n<\/div>\n<h2>L\u00f8ft dit brand med f\u00f8rsteklasses emballage<\/h2>\n<p>Vil du give din parfumeserie mere stil? Vi tilbyder to kapaciteter p\u00e5 50 ml og 100 ml, og farven p\u00e5 flaskeh\u00e6tten kan v\u00e6lges frit i henhold til brandets stil. Underst\u00f8tter bulkbestilling, stabil forsyning og hj\u00e6lper brandets v\u00e6kst.<\/p>\n<p>Du er altid velkommen til at kontakte vores fabrik for at skabe din egen eksklusive parfumeemballage sammen - begyndende med en flaske, der g\u00f8r m\u00e6rket mere varmt.<\/p>","protected":false},"excerpt":{"rendered":"<p>Vores tomme parfumesprayflasker er designet til at l\u00f8fte din parfumeemballage med en moderne og raffineret \u00e6stetik.<\/p>","protected":false},"featured_media":2697,"comment_status":"open","ping_status":"closed","template":"","meta":{"_acf_changed":false,"site-sidebar-layout":"default","site-content-layout":"","ast-site-content-layout":"default","site-content-style":"default","site-sidebar-style":"default","ast-global-header-display":"","ast-banner-title-visibility":"","ast-main-header-display":"","ast-hfb-above-header-display":"","ast-hfb-below-header-display":"","ast-hfb-mobile-header-display":"","site-post-title":"","ast-breadcrumbs-content":"","ast-featured-img":"","footer-sml-layout":"","ast-disable-related-posts":"","theme-transparent-header-meta":"default","adv-header-id-meta":"","stick-header-meta":"","header-above-stick-meta":"","header-main-stick-meta":"","header-below-stick-meta":"","astra-migrate-meta-layouts":"set","ast-page-background-enabled":"default","ast-page-background-meta":{"desktop":{"background-color":"var(--ast-global-color-5)","background-image":"","background-repeat":"repeat","background-position":"center center","background-size":"auto","background-attachment":"scroll","background-type":"","background-media":"","overlay-type":"","overlay-color":"","overlay-opacity":"","overlay-gradient":""},"tablet":{"background-color":"","background-image":"","background-repeat":"repeat","background-position":"center center","background-size":"auto","background-attachment":"scroll","background-type":"","background-media":"","overlay-type":"","overlay-color":"","overlay-opacity":"","overlay-gradient":""},"mobile":{"background-color":"","background-image":"","background-repeat":"repeat","background-position":"center center","background-size":"auto","background-attachment":"scroll","background-type":"","background-media":"","overlay-type":"","overlay-color":"","overlay-opacity":"","overlay-gradient":""}},"ast-content-background-meta":{"desktop":{"background-color":"var(--ast-global-color-4)","background-image":"","background-repeat":"repeat","background-position":"center center","background-size":"auto","background-attachment":"scroll","background-type":"","background-media":"","overlay-type":"","overlay-color":"","overlay-opacity":"","overlay-gradient":""},"tablet":{"background-color":"var(--ast-global-color-4)","background-image":"","background-repeat":"repeat","background-position":"center center","background-size":"auto","background-attachment":"scroll","background-type":"","background-media":"","overlay-type":"","overlay-color":"","overlay-opacity":"","overlay-gradient":""},"mobile":{"background-color":"var(--ast-global-color-4)","background-image":"","background-repeat":"repeat","background-position":"center center","background-size":"auto","background-attachment":"scroll","background-type":"","background-media":"","overlay-type":"","overlay-color":"","overlay-opacity":"","overlay-gradient":""}}},"product_brand":[],"product_cat":[72,41],"product_tag":[],"class_list":{"0":"post-2696","1":"product","2":"type-product","3":"status-publish","4":"has-post-thumbnail","6":"product_cat-cosmetic-packaging","7":"product_cat-perfume-bottles","8":"desktop-align-left","9":"tablet-align-left","10":"mobile-align-left","12":"first","13":"instock","14":"shipping-taxable","15":"product-type-simple"},"acf":[],"jetpack_sharing_enabled":true,"_links":{"self":[{"href":"https:\/\/theperfumebottles.com\/da\/wp-json\/wp\/v2\/product\/2696","targetHints":{"allow":["GET"]}}],"collection":[{"href":"https:\/\/theperfumebottles.com\/da\/wp-json\/wp\/v2\/product"}],"about":[{"href":"https:\/\/theperfumebottles.com\/da\/wp-json\/wp\/v2\/types\/product"}],"replies":[{"embeddable":true,"href":"https:\/\/theperfumebottles.com\/da\/wp-json\/wp\/v2\/comments?post=2696"}],"wp:featuredmedia":[{"embeddable":true,"href":"https:\/\/theperfumebottles.com\/da\/wp-json\/wp\/v2\/media\/2697"}],"wp:attachment":[{"href":"https:\/\/theperfumebottles.com\/da\/wp-json\/wp\/v2\/media?parent=2696"}],"wp:term":[{"taxonomy":"product_brand","embeddable":true,"href":"https:\/\/theperfumebottles.com\/da\/wp-json\/wp\/v2\/product_brand?post=2696"},{"taxonomy":"product_cat","embeddable":true,"href":"https:\/\/theperfumebottles.com\/da\/wp-json\/wp\/v2\/product_cat?post=2696"},{"taxonomy":"product_tag","embeddable":true,"href":"https:\/\/theperfumebottles.com\/da\/wp-json\/wp\/v2\/product_tag?post=2696"}],"curies":[{"name":"wp","href":"https:\/\/api.w.org\/{rel}","templated":true}]}}