{"id":2729,"date":"2025-03-17T06:08:29","date_gmt":"2025-03-17T06:08:29","guid":{"rendered":"https:\/\/theperfumebottles.com\/?post_type=product&#038;p=2729"},"modified":"2025-05-30T10:04:54","modified_gmt":"2025-05-30T02:04:54","slug":"little-perfume-bottles-empty-mini-containers-wholesale","status":"publish","type":"product","link":"https:\/\/theperfumebottles.com\/da\/vare\/little-perfume-bottles-empty-mini-containers-wholesale\/","title":{"rendered":"25ml sm\u00e5 parfumeflasker \u2013 Tomme minibeholdere engros"},"content":{"rendered":"<p>Denne 25 ml miniparfumeflaske er designet til m\u00e6rker, der g\u00e5r op i kvalitet. Den er b\u00e5de moderigtig og praktisk og udstr\u00e5ler en let luksusstruktur i enkelhed. Denne 25 ml mini parfumeflaske f\u00e5s med tre farveh\u00e6tter: champagneguld, spejls\u00f8lv og mat sort, der passer til forskellige m\u00e6rkestile. Den gennemsigtige flaskekrop viser tydeligt parfumens farve, og det innovative dysedesign g\u00f8r sprayen delikat og j\u00e6vn, og den er nem at betjene med \u00e9n h\u00e5nd. Moderne let luksusdesign + uds\u00f8gte detaljer er ideelle til brandtilpasning og stork\u00f8b.<\/p>\n<h2>Alsidige anvendelsesmuligheder: Fra pr\u00f8veudtagning til luksuskollektioner<\/h2>\n<p>Denne mini parfumeflaske er som en personlig duftbutler i din lomme - uanset om det er en rejseparfume, en limited edition cologne eller et high-end parfumes\u00e6t, s\u00e5 er den perfekt. Den er kun p\u00e5 st\u00f8rrelse med en h\u00e5ndflade (41x25x77 mm) og kan nemt rumme kvinders sarte duft eller m\u00e6nds rolige \u00e5nde. Den er mere velegnet som prikken over i'et i en bryllupsgave\u00e6ske eller et f\u00e6lles s\u00e6t.<\/p>\n<h2>N\u00f8glespecifikationer<\/h2>\n<div class=\"hyc-common-markdown__table-wrapper\">\n<table>\n<thead>\n<tr>\n<th>Parameter<\/th>\n<th>Detalje<\/th>\n<\/tr>\n<\/thead>\n<tbody>\n<tr>\n<td>Model<\/td>\n<td>PB-BF1901<\/td>\n<\/tr>\n<tr>\n<td>Kapacitet<\/td>\n<td>25 ml<\/td>\n<\/tr>\n<tr>\n<td>Dimensioner<\/td>\n<td>41 mm x 25 mm x 77 mm<\/td>\n<\/tr>\n<tr>\n<td>H\u00e6ttefarver<\/td>\n<td>Poleret guld, s\u00f8lv, mat sort<\/td>\n<\/tr>\n<tr>\n<td>Materiale<\/td>\n<td>Krystalglas af h\u00f8j kvalitet<\/td>\n<\/tr>\n<tr>\n<td>Lukningstype<\/td>\n<td>Spr\u00f8jtetop<\/td>\n<\/tr>\n<tr>\n<td>Brugerdefinerede indstillinger<\/td>\n<td>Gravering, etiketter, frostet finish<\/td>\n<\/tr>\n<\/tbody>\n<\/table>\n<\/div>\n<h2>Komplette l\u00f8sninger til dit brand<\/h2>\n<p>Som en p\u00e5lidelig producent af parfumeflasker tilbyder vi fleksibilitet i forbindelse med bulkordrer og varer p\u00e5 lager til hurtig levering. Uanset om du har brug for tomme parfumeflasker engros eller brugerdefineret parfumeemballage, leverer vores fabrik komplette l\u00f8sninger - fra former og farver til lukninger og tilbeh\u00f8r.<\/p>\n<h2>G\u00f8r noget ved det i dag:<\/h2>\n<ul>\n<li>Anmod om gratis pr\u00f8ver<\/li>\n<li>Udforsk mulighederne for brugerdefineret finish<\/li>\n<li>K\u00f8b store m\u00e6ngder med m\u00e6rkevareemballage<\/li>\n<\/ul>\n<p>L\u00f8ft din duftserie med en f\u00f8rsteklasses beholder, der afspejler dit brands raffinement. Kontakt os nu for at skabe en tidl\u00f8s kollektion af parfumesprayflasker!<\/p>","protected":false},"excerpt":{"rendered":"<p>Disse sm\u00e5 parfumeflasker p\u00e5 25 ml er skabt til kr\u00e6sne m\u00e6rker og kombinerer elegant design med f\u00f8rsteklasses funktionalitet.<\/p>","protected":false},"featured_media":2733,"comment_status":"open","ping_status":"closed","template":"","meta":{"_acf_changed":false,"site-sidebar-layout":"default","site-content-layout":"","ast-site-content-layout":"default","site-content-style":"default","site-sidebar-style":"default","ast-global-header-display":"","ast-banner-title-visibility":"","ast-main-header-display":"","ast-hfb-above-header-display":"","ast-hfb-below-header-display":"","ast-hfb-mobile-header-display":"","site-post-title":"","ast-breadcrumbs-content":"","ast-featured-img":"","footer-sml-layout":"","ast-disable-related-posts":"","theme-transparent-header-meta":"default","adv-header-id-meta":"","stick-header-meta":"","header-above-stick-meta":"","header-main-stick-meta":"","header-below-stick-meta":"","astra-migrate-meta-layouts":"set","ast-page-background-enabled":"default","ast-page-background-meta":{"desktop":{"background-color":"var(--ast-global-color-5)","background-image":"","background-repeat":"repeat","background-position":"center center","background-size":"auto","background-attachment":"scroll","background-type":"","background-media":"","overlay-type":"","overlay-color":"","overlay-opacity":"","overlay-gradient":""},"tablet":{"background-color":"","background-image":"","background-repeat":"repeat","background-position":"center center","background-size":"auto","background-attachment":"scroll","background-type":"","background-media":"","overlay-type":"","overlay-color":"","overlay-opacity":"","overlay-gradient":""},"mobile":{"background-color":"","background-image":"","background-repeat":"repeat","background-position":"center center","background-size":"auto","background-attachment":"scroll","background-type":"","background-media":"","overlay-type":"","overlay-color":"","overlay-opacity":"","overlay-gradient":""}},"ast-content-background-meta":{"desktop":{"background-color":"var(--ast-global-color-4)","background-image":"","background-repeat":"repeat","background-position":"center center","background-size":"auto","background-attachment":"scroll","background-type":"","background-media":"","overlay-type":"","overlay-color":"","overlay-opacity":"","overlay-gradient":""},"tablet":{"background-color":"var(--ast-global-color-4)","background-image":"","background-repeat":"repeat","background-position":"center center","background-size":"auto","background-attachment":"scroll","background-type":"","background-media":"","overlay-type":"","overlay-color":"","overlay-opacity":"","overlay-gradient":""},"mobile":{"background-color":"var(--ast-global-color-4)","background-image":"","background-repeat":"repeat","background-position":"center center","background-size":"auto","background-attachment":"scroll","background-type":"","background-media":"","overlay-type":"","overlay-color":"","overlay-opacity":"","overlay-gradient":""}}},"product_brand":[],"product_cat":[72,74,41],"product_tag":[],"class_list":{"0":"post-2729","1":"product","2":"type-product","3":"status-publish","4":"has-post-thumbnail","6":"product_cat-cosmetic-packaging","7":"product_cat-mini-perfume-bottles","8":"product_cat-perfume-bottles","9":"desktop-align-left","10":"tablet-align-left","11":"mobile-align-left","13":"first","14":"instock","15":"shipping-taxable","16":"product-type-simple"},"acf":[],"jetpack_sharing_enabled":true,"_links":{"self":[{"href":"https:\/\/theperfumebottles.com\/da\/wp-json\/wp\/v2\/product\/2729","targetHints":{"allow":["GET"]}}],"collection":[{"href":"https:\/\/theperfumebottles.com\/da\/wp-json\/wp\/v2\/product"}],"about":[{"href":"https:\/\/theperfumebottles.com\/da\/wp-json\/wp\/v2\/types\/product"}],"replies":[{"embeddable":true,"href":"https:\/\/theperfumebottles.com\/da\/wp-json\/wp\/v2\/comments?post=2729"}],"wp:featuredmedia":[{"embeddable":true,"href":"https:\/\/theperfumebottles.com\/da\/wp-json\/wp\/v2\/media\/2733"}],"wp:attachment":[{"href":"https:\/\/theperfumebottles.com\/da\/wp-json\/wp\/v2\/media?parent=2729"}],"wp:term":[{"taxonomy":"product_brand","embeddable":true,"href":"https:\/\/theperfumebottles.com\/da\/wp-json\/wp\/v2\/product_brand?post=2729"},{"taxonomy":"product_cat","embeddable":true,"href":"https:\/\/theperfumebottles.com\/da\/wp-json\/wp\/v2\/product_cat?post=2729"},{"taxonomy":"product_tag","embeddable":true,"href":"https:\/\/theperfumebottles.com\/da\/wp-json\/wp\/v2\/product_tag?post=2729"}],"curies":[{"name":"wp","href":"https:\/\/api.w.org\/{rel}","templated":true}]}}