{"id":2734,"date":"2025-03-17T06:43:29","date_gmt":"2025-03-17T06:43:29","guid":{"rendered":"https:\/\/theperfumebottles.com\/?post_type=product&#038;p=2734"},"modified":"2026-04-08T15:31:41","modified_gmt":"2026-04-08T07:31:41","slug":"best-perfume-bottles-glass-perfume-bottles-wholesale","status":"publish","type":"product","link":"https:\/\/theperfumebottles.com\/da\/vare\/best-perfume-bottles-glass-perfume-bottles-wholesale\/","title":{"rendered":"50ml 100ml Bedste Parfumeflasker \u2013 Glas Parfumeflasker Engros"},"content":{"rendered":"<h2>Giv dit brand en f\u00f8lelse af luksus<\/h2>\n<p>F\u00e5s i st\u00f8rrelser p\u00e5 50 ml og 100 ml, velegnet til pr\u00f8ve-, fuld- eller limited edition-parfumeflasker i glas, engros. Den afrundede rektangul\u00e6re flaske er parret med tykt krystalglas, med en transparent glans og en f\u00f8lelse af luksus, og er problemfrit integreret i herre-\/dame-duftserien for at opbygge en samlet brandvision. Flaskeh\u00e6tten f\u00e5s i poleret guld, s\u00f8lv og mat sort, som nemt kan matche brandets farvesystem. Den transparente flaske viser tydeligt parfumens farve, spraydesignet er pr\u00e6cist og ensartet, og betjeningen er j\u00e6vn, hvilket forbedrer slutbrugeroplevelsen.<\/p>\n<h2>Alsidige anvendelser: Fra sampling til signaturdufte<\/h2>\n<p>Disse bedste parfumeflasker er perfekte til 95 ml flaskekollektioner, parfumeflasker i rejsest\u00f8rrelse eller duftflasker i begr\u00e6nset oplag. Deres elegante design passer til nicheduftlinjer, detailhandelsdisplays eller personlige gaves\u00e6t. Uanset om det er til cologne eller parfume, leverer de luksuri\u00f8s appel p\u00e5 tv\u00e6rs af anvendelser.<\/p>\n<h2>Vigtigste specifikationer: Premium glas parfumeflasker<\/h2>\n<div class=\"hyc-common-markdown__table-wrapper\">\n<table>\n<thead>\n<tr>\n<th>Model<\/th>\n<th>Kapacitet<\/th>\n<th>Dimensioner (mm)<\/th>\n<th>H\u00e6ttefarver<\/th>\n<th>Materiale<\/th>\n<th>Closure<\/th>\n<\/tr>\n<\/thead>\n<tbody>\n<tr>\n<td>frasquinhos de perfume<\/td>\n<td>50 ml<\/td>\n<td>53x31x73<\/td>\n<td>Guld, S\u00f8lv, Mat Sort<\/td>\n<td>Krystalglas af h\u00f8j kvalitet<\/td>\n<td>Spr\u00f8jtetop<\/td>\n<\/tr>\n<tr>\n<td>PB-BF1903<\/td>\n<td>50 ml<\/td>\n<td>43x30x88<\/td>\n<td>Guld, S\u00f8lv, Mat Sort<\/td>\n<td>Krystalglas af h\u00f8j kvalitet<\/td>\n<td>Spr\u00f8jtetop<\/td>\n<\/tr>\n<tr>\n<td>PB-BF1904<\/td>\n<td>100ml<\/td>\n<td>57x38x107<\/td>\n<td>Guld, S\u00f8lv, Mat Sort<\/td>\n<td>Krystalglas af h\u00f8j kvalitet<\/td>\n<td>Spr\u00f8jtetop<\/td>\n<\/tr>\n<\/tbody>\n<\/table>\n<\/div>\n<h2>Succeshistorie: Specialbestilling fra et niche-duftm\u00e6rke i New York<\/h2>\n<p>Et nichem\u00e6rke i New York valgte vores engrosservice af parfumeflasker i glas til at skabe brugerdefinerede produkter ved hj\u00e6lp af r\u00f8gede gr\u00e5 glasflasker. De brugerdefinerede flasker opn\u00e5ede bem\u00e6rkelsesv\u00e6rdige resultater: 40 % af de positive kundeanmeldelser n\u00e6vnte deres solide f\u00f8lelse og minimalistiske design. Deres fotogene udseende f\u00f8rte til en stigning p\u00e5 300 % i engagementet fra influencers p\u00e5 sociale medier. Virksomheden besluttede at k\u00f8be 650.000 yderligere flasker, fordi deres f\u00f8rste produktlinje var en succes med koncentrerede dufte og kunstnersamarbejder i begr\u00e6nset oplag.<\/p>\n<h2><strong>Handl nu for at styrke dit brand:<\/strong><\/h2>\n<ul>\n<li>Anmod om gratis pr\u00f8ver af vores bedste parfumeflasker<\/li>\n<li>Udforsk muligheder for brugerdefineret gravering og finish<\/li>\n<li>K\u00f8b store m\u00e6ngder med m\u00e6rkevareemballage<\/li>\n<\/ul>\n<p>Forvandl din duftlinje med luksusglas-parfumeflasker engros \u2013 hvor design m\u00f8der h\u00e5ndv\u00e6rk. Kontakt os i dag for at skabe en tidl\u00f8s kollektion!<\/p>","protected":false},"excerpt":{"rendered":"<p>Engros premium parfumeflasker i glas til luksusm\u00e6rker. Tilpassede 50ml og 100ml parfumeflasker med polerede guld\/s\u00f8lv\/matsorte l\u00e5g.<\/p>","protected":false},"featured_media":2736,"comment_status":"open","ping_status":"closed","template":"","meta":{"_acf_changed":false,"site-sidebar-layout":"default","site-content-layout":"","ast-site-content-layout":"default","site-content-style":"default","site-sidebar-style":"default","ast-global-header-display":"","ast-banner-title-visibility":"","ast-main-header-display":"","ast-hfb-above-header-display":"","ast-hfb-below-header-display":"","ast-hfb-mobile-header-display":"","site-post-title":"","ast-breadcrumbs-content":"","ast-featured-img":"","footer-sml-layout":"","ast-disable-related-posts":"","theme-transparent-header-meta":"default","adv-header-id-meta":"","stick-header-meta":"","header-above-stick-meta":"","header-main-stick-meta":"","header-below-stick-meta":"","astra-migrate-meta-layouts":"set","ast-page-background-enabled":"default","ast-page-background-meta":{"desktop":{"background-color":"var(--ast-global-color-5)","background-image":"","background-repeat":"repeat","background-position":"center center","background-size":"auto","background-attachment":"scroll","background-type":"","background-media":"","overlay-type":"","overlay-color":"","overlay-opacity":"","overlay-gradient":""},"tablet":{"background-color":"","background-image":"","background-repeat":"repeat","background-position":"center center","background-size":"auto","background-attachment":"scroll","background-type":"","background-media":"","overlay-type":"","overlay-color":"","overlay-opacity":"","overlay-gradient":""},"mobile":{"background-color":"","background-image":"","background-repeat":"repeat","background-position":"center center","background-size":"auto","background-attachment":"scroll","background-type":"","background-media":"","overlay-type":"","overlay-color":"","overlay-opacity":"","overlay-gradient":""}},"ast-content-background-meta":{"desktop":{"background-color":"var(--ast-global-color-4)","background-image":"","background-repeat":"repeat","background-position":"center center","background-size":"auto","background-attachment":"scroll","background-type":"","background-media":"","overlay-type":"","overlay-color":"","overlay-opacity":"","overlay-gradient":""},"tablet":{"background-color":"var(--ast-global-color-4)","background-image":"","background-repeat":"repeat","background-position":"center center","background-size":"auto","background-attachment":"scroll","background-type":"","background-media":"","overlay-type":"","overlay-color":"","overlay-opacity":"","overlay-gradient":""},"mobile":{"background-color":"var(--ast-global-color-4)","background-image":"","background-repeat":"repeat","background-position":"center center","background-size":"auto","background-attachment":"scroll","background-type":"","background-media":"","overlay-type":"","overlay-color":"","overlay-opacity":"","overlay-gradient":""}}},"product_brand":[],"product_cat":[91,72,41],"product_tag":[],"class_list":{"0":"post-2734","1":"product","2":"type-product","3":"status-publish","4":"has-post-thumbnail","6":"product_cat-custom-perfume-bottles","7":"product_cat-cosmetic-packaging","8":"product_cat-perfume-bottles","9":"desktop-align-left","10":"tablet-align-left","11":"mobile-align-left","13":"first","14":"instock","15":"shipping-taxable","16":"product-type-simple"},"acf":[],"jetpack_sharing_enabled":true,"_links":{"self":[{"href":"https:\/\/theperfumebottles.com\/da\/wp-json\/wp\/v2\/product\/2734","targetHints":{"allow":["GET"]}}],"collection":[{"href":"https:\/\/theperfumebottles.com\/da\/wp-json\/wp\/v2\/product"}],"about":[{"href":"https:\/\/theperfumebottles.com\/da\/wp-json\/wp\/v2\/types\/product"}],"replies":[{"embeddable":true,"href":"https:\/\/theperfumebottles.com\/da\/wp-json\/wp\/v2\/comments?post=2734"}],"wp:featuredmedia":[{"embeddable":true,"href":"https:\/\/theperfumebottles.com\/da\/wp-json\/wp\/v2\/media\/2736"}],"wp:attachment":[{"href":"https:\/\/theperfumebottles.com\/da\/wp-json\/wp\/v2\/media?parent=2734"}],"wp:term":[{"taxonomy":"product_brand","embeddable":true,"href":"https:\/\/theperfumebottles.com\/da\/wp-json\/wp\/v2\/product_brand?post=2734"},{"taxonomy":"product_cat","embeddable":true,"href":"https:\/\/theperfumebottles.com\/da\/wp-json\/wp\/v2\/product_cat?post=2734"},{"taxonomy":"product_tag","embeddable":true,"href":"https:\/\/theperfumebottles.com\/da\/wp-json\/wp\/v2\/product_tag?post=2734"}],"curies":[{"name":"wp","href":"https:\/\/api.w.org\/{rel}","templated":true}]}}