{"id":2738,"date":"2025-03-17T09:23:19","date_gmt":"2025-03-17T09:23:19","guid":{"rendered":"https:\/\/theperfumebottles.com\/?post_type=product&#038;p=2738"},"modified":"2026-01-05T13:49:07","modified_gmt":"2026-01-05T05:49:07","slug":"vintage-scent-bottles-with-translucent-black-brown-glass","status":"publish","type":"product","link":"https:\/\/theperfumebottles.com\/da\/vare\/vintage-scent-bottles-with-translucent-black-brown-glass\/","title":{"rendered":"50 ml brune cologneflasker med gennemsigtigt sortbrunt glas"},"content":{"rendered":"<h2>Brune cologneflasker: Tidl\u00f8s elegance til moderne m\u00e6rker<\/h2>\n<p>L\u00f8ft din duftlinje med vores brune cologneflasker, PB-BM02 - en vintage-inspireret brun cologneflaske til m\u00e6nd designet til luksus. Denne firkantede 50 ml flaske er fremstillet af gennemsigtigt sortbrunt krystalglas og kombinerer antik charme med moderne sofistikering. Det r\u00f8gede gradientglas, kombineret med en poleret sort top, skaber en dristig kontrast, der er perfekt til premium cologne eller unisex-dufte. Med m\u00e5lene 39x39x86 mm udstr\u00e5ler dens spr\u00f8de firkantede form og h\u00f8jglans sorte l\u00e5g raffineret luksus, ideel til m\u00e6rker, der s\u00f8ger vintage duftflasker med en moderne kant.<\/p>\n<h3>Vigtigste specifikationer: Vintage-inspirerede brune cologneflasker<\/h3>\n<div class=\"hyc-common-markdown__table-wrapper\">\n<table>\n<thead>\n<tr>\n<th>Parameter<\/th>\n<th>Detalje<\/th>\n<\/tr>\n<\/thead>\n<tbody>\n<tr>\n<td>Model<\/td>\n<td>PB-BM02<\/td>\n<\/tr>\n<tr>\n<td>Kapacitet<\/td>\n<td>50 ml<\/td>\n<\/tr>\n<tr>\n<td>Dimensioner<\/td>\n<td>39 mm x 39 mm x 86 mm<\/td>\n<\/tr>\n<tr>\n<td>Glasfarve<\/td>\n<td>Gennemsigtig sortbrun gradient<\/td>\n<\/tr>\n<tr>\n<td>H\u00e6ttefarve<\/td>\n<td>Poleret sort<\/td>\n<\/tr>\n<tr>\n<td>Materiale<\/td>\n<td>Krystalglas af h\u00f8j kvalitet<\/td>\n<\/tr>\n<tr>\n<td>Lukningstype<\/td>\n<td>Spr\u00f8jtetop<\/td>\n<\/tr>\n<tr>\n<td>Brugerdefinerede indstillinger<\/td>\n<td>Gravering, frosting, pr\u00e6gede etiketter<\/td>\n<\/tr>\n<\/tbody>\n<\/table>\n<\/div>\n<h2>Hvorfor v\u00e6lge os? Skaber arv gennem tilpasning<\/h2>\n<p>Som en betroet producent af parfumeflasker specialiserer vi os i vintage duftflasker og brune cologne-flasker til m\u00e6nd, der blander arv med innovation. Vores fabrik tilbyder engros tomme parfumeflasker med komplette l\u00f8sninger - brugerdefinerede former, farver og finishmuligheder til store ordrer.<\/p>\n<h2>Handl nu for at skabe ikonisk emballage:<\/h2>\n<ol>\n<li>Anmod om en gratis pr\u00f8ve af vores brune parfumeflaske<\/li>\n<li>Udforsk graveret eller frostet tilpasning<\/li>\n<li>K\u00f8b store m\u00e6ngder med hurtig levering<\/li>\n<\/ol>\n<p>Forvandl din duft til et tidl\u00f8st mesterv\u00e6rk med vores brune cologneflasker. Kontakt os i dag for at lave en brun cologneflaske til m\u00e6nd, der afspejler dit brands arv!<\/p>","protected":false},"excerpt":{"rendered":"<p>Premium brune cologneflasker til parfumer, \u00e6teriske olier og luksusdufte. Som producent tilbyder vi engrospriser og brugerdefineret etikettering til m\u00e6rker.<\/p>","protected":false},"featured_media":2741,"comment_status":"open","ping_status":"closed","template":"","meta":{"_acf_changed":false,"site-sidebar-layout":"default","site-content-layout":"","ast-site-content-layout":"default","site-content-style":"default","site-sidebar-style":"default","ast-global-header-display":"","ast-banner-title-visibility":"","ast-main-header-display":"","ast-hfb-above-header-display":"","ast-hfb-below-header-display":"","ast-hfb-mobile-header-display":"","site-post-title":"","ast-breadcrumbs-content":"","ast-featured-img":"","footer-sml-layout":"","ast-disable-related-posts":"","theme-transparent-header-meta":"default","adv-header-id-meta":"","stick-header-meta":"","header-above-stick-meta":"","header-main-stick-meta":"","header-below-stick-meta":"","astra-migrate-meta-layouts":"set","ast-page-background-enabled":"default","ast-page-background-meta":{"desktop":{"background-color":"var(--ast-global-color-5)","background-image":"","background-repeat":"repeat","background-position":"center center","background-size":"auto","background-attachment":"scroll","background-type":"","background-media":"","overlay-type":"","overlay-color":"","overlay-opacity":"","overlay-gradient":""},"tablet":{"background-color":"","background-image":"","background-repeat":"repeat","background-position":"center center","background-size":"auto","background-attachment":"scroll","background-type":"","background-media":"","overlay-type":"","overlay-color":"","overlay-opacity":"","overlay-gradient":""},"mobile":{"background-color":"","background-image":"","background-repeat":"repeat","background-position":"center center","background-size":"auto","background-attachment":"scroll","background-type":"","background-media":"","overlay-type":"","overlay-color":"","overlay-opacity":"","overlay-gradient":""}},"ast-content-background-meta":{"desktop":{"background-color":"var(--ast-global-color-4)","background-image":"","background-repeat":"repeat","background-position":"center center","background-size":"auto","background-attachment":"scroll","background-type":"","background-media":"","overlay-type":"","overlay-color":"","overlay-opacity":"","overlay-gradient":""},"tablet":{"background-color":"var(--ast-global-color-4)","background-image":"","background-repeat":"repeat","background-position":"center center","background-size":"auto","background-attachment":"scroll","background-type":"","background-media":"","overlay-type":"","overlay-color":"","overlay-opacity":"","overlay-gradient":""},"mobile":{"background-color":"var(--ast-global-color-4)","background-image":"","background-repeat":"repeat","background-position":"center center","background-size":"auto","background-attachment":"scroll","background-type":"","background-media":"","overlay-type":"","overlay-color":"","overlay-opacity":"","overlay-gradient":""}}},"product_brand":[],"product_cat":[72,79,41],"product_tag":[],"class_list":{"0":"post-2738","1":"product","2":"type-product","3":"status-publish","4":"has-post-thumbnail","6":"product_cat-cosmetic-packaging","7":"product_cat-black-perfume-bottles","8":"product_cat-perfume-bottles","9":"desktop-align-left","10":"tablet-align-left","11":"mobile-align-left","13":"first","14":"instock","15":"shipping-taxable","16":"product-type-simple"},"acf":[],"jetpack_sharing_enabled":true,"_links":{"self":[{"href":"https:\/\/theperfumebottles.com\/da\/wp-json\/wp\/v2\/product\/2738","targetHints":{"allow":["GET"]}}],"collection":[{"href":"https:\/\/theperfumebottles.com\/da\/wp-json\/wp\/v2\/product"}],"about":[{"href":"https:\/\/theperfumebottles.com\/da\/wp-json\/wp\/v2\/types\/product"}],"replies":[{"embeddable":true,"href":"https:\/\/theperfumebottles.com\/da\/wp-json\/wp\/v2\/comments?post=2738"}],"wp:featuredmedia":[{"embeddable":true,"href":"https:\/\/theperfumebottles.com\/da\/wp-json\/wp\/v2\/media\/2741"}],"wp:attachment":[{"href":"https:\/\/theperfumebottles.com\/da\/wp-json\/wp\/v2\/media?parent=2738"}],"wp:term":[{"taxonomy":"product_brand","embeddable":true,"href":"https:\/\/theperfumebottles.com\/da\/wp-json\/wp\/v2\/product_brand?post=2738"},{"taxonomy":"product_cat","embeddable":true,"href":"https:\/\/theperfumebottles.com\/da\/wp-json\/wp\/v2\/product_cat?post=2738"},{"taxonomy":"product_tag","embeddable":true,"href":"https:\/\/theperfumebottles.com\/da\/wp-json\/wp\/v2\/product_tag?post=2738"}],"curies":[{"name":"wp","href":"https:\/\/api.w.org\/{rel}","templated":true}]}}