{"id":2743,"date":"2025-03-18T07:06:07","date_gmt":"2025-03-18T07:06:07","guid":{"rendered":"https:\/\/theperfumebottles.com\/?post_type=product&#038;p=2743"},"modified":"2025-03-18T07:30:54","modified_gmt":"2025-03-18T07:30:54","slug":"mens-cologne-black-square-bottle","status":"publish","type":"product","link":"https:\/\/theperfumebottles.com\/da\/vare\/mens-cologne-black-square-bottle\/","title":{"rendered":"30ml 50ml 100ml herre parfume sort firkantet flaske"},"content":{"rendered":"<p>Oplev den sorte, firkantede parfumeflaske til m\u00e6nd, der er designet til m\u00e6rker, der s\u00f8ger de bedste parfumeflasker til at l\u00f8fte deres duftlinjer. Vores engrosudvalg af sorte parfumeflasker er fremstillet med pr\u00e6cision og kombinerer moderne minimalisme med tidl\u00f8s raffinement, perfekt til luksusparfumer og nichekollektioner.<\/p>\n<h2>Et overblik over produktspecifikationerne<\/h2>\n<div class=\"hyc-common-markdown__table-wrapper\">\n<table>\n<thead>\n<tr>\n<th>Model<\/th>\n<th>Kapacitet<\/th>\n<th>Dimensioner (mm)<\/th>\n<th>Glasfarve<\/th>\n<th>H\u00e6ttefarve<\/th>\n<th>Materiale<\/th>\n<\/tr>\n<\/thead>\n<tbody>\n<tr>\n<td>PB-BM0401<\/td>\n<td>30 ml<\/td>\n<td>42\u00d729\u00d777<\/td>\n<td>Mat sort<\/td>\n<td>Poleret<\/td>\n<td>Krystalglas<\/td>\n<\/tr>\n<tr>\n<td>PB-BM0402<\/td>\n<td>50 ml<\/td>\n<td>51\u00d728\u00d792<\/td>\n<td>Mat sort<\/td>\n<td>Poleret<\/td>\n<td>Krystalglas<\/td>\n<\/tr>\n<tr>\n<td>PB-BM0403<\/td>\n<td>100ml<\/td>\n<td>53\u00d735\u00d7116<\/td>\n<td>Mat sort<\/td>\n<td>Poleret<\/td>\n<td>Krystalglas<\/td>\n<\/tr>\n<\/tbody>\n<\/table>\n<\/div>\n<h2>Skr\u00e6ddersyede l\u00f8sninger til brandsucces<\/h2>\n<p>Forvandl disse tomme parfumebeholdere til mesterv\u00e6rker med branding. V\u00e6lg indgraverede logoer, brugerdefinerede farver eller eksklusive finishmuligheder (f.eks. antikke eller gennemskinnelige effekter). Vi er ideelle til engrospartnere og tilbyder konkurrencedygtige priser p\u00e5 bulkordrer med fleksible MOQ'er.<\/p>\n<h3>Alsidige anvendelsesmuligheder p\u00e5 tv\u00e6rs af duftlinjer<\/h3>\n<p>Uanset om du laver herreparfume, kvindeparfume eller unisex-dufte, passer denne firkantede glasparfumeflaske til enhver duftkategori. Dens elegante design passer til:<\/p>\n<ul>\n<li>Luksus niche parfume m\u00e6rker<\/li>\n<li>Kollektioner i begr\u00e6nset oplag<\/li>\n<li>Personlige gaves\u00e6t<\/li>\n<li>F\u00f8rsteklasses displays til detailhandlen<\/li>\n<\/ul>\n<h2>Hvorfor v\u00e6lge vores sorte, firkantede cologne-flasker?<\/h2>\n<p>Som en p\u00e5lidelig producent af parfumeemballage leverer vi komplette l\u00f8sninger fra design til levering. Vores sorte parfumeflasker er konstrueret til at:<\/p>\n<ol>\n<li>For\u00f8g den opfattede v\u00e6rdi med luksus\u00e6stetik.<\/li>\n<li>Beskyt duftene med UV-bestandigt glas.<\/li>\n<li>Str\u00f8mlin branding med brugerdefineret gravering og tilbeh\u00f8r.<\/li>\n<\/ol>\n<h2>L\u00f8ft dit brand med tidl\u00f8s elegance<\/h2>\n<p>Skil dig ud p\u00e5 det konkurrencepr\u00e6gede duftmarked med vores sorte, firkantede parfumeflaske til m\u00e6nd - en af de bedste parfumeflasker p\u00e5 markedet. Dette design er optimeret til engrospartnerskaber med sorte parfumeflasker og kombinerer funktionalitet med f\u00f8rsteklasses appel. Kontakt vores team i dag for at diskutere specialbestillinger eller rabatter p\u00e5 stork\u00f8b!<\/p>\n<p>Er du klar til at skabe en mindev\u00e6rdig duftoplevelse? Bed om et tilbud nu p\u00e5 sorte parfumeflasker engros, og f\u00e5 adgang til eksklusive brandingmuligheder!<\/p>","protected":false},"excerpt":{"rendered":"<p>Opdag den herreparfume sort kvadratisk flaske designet til brands der s\u00f8ger de bedste parfumeflasker til at forbedre deres duftlinjer. Skabt [...]<\/p>","protected":false},"featured_media":2752,"comment_status":"open","ping_status":"closed","template":"","meta":{"_acf_changed":false,"site-sidebar-layout":"default","site-content-layout":"","ast-site-content-layout":"default","site-content-style":"default","site-sidebar-style":"default","ast-global-header-display":"","ast-banner-title-visibility":"","ast-main-header-display":"","ast-hfb-above-header-display":"","ast-hfb-below-header-display":"","ast-hfb-mobile-header-display":"","site-post-title":"","ast-breadcrumbs-content":"","ast-featured-img":"","footer-sml-layout":"","ast-disable-related-posts":"","theme-transparent-header-meta":"default","adv-header-id-meta":"","stick-header-meta":"","header-above-stick-meta":"","header-main-stick-meta":"","header-below-stick-meta":"","astra-migrate-meta-layouts":"set","ast-page-background-enabled":"default","ast-page-background-meta":{"desktop":{"background-color":"var(--ast-global-color-5)","background-image":"","background-repeat":"repeat","background-position":"center center","background-size":"auto","background-attachment":"scroll","background-type":"","background-media":"","overlay-type":"","overlay-color":"","overlay-opacity":"","overlay-gradient":""},"tablet":{"background-color":"","background-image":"","background-repeat":"repeat","background-position":"center center","background-size":"auto","background-attachment":"scroll","background-type":"","background-media":"","overlay-type":"","overlay-color":"","overlay-opacity":"","overlay-gradient":""},"mobile":{"background-color":"","background-image":"","background-repeat":"repeat","background-position":"center center","background-size":"auto","background-attachment":"scroll","background-type":"","background-media":"","overlay-type":"","overlay-color":"","overlay-opacity":"","overlay-gradient":""}},"ast-content-background-meta":{"desktop":{"background-color":"var(--ast-global-color-4)","background-image":"","background-repeat":"repeat","background-position":"center center","background-size":"auto","background-attachment":"scroll","background-type":"","background-media":"","overlay-type":"","overlay-color":"","overlay-opacity":"","overlay-gradient":""},"tablet":{"background-color":"var(--ast-global-color-4)","background-image":"","background-repeat":"repeat","background-position":"center center","background-size":"auto","background-attachment":"scroll","background-type":"","background-media":"","overlay-type":"","overlay-color":"","overlay-opacity":"","overlay-gradient":""},"mobile":{"background-color":"var(--ast-global-color-4)","background-image":"","background-repeat":"repeat","background-position":"center center","background-size":"auto","background-attachment":"scroll","background-type":"","background-media":"","overlay-type":"","overlay-color":"","overlay-opacity":"","overlay-gradient":""}}},"product_brand":[],"product_cat":[79,72,41],"product_tag":[],"class_list":{"0":"post-2743","1":"product","2":"type-product","3":"status-publish","4":"has-post-thumbnail","6":"product_cat-black-perfume-bottles","7":"product_cat-cosmetic-packaging","8":"product_cat-perfume-bottles","9":"desktop-align-left","10":"tablet-align-left","11":"mobile-align-left","13":"first","14":"instock","15":"shipping-taxable","16":"product-type-simple"},"acf":[],"jetpack_sharing_enabled":true,"_links":{"self":[{"href":"https:\/\/theperfumebottles.com\/da\/wp-json\/wp\/v2\/product\/2743","targetHints":{"allow":["GET"]}}],"collection":[{"href":"https:\/\/theperfumebottles.com\/da\/wp-json\/wp\/v2\/product"}],"about":[{"href":"https:\/\/theperfumebottles.com\/da\/wp-json\/wp\/v2\/types\/product"}],"replies":[{"embeddable":true,"href":"https:\/\/theperfumebottles.com\/da\/wp-json\/wp\/v2\/comments?post=2743"}],"wp:featuredmedia":[{"embeddable":true,"href":"https:\/\/theperfumebottles.com\/da\/wp-json\/wp\/v2\/media\/2752"}],"wp:attachment":[{"href":"https:\/\/theperfumebottles.com\/da\/wp-json\/wp\/v2\/media?parent=2743"}],"wp:term":[{"taxonomy":"product_brand","embeddable":true,"href":"https:\/\/theperfumebottles.com\/da\/wp-json\/wp\/v2\/product_brand?post=2743"},{"taxonomy":"product_cat","embeddable":true,"href":"https:\/\/theperfumebottles.com\/da\/wp-json\/wp\/v2\/product_cat?post=2743"},{"taxonomy":"product_tag","embeddable":true,"href":"https:\/\/theperfumebottles.com\/da\/wp-json\/wp\/v2\/product_tag?post=2743"}],"curies":[{"name":"wp","href":"https:\/\/api.w.org\/{rel}","templated":true}]}}