{"id":2787,"date":"2025-03-19T09:25:42","date_gmt":"2025-03-19T09:25:42","guid":{"rendered":"https:\/\/theperfumebottles.com\/?post_type=product&#038;p=2787"},"modified":"2025-05-30T15:39:08","modified_gmt":"2025-05-30T07:39:08","slug":"luxury-mens-cologne-black-bottles","status":"publish","type":"product","link":"https:\/\/theperfumebottles.com\/da\/vare\/luxury-mens-cologne-black-bottles\/","title":{"rendered":"30ml 50ml 100ml Luksus Herreparfume Sorte Flasker"},"content":{"rendered":"<h2>Premium sorte cologne-flasker: Tidl\u00f8s elegance til moderne brands<\/h2>\n<p>Denne matsorte glasparfumeflaske er som den frosne nat, og flaskens linjer kombineres med tidens tekstur og skaber en mystisk beholder til herreparfume. Den gennemskinnelige dybe farve g\u00f8r duften truende, ligesom det rene sorte jakkes\u00e6t i en gentlemans garderobe, der aldrig falmer, med en lav profil og en skjult kant. Uanset om det er en kold tr\u00e6tone eller en varm orientalsk duft, kan den bryde gr\u00e6nserne for k\u00f8n og finde sj\u00e6lelig resonans i dybden af matsort. Svanehalsdysen, der kan tilpasses, og det lasergraverede badge g\u00f8r hver detalje til en fodnote i brandets fort\u00e6lling - n\u00e5r de tre kapaciteter p\u00e5 30\/50\/100 ml m\u00f8der den geometrisk m\u00f8nstrede flaskeh\u00e6tte, er hver flaske p\u00e5 hylden en tavs erkl\u00e6ring om kvalitet, der g\u00f8r det muligt for brandet at skille sig ud p\u00e5 det st\u00f8jende marked.<\/p>\n<h2>Anvendelser og scenarier<\/h2>\n<p><strong>Disse sorte parfumeflasker er designet til m\u00e6rker, der henvender sig til luksus- og nichemarkeder:<\/strong><\/p>\n<ul>\n<li>\u200b<strong>K\u00f6ln til m\u00e6nd:<\/strong> Det matsorte glas og den rektangul\u00e6re form fremkalder maskulinitet og er ideel til kollektioner af sorte parfumeflasker til m\u00e6nd.<\/li>\n<li><strong>Parfume til kvinder:<\/strong> Brug guldaccenter til parfumer med sorte flasker til kvinder.<\/li>\n<li><strong>Begr\u00e6nsede udgaver:<\/strong> Brug brugerdefineret gravering til s\u00e6sonbestemte eller eksklusive udgivelser.<\/li>\n<li>\u200b<strong>Gaver til virksomheder:<\/strong> Massebestillinger med parfumebeholdere med m\u00e6rkevarer l\u00f8fter B2B-gaver.<\/li>\n<\/ul>\n<h2>Tekniske specifikationer<\/h2>\n<div class=\"hyc-common-markdown__table-wrapper\">\n<table>\n<thead>\n<tr>\n<th>\u200b<strong>Model<\/strong><\/th>\n<th>Kapacitet<\/th>\n<th>Dimensioner (mm)<\/th>\n<th>Glasfarve<\/th>\n<th>Kasket-stil<\/th>\n<th>Materiale<\/th>\n<\/tr>\n<\/thead>\n<tbody>\n<tr>\n<td>PB-BM0601<\/td>\n<td>30 ml<\/td>\n<td>42x29x76<\/td>\n<td>Mat sort<\/td>\n<td>Poleret sort<\/td>\n<td>Krystalglas<\/td>\n<\/tr>\n<tr>\n<td>PB-BM0602<\/td>\n<td>50 ml<\/td>\n<td>51x28x91<\/td>\n<td>Mat sort<\/td>\n<td>Poleret sort<\/td>\n<td>Krystalglas<\/td>\n<\/tr>\n<tr>\n<td>PB-BM0603<\/td>\n<td>100ml<\/td>\n<td>53x36x116<\/td>\n<td>Mat sort<\/td>\n<td>Poleret sort<\/td>\n<td>Krystalglas<\/td>\n<\/tr>\n<\/tbody>\n<\/table>\n<\/div>\n<h2>Tilpasning og engrosl\u00f8sninger<\/h2>\n<p>Vi specialiserer os i<strong>komplette l\u00f8sninger<\/strong>\u00a0for m\u00e6rker:<\/p>\n<ul>\n<li>\u200b<strong>Bestil gratis pr\u00f8ver<\/strong>: Fleksible bulkordrer fra 500 enheder.<\/li>\n<li>\u200b<strong>Branding<\/strong>: V\u00e6lg tryk, gravering eller pr\u00e6gede logoer.<\/li>\n<li>\u200b<strong>Lukninger<\/strong>: Guld\/s\u00f8lv-kapsler, magnetiske l\u00e5g eller brugerdefinerede lukninger.<\/li>\n<li>\u200b<strong>Emballage<\/strong>: Kombiner med luksus\u00e6sker eller milj\u00f8venlige sleeves.<\/li>\n<\/ul>\n<h2>L\u00f8ft dit duftbrand med sorte flasker<\/h2>\n<p>Fra sorte parfumeflasker til m\u00e6nd til sorte parfumeflasker til kvinder, vores design blander elegant \u00e6stetik og praktisk anvendelighed. Med lave MOQ'er, tilpasset emballage og holdbare glasparfumeflasker giver vi brands mulighed for at skabe unikke, f\u00f8rsteklasses dufte, der f\u00e6ngsler forbrugerne.<br \/>\nKontakt os i dag for at diskutere engrospriser og skr\u00e6ddersyede l\u00f8sninger til parfumesprayflasker!<\/p>","protected":false},"excerpt":{"rendered":"<p>For brands, der laver sorte cologne-flasker til m\u00e6nd eller kollektioner af sorte parfumeflasker, omdefinerer vores matsorte glasdesign sofistikerethed.<\/p>","protected":false},"featured_media":2792,"comment_status":"open","ping_status":"closed","template":"","meta":{"_acf_changed":false,"site-sidebar-layout":"default","site-content-layout":"","ast-site-content-layout":"default","site-content-style":"default","site-sidebar-style":"default","ast-global-header-display":"","ast-banner-title-visibility":"","ast-main-header-display":"","ast-hfb-above-header-display":"","ast-hfb-below-header-display":"","ast-hfb-mobile-header-display":"","site-post-title":"","ast-breadcrumbs-content":"","ast-featured-img":"","footer-sml-layout":"","ast-disable-related-posts":"","theme-transparent-header-meta":"default","adv-header-id-meta":"","stick-header-meta":"","header-above-stick-meta":"","header-main-stick-meta":"","header-below-stick-meta":"","astra-migrate-meta-layouts":"set","ast-page-background-enabled":"default","ast-page-background-meta":{"desktop":{"background-color":"var(--ast-global-color-5)","background-image":"","background-repeat":"repeat","background-position":"center center","background-size":"auto","background-attachment":"scroll","background-type":"","background-media":"","overlay-type":"","overlay-color":"","overlay-opacity":"","overlay-gradient":""},"tablet":{"background-color":"","background-image":"","background-repeat":"repeat","background-position":"center center","background-size":"auto","background-attachment":"scroll","background-type":"","background-media":"","overlay-type":"","overlay-color":"","overlay-opacity":"","overlay-gradient":""},"mobile":{"background-color":"","background-image":"","background-repeat":"repeat","background-position":"center center","background-size":"auto","background-attachment":"scroll","background-type":"","background-media":"","overlay-type":"","overlay-color":"","overlay-opacity":"","overlay-gradient":""}},"ast-content-background-meta":{"desktop":{"background-color":"var(--ast-global-color-4)","background-image":"","background-repeat":"repeat","background-position":"center center","background-size":"auto","background-attachment":"scroll","background-type":"","background-media":"","overlay-type":"","overlay-color":"","overlay-opacity":"","overlay-gradient":""},"tablet":{"background-color":"var(--ast-global-color-4)","background-image":"","background-repeat":"repeat","background-position":"center center","background-size":"auto","background-attachment":"scroll","background-type":"","background-media":"","overlay-type":"","overlay-color":"","overlay-opacity":"","overlay-gradient":""},"mobile":{"background-color":"var(--ast-global-color-4)","background-image":"","background-repeat":"repeat","background-position":"center center","background-size":"auto","background-attachment":"scroll","background-type":"","background-media":"","overlay-type":"","overlay-color":"","overlay-opacity":"","overlay-gradient":""}}},"product_brand":[],"product_cat":[79,72,91,41],"product_tag":[],"class_list":{"0":"post-2787","1":"product","2":"type-product","3":"status-publish","4":"has-post-thumbnail","6":"product_cat-black-perfume-bottles","7":"product_cat-cosmetic-packaging","8":"product_cat-custom-perfume-bottles","9":"product_cat-perfume-bottles","10":"desktop-align-left","11":"tablet-align-left","12":"mobile-align-left","14":"first","15":"instock","16":"shipping-taxable","17":"product-type-simple"},"acf":[],"jetpack_sharing_enabled":true,"_links":{"self":[{"href":"https:\/\/theperfumebottles.com\/da\/wp-json\/wp\/v2\/product\/2787","targetHints":{"allow":["GET"]}}],"collection":[{"href":"https:\/\/theperfumebottles.com\/da\/wp-json\/wp\/v2\/product"}],"about":[{"href":"https:\/\/theperfumebottles.com\/da\/wp-json\/wp\/v2\/types\/product"}],"replies":[{"embeddable":true,"href":"https:\/\/theperfumebottles.com\/da\/wp-json\/wp\/v2\/comments?post=2787"}],"wp:featuredmedia":[{"embeddable":true,"href":"https:\/\/theperfumebottles.com\/da\/wp-json\/wp\/v2\/media\/2792"}],"wp:attachment":[{"href":"https:\/\/theperfumebottles.com\/da\/wp-json\/wp\/v2\/media?parent=2787"}],"wp:term":[{"taxonomy":"product_brand","embeddable":true,"href":"https:\/\/theperfumebottles.com\/da\/wp-json\/wp\/v2\/product_brand?post=2787"},{"taxonomy":"product_cat","embeddable":true,"href":"https:\/\/theperfumebottles.com\/da\/wp-json\/wp\/v2\/product_cat?post=2787"},{"taxonomy":"product_tag","embeddable":true,"href":"https:\/\/theperfumebottles.com\/da\/wp-json\/wp\/v2\/product_tag?post=2787"}],"curies":[{"name":"wp","href":"https:\/\/api.w.org\/{rel}","templated":true}]}}