{"id":2795,"date":"2025-03-20T08:59:46","date_gmt":"2025-03-20T08:59:46","guid":{"rendered":"https:\/\/theperfumebottles.com\/?post_type=product&#038;p=2795"},"modified":"2026-04-07T16:06:36","modified_gmt":"2026-04-07T08:06:36","slug":"custom-luxury-crystal-perfume-bottle-wholesale","status":"publish","type":"product","link":"https:\/\/theperfumebottles.com\/da\/vare\/custom-luxury-crystal-perfume-bottle-wholesale\/","title":{"rendered":"100ml brugerdefineret luksus krystal parfumeflaske engros"},"content":{"rendered":"<p>Krystalparfumeflasken fremviser sin kubiske struktur gennem sit design, der bruger transparent glasmateriale. L\u00e5get best\u00e5r af to adskilte dele, herunder en metalring med en blank forkromet finish, spraydysen og en separat krystall\u00e5g.<\/p>\n<h2>Specifikationer<\/h2>\n<div>\n<table class=\"aligncenter\" style=\"border-collapse: collapse; width: 300.77pt;\" border=\"0\" width=\"401\" cellspacing=\"0\" cellpadding=\"0\">\n<tbody>\n<tr style=\"height: 13.50pt;\">\n<td style=\"height: 13.50pt; width: 88.50pt;\" width=\"118\" height=\"18\">Funktion<\/td>\n<td style=\"width: 212.25pt;\" width=\"283\">Detaljer<\/td>\n<\/tr>\n<tr style=\"height: 13.50pt;\">\n<td style=\"height: 13.50pt;\" height=\"18\">Kapacitet<\/td>\n<td>100 ml (3,4 oz)<\/td>\n<\/tr>\n<tr style=\"height: 13.50pt;\">\n<td style=\"height: 13.50pt;\" height=\"18\">Materiale<\/td>\n<td>Krystalglas, akryl s\u00f8lvl\u00e5g<\/td>\n<\/tr>\n<tr style=\"height: 13.50pt;\">\n<td style=\"height: 13.50pt;\" height=\"18\">Dimensioner<\/td>\n<td>57\u00d757\u00d769 mm (kvadratisk form)<\/td>\n<\/tr>\n<tr style=\"height: 13.50pt;\">\n<td style=\"height: 13.50pt;\" height=\"18\">Tilpasning<\/td>\n<td>Gravering, frosting, UV-tryk<\/td>\n<\/tr>\n<tr style=\"height: 13.50pt;\">\n<td style=\"height: 13.50pt;\" height=\"18\">Bestil gratis pr\u00f8ver<\/td>\n<td>Konkurrencedygtige bulkpriser tilg\u00e6ngelige<\/td>\n<\/tr>\n<tr style=\"height: 13.50pt;\">\n<td style=\"height: 13.50pt;\" height=\"18\">Forsendelse<\/td>\n<td>Global logistisk support<\/td>\n<\/tr>\n<\/tbody>\n<\/table>\n<\/div>\n<h2>Succeshistorie<\/h2>\n<p>Dette franske parfumem\u00e6rke valgte en antik krystalparfumeflaske og bestilte en specialdesignet r\u00f8get gr\u00e5 glasflaske med et guldfarvet indre design. Den specialdesignede parfumeflaske opn\u00e5ede stor succes, fordi dens vintage krystaldesign appellerede st\u00e6rkt til kunderne, hvilket f\u00f8rte til en stigning p\u00e5 300% i forudbestillinger fra eksisterende kunder. De overlegne materialer og v\u00e6gten f\u00f8rte ogs\u00e5 til en prisstigning p\u00e5 120% for denne luksusparfume. M\u00e6rket fulgte op p\u00e5 succesen ved at bestille 580.000 parfumeflasker, som de ville bruge til at introducere deres kommende vintage duftkollektion.<\/p>\n<h2>Forslag til tilpasning af antik krystal parfumeflaske<\/h2>\n<ul>\n<li>Den \u00f8verste udstilling af ornamenter pr\u00e6senterer flere muligheder, herunder forskellige typer \u00e6delsten, farvede krystaller og brugerdefinerede glasdekorationer, der f\u00f8lger m\u00e6rkets eksklusive designm\u00f8nster.<\/li>\n<li>Metalfinishmulighederne til pumpsringen inkluderer fire uds\u00f8gte finish, der omfatter 24 karat forgyldning, rosaguld, sort rhodium og antik s\u00f8lv.<\/li>\n<li>Den magnetiske topornament har et krystaltopstykke, der fastg\u00f8res til overflader med en sikker og komfortabel mekanisme.<\/li>\n<\/ul>","protected":false},"excerpt":{"rendered":"<p>For brandejere og grossister, der \u00f8nsker at fange kr\u00e6sne kunders opm\u00e6rksomhed, kombinerer 3,4 oz krystalparfumeflasken tidl\u00f8s elegance med moderne funktionalitet.<\/p>","protected":false},"featured_media":2798,"comment_status":"open","ping_status":"closed","template":"","meta":{"_acf_changed":false,"site-sidebar-layout":"default","site-content-layout":"","ast-site-content-layout":"default","site-content-style":"default","site-sidebar-style":"default","ast-global-header-display":"","ast-banner-title-visibility":"","ast-main-header-display":"","ast-hfb-above-header-display":"","ast-hfb-below-header-display":"","ast-hfb-mobile-header-display":"","site-post-title":"","ast-breadcrumbs-content":"","ast-featured-img":"","footer-sml-layout":"","ast-disable-related-posts":"","theme-transparent-header-meta":"default","adv-header-id-meta":"","stick-header-meta":"","header-above-stick-meta":"","header-main-stick-meta":"","header-below-stick-meta":"","astra-migrate-meta-layouts":"set","ast-page-background-enabled":"default","ast-page-background-meta":{"desktop":{"background-color":"var(--ast-global-color-5)","background-image":"","background-repeat":"repeat","background-position":"center center","background-size":"auto","background-attachment":"scroll","background-type":"","background-media":"","overlay-type":"","overlay-color":"","overlay-opacity":"","overlay-gradient":""},"tablet":{"background-color":"","background-image":"","background-repeat":"repeat","background-position":"center center","background-size":"auto","background-attachment":"scroll","background-type":"","background-media":"","overlay-type":"","overlay-color":"","overlay-opacity":"","overlay-gradient":""},"mobile":{"background-color":"","background-image":"","background-repeat":"repeat","background-position":"center center","background-size":"auto","background-attachment":"scroll","background-type":"","background-media":"","overlay-type":"","overlay-color":"","overlay-opacity":"","overlay-gradient":""}},"ast-content-background-meta":{"desktop":{"background-color":"var(--ast-global-color-4)","background-image":"","background-repeat":"repeat","background-position":"center center","background-size":"auto","background-attachment":"scroll","background-type":"","background-media":"","overlay-type":"","overlay-color":"","overlay-opacity":"","overlay-gradient":""},"tablet":{"background-color":"var(--ast-global-color-4)","background-image":"","background-repeat":"repeat","background-position":"center center","background-size":"auto","background-attachment":"scroll","background-type":"","background-media":"","overlay-type":"","overlay-color":"","overlay-opacity":"","overlay-gradient":""},"mobile":{"background-color":"var(--ast-global-color-4)","background-image":"","background-repeat":"repeat","background-position":"center center","background-size":"auto","background-attachment":"scroll","background-type":"","background-media":"","overlay-type":"","overlay-color":"","overlay-opacity":"","overlay-gradient":""}}},"product_brand":[],"product_cat":[91,72,41],"product_tag":[],"class_list":{"0":"post-2795","1":"product","2":"type-product","3":"status-publish","4":"has-post-thumbnail","6":"product_cat-custom-perfume-bottles","7":"product_cat-cosmetic-packaging","8":"product_cat-perfume-bottles","9":"desktop-align-left","10":"tablet-align-left","11":"mobile-align-left","13":"first","14":"instock","15":"shipping-taxable","16":"product-type-simple"},"acf":[],"jetpack_sharing_enabled":true,"_links":{"self":[{"href":"https:\/\/theperfumebottles.com\/da\/wp-json\/wp\/v2\/product\/2795","targetHints":{"allow":["GET"]}}],"collection":[{"href":"https:\/\/theperfumebottles.com\/da\/wp-json\/wp\/v2\/product"}],"about":[{"href":"https:\/\/theperfumebottles.com\/da\/wp-json\/wp\/v2\/types\/product"}],"replies":[{"embeddable":true,"href":"https:\/\/theperfumebottles.com\/da\/wp-json\/wp\/v2\/comments?post=2795"}],"wp:featuredmedia":[{"embeddable":true,"href":"https:\/\/theperfumebottles.com\/da\/wp-json\/wp\/v2\/media\/2798"}],"wp:attachment":[{"href":"https:\/\/theperfumebottles.com\/da\/wp-json\/wp\/v2\/media?parent=2795"}],"wp:term":[{"taxonomy":"product_brand","embeddable":true,"href":"https:\/\/theperfumebottles.com\/da\/wp-json\/wp\/v2\/product_brand?post=2795"},{"taxonomy":"product_cat","embeddable":true,"href":"https:\/\/theperfumebottles.com\/da\/wp-json\/wp\/v2\/product_cat?post=2795"},{"taxonomy":"product_tag","embeddable":true,"href":"https:\/\/theperfumebottles.com\/da\/wp-json\/wp\/v2\/product_tag?post=2795"}],"curies":[{"name":"wp","href":"https:\/\/api.w.org\/{rel}","templated":true}]}}