{"id":2801,"date":"2025-03-21T02:08:59","date_gmt":"2025-03-21T02:08:59","guid":{"rendered":"https:\/\/theperfumebottles.com\/?post_type=product&#038;p=2801"},"modified":"2026-04-08T15:16:34","modified_gmt":"2026-04-08T07:16:34","slug":"perfume-square-bottles-for-wholesale-custom-packaging","status":"publish","type":"product","link":"https:\/\/theperfumebottles.com\/da\/vare\/perfume-square-bottles-for-wholesale-custom-packaging\/","title":{"rendered":"100 ml parfume firkantede flasker til engros- og brugerdefineret emballage"},"content":{"rendered":"<p>L\u00f8ft din duftlinje med vores firkantede parfumeflaske PB-FZ02. Denne firkantede parfumeflaske er lavet af ultraklart, tykv\u00e6gget krystalglas. Den polerede sorte firkantede h\u00e6tte fremh\u00e6ver den klassiske rektangul\u00e6re prismeform ved at fremh\u00e6ve en diskret elegant kvalitet.<\/p>\n<h2>Minimitilaus<\/h2>\n<div>\n<table class=\"aligncenter\" style=\"border-collapse: collapse; width: 318.77pt;\" border=\"0\" width=\"425\" cellspacing=\"0\" cellpadding=\"0\">\n<tbody>\n<tr style=\"height: 13.50pt;\">\n<td style=\"height: 13.50pt; width: 124.50pt;\" width=\"166\" height=\"18\">Funktion<\/td>\n<td style=\"width: 194.25pt;\" width=\"259\">Detalje<\/td>\n<\/tr>\n<tr style=\"height: 13.50pt;\">\n<td style=\"height: 13.50pt;\" height=\"18\">Model<\/td>\n<td>Irto-\/tukkumyyntiyst\u00e4v\u00e4llinen<\/td>\n<\/tr>\n<tr style=\"height: 13.50pt;\">\n<td style=\"height: 13.50pt;\" height=\"18\">Materiale<\/td>\n<td>Krystalglas<\/td>\n<\/tr>\n<tr style=\"height: 13.50pt;\">\n<td style=\"height: 13.50pt;\" height=\"18\">Kapacitet<\/td>\n<td>100 ml (3,4 oz)<\/td>\n<\/tr>\n<tr style=\"height: 13.50pt;\">\n<td style=\"height: 13.50pt;\" height=\"18\">Dimensioner<\/td>\n<td>52 \u00d7 52 \u00d7 103 mm<\/td>\n<\/tr>\n<tr style=\"height: 13.50pt;\">\n<td style=\"height: 13.50pt;\" height=\"18\">Kasket<\/td>\n<td>Mat sort firkantet l\u00e5g<\/td>\n<\/tr>\n<tr style=\"height: 13.50pt;\">\n<td style=\"height: 13.50pt;\" height=\"18\">Farvemuligheder<\/td>\n<td>Klar (tilpassede farver)<\/td>\n<\/tr>\n<tr style=\"height: 13.50pt;\">\n<td style=\"height: 13.50pt;\" height=\"18\">Tilpasning<\/td>\n<td>Logo, gravering, finishmuligheder<\/td>\n<\/tr>\n<tr style=\"height: 13.50pt;\">\n<td style=\"height: 13.50pt;\" height=\"18\">Pr\u00f8vetilg\u00e6ngelighed<\/td>\n<td>Forudsat<\/td>\n<\/tr>\n<tr style=\"height: 13.50pt;\">\n<td style=\"height: 13.50pt;\" height=\"18\">100 ml:n suihkepullot tukkumyynniss\u00e4<\/td>\n<td>Bulk-\/engrosvenlig<\/td>\n<\/tr>\n<\/tbody>\n<\/table>\n<\/div>\n<h2>Succeshistorie: Et minimalistisk m\u00e6rke fra New Yorks ikoniske produktlinje<\/h2>\n<p>Det minimalistiske parfumem\u00e6rke fra New York valgte vores firkantede, brugerdefinerede parfumeemballage, som inkluderer en brugerdefineret matfrosteret flaske og et hvidt serigrafitrykt logo. Designet opn\u00e5ede et rent, minimalistisk udseende, hvilket resulterede i en 50% stigning i brandgenkendelse under blindtestning. M\u00e6rket etablerede deres signaturstil gennem minimalistisk design, hvilket gjorde det muligt for dem at opn\u00e5 en stigning p\u00e5 300% i interaktioner p\u00e5 sociale medier. M\u00e6rket opn\u00e5ede stor succes og afgav efterf\u00f8lgende en yderligere ordre p\u00e5 550.000 flasker parfume for at lancere en ny serie af hjemmedufte og duftlys.<\/p>\n<h2>100ml sprayflasker Engros tilpasningsforslag<\/h2>\n<ul>\n<li>Premium-spr\u00f8jtemekanismen pr\u00e6senterer flere spr\u00f8jtepumper af h\u00f8j kvalitet, der har forskellige dysedesigns, herunder flade og konvekse muligheder, samtidig med at de producerer forskellige niveauer af spr\u00f8jteydelse.<\/li>\n<li>Det rektangul\u00e6re flaskedesign giver brugerne mulighed for at skabe forskellige st\u00f8rrelsesmuligheder, herunder flaskest\u00f8rrelser p\u00e5 30 ml, 50 ml og 200 ml.<\/li>\n<li>De s\u00e6rlige overfladebehandlinger giver brugerne mulighed for at v\u00e6lge mellem h\u00e5ndp\u00e5f\u00f8rt bladguldsdekoration og en s\u00e6rlig bel\u00e6gning.<\/li>\n<\/ul>","protected":false},"excerpt":{"rendered":"<p>Premium 100 ml firkantede glasparfumeflasker til engros- og specialemballage. Holdbare, brugerdefinerbare og ideelle til luksuri\u00f8se parfumem\u00e6rker.<\/p>","protected":false},"featured_media":2803,"comment_status":"open","ping_status":"closed","template":"","meta":{"_acf_changed":false,"site-sidebar-layout":"default","site-content-layout":"","ast-site-content-layout":"default","site-content-style":"default","site-sidebar-style":"default","ast-global-header-display":"","ast-banner-title-visibility":"","ast-main-header-display":"","ast-hfb-above-header-display":"","ast-hfb-below-header-display":"","ast-hfb-mobile-header-display":"","site-post-title":"","ast-breadcrumbs-content":"","ast-featured-img":"","footer-sml-layout":"","ast-disable-related-posts":"","theme-transparent-header-meta":"default","adv-header-id-meta":"","stick-header-meta":"","header-above-stick-meta":"","header-main-stick-meta":"","header-below-stick-meta":"","astra-migrate-meta-layouts":"set","ast-page-background-enabled":"default","ast-page-background-meta":{"desktop":{"background-color":"var(--ast-global-color-5)","background-image":"","background-repeat":"repeat","background-position":"center center","background-size":"auto","background-attachment":"scroll","background-type":"","background-media":"","overlay-type":"","overlay-color":"","overlay-opacity":"","overlay-gradient":""},"tablet":{"background-color":"","background-image":"","background-repeat":"repeat","background-position":"center center","background-size":"auto","background-attachment":"scroll","background-type":"","background-media":"","overlay-type":"","overlay-color":"","overlay-opacity":"","overlay-gradient":""},"mobile":{"background-color":"","background-image":"","background-repeat":"repeat","background-position":"center center","background-size":"auto","background-attachment":"scroll","background-type":"","background-media":"","overlay-type":"","overlay-color":"","overlay-opacity":"","overlay-gradient":""}},"ast-content-background-meta":{"desktop":{"background-color":"var(--ast-global-color-4)","background-image":"","background-repeat":"repeat","background-position":"center center","background-size":"auto","background-attachment":"scroll","background-type":"","background-media":"","overlay-type":"","overlay-color":"","overlay-opacity":"","overlay-gradient":""},"tablet":{"background-color":"var(--ast-global-color-4)","background-image":"","background-repeat":"repeat","background-position":"center center","background-size":"auto","background-attachment":"scroll","background-type":"","background-media":"","overlay-type":"","overlay-color":"","overlay-opacity":"","overlay-gradient":""},"mobile":{"background-color":"var(--ast-global-color-4)","background-image":"","background-repeat":"repeat","background-position":"center center","background-size":"auto","background-attachment":"scroll","background-type":"","background-media":"","overlay-type":"","overlay-color":"","overlay-opacity":"","overlay-gradient":""}}},"product_brand":[],"product_cat":[91,72,41],"product_tag":[],"class_list":{"0":"post-2801","1":"product","2":"type-product","3":"status-publish","4":"has-post-thumbnail","6":"product_cat-custom-perfume-bottles","7":"product_cat-cosmetic-packaging","8":"product_cat-perfume-bottles","9":"desktop-align-left","10":"tablet-align-left","11":"mobile-align-left","13":"first","14":"instock","15":"shipping-taxable","16":"product-type-simple"},"acf":[],"jetpack_sharing_enabled":true,"_links":{"self":[{"href":"https:\/\/theperfumebottles.com\/da\/wp-json\/wp\/v2\/product\/2801","targetHints":{"allow":["GET"]}}],"collection":[{"href":"https:\/\/theperfumebottles.com\/da\/wp-json\/wp\/v2\/product"}],"about":[{"href":"https:\/\/theperfumebottles.com\/da\/wp-json\/wp\/v2\/types\/product"}],"replies":[{"embeddable":true,"href":"https:\/\/theperfumebottles.com\/da\/wp-json\/wp\/v2\/comments?post=2801"}],"wp:featuredmedia":[{"embeddable":true,"href":"https:\/\/theperfumebottles.com\/da\/wp-json\/wp\/v2\/media\/2803"}],"wp:attachment":[{"href":"https:\/\/theperfumebottles.com\/da\/wp-json\/wp\/v2\/media?parent=2801"}],"wp:term":[{"taxonomy":"product_brand","embeddable":true,"href":"https:\/\/theperfumebottles.com\/da\/wp-json\/wp\/v2\/product_brand?post=2801"},{"taxonomy":"product_cat","embeddable":true,"href":"https:\/\/theperfumebottles.com\/da\/wp-json\/wp\/v2\/product_cat?post=2801"},{"taxonomy":"product_tag","embeddable":true,"href":"https:\/\/theperfumebottles.com\/da\/wp-json\/wp\/v2\/product_tag?post=2801"}],"curies":[{"name":"wp","href":"https:\/\/api.w.org\/{rel}","templated":true}]}}