{"id":2806,"date":"2025-03-21T03:55:26","date_gmt":"2025-03-21T03:55:26","guid":{"rendered":"https:\/\/theperfumebottles.com\/?post_type=product&#038;p=2806"},"modified":"2025-05-29T10:24:39","modified_gmt":"2025-05-29T02:24:39","slug":"small-perfume-spray-bottle-30ml-50ml-perfume-oil-bottles","status":"publish","type":"product","link":"https:\/\/theperfumebottles.com\/da\/vare\/small-perfume-spray-bottle-30ml-50ml-perfume-oil-bottles\/","title":{"rendered":"30ml 50ml sm\u00e5 parfumesprayflasker med tr\u00e6l\u00e5g"},"content":{"rendered":"<p>Introducerer vores lille parfume sprayflaske serie, tilg\u00e6ngelig i 30ml parfume flaske og 50ml parfumeolie flaske st\u00f8rrelser. Denne krystalglasflaske er designet til high-end brands og milj\u00f8venlige. Den kombinerer en h\u00e5ndlavet tr\u00e6kroner med et moderne kvadratisk flaske design, som er naturligt, milj\u00f8venligt og eksklusivt. Den naturlige tr\u00e6kroner underst\u00f8tter tilpassede brandlogos, og 30ml\/50ml kapaciteten er fleksibel til at tilpasse rejsest\u00f8rrelser, nicheparfumer eller bulkwholesale behov.<\/p>\n<h2>N\u00f8glespecifikationer<\/h2>\n<div class=\"hyc-common-markdown__table-wrapper\">\n<table>\n<thead>\n<tr>\n<th>Funktion<\/th>\n<th>PB-FZ0401<\/th>\n<th>PB-FZ0402<\/th>\n<\/tr>\n<\/thead>\n<tbody>\n<tr>\n<td>Materiale<\/td>\n<td>Krystalglas<\/td>\n<td>Krystalglas<\/td>\n<\/tr>\n<tr>\n<td>Kapacitet<\/td>\n<td>30 ml<\/td>\n<td>50 ml<\/td>\n<\/tr>\n<tr>\n<td>Dimensioner<\/td>\n<td>36 x 36 x 66 mm<\/td>\n<td>42 x 42 x 77 mm<\/td>\n<\/tr>\n<tr>\n<td>Kasket<\/td>\n<td>Naturligt tr\u00e6l\u00e5g<\/td>\n<td>Naturligt tr\u00e6l\u00e5g<\/td>\n<\/tr>\n<tr>\n<td>Farvemuligheder<\/td>\n<td>Klar (kan tilpasses)<\/td>\n<td>Klar (kan tilpasses)<\/td>\n<\/tr>\n<tr>\n<td>Tilpasning<\/td>\n<td>Logo, indgravering, finish<\/td>\n<td>Logo, indgravering, finish<\/td>\n<\/tr>\n<tr>\n<td>Pr\u00f8vetilg\u00e6ngelighed<\/td>\n<td>Forudsat<\/td>\n<td>Forudsat<\/td>\n<\/tr>\n<\/tbody>\n<\/table>\n<\/div>\n<h2>Hvorfor v\u00e6lge disse parfumeflasker af glas?<\/h2>\n<p>Disse er lavet til at v\u00e6re alsidige.<strong>sm\u00e5 parfumeflasker<\/strong>\u00a0er ideelle til nichem\u00e6rker, private labels eller engros-partnere. Den tykke glaskonstruktion sikrer holdbarhed, mens den firkantede form og tr\u00e6h\u00e6tterne skaber en markant tilstedev\u00e6relse p\u00e5 hylden. F\u00e5s i f\u00f8lgende farver<strong>30 ml<\/strong>\u00a0og<strong>50 ml<\/strong>\u00a0st\u00f8rrelser, er de optimeret til olier, cologne eller koncentrerede dufte.<\/p>\n<h2>Perfekt til special- og engrosbehov<\/h2>\n<p>Uanset om du har brug for tomme 30ml parfume flasker til begr\u00e6nsede udgivelser eller 50ml parfumeolie flasker til bulkbestillinger, tilbyder denne serie fleksible l\u00f8sninger. Hurtig levering, ODM\/OEM-st\u00f8tte og lave minimale bestillingst\u00e6ller g\u00f8r det nemt at skalere dit brand. Forbedr din parfumeforpakning med vores b\u00e6redygtige, b\u00e6relege parfume sprayflaske designs. Anmod om pr\u00f8ve af 30ml parfume flaske eller 50ml parfumeolie flaske i dag og oplev luksus i hvert detalje!<\/p>","protected":false},"excerpt":{"rendered":"<p>F\u00f8rsteklasses sm\u00e5 parfumesprayflasker med tr\u00e6h\u00e6tter - perfekte til parfumeolier, brugerdefineret branding og bulkordrer. Milj\u00f8venlige, b\u00e6rbare og klar til branding.<\/p>","protected":false},"featured_media":2808,"comment_status":"open","ping_status":"closed","template":"","meta":{"_acf_changed":false,"site-sidebar-layout":"default","site-content-layout":"","ast-site-content-layout":"default","site-content-style":"default","site-sidebar-style":"default","ast-global-header-display":"","ast-banner-title-visibility":"","ast-main-header-display":"","ast-hfb-above-header-display":"","ast-hfb-below-header-display":"","ast-hfb-mobile-header-display":"","site-post-title":"","ast-breadcrumbs-content":"","ast-featured-img":"","footer-sml-layout":"","ast-disable-related-posts":"","theme-transparent-header-meta":"default","adv-header-id-meta":"","stick-header-meta":"","header-above-stick-meta":"","header-main-stick-meta":"","header-below-stick-meta":"","astra-migrate-meta-layouts":"set","ast-page-background-enabled":"default","ast-page-background-meta":{"desktop":{"background-color":"var(--ast-global-color-5)","background-image":"","background-repeat":"repeat","background-position":"center center","background-size":"auto","background-attachment":"scroll","background-type":"","background-media":"","overlay-type":"","overlay-color":"","overlay-opacity":"","overlay-gradient":""},"tablet":{"background-color":"","background-image":"","background-repeat":"repeat","background-position":"center center","background-size":"auto","background-attachment":"scroll","background-type":"","background-media":"","overlay-type":"","overlay-color":"","overlay-opacity":"","overlay-gradient":""},"mobile":{"background-color":"","background-image":"","background-repeat":"repeat","background-position":"center center","background-size":"auto","background-attachment":"scroll","background-type":"","background-media":"","overlay-type":"","overlay-color":"","overlay-opacity":"","overlay-gradient":""}},"ast-content-background-meta":{"desktop":{"background-color":"var(--ast-global-color-4)","background-image":"","background-repeat":"repeat","background-position":"center center","background-size":"auto","background-attachment":"scroll","background-type":"","background-media":"","overlay-type":"","overlay-color":"","overlay-opacity":"","overlay-gradient":""},"tablet":{"background-color":"var(--ast-global-color-4)","background-image":"","background-repeat":"repeat","background-position":"center center","background-size":"auto","background-attachment":"scroll","background-type":"","background-media":"","overlay-type":"","overlay-color":"","overlay-opacity":"","overlay-gradient":""},"mobile":{"background-color":"var(--ast-global-color-4)","background-image":"","background-repeat":"repeat","background-position":"center center","background-size":"auto","background-attachment":"scroll","background-type":"","background-media":"","overlay-type":"","overlay-color":"","overlay-opacity":"","overlay-gradient":""}}},"product_brand":[],"product_cat":[72,41],"product_tag":[],"class_list":{"0":"post-2806","1":"product","2":"type-product","3":"status-publish","4":"has-post-thumbnail","6":"product_cat-cosmetic-packaging","7":"product_cat-perfume-bottles","8":"desktop-align-left","9":"tablet-align-left","10":"mobile-align-left","12":"first","13":"instock","14":"shipping-taxable","15":"product-type-simple"},"acf":[],"jetpack_sharing_enabled":true,"_links":{"self":[{"href":"https:\/\/theperfumebottles.com\/da\/wp-json\/wp\/v2\/product\/2806","targetHints":{"allow":["GET"]}}],"collection":[{"href":"https:\/\/theperfumebottles.com\/da\/wp-json\/wp\/v2\/product"}],"about":[{"href":"https:\/\/theperfumebottles.com\/da\/wp-json\/wp\/v2\/types\/product"}],"replies":[{"embeddable":true,"href":"https:\/\/theperfumebottles.com\/da\/wp-json\/wp\/v2\/comments?post=2806"}],"wp:featuredmedia":[{"embeddable":true,"href":"https:\/\/theperfumebottles.com\/da\/wp-json\/wp\/v2\/media\/2808"}],"wp:attachment":[{"href":"https:\/\/theperfumebottles.com\/da\/wp-json\/wp\/v2\/media?parent=2806"}],"wp:term":[{"taxonomy":"product_brand","embeddable":true,"href":"https:\/\/theperfumebottles.com\/da\/wp-json\/wp\/v2\/product_brand?post=2806"},{"taxonomy":"product_cat","embeddable":true,"href":"https:\/\/theperfumebottles.com\/da\/wp-json\/wp\/v2\/product_cat?post=2806"},{"taxonomy":"product_tag","embeddable":true,"href":"https:\/\/theperfumebottles.com\/da\/wp-json\/wp\/v2\/product_tag?post=2806"}],"curies":[{"name":"wp","href":"https:\/\/api.w.org\/{rel}","templated":true}]}}