{"id":2861,"date":"2025-03-24T07:22:27","date_gmt":"2025-03-24T07:22:27","guid":{"rendered":"https:\/\/theperfumebottles.com\/?post_type=product&#038;p=2861"},"modified":"2025-05-30T15:51:46","modified_gmt":"2025-05-30T07:51:46","slug":"30ml-glass-travel-perfume-bottle-refillable-customizable-luxury","status":"publish","type":"product","link":"https:\/\/theperfumebottles.com\/da\/vare\/30ml-glass-travel-perfume-bottle-refillable-customizable-luxury\/","title":{"rendered":"30ml genopfyldelig rejseparfumeflaske i glas \u2013 tilpasselig luksus"},"content":{"rendered":"<p>Denne 30 ml genopfyldelige parfumeflakon er designet til m\u00e6rker, der forf\u00f8lger en raffineret f\u00f8lelse af ritual, og kombinerer perfekt den kunstneriske skulpturs \u00e6stetik med pragmatisme. Nicheduftm\u00e6rker og designere bruger den til at fort\u00e6lle deres egne dufthistorier, og hver eneste dr\u00e5be parfume bliver et kunstv\u00e6rk, man kan samle p\u00e5.<\/p>\n<h2>N\u00f8glespecifikationer<\/h2>\n<table style=\"border-collapse: collapse;margin-left: auto;margin-right: auto;width: 80%\" border=\"0\" width=\"80%\" cellspacing=\"0\" cellpadding=\"0\">\n<tbody>\n<tr style=\"height: 13.50pt\">\n<td style=\"height: 13.50pt;width: 99.75pt\" width=\"133\" height=\"18\"><strong>Model<\/strong><\/td>\n<td style=\"width: 253.50pt\" width=\"338\">PB-BF1101<\/td>\n<\/tr>\n<tr style=\"height: 13.50pt\">\n<td style=\"height: 13.50pt\" height=\"18\"><strong>Materiale<\/strong><\/td>\n<td>Krystalglas + h\u00e6tter af metal\/plastik<\/td>\n<\/tr>\n<tr style=\"height: 13.50pt\">\n<td style=\"height: 13.50pt\" height=\"18\"><strong>Kapacitet<\/strong><\/td>\n<td>30 ml rejseparfumeflaske<\/td>\n<\/tr>\n<tr style=\"height: 13.50pt\">\n<td style=\"height: 13.50pt\" height=\"18\"><strong>Dimensioner<\/strong><\/td>\n<td>45 x 26 x 84 mm (18 mm kaliber)<\/td>\n<\/tr>\n<tr style=\"height: 13.50pt\">\n<td style=\"height: 13.50pt\" height=\"18\"><strong>Farvemuligheder<\/strong><\/td>\n<td>Klart glas + guld\/s\u00f8lv\/sort top<\/td>\n<\/tr>\n<tr style=\"height: 13.50pt\">\n<td style=\"height: 13.50pt\" height=\"18\"><strong>Pr\u00f8ver<\/strong><\/td>\n<td>Gratis pr\u00f8ver, der kan tilpasses<\/td>\n<\/tr>\n<tr style=\"height: 13.50pt\">\n<td style=\"height: 13.50pt\" height=\"18\"><strong>H\u00e6ttetype<\/strong><\/td>\n<td>Rund forst\u00f8ver med skruetop<\/td>\n<\/tr>\n<tr style=\"height: 13.50pt\">\n<td style=\"height: 13.50pt\" height=\"18\"><strong>Tilpasning<\/strong><\/td>\n<td>Logotryk, farvesprays, ODM\/OEM<\/td>\n<\/tr>\n<\/tbody>\n<\/table>\n<h2>Hvorfor v\u00e6lge disse genopfyldelige parfumeflasker?<\/h2>\n<ul>\n<li><strong>Ideel til rejser og engrosordrer: <\/strong>Den kompakte st\u00f8rrelse overholder TSA-reglerne, mens mulighederne for bulkbestilling opfylder behovene hos brands, der s\u00f8ger en grossistl\u00f8sning til parfumeflasker af glas.<\/li>\n<li><strong>Ubegr\u00e6nsede muligheder for branding: <\/strong>Design tomme parfumeflasker, der afspejler dit brands historie, lige fra indgraverede logoer til gradientfinish. Privat formudvikling sikrer fuldst\u00e6ndig eksklusivitet.<\/li>\n<li><strong>En overlegen unboxing-oplevelse: <\/strong>Den taljerede glassprayflaske med metallisk h\u00e6tte (f\u00e5s i guld, s\u00f8lv eller sort) giver et eksklusivt pr\u00e6g - perfekt til luksusparfumeemballage.<\/li>\n<\/ul>\n<h2>Tilpasningsl\u00f8sninger til ethvert brand<\/h2>\n<ul>\n<li>\u200b<strong>Anvendelse af logo<\/strong>: Silketryk, varmstempling eller UV-tryk.<\/li>\n<li>\u200b<strong>Materialer til kasketter<\/strong>: Aluminium, plast eller b\u00e6redygtigt tr\u00e6.<\/li>\n<li>\u200b<strong>Effekter af glas<\/strong>: Frostet, gradient ombr\u00e9 eller farvespr\u00f8jtet finish.<\/li>\n<li>\u200b<strong>Fordele ved massebestilling<\/strong>: Konkurrencedygtige priser for engros glasflasker.<\/li>\n<\/ul>\n<h2>Ideel til:<\/h2>\n<ol>\n<li>Boutique-duftm\u00e6rker lancerer udgaver i rejsest\u00f8rrelse.<\/li>\n<li>Private label-projekter, der kr\u00e6ver unik parfumeemballage.<\/li>\n<li>M\u00e6rker, der prioriterer milj\u00f8venlige genopfyldelige parfumebeholdere.<\/li>\n<\/ol>","protected":false},"excerpt":{"rendered":"<p>Oplev premium 30 ml rejseparfumeflaske af glas, der kan genopfyldes. H\u00e6tter, der kan tilpasses, ergonomisk design, massebestillinger. L\u00f8ft din duftbranding i dag!<\/p>","protected":false},"featured_media":2862,"comment_status":"open","ping_status":"closed","template":"","meta":{"_acf_changed":false,"site-sidebar-layout":"default","site-content-layout":"","ast-site-content-layout":"default","site-content-style":"default","site-sidebar-style":"default","ast-global-header-display":"","ast-banner-title-visibility":"","ast-main-header-display":"","ast-hfb-above-header-display":"","ast-hfb-below-header-display":"","ast-hfb-mobile-header-display":"","site-post-title":"","ast-breadcrumbs-content":"","ast-featured-img":"","footer-sml-layout":"","ast-disable-related-posts":"","theme-transparent-header-meta":"default","adv-header-id-meta":"","stick-header-meta":"","header-above-stick-meta":"","header-main-stick-meta":"","header-below-stick-meta":"","astra-migrate-meta-layouts":"set","ast-page-background-enabled":"default","ast-page-background-meta":{"desktop":{"background-color":"var(--ast-global-color-5)","background-image":"","background-repeat":"repeat","background-position":"center center","background-size":"auto","background-attachment":"scroll","background-type":"","background-media":"","overlay-type":"","overlay-color":"","overlay-opacity":"","overlay-gradient":""},"tablet":{"background-color":"","background-image":"","background-repeat":"repeat","background-position":"center center","background-size":"auto","background-attachment":"scroll","background-type":"","background-media":"","overlay-type":"","overlay-color":"","overlay-opacity":"","overlay-gradient":""},"mobile":{"background-color":"","background-image":"","background-repeat":"repeat","background-position":"center center","background-size":"auto","background-attachment":"scroll","background-type":"","background-media":"","overlay-type":"","overlay-color":"","overlay-opacity":"","overlay-gradient":""}},"ast-content-background-meta":{"desktop":{"background-color":"var(--ast-global-color-4)","background-image":"","background-repeat":"repeat","background-position":"center center","background-size":"auto","background-attachment":"scroll","background-type":"","background-media":"","overlay-type":"","overlay-color":"","overlay-opacity":"","overlay-gradient":""},"tablet":{"background-color":"var(--ast-global-color-4)","background-image":"","background-repeat":"repeat","background-position":"center center","background-size":"auto","background-attachment":"scroll","background-type":"","background-media":"","overlay-type":"","overlay-color":"","overlay-opacity":"","overlay-gradient":""},"mobile":{"background-color":"var(--ast-global-color-4)","background-image":"","background-repeat":"repeat","background-position":"center center","background-size":"auto","background-attachment":"scroll","background-type":"","background-media":"","overlay-type":"","overlay-color":"","overlay-opacity":"","overlay-gradient":""}}},"product_brand":[],"product_cat":[72,74,41,90],"product_tag":[],"class_list":{"0":"post-2861","1":"product","2":"type-product","3":"status-publish","4":"has-post-thumbnail","6":"product_cat-cosmetic-packaging","7":"product_cat-mini-perfume-bottles","8":"product_cat-perfume-bottles","9":"product_cat-refillable-perfume-bottles","10":"desktop-align-left","11":"tablet-align-left","12":"mobile-align-left","14":"first","15":"instock","16":"shipping-taxable","17":"product-type-simple"},"acf":[],"jetpack_sharing_enabled":true,"_links":{"self":[{"href":"https:\/\/theperfumebottles.com\/da\/wp-json\/wp\/v2\/product\/2861","targetHints":{"allow":["GET"]}}],"collection":[{"href":"https:\/\/theperfumebottles.com\/da\/wp-json\/wp\/v2\/product"}],"about":[{"href":"https:\/\/theperfumebottles.com\/da\/wp-json\/wp\/v2\/types\/product"}],"replies":[{"embeddable":true,"href":"https:\/\/theperfumebottles.com\/da\/wp-json\/wp\/v2\/comments?post=2861"}],"wp:featuredmedia":[{"embeddable":true,"href":"https:\/\/theperfumebottles.com\/da\/wp-json\/wp\/v2\/media\/2862"}],"wp:attachment":[{"href":"https:\/\/theperfumebottles.com\/da\/wp-json\/wp\/v2\/media?parent=2861"}],"wp:term":[{"taxonomy":"product_brand","embeddable":true,"href":"https:\/\/theperfumebottles.com\/da\/wp-json\/wp\/v2\/product_brand?post=2861"},{"taxonomy":"product_cat","embeddable":true,"href":"https:\/\/theperfumebottles.com\/da\/wp-json\/wp\/v2\/product_cat?post=2861"},{"taxonomy":"product_tag","embeddable":true,"href":"https:\/\/theperfumebottles.com\/da\/wp-json\/wp\/v2\/product_tag?post=2861"}],"curies":[{"name":"wp","href":"https:\/\/api.w.org\/{rel}","templated":true}]}}