{"id":2886,"date":"2025-03-25T09:57:46","date_gmt":"2025-03-25T09:57:46","guid":{"rendered":"https:\/\/theperfumebottles.com\/?post_type=product&#038;p=2886"},"modified":"2025-04-18T03:37:48","modified_gmt":"2025-04-18T03:37:48","slug":"small-fragrance-bottles-cologne-spray-bottles","status":"publish","type":"product","link":"https:\/\/theperfumebottles.com\/da\/vare\/small-fragrance-bottles-cologne-spray-bottles\/","title":{"rendered":"30ml 45ml 50ml 100ml sm\u00e5 duftflasker med tr\u00e6l\u00e5g"},"content":{"rendered":"<p>L\u00f8ft din duft, aftershave eller wellness-linje med Natural Essence-serien - en samling af minimalistiske\u00a0<em>sm\u00e5 sprayflasker med parfume<\/em>\u00a0og\u00a0<em>tomme parfume-glasflasker<\/em>\u00a0designet til h\u00e5ndv\u00e6rksm\u00e6ssige brands. Disse beholdere er fremstillet af krystalklart glas med milj\u00f8bevidste toppe af tr\u00e6 eller mat sort og blander moderne elegance med praktisk alsidighed.<\/p>\n<h2>Vigtige specifikationer for Sm\u00e5 duftflasker<\/h2>\n<table style=\"border-collapse: collapse; margin-left: auto; margin-right: auto; width: 100%;\" border=\"0\" width=\"100%\" cellspacing=\"0\" cellpadding=\"0\">\n<tbody>\n<tr style=\"height: 10pt;\">\n<td style=\"height: 10pt; width: 87.75pt;\" width=\"117\" height=\"18\">Model<\/td>\n<td style=\"width: 54.00pt;\" width=\"72\">Kapacitet<\/td>\n<td style=\"width: 184.50pt;\" width=\"246\">Specifikation<\/td>\n<td style=\"width: 81.00pt;\" width=\"108\">Forseglingstype<\/td>\n<td class=\"et2\" style=\"width: 262.50pt;\" width=\"350\">Farve<\/td>\n<\/tr>\n<tr style=\"height: 40.50pt;\">\n<td style=\"height: 40.50pt;\" height=\"54\">PB-FZ0801<\/td>\n<td>30 ml<\/td>\n<td>35\u00d735\u00d766 mm, 15mm kaliber<\/td>\n<td>Spay top<\/td>\n<td class=\"et2\" style=\"width: 262.50pt;\" width=\"350\">Klart glas, valn\u00f8ddebrun, lys eg, mat sort h\u00e6tte (kan tilpasses)<\/td>\n<\/tr>\n<tr style=\"height: 40.50pt;\">\n<td style=\"height: 40.50pt;\" height=\"54\">PB-FZ0802<\/td>\n<td>30 ml<\/td>\n<td>37\u00d737\u00d765 mm, 15mm kaliber<\/td>\n<td>Spay top<\/td>\n<td class=\"et2\" style=\"width: 262.50pt;\" width=\"350\">Klart glas, valn\u00f8ddebrun, lys eg, mat sort h\u00e6tte (kan tilpasses)<\/td>\n<\/tr>\n<tr style=\"height: 40.50pt;\">\n<td style=\"height: 40.50pt;\" height=\"54\">PB-FZ0803<\/td>\n<td>50 ml<\/td>\n<td>32\u00d732\u00d785 mm, 15 mm kaliber<\/td>\n<td>Spay top<\/td>\n<td class=\"et2\" style=\"width: 262.50pt;\" width=\"350\">Klart glas, valn\u00f8ddebrun, lys eg, mat sort h\u00e6tte (kan tilpasses)<\/td>\n<\/tr>\n<tr style=\"height: 40.50pt;\">\n<td style=\"height: 40.50pt;\" height=\"54\">PB-FZ0804<\/td>\n<td>45 ml<\/td>\n<td>37\u00d737\u00d786 mm, 15mm kaliber<\/td>\n<td>Spay top<\/td>\n<td class=\"et2\" style=\"width: 262.50pt;\" width=\"350\">Klart glas, valn\u00f8ddebrun, lys eg, mat sort h\u00e6tte (kan tilpasses)<\/td>\n<\/tr>\n<tr style=\"height: 40.50pt;\">\n<td style=\"height: 40.50pt;\" height=\"54\">PB-FZ0805<\/td>\n<td>100ml<\/td>\n<td>47\u00d747\u00d7103 mm, 15 mm kaliber<\/td>\n<td>Spay top<\/td>\n<td class=\"et2\" style=\"width: 262.50pt;\" width=\"350\">Klart glas, valn\u00f8ddebrun, lys eg, mat sort h\u00e6tte (kan tilpasses)<\/td>\n<\/tr>\n<\/tbody>\n<\/table>\n<h2>Umiskendeligt din:<\/h2>\n<ul>\n<li>H\u00e6tter, der bryder formen: 3D-printet metallisk finish eller genbrugskork<\/li>\n<li>Bonus: Gratis pr\u00f8ves\u00e6t - fordi du fortjener at m\u00e6rke kvaliteten, f\u00f8r du forpligter dig.<\/li>\n<\/ul>\n<h2>For:<\/h2>\n<ul>\n<li>Parfumealkymister er tr\u00e6tte af generiske flasker<\/li>\n<li>K\u00f8nsblandende grooming-brands omskriver reglerne<\/li>\n<li>Milj\u00f8krigere g\u00f8r genopfyldning til et ritual<\/li>\n<li>Hoteller, der vil have g\u00e6sterne til at stj\u00e6le faciliteterne (seri\u00f8st, det sker)<\/li>\n<\/ul>","protected":false},"excerpt":{"rendered":"<p>L\u00f8ft din duft, aftershave eller wellness-linje med Natural Essence-serien - en samling af minimalistiske\u00a0<em>sm\u00e5 sprayflasker med parfume<\/em>\u00a0og\u00a0<em>tomme parfume-glasflasker<\/em>\u00a0designet til h\u00e5ndv\u00e6rksm\u00e6ssige m\u00e6rker.<\/p>","protected":false},"featured_media":2887,"comment_status":"open","ping_status":"closed","template":"","meta":{"_acf_changed":false,"site-sidebar-layout":"default","site-content-layout":"","ast-site-content-layout":"default","site-content-style":"default","site-sidebar-style":"default","ast-global-header-display":"","ast-banner-title-visibility":"","ast-main-header-display":"","ast-hfb-above-header-display":"","ast-hfb-below-header-display":"","ast-hfb-mobile-header-display":"","site-post-title":"","ast-breadcrumbs-content":"","ast-featured-img":"","footer-sml-layout":"","ast-disable-related-posts":"","theme-transparent-header-meta":"default","adv-header-id-meta":"","stick-header-meta":"","header-above-stick-meta":"","header-main-stick-meta":"","header-below-stick-meta":"","astra-migrate-meta-layouts":"set","ast-page-background-enabled":"default","ast-page-background-meta":{"desktop":{"background-color":"var(--ast-global-color-5)","background-image":"","background-repeat":"repeat","background-position":"center center","background-size":"auto","background-attachment":"scroll","background-type":"","background-media":"","overlay-type":"","overlay-color":"","overlay-opacity":"","overlay-gradient":""},"tablet":{"background-color":"","background-image":"","background-repeat":"repeat","background-position":"center center","background-size":"auto","background-attachment":"scroll","background-type":"","background-media":"","overlay-type":"","overlay-color":"","overlay-opacity":"","overlay-gradient":""},"mobile":{"background-color":"","background-image":"","background-repeat":"repeat","background-position":"center center","background-size":"auto","background-attachment":"scroll","background-type":"","background-media":"","overlay-type":"","overlay-color":"","overlay-opacity":"","overlay-gradient":""}},"ast-content-background-meta":{"desktop":{"background-color":"var(--ast-global-color-4)","background-image":"","background-repeat":"repeat","background-position":"center center","background-size":"auto","background-attachment":"scroll","background-type":"","background-media":"","overlay-type":"","overlay-color":"","overlay-opacity":"","overlay-gradient":""},"tablet":{"background-color":"var(--ast-global-color-4)","background-image":"","background-repeat":"repeat","background-position":"center center","background-size":"auto","background-attachment":"scroll","background-type":"","background-media":"","overlay-type":"","overlay-color":"","overlay-opacity":"","overlay-gradient":""},"mobile":{"background-color":"var(--ast-global-color-4)","background-image":"","background-repeat":"repeat","background-position":"center center","background-size":"auto","background-attachment":"scroll","background-type":"","background-media":"","overlay-type":"","overlay-color":"","overlay-opacity":"","overlay-gradient":""}}},"product_brand":[],"product_cat":[72,91,41],"product_tag":[],"class_list":{"0":"post-2886","1":"product","2":"type-product","3":"status-publish","4":"has-post-thumbnail","6":"product_cat-cosmetic-packaging","7":"product_cat-custom-perfume-bottles","8":"product_cat-perfume-bottles","9":"desktop-align-left","10":"tablet-align-left","11":"mobile-align-left","13":"first","14":"instock","15":"shipping-taxable","16":"product-type-simple"},"acf":[],"jetpack_sharing_enabled":true,"_links":{"self":[{"href":"https:\/\/theperfumebottles.com\/da\/wp-json\/wp\/v2\/product\/2886","targetHints":{"allow":["GET"]}}],"collection":[{"href":"https:\/\/theperfumebottles.com\/da\/wp-json\/wp\/v2\/product"}],"about":[{"href":"https:\/\/theperfumebottles.com\/da\/wp-json\/wp\/v2\/types\/product"}],"replies":[{"embeddable":true,"href":"https:\/\/theperfumebottles.com\/da\/wp-json\/wp\/v2\/comments?post=2886"}],"wp:featuredmedia":[{"embeddable":true,"href":"https:\/\/theperfumebottles.com\/da\/wp-json\/wp\/v2\/media\/2887"}],"wp:attachment":[{"href":"https:\/\/theperfumebottles.com\/da\/wp-json\/wp\/v2\/media?parent=2886"}],"wp:term":[{"taxonomy":"product_brand","embeddable":true,"href":"https:\/\/theperfumebottles.com\/da\/wp-json\/wp\/v2\/product_brand?post=2886"},{"taxonomy":"product_cat","embeddable":true,"href":"https:\/\/theperfumebottles.com\/da\/wp-json\/wp\/v2\/product_cat?post=2886"},{"taxonomy":"product_tag","embeddable":true,"href":"https:\/\/theperfumebottles.com\/da\/wp-json\/wp\/v2\/product_tag?post=2886"}],"curies":[{"name":"wp","href":"https:\/\/api.w.org\/{rel}","templated":true}]}}