{"id":2915,"date":"2025-03-26T09:33:10","date_gmt":"2025-03-26T09:33:10","guid":{"rendered":"https:\/\/theperfumebottles.com\/?post_type=product&#038;p=2915"},"modified":"2025-05-27T15:12:42","modified_gmt":"2025-05-27T07:12:42","slug":"30ml-50ml-most-beautiful-perfume-bottles-with-ball-tops","status":"publish","type":"product","link":"https:\/\/theperfumebottles.com\/da\/vare\/30ml-50ml-most-beautiful-perfume-bottles-with-ball-tops\/","title":{"rendered":"30ml 50ml Smukkeste Parfumeflasker med Kugletop"},"content":{"rendered":"<p>For brands og forhandlere, der s\u00f8ger at imponere kunder med smukke parfumeflasker, kombinerer vores smukkeste parfumeflaskeserie (model PB-GK0301 og PB-GK0302) elegance, holdbarhed og tilpasning for at forbedre din duft-, cologne- eller aftershave-serie. Disse glasbeholdere er fremstillet til premium branding og designet til at fremvise din duft med uovertruffen elegance.<\/p>\n<h2>Overblik over de vigtigste specifikationer<\/h2>\n<div class=\"hyc-common-markdown__table-wrapper\">\n<table>\n<thead>\n<tr>\n<th>\u200b<strong>Model<\/strong><\/th>\n<th>PB-GK0301<\/th>\n<th>PB-GK0302<\/th>\n<\/tr>\n<\/thead>\n<tbody>\n<tr>\n<td>\u200b<strong>Kapacitet<\/strong><\/td>\n<td>50 ml<\/td>\n<td>100ml<\/td>\n<\/tr>\n<tr>\n<td>\u200b<strong>Dimensioner<\/strong><\/td>\n<td>39\u00d749\u00d7119 mm<\/td>\n<td>45\u00d755\u00d7130 mm<\/td>\n<\/tr>\n<tr>\n<td>\u200b<strong>Materiale<\/strong><\/td>\n<td>Krystalglas<\/td>\n<td>Krystalglas<\/td>\n<\/tr>\n<tr>\n<td>\u200b<strong>H\u00e6ttefarver<\/strong><\/td>\n<td>Bl\u00e5\/Hvid\/Specialdesignet<\/td>\n<td>Bl\u00e5\/Hvid\/Specialdesignet<\/td>\n<\/tr>\n<tr>\n<td>\u200b<strong>Forseglingstype<\/strong><\/td>\n<td>Spr\u00f8jtetop<\/td>\n<td>Spr\u00f8jtetop<\/td>\n<\/tr>\n<\/tbody>\n<\/table>\n<\/div>\n<h2>Hvorfor vores parfumeflasker passer til dine brandm\u00e5l<\/h2>\n<ul>\n<li>\u200b<strong>Brugerdefineret branding<\/strong>Forvandl blanke parfumeflasker til signaturstykker med logogravering, brugerdefinerede l\u00e5gfarver eller skr\u00e6ddersyet etikettering.<\/li>\n<li>\u200b<strong>Premium-emballage<\/strong>Glashuset og forst\u00f8verdesignet passer til luksuri\u00f8s \u00e6stetik og er ideelt til eksklusive dufte, aftershave eller cologne-serier.<\/li>\n<li>\u200b<strong>Bulkeffektivitet<\/strong>Som en betroet producent tilbyder vi konkurrencedygtige bulkpriser og sikker forsendelse for at st\u00f8tte grossister og startups.<\/li>\n<\/ul>\n<h2>Ideel til:<\/h2>\n<p>\u200b<strong>Luksusm\u00e6rker<\/strong>L\u00f8ft din<strong>duft<\/strong>\u00a0linje med<strong>elegant emballage<\/strong>\u00a0der afspejler premiumkvalitet.<br \/>\n<strong>Rejsevenlig:<\/strong> Den uds\u00f8gte og kompakte flaske p\u00e5 50 ml kan nemt pakkes i en h\u00e5ndtaske \u2013 elegant p\u00e5 farten.<br \/>\n\u200b<strong>Private labels<\/strong>Opret<strong>enest\u00e5ende<\/strong>\u00a0branding med brugerdefineret<strong>containere<\/strong>\u00a0til nichemarkeder.<\/p>\n<p><strong>Bliv partner i dag<\/strong><br \/>\nSkil dig ud i den konkurrencepr\u00e6gede parfumeindustri med<strong>smukke parfumeflasker<\/strong>\u00a0Designet til at imponere. Anmod om pr\u00f8ver eller diskuter bulkbestillinger nu for at frig\u00f8re dit brands potentiale!<\/p>","protected":false},"excerpt":{"rendered":"<p>Opdag de smukkeste parfumeflasker til luksusm\u00e6rker. Premium 50ml og 100ml krystalglasdesign, brugerdefinerede l\u00e5g og muligheder i store m\u00e6ngder.<\/p>","protected":false},"featured_media":2918,"comment_status":"open","ping_status":"closed","template":"","meta":{"_acf_changed":false,"site-sidebar-layout":"default","site-content-layout":"","ast-site-content-layout":"default","site-content-style":"default","site-sidebar-style":"default","ast-global-header-display":"","ast-banner-title-visibility":"","ast-main-header-display":"","ast-hfb-above-header-display":"","ast-hfb-below-header-display":"","ast-hfb-mobile-header-display":"","site-post-title":"","ast-breadcrumbs-content":"","ast-featured-img":"","footer-sml-layout":"","ast-disable-related-posts":"","theme-transparent-header-meta":"default","adv-header-id-meta":"","stick-header-meta":"","header-above-stick-meta":"","header-main-stick-meta":"","header-below-stick-meta":"","astra-migrate-meta-layouts":"set","ast-page-background-enabled":"default","ast-page-background-meta":{"desktop":{"background-color":"var(--ast-global-color-5)","background-image":"","background-repeat":"repeat","background-position":"center center","background-size":"auto","background-attachment":"scroll","background-type":"","background-media":"","overlay-type":"","overlay-color":"","overlay-opacity":"","overlay-gradient":""},"tablet":{"background-color":"","background-image":"","background-repeat":"repeat","background-position":"center center","background-size":"auto","background-attachment":"scroll","background-type":"","background-media":"","overlay-type":"","overlay-color":"","overlay-opacity":"","overlay-gradient":""},"mobile":{"background-color":"","background-image":"","background-repeat":"repeat","background-position":"center center","background-size":"auto","background-attachment":"scroll","background-type":"","background-media":"","overlay-type":"","overlay-color":"","overlay-opacity":"","overlay-gradient":""}},"ast-content-background-meta":{"desktop":{"background-color":"var(--ast-global-color-4)","background-image":"","background-repeat":"repeat","background-position":"center center","background-size":"auto","background-attachment":"scroll","background-type":"","background-media":"","overlay-type":"","overlay-color":"","overlay-opacity":"","overlay-gradient":""},"tablet":{"background-color":"var(--ast-global-color-4)","background-image":"","background-repeat":"repeat","background-position":"center center","background-size":"auto","background-attachment":"scroll","background-type":"","background-media":"","overlay-type":"","overlay-color":"","overlay-opacity":"","overlay-gradient":""},"mobile":{"background-color":"var(--ast-global-color-4)","background-image":"","background-repeat":"repeat","background-position":"center center","background-size":"auto","background-attachment":"scroll","background-type":"","background-media":"","overlay-type":"","overlay-color":"","overlay-opacity":"","overlay-gradient":""}}},"product_brand":[],"product_cat":[72,41],"product_tag":[],"class_list":{"0":"post-2915","1":"product","2":"type-product","3":"status-publish","4":"has-post-thumbnail","6":"product_cat-cosmetic-packaging","7":"product_cat-perfume-bottles","8":"desktop-align-left","9":"tablet-align-left","10":"mobile-align-left","12":"first","13":"instock","14":"shipping-taxable","15":"product-type-simple"},"acf":[],"jetpack_sharing_enabled":true,"_links":{"self":[{"href":"https:\/\/theperfumebottles.com\/da\/wp-json\/wp\/v2\/product\/2915","targetHints":{"allow":["GET"]}}],"collection":[{"href":"https:\/\/theperfumebottles.com\/da\/wp-json\/wp\/v2\/product"}],"about":[{"href":"https:\/\/theperfumebottles.com\/da\/wp-json\/wp\/v2\/types\/product"}],"replies":[{"embeddable":true,"href":"https:\/\/theperfumebottles.com\/da\/wp-json\/wp\/v2\/comments?post=2915"}],"wp:featuredmedia":[{"embeddable":true,"href":"https:\/\/theperfumebottles.com\/da\/wp-json\/wp\/v2\/media\/2918"}],"wp:attachment":[{"href":"https:\/\/theperfumebottles.com\/da\/wp-json\/wp\/v2\/media?parent=2915"}],"wp:term":[{"taxonomy":"product_brand","embeddable":true,"href":"https:\/\/theperfumebottles.com\/da\/wp-json\/wp\/v2\/product_brand?post=2915"},{"taxonomy":"product_cat","embeddable":true,"href":"https:\/\/theperfumebottles.com\/da\/wp-json\/wp\/v2\/product_cat?post=2915"},{"taxonomy":"product_tag","embeddable":true,"href":"https:\/\/theperfumebottles.com\/da\/wp-json\/wp\/v2\/product_tag?post=2915"}],"curies":[{"name":"wp","href":"https:\/\/api.w.org\/{rel}","templated":true}]}}