{"id":2928,"date":"2025-03-27T06:17:19","date_gmt":"2025-03-27T06:17:19","guid":{"rendered":"https:\/\/theperfumebottles.com\/?post_type=product&#038;p=2928"},"modified":"2026-01-06T14:12:06","modified_gmt":"2026-01-06T06:12:06","slug":"luxury-crystal-perfume-bottles-with-marble-caps-30ml-50ml-100ml","status":"publish","type":"product","link":"https:\/\/theperfumebottles.com\/da\/vare\/luxury-crystal-perfume-bottles-with-marble-caps-30ml-50ml-100ml\/","title":{"rendered":"Luksus krystal parfumeflasker med marmorl\u00e5g | 30ml\/50ml\/100ml"},"content":{"rendered":"<h2>Marble Sphere-serien: Luksuri\u00f8se krystalparfumeflasker til premium duftbranding<\/h2>\n<p>L\u00f8ft din duftlinje med Marble Sphere-serien, en kollektion af de bedste parfumeflasker, der blander geometrisk pr\u00e6cision og kunstnerisk elegance. Disse krystalparfumeflasker er designet til kr\u00e6sne m\u00e6rker, der s\u00f8ger unikke emballagel\u00f8sninger, og kombinerer minimalistisk sofistikering med dristige designelementer for at fange forbrugernes opm\u00e6rksomhed.<\/p>\n<table style=\"border-collapse: collapse;margin-left: auto;margin-right: auto;width: 162.03pt\" border=\"0\" width=\"216\" cellspacing=\"0\" cellpadding=\"0\">\n<tbody>\n<tr style=\"height: 13.50pt\">\n<td style=\"height: 13.50pt;width: 54.00pt\" width=\"72\" height=\"18\">\n<p><figure id=\"attachment_2932\" aria-describedby=\"caption-attachment-2932\" style=\"width: 300px\" class=\"wp-caption aligncenter\"><img fetchpriority=\"high\" decoding=\"async\" class=\"size-medium wp-image-2932\" src=\"https:\/\/theperfumebottles.com\/wp-content\/uploads\/2025\/03\/perfume-bottles-GK0501-300x300.webp\" alt=\"Luksus krystal parfumeflasker med marmorkapsler\" width=\"300\" height=\"300\" srcset=\"https:\/\/theperfumebottles.com\/wp-content\/uploads\/2025\/03\/perfume-bottles-GK0501-300x300.webp 300w, https:\/\/theperfumebottles.com\/wp-content\/uploads\/2025\/03\/perfume-bottles-GK0501-150x150.webp 150w, https:\/\/theperfumebottles.com\/wp-content\/uploads\/2025\/03\/perfume-bottles-GK0501-768x768.webp 768w, https:\/\/theperfumebottles.com\/wp-content\/uploads\/2025\/03\/perfume-bottles-GK0501-12x12.webp 12w, https:\/\/theperfumebottles.com\/wp-content\/uploads\/2025\/03\/perfume-bottles-GK0501-600x600.webp 600w, https:\/\/theperfumebottles.com\/wp-content\/uploads\/2025\/03\/perfume-bottles-GK0501-100x100.webp 100w, https:\/\/theperfumebottles.com\/wp-content\/uploads\/2025\/03\/perfume-bottles-GK0501.webp 1000w\" sizes=\"(max-width: 300px) 100vw, 300px\" \/><figcaption id=\"caption-attachment-2932\" class=\"wp-caption-text\">30 ml\/PbGK0501<\/figcaption><\/figure><\/td>\n<td style=\"width: 54.00pt\" width=\"72\">\n<p><figure id=\"attachment_2933\" aria-describedby=\"caption-attachment-2933\" style=\"width: 300px\" class=\"wp-caption aligncenter\"><img decoding=\"async\" class=\"size-medium wp-image-2933\" src=\"https:\/\/theperfumebottles.com\/wp-content\/uploads\/2025\/03\/perfume-bottles-GK0502-300x300.webp\" alt=\"Luksus krystal parfumeflasker med marmorkapsler\" width=\"300\" height=\"300\" srcset=\"https:\/\/theperfumebottles.com\/wp-content\/uploads\/2025\/03\/perfume-bottles-GK0502-300x300.webp 300w, https:\/\/theperfumebottles.com\/wp-content\/uploads\/2025\/03\/perfume-bottles-GK0502-150x150.webp 150w, https:\/\/theperfumebottles.com\/wp-content\/uploads\/2025\/03\/perfume-bottles-GK0502-768x768.webp 768w, https:\/\/theperfumebottles.com\/wp-content\/uploads\/2025\/03\/perfume-bottles-GK0502-12x12.webp 12w, https:\/\/theperfumebottles.com\/wp-content\/uploads\/2025\/03\/perfume-bottles-GK0502-600x600.webp 600w, https:\/\/theperfumebottles.com\/wp-content\/uploads\/2025\/03\/perfume-bottles-GK0502-100x100.webp 100w, https:\/\/theperfumebottles.com\/wp-content\/uploads\/2025\/03\/perfume-bottles-GK0502.webp 1000w\" sizes=\"(max-width: 300px) 100vw, 300px\" \/><figcaption id=\"caption-attachment-2933\" class=\"wp-caption-text\">50 ml\/PbGK0502<\/figcaption><\/figure><\/td>\n<td style=\"width: 54.00pt\" width=\"72\">\n<p><figure id=\"attachment_2934\" aria-describedby=\"caption-attachment-2934\" style=\"width: 300px\" class=\"wp-caption aligncenter\"><img decoding=\"async\" class=\"size-medium wp-image-2934\" src=\"https:\/\/theperfumebottles.com\/wp-content\/uploads\/2025\/03\/perfume-bottles-GK0503-300x300.webp\" alt=\"Luksus krystal parfumeflasker med marmorkapsler\" width=\"300\" height=\"300\" srcset=\"https:\/\/theperfumebottles.com\/wp-content\/uploads\/2025\/03\/perfume-bottles-GK0503-300x300.webp 300w, https:\/\/theperfumebottles.com\/wp-content\/uploads\/2025\/03\/perfume-bottles-GK0503-150x150.webp 150w, https:\/\/theperfumebottles.com\/wp-content\/uploads\/2025\/03\/perfume-bottles-GK0503-768x768.webp 768w, https:\/\/theperfumebottles.com\/wp-content\/uploads\/2025\/03\/perfume-bottles-GK0503-12x12.webp 12w, https:\/\/theperfumebottles.com\/wp-content\/uploads\/2025\/03\/perfume-bottles-GK0503-600x600.webp 600w, https:\/\/theperfumebottles.com\/wp-content\/uploads\/2025\/03\/perfume-bottles-GK0503-100x100.webp 100w, https:\/\/theperfumebottles.com\/wp-content\/uploads\/2025\/03\/perfume-bottles-GK0503.webp 1000w\" sizes=\"(max-width: 300px) 100vw, 300px\" \/><figcaption id=\"caption-attachment-2934\" class=\"wp-caption-text\">100ml\/PbGK0503<\/figcaption><\/figure><\/td>\n<\/tr>\n<\/tbody>\n<\/table>\n<h2>N\u00f8glespecifikationer<\/h2>\n<div class=\"hyc-common-markdown__table-wrapper\">\n<table>\n<thead>\n<tr>\n<th>Model<\/th>\n<th>Kapacitet<\/th>\n<th>Dimensioner<\/th>\n<th>Materiale<\/th>\n<th>Forseglingstype<\/th>\n<\/tr>\n<\/thead>\n<tbody>\n<tr>\n<td>PB-GK0501<\/td>\n<td>30 ml<\/td>\n<td>37\u00d737\u00d776 mm, 15 mm kaliber<\/td>\n<td>Krystalglas<\/td>\n<td>Spr\u00f8jtetop<\/td>\n<\/tr>\n<tr>\n<td>PB-GK0502<\/td>\n<td>50 ml<\/td>\n<td>41\u00d741\u00d785 mm, kaliber 15 mm<\/td>\n<td>Krystalglas<\/td>\n<td>Spr\u00f8jtetop<\/td>\n<\/tr>\n<tr>\n<td>PB-GK0503<\/td>\n<td>100ml<\/td>\n<td>52\u00d752\u00d7130 mm, kaliber 15 mm<\/td>\n<td>Krystalglas<\/td>\n<td>Spr\u00f8jtetop<\/td>\n<\/tr>\n<\/tbody>\n<\/table>\n<\/div>\n<h2>Hvorfor v\u00e6lge Marble Sphere-serien?<\/h2>\n<h3>For brandejere og forhandlere<\/h3>\n<p>Disse tomme parfumeflasker er konstrueret til at im\u00f8dekomme kravene fra partnere inden for bulkproducenter og nichem\u00e6rker. Den 15 mm brede forst\u00f8ver sikrer j\u00e6vn duftfordeling, mens det modul\u00e6re design underst\u00f8tter skr\u00e6ddersyede tilpasninger:<\/p>\n<ul>\n<li>\u200b<strong>Flaskeform<\/strong>Juster skulderstil, halsafslutning eller bundtykkelse.<\/li>\n<li>\u200b<strong>Overfladebehandlinger<\/strong>V\u00e6lg matterede teksturer, graduerede farver eller silketryk.<\/li>\n<li>\u200b<strong>Tilpasning af kasket<\/strong>Mat\/blank finish, brugerdefinerede hvirvler eller brandede graveringer.<\/li>\n<\/ul>\n<h3>Alsidige anvendelser<\/h3>\n<p>Perfekt til emballering af luksusparfumer, cologne i begr\u00e6nset oplag eller h\u00e5ndlavede duftpr\u00f8ver. Krystalglassets elegance kombineret med marmorinspirerede l\u00e5g sikrer, at dit produkt skiller sig ud p\u00e5 hylder og i personlige samlinger.<\/p>\n<h2>L\u00f8ft dit brand med uovertruffent h\u00e5ndv\u00e6rk<\/h2>\n<p>Marble Sphere-serien handler ikke kun om beholdere \u2013 den handler om historiefort\u00e6lling. Hver flaske afspejler en harmoni af moderne geometri og tidl\u00f8s kunst, hvilket g\u00f8r den til et must-have for brands, der prioriterer branding excellence.<\/p>\n<p><strong>Storbestilling og brugerdefinerede tilbud tilg\u00e6ngelige<\/strong><br \/>\nKontakt os i dag for at forvandle dine tomme glasflasker til luksusvarer med m\u00e6rkevaredekorationer!<\/p>","protected":false},"excerpt":{"rendered":"<p>Oplev krystalparfumeflasker med kunstneriske marmorkapsler. Perfekt til luksuri\u00f8se parfumem\u00e6rker. Tilpasning af store m\u00e6ngder, 3 st\u00f8rrelser og elegante brandingl\u00f8sninger.<\/p>","protected":false},"featured_media":2934,"comment_status":"open","ping_status":"closed","template":"","meta":{"_acf_changed":false,"site-sidebar-layout":"default","site-content-layout":"","ast-site-content-layout":"default","site-content-style":"default","site-sidebar-style":"default","ast-global-header-display":"","ast-banner-title-visibility":"","ast-main-header-display":"","ast-hfb-above-header-display":"","ast-hfb-below-header-display":"","ast-hfb-mobile-header-display":"","site-post-title":"","ast-breadcrumbs-content":"","ast-featured-img":"","footer-sml-layout":"","ast-disable-related-posts":"","theme-transparent-header-meta":"default","adv-header-id-meta":"","stick-header-meta":"","header-above-stick-meta":"","header-main-stick-meta":"","header-below-stick-meta":"","astra-migrate-meta-layouts":"set","ast-page-background-enabled":"default","ast-page-background-meta":{"desktop":{"background-color":"var(--ast-global-color-5)","background-image":"","background-repeat":"repeat","background-position":"center center","background-size":"auto","background-attachment":"scroll","background-type":"","background-media":"","overlay-type":"","overlay-color":"","overlay-opacity":"","overlay-gradient":""},"tablet":{"background-color":"","background-image":"","background-repeat":"repeat","background-position":"center center","background-size":"auto","background-attachment":"scroll","background-type":"","background-media":"","overlay-type":"","overlay-color":"","overlay-opacity":"","overlay-gradient":""},"mobile":{"background-color":"","background-image":"","background-repeat":"repeat","background-position":"center center","background-size":"auto","background-attachment":"scroll","background-type":"","background-media":"","overlay-type":"","overlay-color":"","overlay-opacity":"","overlay-gradient":""}},"ast-content-background-meta":{"desktop":{"background-color":"var(--ast-global-color-4)","background-image":"","background-repeat":"repeat","background-position":"center center","background-size":"auto","background-attachment":"scroll","background-type":"","background-media":"","overlay-type":"","overlay-color":"","overlay-opacity":"","overlay-gradient":""},"tablet":{"background-color":"var(--ast-global-color-4)","background-image":"","background-repeat":"repeat","background-position":"center center","background-size":"auto","background-attachment":"scroll","background-type":"","background-media":"","overlay-type":"","overlay-color":"","overlay-opacity":"","overlay-gradient":""},"mobile":{"background-color":"var(--ast-global-color-4)","background-image":"","background-repeat":"repeat","background-position":"center center","background-size":"auto","background-attachment":"scroll","background-type":"","background-media":"","overlay-type":"","overlay-color":"","overlay-opacity":"","overlay-gradient":""}}},"product_brand":[],"product_cat":[72,91,41],"product_tag":[],"class_list":{"0":"post-2928","1":"product","2":"type-product","3":"status-publish","4":"has-post-thumbnail","6":"product_cat-cosmetic-packaging","7":"product_cat-custom-perfume-bottles","8":"product_cat-perfume-bottles","9":"desktop-align-left","10":"tablet-align-left","11":"mobile-align-left","13":"first","14":"instock","15":"shipping-taxable","16":"product-type-simple"},"acf":[],"jetpack_sharing_enabled":true,"_links":{"self":[{"href":"https:\/\/theperfumebottles.com\/da\/wp-json\/wp\/v2\/product\/2928","targetHints":{"allow":["GET"]}}],"collection":[{"href":"https:\/\/theperfumebottles.com\/da\/wp-json\/wp\/v2\/product"}],"about":[{"href":"https:\/\/theperfumebottles.com\/da\/wp-json\/wp\/v2\/types\/product"}],"replies":[{"embeddable":true,"href":"https:\/\/theperfumebottles.com\/da\/wp-json\/wp\/v2\/comments?post=2928"}],"wp:featuredmedia":[{"embeddable":true,"href":"https:\/\/theperfumebottles.com\/da\/wp-json\/wp\/v2\/media\/2934"}],"wp:attachment":[{"href":"https:\/\/theperfumebottles.com\/da\/wp-json\/wp\/v2\/media?parent=2928"}],"wp:term":[{"taxonomy":"product_brand","embeddable":true,"href":"https:\/\/theperfumebottles.com\/da\/wp-json\/wp\/v2\/product_brand?post=2928"},{"taxonomy":"product_cat","embeddable":true,"href":"https:\/\/theperfumebottles.com\/da\/wp-json\/wp\/v2\/product_cat?post=2928"},{"taxonomy":"product_tag","embeddable":true,"href":"https:\/\/theperfumebottles.com\/da\/wp-json\/wp\/v2\/product_tag?post=2928"}],"curies":[{"name":"wp","href":"https:\/\/api.w.org\/{rel}","templated":true}]}}