{"id":2943,"date":"2025-04-01T07:30:00","date_gmt":"2025-04-01T07:30:00","guid":{"rendered":"https:\/\/theperfumebottles.com\/?post_type=product&#038;p=2943"},"modified":"2025-04-18T01:46:50","modified_gmt":"2025-04-18T01:46:50","slug":"30ml-50ml-100ml-perfume-empty-spray-bottles-with-spherical-caps","status":"publish","type":"product","link":"https:\/\/theperfumebottles.com\/da\/vare\/30ml-50ml-100ml-perfume-empty-spray-bottles-with-spherical-caps\/","title":{"rendered":"30ml 50ml 100ml parfume tomme sprayflasker med sf\u00e6riske l\u00e5g"},"content":{"rendered":"<p>Vores GK07 parfumeflaskeserie er b\u00e5de kunstnerisk og praktisk, velegnet til forskellige m\u00e6rker, og tilpasningsmulighederne forst\u00e6rker m\u00e6rkets charme.<\/p>\n<h2>N\u00f8glespecifikationer<\/h2>\n<div class=\"hyc-common-markdown__table-wrapper\">\n<table>\n<thead>\n<tr>\n<th>Model<\/th>\n<th>Kapacitet<\/th>\n<th>Dimensioner (H*B)<\/th>\n<th>Farvemuligheder for h\u00e6tten<\/th>\n<th>Tilpassede funktioner<\/th>\n<\/tr>\n<\/thead>\n<tbody>\n<tr>\n<td>PB-GK0701<\/td>\n<td>30 ml<\/td>\n<td>38 * 89 mm<\/td>\n<td>Hvid\/Sort\/Bl\u00e5<\/td>\n<td>R\u00f8d, lilla, gr\u00f8n osv.<\/td>\n<\/tr>\n<tr>\n<td>PB-GK0702<\/td>\n<td>50 ml<\/td>\n<td>42 * 98 mm<\/td>\n<td>Hvid\/Sort\/Bl\u00e5<\/td>\n<td>Graverede logoer, gradientglas<\/td>\n<\/tr>\n<tr>\n<td>PB-GK0703<\/td>\n<td>100ml<\/td>\n<td>48 * 130 mm<\/td>\n<td>Hvid\/Sort\/Bl\u00e5<\/td>\n<td>Frostet tekstur, marmoreffekter<\/td>\n<\/tr>\n<\/tbody>\n<\/table>\n<\/div>\n<p><em>Alle modeller har skruelt\u00e6tninger, 15 mm kaliber og runde glasformer.<\/em><\/p>\n<h2>Tilpasning til unik branding<\/h2>\n<p>Forvandl tomme parfumeflasker til historiefort\u00e6llende mesterv\u00e6rker:<\/p>\n<ul>\n<li>\u200b<strong>Graverede detaljer<\/strong>Tilf\u00f8j varighed med laser\u00e6tsede logoer eller m\u00f8nstre.<\/li>\n<li>\u200b<strong>Farvefleksibilitet<\/strong>V\u00e6lg en dristig parfumeflaske til kvinder eller diskrete matte finish.<\/li>\n<li>\u200b<strong>L\u00f8sninger til bulkemballage<\/strong>Ideel til m\u00e6rker, der har brug for sammenh\u00e6ngende beholdere med stor volumen.<\/li>\n<\/ul>\n<h2>Hvorfor v\u00e6lge disse parfumeflasker?<\/h2>\n<p>Disse forst\u00f8verflasker er designet til luksusm\u00e6rker og private label-producenter og kombinerer elegance med praktisk anvendelighed. Det krystalklare glas og orb-top-designet forbedrer unboxing-oplevelsen, mens tilpasningsmuligheder (gravering, gradienteffekter) sikrer, at din duft skiller sig ud.<\/p>\n<p><strong>Ideel til<\/strong>:<\/p>\n<ul>\n<li>Eksklusive parfumem\u00e6rker<\/li>\n<li>Niche-cologne-skabere<\/li>\n<li>Brugerdefinerede gaves\u00e6t eller begr\u00e6nsede udgaver<\/li>\n<\/ul>\n<p><strong>Storbestillinger og OEM-support<\/strong>Som en betroet producent af glasemballage tilbyder vi konkurrencedygtige bulkpriser og skr\u00e6ddersyede brandingl\u00f8sninger. Lad din duft skinne i flasker, der udstr\u00e5ler elegance \u2013 kontakt os for at lave dine egne tomme parfumesprayflasker i dag.<\/p>","protected":false},"excerpt":{"rendered":"<p>L\u00f8ft din duftbranding med brugerdefinerede parfumeflasker til kvinder og tomme sprayflasker i premiumkvalitet. Store ordrer, krystalglas og graverede designs er tilg\u00e6ngelige.<\/p>","protected":false},"featured_media":2945,"comment_status":"open","ping_status":"closed","template":"","meta":{"_acf_changed":false,"site-sidebar-layout":"default","site-content-layout":"","ast-site-content-layout":"default","site-content-style":"default","site-sidebar-style":"default","ast-global-header-display":"","ast-banner-title-visibility":"","ast-main-header-display":"","ast-hfb-above-header-display":"","ast-hfb-below-header-display":"","ast-hfb-mobile-header-display":"","site-post-title":"","ast-breadcrumbs-content":"","ast-featured-img":"","footer-sml-layout":"","ast-disable-related-posts":"","theme-transparent-header-meta":"default","adv-header-id-meta":"","stick-header-meta":"","header-above-stick-meta":"","header-main-stick-meta":"","header-below-stick-meta":"","astra-migrate-meta-layouts":"set","ast-page-background-enabled":"default","ast-page-background-meta":{"desktop":{"background-color":"var(--ast-global-color-5)","background-image":"","background-repeat":"repeat","background-position":"center center","background-size":"auto","background-attachment":"scroll","background-type":"","background-media":"","overlay-type":"","overlay-color":"","overlay-opacity":"","overlay-gradient":""},"tablet":{"background-color":"","background-image":"","background-repeat":"repeat","background-position":"center center","background-size":"auto","background-attachment":"scroll","background-type":"","background-media":"","overlay-type":"","overlay-color":"","overlay-opacity":"","overlay-gradient":""},"mobile":{"background-color":"","background-image":"","background-repeat":"repeat","background-position":"center center","background-size":"auto","background-attachment":"scroll","background-type":"","background-media":"","overlay-type":"","overlay-color":"","overlay-opacity":"","overlay-gradient":""}},"ast-content-background-meta":{"desktop":{"background-color":"var(--ast-global-color-4)","background-image":"","background-repeat":"repeat","background-position":"center center","background-size":"auto","background-attachment":"scroll","background-type":"","background-media":"","overlay-type":"","overlay-color":"","overlay-opacity":"","overlay-gradient":""},"tablet":{"background-color":"var(--ast-global-color-4)","background-image":"","background-repeat":"repeat","background-position":"center center","background-size":"auto","background-attachment":"scroll","background-type":"","background-media":"","overlay-type":"","overlay-color":"","overlay-opacity":"","overlay-gradient":""},"mobile":{"background-color":"var(--ast-global-color-4)","background-image":"","background-repeat":"repeat","background-position":"center center","background-size":"auto","background-attachment":"scroll","background-type":"","background-media":"","overlay-type":"","overlay-color":"","overlay-opacity":"","overlay-gradient":""}}},"product_brand":[],"product_cat":[72,91,41],"product_tag":[],"class_list":{"0":"post-2943","1":"product","2":"type-product","3":"status-publish","4":"has-post-thumbnail","6":"product_cat-cosmetic-packaging","7":"product_cat-custom-perfume-bottles","8":"product_cat-perfume-bottles","9":"desktop-align-left","10":"tablet-align-left","11":"mobile-align-left","13":"first","14":"instock","15":"shipping-taxable","16":"product-type-simple"},"acf":[],"jetpack_sharing_enabled":true,"_links":{"self":[{"href":"https:\/\/theperfumebottles.com\/da\/wp-json\/wp\/v2\/product\/2943","targetHints":{"allow":["GET"]}}],"collection":[{"href":"https:\/\/theperfumebottles.com\/da\/wp-json\/wp\/v2\/product"}],"about":[{"href":"https:\/\/theperfumebottles.com\/da\/wp-json\/wp\/v2\/types\/product"}],"replies":[{"embeddable":true,"href":"https:\/\/theperfumebottles.com\/da\/wp-json\/wp\/v2\/comments?post=2943"}],"wp:featuredmedia":[{"embeddable":true,"href":"https:\/\/theperfumebottles.com\/da\/wp-json\/wp\/v2\/media\/2945"}],"wp:attachment":[{"href":"https:\/\/theperfumebottles.com\/da\/wp-json\/wp\/v2\/media?parent=2943"}],"wp:term":[{"taxonomy":"product_brand","embeddable":true,"href":"https:\/\/theperfumebottles.com\/da\/wp-json\/wp\/v2\/product_brand?post=2943"},{"taxonomy":"product_cat","embeddable":true,"href":"https:\/\/theperfumebottles.com\/da\/wp-json\/wp\/v2\/product_cat?post=2943"},{"taxonomy":"product_tag","embeddable":true,"href":"https:\/\/theperfumebottles.com\/da\/wp-json\/wp\/v2\/product_tag?post=2943"}],"curies":[{"name":"wp","href":"https:\/\/api.w.org\/{rel}","templated":true}]}}