{"id":2950,"date":"2025-04-02T06:01:53","date_gmt":"2025-04-02T06:01:53","guid":{"rendered":"https:\/\/theperfumebottles.com\/?post_type=product&#038;p=2950"},"modified":"2025-05-29T09:58:38","modified_gmt":"2025-05-29T01:58:38","slug":"30ml-50ml-100ml-unique-perfume-bottles-with-mountain-base","status":"publish","type":"product","link":"https:\/\/theperfumebottles.com\/da\/vare\/30ml-50ml-100ml-unique-perfume-bottles-with-mountain-base\/","title":{"rendered":"30ml 50ml 100ml Unikke Parfumeflasker med Mountain Base"},"content":{"rendered":"<p>For brands og grossister, der s\u00f8ger unikke parfumeflasker engrosemballage, der blander kunstnerisk udf\u00f8relse med praktisk anvendelighed, redefinerer vores Mountain Base parfumeflaskekollektion elegance. Disse tomme glasparfumeflasker er fremstillet til premium cologne- og duftlinjer og tilbyder uovertruffen alsidighed til branding og tilpasning af store m\u00e6ngder.<\/p>\n<table style=\"border-collapse: collapse;margin-left: auto;margin-right: auto;width: 202.53pt\" border=\"0\" width=\"270\" cellspacing=\"0\" cellpadding=\"0\">\n<tbody>\n<tr style=\"height: 15.00pt\">\n<td style=\"height: 15.00pt;width: 67.50pt\" width=\"90\" height=\"20\">\n<p><figure id=\"attachment_2955\" aria-describedby=\"caption-attachment-2955\" style=\"width: 300px\" class=\"wp-caption aligncenter\"><img fetchpriority=\"high\" decoding=\"async\" class=\"size-medium wp-image-2955\" src=\"https:\/\/theperfumebottles.com\/wp-content\/uploads\/2025\/04\/unique-perfume-bottles-wholesale-HS0101-300x300.webp\" alt=\"unikke parfumeflasker\" width=\"300\" height=\"300\" srcset=\"https:\/\/theperfumebottles.com\/wp-content\/uploads\/2025\/04\/unique-perfume-bottles-wholesale-HS0101-300x300.webp 300w, https:\/\/theperfumebottles.com\/wp-content\/uploads\/2025\/04\/unique-perfume-bottles-wholesale-HS0101-150x150.webp 150w, https:\/\/theperfumebottles.com\/wp-content\/uploads\/2025\/04\/unique-perfume-bottles-wholesale-HS0101-768x768.webp 768w, https:\/\/theperfumebottles.com\/wp-content\/uploads\/2025\/04\/unique-perfume-bottles-wholesale-HS0101-12x12.webp 12w, https:\/\/theperfumebottles.com\/wp-content\/uploads\/2025\/04\/unique-perfume-bottles-wholesale-HS0101-600x600.webp 600w, https:\/\/theperfumebottles.com\/wp-content\/uploads\/2025\/04\/unique-perfume-bottles-wholesale-HS0101-100x100.webp 100w, https:\/\/theperfumebottles.com\/wp-content\/uploads\/2025\/04\/unique-perfume-bottles-wholesale-HS0101.webp 1024w\" sizes=\"(max-width: 300px) 100vw, 300px\" \/><figcaption id=\"caption-attachment-2955\" class=\"wp-caption-text\">30 ml<\/figcaption><\/figure><\/td>\n<td style=\"width: 67.50pt\" width=\"90\">\n<p><figure id=\"attachment_2956\" aria-describedby=\"caption-attachment-2956\" style=\"width: 300px\" class=\"wp-caption aligncenter\"><img decoding=\"async\" class=\"size-medium wp-image-2956\" src=\"https:\/\/theperfumebottles.com\/wp-content\/uploads\/2025\/04\/unique-perfume-bottles-wholesale-HS0102-300x300.webp\" alt=\"unikke parfumeflasker engros\" width=\"300\" height=\"300\" srcset=\"https:\/\/theperfumebottles.com\/wp-content\/uploads\/2025\/04\/unique-perfume-bottles-wholesale-HS0102-300x300.webp 300w, https:\/\/theperfumebottles.com\/wp-content\/uploads\/2025\/04\/unique-perfume-bottles-wholesale-HS0102-150x150.webp 150w, https:\/\/theperfumebottles.com\/wp-content\/uploads\/2025\/04\/unique-perfume-bottles-wholesale-HS0102-768x768.webp 768w, https:\/\/theperfumebottles.com\/wp-content\/uploads\/2025\/04\/unique-perfume-bottles-wholesale-HS0102-12x12.webp 12w, https:\/\/theperfumebottles.com\/wp-content\/uploads\/2025\/04\/unique-perfume-bottles-wholesale-HS0102-600x600.webp 600w, https:\/\/theperfumebottles.com\/wp-content\/uploads\/2025\/04\/unique-perfume-bottles-wholesale-HS0102-100x100.webp 100w, https:\/\/theperfumebottles.com\/wp-content\/uploads\/2025\/04\/unique-perfume-bottles-wholesale-HS0102.webp 1024w\" sizes=\"(max-width: 300px) 100vw, 300px\" \/><figcaption id=\"caption-attachment-2956\" class=\"wp-caption-text\">50 ml<\/figcaption><\/figure><\/td>\n<td style=\"width: 67.50pt\" width=\"90\">\n<p><figure id=\"attachment_2951\" aria-describedby=\"caption-attachment-2951\" style=\"width: 300px\" class=\"wp-caption aligncenter\"><img decoding=\"async\" class=\"size-medium wp-image-2951\" src=\"https:\/\/theperfumebottles.com\/wp-content\/uploads\/2025\/04\/unique-perfume-bottles-wholesale-HS0103-300x300.webp\" alt=\"unikke parfumeflasker engros\" width=\"300\" height=\"300\" srcset=\"https:\/\/theperfumebottles.com\/wp-content\/uploads\/2025\/04\/unique-perfume-bottles-wholesale-HS0103-300x300.webp 300w, https:\/\/theperfumebottles.com\/wp-content\/uploads\/2025\/04\/unique-perfume-bottles-wholesale-HS0103-150x150.webp 150w, https:\/\/theperfumebottles.com\/wp-content\/uploads\/2025\/04\/unique-perfume-bottles-wholesale-HS0103-768x768.webp 768w, https:\/\/theperfumebottles.com\/wp-content\/uploads\/2025\/04\/unique-perfume-bottles-wholesale-HS0103-12x12.webp 12w, https:\/\/theperfumebottles.com\/wp-content\/uploads\/2025\/04\/unique-perfume-bottles-wholesale-HS0103-600x600.webp 600w, https:\/\/theperfumebottles.com\/wp-content\/uploads\/2025\/04\/unique-perfume-bottles-wholesale-HS0103-100x100.webp 100w, https:\/\/theperfumebottles.com\/wp-content\/uploads\/2025\/04\/unique-perfume-bottles-wholesale-HS0103.webp 1024w\" sizes=\"(max-width: 300px) 100vw, 300px\" \/><figcaption id=\"caption-attachment-2951\" class=\"wp-caption-text\">100ml<\/figcaption><\/figure><\/td>\n<\/tr>\n<\/tbody>\n<\/table>\n<h2>N\u00f8glespecifikationer for engrosk\u00f8bere<\/h2>\n<div class=\"hyc-common-markdown__table-wrapper\">\n<table>\n<thead>\n<tr>\n<th>Model<\/th>\n<th>Kapacitet<\/th>\n<th>Dimensioner (H*\u00d8)<\/th>\n<th>Kaliber<\/th>\n<th>Glasform<\/th>\n<\/tr>\n<\/thead>\n<tbody>\n<tr>\n<td>PB-HS0101<\/td>\n<td>30 ml<\/td>\n<td>45 * 73 mm<\/td>\n<td>15 mm<\/td>\n<td>Rund med bjergbase<\/td>\n<\/tr>\n<tr>\n<td>PB-HS0102<\/td>\n<td>50 ml<\/td>\n<td>51 * 80 mm<\/td>\n<td>15 mm<\/td>\n<td>Rund med bjergbase<\/td>\n<\/tr>\n<tr>\n<td>PB-HS0103<\/td>\n<td>100ml<\/td>\n<td>59 * 94 mm<\/td>\n<td>15 mm<\/td>\n<td>Rund med bjergbase<\/td>\n<\/tr>\n<\/tbody>\n<\/table>\n<\/div>\n<h2>Hvorfor v\u00e6lge denne flaske som dit m\u00e6rkevalg?<\/h2>\n<h3>For m\u00e6rker:<\/h3>\n<ol>\n<li>L\u00f8ft luksuspositioneringen med elegancedrevne designs.<\/li>\n<li>Blanke flasker klar til brugerdefineret gravering, matteret finish eller farvet glas.<\/li>\n<li>Kompatibel med sprayforst\u00f8vere eller pipettepropper til forskellige duftformater.<\/li>\n<\/ol>\n<h3>For engrospartnere:<\/h3>\n<ol>\n<li>Omkostningseffektive bulkbestillinger af unikke parfumeflasker engrosdistribution.<\/li>\n<li>Holdbare glasbeholdere sikrer sikker global forsendelse.<\/li>\n<li>Str\u00f8mlinet tilpasning til at betjene flere m\u00e6rker under \u00e9n ordre.<\/li>\n<\/ol>\n<h3>Tilpasningsmuligheder:<\/h3>\n<ul>\n<li><strong>Glasfinish:<\/strong> Klare, matterede eller graduerede farver.<\/li>\n<li><strong>Flaskekapseldesign:<\/strong> Matsort skruel\u00e5g (afd\u00e6mpet elegance), metaludsmykningsl\u00e5g (uds\u00f8gt glans) eller milj\u00f8venligt tr\u00e6\u00e5ringsl\u00e5g (naturlig tekstur) er tilg\u00e6ngelige for at im\u00f8dekomme brandets alsidige str\u00e6ben efter stil og kvalitet.<\/li>\n<li><strong>M\u00e6rkeaftryk:<\/strong> Underst\u00f8tter lasergravering (sart og holdbar), serigrafi (lyse farver) eller pr\u00e6get logo (tredimensionel tekstur), hvilket g\u00f8r det muligt at pr\u00e6sentere dit brandsymbol i den mest bev\u00e6gelige stilling.<\/li>\n<\/ul>\n<p>Valgfrie toppe:<\/p>\n<p><img loading=\"lazy\" decoding=\"async\" class=\"size-medium wp-image-2961 aligncenter\" src=\"https:\/\/theperfumebottles.com\/wp-content\/uploads\/2025\/04\/perfume-bottle-tops-3-300x164.webp\" alt=\"parfumeflaskekapsler\" width=\"300\" height=\"164\" srcset=\"https:\/\/theperfumebottles.com\/wp-content\/uploads\/2025\/04\/perfume-bottle-tops-3-300x164.webp 300w, https:\/\/theperfumebottles.com\/wp-content\/uploads\/2025\/04\/perfume-bottle-tops-3-18x10.webp 18w, https:\/\/theperfumebottles.com\/wp-content\/uploads\/2025\/04\/perfume-bottle-tops-3-600x329.webp 600w, https:\/\/theperfumebottles.com\/wp-content\/uploads\/2025\/04\/perfume-bottle-tops-3.webp 750w\" sizes=\"(max-width: 300px) 100vw, 300px\" \/><br \/>\n<img loading=\"lazy\" decoding=\"async\" class=\"size-medium wp-image-2960 aligncenter\" src=\"https:\/\/theperfumebottles.com\/wp-content\/uploads\/2025\/04\/perfume-bottle-tops-2-300x145.webp\" alt=\"parfumeflaskekapsler\" width=\"300\" height=\"145\" srcset=\"https:\/\/theperfumebottles.com\/wp-content\/uploads\/2025\/04\/perfume-bottle-tops-2-300x145.webp 300w, https:\/\/theperfumebottles.com\/wp-content\/uploads\/2025\/04\/perfume-bottle-tops-2-18x9.webp 18w, https:\/\/theperfumebottles.com\/wp-content\/uploads\/2025\/04\/perfume-bottle-tops-2-600x290.webp 600w, https:\/\/theperfumebottles.com\/wp-content\/uploads\/2025\/04\/perfume-bottle-tops-2.webp 750w\" sizes=\"(max-width: 300px) 100vw, 300px\" \/><br \/>\n<img loading=\"lazy\" decoding=\"async\" class=\"size-medium wp-image-2959 aligncenter\" src=\"https:\/\/theperfumebottles.com\/wp-content\/uploads\/2025\/04\/perfume-bottle-tops-1-300x224.webp\" alt=\"parfumeflaskekapsler\" width=\"300\" height=\"224\" srcset=\"https:\/\/theperfumebottles.com\/wp-content\/uploads\/2025\/04\/perfume-bottle-tops-1-300x224.webp 300w, https:\/\/theperfumebottles.com\/wp-content\/uploads\/2025\/04\/perfume-bottle-tops-1-16x12.webp 16w, https:\/\/theperfumebottles.com\/wp-content\/uploads\/2025\/04\/perfume-bottle-tops-1-600x447.webp 600w, https:\/\/theperfumebottles.com\/wp-content\/uploads\/2025\/04\/perfume-bottle-tops-1.webp 746w\" sizes=\"(max-width: 300px) 100vw, 300px\" \/><\/p>\n<h2>Bestil i dag og forvandl din duftlinje<\/h2>\n<p>Uanset om du er en nicheparfumeproducent eller en producent, der leverer til globale m\u00e6rker, leverer vores Mountain Base Collection unikke parfumeemballager, der fascinerer. Anmod om pr\u00f8ver eller forh\u00f8r dig om engrospriser for at begynde at skabe uforglemmelige unboxing-oplevelser.<\/p>","protected":false},"excerpt":{"rendered":"<p>Opdag uds\u00f8gte, unikke parfumeflasker engros med designs baseret p\u00e5 bjerge. L\u00f8ft dit brand med brugerdefineret krystalglasemballage til luksuri\u00f8se dufte.<\/p>","protected":false},"featured_media":2956,"comment_status":"open","ping_status":"closed","template":"","meta":{"_acf_changed":false,"site-sidebar-layout":"default","site-content-layout":"","ast-site-content-layout":"default","site-content-style":"default","site-sidebar-style":"default","ast-global-header-display":"","ast-banner-title-visibility":"","ast-main-header-display":"","ast-hfb-above-header-display":"","ast-hfb-below-header-display":"","ast-hfb-mobile-header-display":"","site-post-title":"","ast-breadcrumbs-content":"","ast-featured-img":"","footer-sml-layout":"","ast-disable-related-posts":"","theme-transparent-header-meta":"default","adv-header-id-meta":"","stick-header-meta":"","header-above-stick-meta":"","header-main-stick-meta":"","header-below-stick-meta":"","astra-migrate-meta-layouts":"set","ast-page-background-enabled":"default","ast-page-background-meta":{"desktop":{"background-color":"var(--ast-global-color-5)","background-image":"","background-repeat":"repeat","background-position":"center center","background-size":"auto","background-attachment":"scroll","background-type":"","background-media":"","overlay-type":"","overlay-color":"","overlay-opacity":"","overlay-gradient":""},"tablet":{"background-color":"","background-image":"","background-repeat":"repeat","background-position":"center center","background-size":"auto","background-attachment":"scroll","background-type":"","background-media":"","overlay-type":"","overlay-color":"","overlay-opacity":"","overlay-gradient":""},"mobile":{"background-color":"","background-image":"","background-repeat":"repeat","background-position":"center center","background-size":"auto","background-attachment":"scroll","background-type":"","background-media":"","overlay-type":"","overlay-color":"","overlay-opacity":"","overlay-gradient":""}},"ast-content-background-meta":{"desktop":{"background-color":"var(--ast-global-color-4)","background-image":"","background-repeat":"repeat","background-position":"center center","background-size":"auto","background-attachment":"scroll","background-type":"","background-media":"","overlay-type":"","overlay-color":"","overlay-opacity":"","overlay-gradient":""},"tablet":{"background-color":"var(--ast-global-color-4)","background-image":"","background-repeat":"repeat","background-position":"center center","background-size":"auto","background-attachment":"scroll","background-type":"","background-media":"","overlay-type":"","overlay-color":"","overlay-opacity":"","overlay-gradient":""},"mobile":{"background-color":"var(--ast-global-color-4)","background-image":"","background-repeat":"repeat","background-position":"center center","background-size":"auto","background-attachment":"scroll","background-type":"","background-media":"","overlay-type":"","overlay-color":"","overlay-opacity":"","overlay-gradient":""}}},"product_brand":[],"product_cat":[41,72],"product_tag":[],"class_list":{"0":"post-2950","1":"product","2":"type-product","3":"status-publish","4":"has-post-thumbnail","6":"product_cat-perfume-bottles","7":"product_cat-cosmetic-packaging","8":"desktop-align-left","9":"tablet-align-left","10":"mobile-align-left","12":"first","13":"instock","14":"shipping-taxable","15":"product-type-simple"},"acf":[],"jetpack_sharing_enabled":true,"_links":{"self":[{"href":"https:\/\/theperfumebottles.com\/da\/wp-json\/wp\/v2\/product\/2950","targetHints":{"allow":["GET"]}}],"collection":[{"href":"https:\/\/theperfumebottles.com\/da\/wp-json\/wp\/v2\/product"}],"about":[{"href":"https:\/\/theperfumebottles.com\/da\/wp-json\/wp\/v2\/types\/product"}],"replies":[{"embeddable":true,"href":"https:\/\/theperfumebottles.com\/da\/wp-json\/wp\/v2\/comments?post=2950"}],"wp:featuredmedia":[{"embeddable":true,"href":"https:\/\/theperfumebottles.com\/da\/wp-json\/wp\/v2\/media\/2956"}],"wp:attachment":[{"href":"https:\/\/theperfumebottles.com\/da\/wp-json\/wp\/v2\/media?parent=2950"}],"wp:term":[{"taxonomy":"product_brand","embeddable":true,"href":"https:\/\/theperfumebottles.com\/da\/wp-json\/wp\/v2\/product_brand?post=2950"},{"taxonomy":"product_cat","embeddable":true,"href":"https:\/\/theperfumebottles.com\/da\/wp-json\/wp\/v2\/product_cat?post=2950"},{"taxonomy":"product_tag","embeddable":true,"href":"https:\/\/theperfumebottles.com\/da\/wp-json\/wp\/v2\/product_tag?post=2950"}],"curies":[{"name":"wp","href":"https:\/\/api.w.org\/{rel}","templated":true}]}}