{"id":2963,"date":"2025-04-03T06:36:47","date_gmt":"2025-04-03T06:36:47","guid":{"rendered":"https:\/\/theperfumebottles.com\/?post_type=product&#038;p=2963"},"modified":"2025-05-30T10:52:58","modified_gmt":"2025-05-30T02:52:58","slug":"empty-refillable-perfume-bottles-leakproof-glass-perfume-refillable-bottles","status":"publish","type":"product","link":"https:\/\/theperfumebottles.com\/da\/vare\/empty-refillable-perfume-bottles-leakproof-glass-perfume-refillable-bottles\/","title":{"rendered":"2ml 3ml 5ml 10ml tomme genopfyldelige parfumeflasker i glas"},"content":{"rendered":"<p>Vi skaber elegante, praktiske og milj\u00f8venlige genopfyldelige flasker til brands, der er engagerede i b\u00e6redygtighed. Uanset om det er en rejsest\u00f8rrelse, en pr\u00f8vest\u00f8rrelse eller en co-branded version, vil denne parfumeflaske i glas f\u00e5 din duft til at skinne, samtidig med at den beskytter planeten.<\/p>\n<h2>Minimitilaus<\/h2>\n<div class=\"hyc-common-markdown__table-wrapper\">\n<table>\n<thead>\n<tr>\n<th>Kapacitet<\/th>\n<th>Flaskeh\u00f8jde<\/th>\n<th>Indvendig diameter<\/th>\n<th>Pakningsm\u00e6ngde<\/th>\n<th>Kartonst\u00f8rrelse (cm)<\/th>\n<\/tr>\n<\/thead>\n<tbody>\n<tr>\n<td>2 ml<\/td>\n<td>30 mm<\/td>\n<td>6,5 mm<\/td>\n<td>4,830<\/td>\n<td>45,5x29x29<\/td>\n<\/tr>\n<tr>\n<td>3 ml<\/td>\n<td>40 mm<\/td>\n<td>6,5 mm<\/td>\n<td>3,450<\/td>\n<td>45,5x29x29<\/td>\n<\/tr>\n<tr>\n<td>5 ml<\/td>\n<td>55 mm<\/td>\n<td>6,5 mm<\/td>\n<td>2,760<\/td>\n<td>45,5x29x29<\/td>\n<\/tr>\n<tr>\n<td>10 ml<\/td>\n<td>100 mm<\/td>\n<td>6,5 mm<\/td>\n<td>2,277<\/td>\n<td>49x30x33,5<\/td>\n<\/tr>\n<\/tbody>\n<\/table>\n<\/div>\n<h2>Hvorfor v\u00e6lge vores genopfyldelige glasparfumeflasker?<\/h2>\n<ul>\n<li><strong>\u00c9n flaske til flere anvendelser:<\/strong> kan indeholde parfume\/k\u00f6ln\/\u00e6terisk olie.<\/li>\n<li><strong>Milj\u00f8venlig og omkostningseffektiv:<\/strong> Milj\u00f8venlig regnskabsbog: genbrug reducerer emballageaffald med 300%.<\/li>\n<li><strong>Forretningsfordel:<\/strong> Engrospris + global sikker levering, tag dig af hver ordre som et kunstv\u00e6rk.<\/li>\n<\/ul>\n<h2>Tilpasning og fordele ved bulkbestillinger<\/h2>\n<ul>\n<li><strong>Tilpasningsmuligheder:<\/strong> den delikate tekstur ved serigrafi, det uds\u00f8gte h\u00e5ndv\u00e6rk ved lasergravering eller den kreative kreativitet ved klisterm\u00e6rker.<\/li>\n<li><strong>Storbestilling for mere v\u00e6rdi:<\/strong> Samarbejde i store m\u00e6ngder, bedre priser \u2013 lad hver investering blive til et spring i brandv\u00e6rdi<\/li>\n<li><strong>Global forsendelse:<\/strong> Sikker, l\u00e6kagesikker emballage til sikker transport.<\/li>\n<\/ul>\n<p>Leder du efter en p\u00e5lidelig producent? Kontakt os for at bestille tomme, genopfyldelige parfumeflasker, der er skr\u00e6ddersyet til din brandvision!<\/p>","protected":false},"excerpt":{"rendered":"<p>Opdag f\u00f8rsteklasses, tomme, genopfyldelige parfumeflasker til rejsevenlige og store ordrer. Brugerdefinerede, genopfyldelige glasparfumeflasker med l\u00e6kagesikkert design.<\/p>","protected":false},"featured_media":2966,"comment_status":"open","ping_status":"closed","template":"","meta":{"_acf_changed":false,"site-sidebar-layout":"default","site-content-layout":"","ast-site-content-layout":"default","site-content-style":"default","site-sidebar-style":"default","ast-global-header-display":"","ast-banner-title-visibility":"","ast-main-header-display":"","ast-hfb-above-header-display":"","ast-hfb-below-header-display":"","ast-hfb-mobile-header-display":"","site-post-title":"","ast-breadcrumbs-content":"","ast-featured-img":"","footer-sml-layout":"","ast-disable-related-posts":"","theme-transparent-header-meta":"default","adv-header-id-meta":"","stick-header-meta":"","header-above-stick-meta":"","header-main-stick-meta":"","header-below-stick-meta":"","astra-migrate-meta-layouts":"set","ast-page-background-enabled":"default","ast-page-background-meta":{"desktop":{"background-color":"var(--ast-global-color-5)","background-image":"","background-repeat":"repeat","background-position":"center center","background-size":"auto","background-attachment":"scroll","background-type":"","background-media":"","overlay-type":"","overlay-color":"","overlay-opacity":"","overlay-gradient":""},"tablet":{"background-color":"","background-image":"","background-repeat":"repeat","background-position":"center center","background-size":"auto","background-attachment":"scroll","background-type":"","background-media":"","overlay-type":"","overlay-color":"","overlay-opacity":"","overlay-gradient":""},"mobile":{"background-color":"","background-image":"","background-repeat":"repeat","background-position":"center center","background-size":"auto","background-attachment":"scroll","background-type":"","background-media":"","overlay-type":"","overlay-color":"","overlay-opacity":"","overlay-gradient":""}},"ast-content-background-meta":{"desktop":{"background-color":"var(--ast-global-color-4)","background-image":"","background-repeat":"repeat","background-position":"center center","background-size":"auto","background-attachment":"scroll","background-type":"","background-media":"","overlay-type":"","overlay-color":"","overlay-opacity":"","overlay-gradient":""},"tablet":{"background-color":"var(--ast-global-color-4)","background-image":"","background-repeat":"repeat","background-position":"center center","background-size":"auto","background-attachment":"scroll","background-type":"","background-media":"","overlay-type":"","overlay-color":"","overlay-opacity":"","overlay-gradient":""},"mobile":{"background-color":"var(--ast-global-color-4)","background-image":"","background-repeat":"repeat","background-position":"center center","background-size":"auto","background-attachment":"scroll","background-type":"","background-media":"","overlay-type":"","overlay-color":"","overlay-opacity":"","overlay-gradient":""}}},"product_brand":[],"product_cat":[72,91,74,41,90],"product_tag":[],"class_list":{"0":"post-2963","1":"product","2":"type-product","3":"status-publish","4":"has-post-thumbnail","6":"product_cat-cosmetic-packaging","7":"product_cat-custom-perfume-bottles","8":"product_cat-mini-perfume-bottles","9":"product_cat-perfume-bottles","10":"product_cat-refillable-perfume-bottles","11":"desktop-align-left","12":"tablet-align-left","13":"mobile-align-left","15":"first","16":"instock","17":"shipping-taxable","18":"product-type-simple"},"acf":[],"jetpack_sharing_enabled":true,"_links":{"self":[{"href":"https:\/\/theperfumebottles.com\/da\/wp-json\/wp\/v2\/product\/2963","targetHints":{"allow":["GET"]}}],"collection":[{"href":"https:\/\/theperfumebottles.com\/da\/wp-json\/wp\/v2\/product"}],"about":[{"href":"https:\/\/theperfumebottles.com\/da\/wp-json\/wp\/v2\/types\/product"}],"replies":[{"embeddable":true,"href":"https:\/\/theperfumebottles.com\/da\/wp-json\/wp\/v2\/comments?post=2963"}],"wp:featuredmedia":[{"embeddable":true,"href":"https:\/\/theperfumebottles.com\/da\/wp-json\/wp\/v2\/media\/2966"}],"wp:attachment":[{"href":"https:\/\/theperfumebottles.com\/da\/wp-json\/wp\/v2\/media?parent=2963"}],"wp:term":[{"taxonomy":"product_brand","embeddable":true,"href":"https:\/\/theperfumebottles.com\/da\/wp-json\/wp\/v2\/product_brand?post=2963"},{"taxonomy":"product_cat","embeddable":true,"href":"https:\/\/theperfumebottles.com\/da\/wp-json\/wp\/v2\/product_cat?post=2963"},{"taxonomy":"product_tag","embeddable":true,"href":"https:\/\/theperfumebottles.com\/da\/wp-json\/wp\/v2\/product_tag?post=2963"}],"curies":[{"name":"wp","href":"https:\/\/api.w.org\/{rel}","templated":true}]}}