{"id":2976,"date":"2025-04-07T08:03:03","date_gmt":"2025-04-07T08:03:03","guid":{"rendered":"https:\/\/theperfumebottles.com\/?post_type=product&#038;p=2976"},"modified":"2025-04-07T08:03:05","modified_gmt":"2025-04-07T08:03:05","slug":"30ml-50ml-100ml-green-perfume-bottles-for-men-ladies","status":"publish","type":"product","link":"https:\/\/theperfumebottles.com\/da\/vare\/30ml-50ml-100ml-green-perfume-bottles-for-men-ladies\/","title":{"rendered":"30ml 50ml 100ml Gr\u00f8nne Parfumeflasker til Herrer og Damer"},"content":{"rendered":"<p>L\u00f8ft din duftlinje med vores gr\u00f8nne cologneflaske til m\u00e6nd og gr\u00f8nne parfumeflasker til damer, skabt til luksus og alsidighed. Disse flasker er designet med krystalglas og en karakteristisk gr\u00f8n bjergbase og blander kunstnerisk udtryk med funktionalitet \u2013 perfekt til brugerdefineret parfumeemballage.<\/p>\n<table style=\"border-collapse: collapse; margin-left: auto; margin-right: auto; width: 162.03pt;\" border=\"0\" width=\"216\" cellspacing=\"0\" cellpadding=\"0\">\n<tbody>\n<tr style=\"height: 13.50pt;\">\n<td style=\"height: 13.50pt; width: 54.00pt;\" width=\"72\" height=\"18\">\n<p><figure id=\"attachment_2977\" aria-describedby=\"caption-attachment-2977\" style=\"width: 300px\" class=\"wp-caption aligncenter\"><img fetchpriority=\"high\" decoding=\"async\" class=\"size-medium wp-image-2977\" src=\"https:\/\/theperfumebottles.com\/wp-content\/uploads\/2025\/04\/mens-cologne-green-bottle-HS0301-300x300.webp\" alt=\"herre cologne gr\u00f8n flaske\" width=\"300\" height=\"300\" srcset=\"https:\/\/theperfumebottles.com\/wp-content\/uploads\/2025\/04\/mens-cologne-green-bottle-HS0301-300x300.webp 300w, https:\/\/theperfumebottles.com\/wp-content\/uploads\/2025\/04\/mens-cologne-green-bottle-HS0301-150x150.webp 150w, https:\/\/theperfumebottles.com\/wp-content\/uploads\/2025\/04\/mens-cologne-green-bottle-HS0301-768x768.webp 768w, https:\/\/theperfumebottles.com\/wp-content\/uploads\/2025\/04\/mens-cologne-green-bottle-HS0301-12x12.webp 12w, https:\/\/theperfumebottles.com\/wp-content\/uploads\/2025\/04\/mens-cologne-green-bottle-HS0301-600x600.webp 600w, https:\/\/theperfumebottles.com\/wp-content\/uploads\/2025\/04\/mens-cologne-green-bottle-HS0301-100x100.webp 100w, https:\/\/theperfumebottles.com\/wp-content\/uploads\/2025\/04\/mens-cologne-green-bottle-HS0301.webp 1024w\" sizes=\"(max-width: 300px) 100vw, 300px\" \/><figcaption id=\"caption-attachment-2977\" class=\"wp-caption-text\">30 ml HS0301<\/figcaption><\/figure><\/td>\n<td style=\"width: 54.00pt;\" width=\"72\">\n<p><figure id=\"attachment_2980\" aria-describedby=\"caption-attachment-2980\" style=\"width: 300px\" class=\"wp-caption alignnone\"><img decoding=\"async\" class=\"size-medium wp-image-2980\" src=\"https:\/\/theperfumebottles.com\/wp-content\/uploads\/2025\/04\/green-perfume-bottle-for-ladies-HS0302-300x300.webp\" alt=\"gr\u00f8n parfumeflaske til kvinder\" width=\"300\" height=\"300\" srcset=\"https:\/\/theperfumebottles.com\/wp-content\/uploads\/2025\/04\/green-perfume-bottle-for-ladies-HS0302-300x300.webp 300w, https:\/\/theperfumebottles.com\/wp-content\/uploads\/2025\/04\/green-perfume-bottle-for-ladies-HS0302-150x150.webp 150w, https:\/\/theperfumebottles.com\/wp-content\/uploads\/2025\/04\/green-perfume-bottle-for-ladies-HS0302-768x768.webp 768w, https:\/\/theperfumebottles.com\/wp-content\/uploads\/2025\/04\/green-perfume-bottle-for-ladies-HS0302-12x12.webp 12w, https:\/\/theperfumebottles.com\/wp-content\/uploads\/2025\/04\/green-perfume-bottle-for-ladies-HS0302-600x600.webp 600w, https:\/\/theperfumebottles.com\/wp-content\/uploads\/2025\/04\/green-perfume-bottle-for-ladies-HS0302-100x100.webp 100w, https:\/\/theperfumebottles.com\/wp-content\/uploads\/2025\/04\/green-perfume-bottle-for-ladies-HS0302.webp 1024w\" sizes=\"(max-width: 300px) 100vw, 300px\" \/><figcaption id=\"caption-attachment-2980\" class=\"wp-caption-text\">50 ml HS0302<\/figcaption><\/figure><\/td>\n<td style=\"width: 54.00pt;\" width=\"72\">\n<p><figure id=\"attachment_2978\" aria-describedby=\"caption-attachment-2978\" style=\"width: 300px\" class=\"wp-caption aligncenter\"><img decoding=\"async\" class=\"size-medium wp-image-2978\" src=\"https:\/\/theperfumebottles.com\/wp-content\/uploads\/2025\/04\/green-bottle-cologne-mens-HS0303-300x300.webp\" alt=\"gr\u00f8n flaske cologne til m\u00e6nd\" width=\"300\" height=\"300\" srcset=\"https:\/\/theperfumebottles.com\/wp-content\/uploads\/2025\/04\/green-bottle-cologne-mens-HS0303-300x300.webp 300w, https:\/\/theperfumebottles.com\/wp-content\/uploads\/2025\/04\/green-bottle-cologne-mens-HS0303-150x150.webp 150w, https:\/\/theperfumebottles.com\/wp-content\/uploads\/2025\/04\/green-bottle-cologne-mens-HS0303-768x768.webp 768w, https:\/\/theperfumebottles.com\/wp-content\/uploads\/2025\/04\/green-bottle-cologne-mens-HS0303-12x12.webp 12w, https:\/\/theperfumebottles.com\/wp-content\/uploads\/2025\/04\/green-bottle-cologne-mens-HS0303-600x600.webp 600w, https:\/\/theperfumebottles.com\/wp-content\/uploads\/2025\/04\/green-bottle-cologne-mens-HS0303-100x100.webp 100w, https:\/\/theperfumebottles.com\/wp-content\/uploads\/2025\/04\/green-bottle-cologne-mens-HS0303.webp 1024w\" sizes=\"(max-width: 300px) 100vw, 300px\" \/><figcaption id=\"caption-attachment-2978\" class=\"wp-caption-text\">100 ml HS0303<\/figcaption><\/figure><\/td>\n<\/tr>\n<\/tbody>\n<\/table>\n<h2>Minimitilaus<\/h2>\n<div class=\"hyc-common-markdown__table-wrapper\">\n<table>\n<thead>\n<tr>\n<th>Model<\/th>\n<th>Kapacitet<\/th>\n<th>St\u00f8rrelse (mm)<\/th>\n<th>Materiale<\/th>\n<th>Brugsscenarie<\/th>\n<\/tr>\n<\/thead>\n<tbody>\n<tr>\n<td>PB-HS0301<\/td>\n<td>30 ml<\/td>\n<td>46\u00d773<\/td>\n<td>Krystalglas<\/td>\n<td>Herreparfum, bodyspray<\/td>\n<\/tr>\n<tr>\n<td>PB-HS0302<\/td>\n<td>50 ml<\/td>\n<td>51\u00d780<\/td>\n<td>Krystalglas<\/td>\n<td>Dameparfume, unisex duft<\/td>\n<\/tr>\n<tr>\n<td>PB-HS0303<\/td>\n<td>100ml<\/td>\n<td>59\u00d794<\/td>\n<td>Krystalglas<\/td>\n<td>Luksus gaves\u00e6t, genopfyldelig forst\u00f8ver<\/td>\n<\/tr>\n<\/tbody>\n<\/table>\n<\/div>\n<h2>Hvorfor v\u00e6lge disse gr\u00f8nne glasflasker?<\/h2>\n<ol>\n<li>\u200b<strong>Luksus m\u00f8der funktionalitet<\/strong>\n<ul>\n<li>Parfumeflasker i glas sikrer duftens integritet med ikke-reaktivt krystalglas.<\/li>\n<li>Pr\u00e6cisionssprayforst\u00f8ver leverer ensartet forst\u00f8vning for f\u00f8rsteklasses oplevelser.<\/li>\n<\/ul>\n<\/li>\n<li>\u200b<strong>Signatur gr\u00f8n \u00e6stetik<\/strong>\n<ul>\n<li>K\u00f8bere af herreduften Green Bottle Cologne elsker den jordagtige, sofistikerede base.<\/li>\n<li>Gr\u00f8nne parfumeflasker til damer kombinerer smaragdgr\u00f8nne toner med minimalistisk gennemsigtighed.<\/li>\n<\/ul>\n<\/li>\n<li>\u200b<strong>Uendelig tilpasning<\/strong>\n<ul>\n<li>Skab unikke designs: Tilpas farverne p\u00e5 l\u00e5gene, grav\u00e9r logoer, eller v\u00e6lg tomme parfumeflasker til g\u00f8r-det-selv-m\u00e6rker.<\/li>\n<li>Storbestillinger inkluderer skr\u00e6ddersyet parfumeemballage.<\/li>\n<\/ul>\n<\/li>\n<\/ol>\n<h2>Skil dig ud med brugerdefineret branding<\/h2>\n<p>Som en f\u00f8rende producent af parfumeflasker i glas giver vi brands mulighed for at:<\/p>\n<ul>\n<li>V\u00e6lg mellem glasflasker p\u00e5 30 ml, 50 ml eller 100 ml.<\/li>\n<li>Tilf\u00f8j matte\/blanke finish til kasketter, eller giv den transparente base en specialfarvning.<\/li>\n<li>Opret en konto for eksklusive bulkpriser og designkonsultationer.<\/li>\n<\/ul>\n<p><strong>L\u00f8ft din duftlinje i dag<\/strong>-omdanner parfumer til m\u00e6nd og kvinder med gr\u00f8nne flasker til samlerv\u00e6rdig kunst. [Kontakt os] for at anmode om pr\u00f8ver eller oprette din brandede prototype!<\/p>","protected":false},"excerpt":{"rendered":"<p>Premium gr\u00f8nne parfumeflasker til herre-cologne og damedufte. Brugerdefinerede st\u00f8rrelser, krystalglas og milj\u00f8venlige designs. Ideel til m\u00e6rker, der s\u00f8ger luksuri\u00f8s parfumeemballage.<\/p>","protected":false},"featured_media":2977,"comment_status":"open","ping_status":"closed","template":"","meta":{"_acf_changed":false,"site-sidebar-layout":"default","site-content-layout":"","ast-site-content-layout":"default","site-content-style":"default","site-sidebar-style":"default","ast-global-header-display":"","ast-banner-title-visibility":"","ast-main-header-display":"","ast-hfb-above-header-display":"","ast-hfb-below-header-display":"","ast-hfb-mobile-header-display":"","site-post-title":"","ast-breadcrumbs-content":"","ast-featured-img":"","footer-sml-layout":"","ast-disable-related-posts":"","theme-transparent-header-meta":"default","adv-header-id-meta":"","stick-header-meta":"","header-above-stick-meta":"","header-main-stick-meta":"","header-below-stick-meta":"","astra-migrate-meta-layouts":"set","ast-page-background-enabled":"default","ast-page-background-meta":{"desktop":{"background-color":"var(--ast-global-color-5)","background-image":"","background-repeat":"repeat","background-position":"center center","background-size":"auto","background-attachment":"scroll","background-type":"","background-media":"","overlay-type":"","overlay-color":"","overlay-opacity":"","overlay-gradient":""},"tablet":{"background-color":"","background-image":"","background-repeat":"repeat","background-position":"center center","background-size":"auto","background-attachment":"scroll","background-type":"","background-media":"","overlay-type":"","overlay-color":"","overlay-opacity":"","overlay-gradient":""},"mobile":{"background-color":"","background-image":"","background-repeat":"repeat","background-position":"center center","background-size":"auto","background-attachment":"scroll","background-type":"","background-media":"","overlay-type":"","overlay-color":"","overlay-opacity":"","overlay-gradient":""}},"ast-content-background-meta":{"desktop":{"background-color":"var(--ast-global-color-4)","background-image":"","background-repeat":"repeat","background-position":"center center","background-size":"auto","background-attachment":"scroll","background-type":"","background-media":"","overlay-type":"","overlay-color":"","overlay-opacity":"","overlay-gradient":""},"tablet":{"background-color":"var(--ast-global-color-4)","background-image":"","background-repeat":"repeat","background-position":"center center","background-size":"auto","background-attachment":"scroll","background-type":"","background-media":"","overlay-type":"","overlay-color":"","overlay-opacity":"","overlay-gradient":""},"mobile":{"background-color":"var(--ast-global-color-4)","background-image":"","background-repeat":"repeat","background-position":"center center","background-size":"auto","background-attachment":"scroll","background-type":"","background-media":"","overlay-type":"","overlay-color":"","overlay-opacity":"","overlay-gradient":""}}},"product_brand":[],"product_cat":[72,41],"product_tag":[],"class_list":{"0":"post-2976","1":"product","2":"type-product","3":"status-publish","4":"has-post-thumbnail","6":"product_cat-cosmetic-packaging","7":"product_cat-perfume-bottles","8":"desktop-align-left","9":"tablet-align-left","10":"mobile-align-left","12":"first","13":"instock","14":"shipping-taxable","15":"product-type-simple"},"acf":[],"jetpack_sharing_enabled":true,"_links":{"self":[{"href":"https:\/\/theperfumebottles.com\/da\/wp-json\/wp\/v2\/product\/2976","targetHints":{"allow":["GET"]}}],"collection":[{"href":"https:\/\/theperfumebottles.com\/da\/wp-json\/wp\/v2\/product"}],"about":[{"href":"https:\/\/theperfumebottles.com\/da\/wp-json\/wp\/v2\/types\/product"}],"replies":[{"embeddable":true,"href":"https:\/\/theperfumebottles.com\/da\/wp-json\/wp\/v2\/comments?post=2976"}],"wp:featuredmedia":[{"embeddable":true,"href":"https:\/\/theperfumebottles.com\/da\/wp-json\/wp\/v2\/media\/2977"}],"wp:attachment":[{"href":"https:\/\/theperfumebottles.com\/da\/wp-json\/wp\/v2\/media?parent=2976"}],"wp:term":[{"taxonomy":"product_brand","embeddable":true,"href":"https:\/\/theperfumebottles.com\/da\/wp-json\/wp\/v2\/product_brand?post=2976"},{"taxonomy":"product_cat","embeddable":true,"href":"https:\/\/theperfumebottles.com\/da\/wp-json\/wp\/v2\/product_cat?post=2976"},{"taxonomy":"product_tag","embeddable":true,"href":"https:\/\/theperfumebottles.com\/da\/wp-json\/wp\/v2\/product_tag?post=2976"}],"curies":[{"name":"wp","href":"https:\/\/api.w.org\/{rel}","templated":true}]}}