{"id":2983,"date":"2025-04-07T09:06:52","date_gmt":"2025-04-07T09:06:52","guid":{"rendered":"https:\/\/theperfumebottles.com\/?post_type=product&#038;p=2983"},"modified":"2025-05-29T10:05:41","modified_gmt":"2025-05-29T02:05:41","slug":"30ml-50ml-100ml-modern-perfume-bottles-with-silver-mountain-base","status":"publish","type":"product","link":"https:\/\/theperfumebottles.com\/da\/vare\/30ml-50ml-100ml-modern-perfume-bottles-with-silver-mountain-base\/","title":{"rendered":"30ml 50ml 100ml Moderne Parfumeflasker med Silver Mountain Base"},"content":{"rendered":"<p>Disse moderne parfumeflasker kombinerer charmen fra naturlige bjerge med moderne design, og hver eneste detalje afsl\u00f8rer elegance og stil. Brandets grundl\u00e6gger og forretningspartnere, der er opm\u00e6rksomme p\u00e5 emballagen, vil blive forbl\u00f8ffet over dens unikke kunstneriske sans \u2013 det er ikke kun en beholder, men ogs\u00e5 en forl\u00e6ngelse af brandhistorien, hvilket g\u00f8r din duft sv\u00e6r at ignorere b\u00e5de visuelt og taktilt. Designet til at blande moderne \u00e6stetik med funktionel elegance, er disse glasparfumeflasker ideelle til luksusparfumer, niche-cologner og skr\u00e6ddersyede dufte.<\/p>\n<table style=\"border-collapse: collapse;margin-left: auto;margin-right: auto;width: 162.03pt\" border=\"0\" width=\"216\" cellspacing=\"0\" cellpadding=\"0\">\n<tbody>\n<tr style=\"height: 13.50pt\">\n<td style=\"height: 13.50pt;width: 54.00pt\" width=\"72\" height=\"18\">\n<p><figure id=\"attachment_2988\" aria-describedby=\"caption-attachment-2988\" style=\"width: 300px\" class=\"wp-caption aligncenter\"><img fetchpriority=\"high\" decoding=\"async\" class=\"size-medium wp-image-2988\" src=\"https:\/\/theperfumebottles.com\/wp-content\/uploads\/2025\/04\/modern-perfume-bottles-hs0401-300x300.webp\" alt=\"moderne parfumeflasker\" width=\"300\" height=\"300\" srcset=\"https:\/\/theperfumebottles.com\/wp-content\/uploads\/2025\/04\/modern-perfume-bottles-hs0401-300x300.webp 300w, https:\/\/theperfumebottles.com\/wp-content\/uploads\/2025\/04\/modern-perfume-bottles-hs0401-150x150.webp 150w, https:\/\/theperfumebottles.com\/wp-content\/uploads\/2025\/04\/modern-perfume-bottles-hs0401-768x768.webp 768w, https:\/\/theperfumebottles.com\/wp-content\/uploads\/2025\/04\/modern-perfume-bottles-hs0401-12x12.webp 12w, https:\/\/theperfumebottles.com\/wp-content\/uploads\/2025\/04\/modern-perfume-bottles-hs0401-600x600.webp 600w, https:\/\/theperfumebottles.com\/wp-content\/uploads\/2025\/04\/modern-perfume-bottles-hs0401-100x100.webp 100w, https:\/\/theperfumebottles.com\/wp-content\/uploads\/2025\/04\/modern-perfume-bottles-hs0401.webp 1024w\" sizes=\"(max-width: 300px) 100vw, 300px\" \/><figcaption id=\"caption-attachment-2988\" class=\"wp-caption-text\">30 ml HS0401<\/figcaption><\/figure><\/td>\n<td style=\"width: 54.00pt\" width=\"72\">\n<p><figure id=\"attachment_2984\" aria-describedby=\"caption-attachment-2984\" style=\"width: 300px\" class=\"wp-caption aligncenter\"><img decoding=\"async\" class=\"size-medium wp-image-2984\" src=\"https:\/\/theperfumebottles.com\/wp-content\/uploads\/2025\/04\/custom-fragrance-bottles-HS0402-300x300.webp\" alt=\"brugerdefinerede duftflasker\" width=\"300\" height=\"300\" srcset=\"https:\/\/theperfumebottles.com\/wp-content\/uploads\/2025\/04\/custom-fragrance-bottles-HS0402-300x300.webp 300w, https:\/\/theperfumebottles.com\/wp-content\/uploads\/2025\/04\/custom-fragrance-bottles-HS0402-150x150.webp 150w, https:\/\/theperfumebottles.com\/wp-content\/uploads\/2025\/04\/custom-fragrance-bottles-HS0402-768x768.webp 768w, https:\/\/theperfumebottles.com\/wp-content\/uploads\/2025\/04\/custom-fragrance-bottles-HS0402-12x12.webp 12w, https:\/\/theperfumebottles.com\/wp-content\/uploads\/2025\/04\/custom-fragrance-bottles-HS0402-600x600.webp 600w, https:\/\/theperfumebottles.com\/wp-content\/uploads\/2025\/04\/custom-fragrance-bottles-HS0402-100x100.webp 100w, https:\/\/theperfumebottles.com\/wp-content\/uploads\/2025\/04\/custom-fragrance-bottles-HS0402.webp 1024w\" sizes=\"(max-width: 300px) 100vw, 300px\" \/><figcaption id=\"caption-attachment-2984\" class=\"wp-caption-text\">50 ml HS0402<\/figcaption><\/figure><\/td>\n<td style=\"width: 54.00pt\" width=\"72\">\n<p><figure id=\"attachment_2985\" aria-describedby=\"caption-attachment-2985\" style=\"width: 300px\" class=\"wp-caption aligncenter\"><img decoding=\"async\" class=\"size-medium wp-image-2985\" src=\"https:\/\/theperfumebottles.com\/wp-content\/uploads\/2025\/04\/custom-fragrance-bottles-hs0403-300x300.webp\" alt=\"brugerdefinerede duftflasker\" width=\"300\" height=\"300\" srcset=\"https:\/\/theperfumebottles.com\/wp-content\/uploads\/2025\/04\/custom-fragrance-bottles-hs0403-300x300.webp 300w, https:\/\/theperfumebottles.com\/wp-content\/uploads\/2025\/04\/custom-fragrance-bottles-hs0403-150x150.webp 150w, https:\/\/theperfumebottles.com\/wp-content\/uploads\/2025\/04\/custom-fragrance-bottles-hs0403-768x768.webp 768w, https:\/\/theperfumebottles.com\/wp-content\/uploads\/2025\/04\/custom-fragrance-bottles-hs0403-12x12.webp 12w, https:\/\/theperfumebottles.com\/wp-content\/uploads\/2025\/04\/custom-fragrance-bottles-hs0403-600x600.webp 600w, https:\/\/theperfumebottles.com\/wp-content\/uploads\/2025\/04\/custom-fragrance-bottles-hs0403-100x100.webp 100w, https:\/\/theperfumebottles.com\/wp-content\/uploads\/2025\/04\/custom-fragrance-bottles-hs0403.webp 1024w\" sizes=\"(max-width: 300px) 100vw, 300px\" \/><figcaption id=\"caption-attachment-2985\" class=\"wp-caption-text\">100 ml HS0403<\/figcaption><\/figure><\/td>\n<\/tr>\n<\/tbody>\n<\/table>\n<h2>Tekniske specifikationer<\/h2>\n<div class=\"hyc-common-markdown__table-wrapper\">\n<table>\n<thead>\n<tr>\n<th>Model<\/th>\n<th>Kapacitet<\/th>\n<th>St\u00f8rrelse (H\u00d7D mm)<\/th>\n<th>Materiale<\/th>\n<th>Farve<\/th>\n<th>Brugsscenarier<\/th>\n<\/tr>\n<\/thead>\n<tbody>\n<tr>\n<td>PB-HS0401<\/td>\n<td>30 ml<\/td>\n<td>73\u00d746<\/td>\n<td>Krystalglas<\/td>\n<td>Gennemsigtig + S\u00f8lvbund<\/td>\n<td>Parfume, K\u00f6ln, Spray<\/td>\n<\/tr>\n<tr>\n<td>PB-HS0402<\/td>\n<td>50 ml<\/td>\n<td>80\u00d751<\/td>\n<td>Krystalglas<\/td>\n<td>Gennemsigtig + S\u00f8lvbund<\/td>\n<td>Duft, Bodyspray<\/td>\n<\/tr>\n<tr>\n<td>PB-HS0403<\/td>\n<td>100ml<\/td>\n<td>94\u00d759<\/td>\n<td>Krystalglas<\/td>\n<td>Gennemsigtig + S\u00f8lvbund<\/td>\n<td>Luksus parfumeemballage<\/td>\n<\/tr>\n<\/tbody>\n<\/table>\n<\/div>\n<h2>Hvorfor v\u00e6lge disse moderne parfumeflasker?<\/h2>\n<ul>\n<li><strong>Premium krystalglas:<\/strong> Tykt glas med h\u00f8j klarhed sikrer holdbarhed og forbedrer duftens synlighed.<\/li>\n<li>\u200b<strong>Alsidige st\u00f8rrelser:<\/strong> Fra kompakte 30 ml forst\u00f8verflasker til i\u00f8jnefaldende 100 ml tomme parfumeflasker, im\u00f8dekommer vi forskellige kundebehov.<\/li>\n<li><strong>Brandcentreret tilpasning:<\/strong> Arbejd sammen med vores producent for at v\u00e6lge finish, gravere logoer eller tilpasse kapsler til en unik, brugerdefineret duftflaske.<\/li>\n<\/ul>\n<h2>L\u00f8ft dit parfumem\u00e6rke i dag<\/h2>\n<p>Uanset om du lancerer en ny parfumelinje eller opfrisker din parfumeemballage, tilbyder denne serie den perfekte blanding af moderne design og tilpasning. Skab en uforglemmelig unboxing-oplevelse med glasflasker, der afspejler dit brands luksus og innovation. Lad vores professionelle team blive din samarbejdspartner om din brandhistorie. Uanset om det handler om at r\u00f8re ved pr\u00f8ven for at m\u00e6rke h\u00e5ndv\u00e6rkets sk\u00f8nhed eller at v\u00e6re med til at skabe et unikt design, kan du l\u00e5se op for dit eksklusive svar med blot \u00e9t trin. Kontakt os, vi venter her.<\/p>","protected":false},"excerpt":{"rendered":"<p>L\u00f8ft dit brand med moderne parfumeflasker og specialfremstillede duftflasker. Elegante s\u00f8lvl\u00e5g, skulpturelle bjergbaser og premiumglas.<\/p>","protected":false},"featured_media":2988,"comment_status":"open","ping_status":"closed","template":"","meta":{"_acf_changed":false,"site-sidebar-layout":"default","site-content-layout":"","ast-site-content-layout":"default","site-content-style":"default","site-sidebar-style":"default","ast-global-header-display":"","ast-banner-title-visibility":"","ast-main-header-display":"","ast-hfb-above-header-display":"","ast-hfb-below-header-display":"","ast-hfb-mobile-header-display":"","site-post-title":"","ast-breadcrumbs-content":"","ast-featured-img":"","footer-sml-layout":"","ast-disable-related-posts":"","theme-transparent-header-meta":"default","adv-header-id-meta":"","stick-header-meta":"","header-above-stick-meta":"","header-main-stick-meta":"","header-below-stick-meta":"","astra-migrate-meta-layouts":"set","ast-page-background-enabled":"default","ast-page-background-meta":{"desktop":{"background-color":"var(--ast-global-color-5)","background-image":"","background-repeat":"repeat","background-position":"center center","background-size":"auto","background-attachment":"scroll","background-type":"","background-media":"","overlay-type":"","overlay-color":"","overlay-opacity":"","overlay-gradient":""},"tablet":{"background-color":"","background-image":"","background-repeat":"repeat","background-position":"center center","background-size":"auto","background-attachment":"scroll","background-type":"","background-media":"","overlay-type":"","overlay-color":"","overlay-opacity":"","overlay-gradient":""},"mobile":{"background-color":"","background-image":"","background-repeat":"repeat","background-position":"center center","background-size":"auto","background-attachment":"scroll","background-type":"","background-media":"","overlay-type":"","overlay-color":"","overlay-opacity":"","overlay-gradient":""}},"ast-content-background-meta":{"desktop":{"background-color":"var(--ast-global-color-4)","background-image":"","background-repeat":"repeat","background-position":"center center","background-size":"auto","background-attachment":"scroll","background-type":"","background-media":"","overlay-type":"","overlay-color":"","overlay-opacity":"","overlay-gradient":""},"tablet":{"background-color":"var(--ast-global-color-4)","background-image":"","background-repeat":"repeat","background-position":"center center","background-size":"auto","background-attachment":"scroll","background-type":"","background-media":"","overlay-type":"","overlay-color":"","overlay-opacity":"","overlay-gradient":""},"mobile":{"background-color":"var(--ast-global-color-4)","background-image":"","background-repeat":"repeat","background-position":"center center","background-size":"auto","background-attachment":"scroll","background-type":"","background-media":"","overlay-type":"","overlay-color":"","overlay-opacity":"","overlay-gradient":""}}},"product_brand":[],"product_cat":[72,41],"product_tag":[],"class_list":{"0":"post-2983","1":"product","2":"type-product","3":"status-publish","4":"has-post-thumbnail","6":"product_cat-cosmetic-packaging","7":"product_cat-perfume-bottles","8":"desktop-align-left","9":"tablet-align-left","10":"mobile-align-left","12":"first","13":"instock","14":"shipping-taxable","15":"product-type-simple"},"acf":[],"jetpack_sharing_enabled":true,"_links":{"self":[{"href":"https:\/\/theperfumebottles.com\/da\/wp-json\/wp\/v2\/product\/2983","targetHints":{"allow":["GET"]}}],"collection":[{"href":"https:\/\/theperfumebottles.com\/da\/wp-json\/wp\/v2\/product"}],"about":[{"href":"https:\/\/theperfumebottles.com\/da\/wp-json\/wp\/v2\/types\/product"}],"replies":[{"embeddable":true,"href":"https:\/\/theperfumebottles.com\/da\/wp-json\/wp\/v2\/comments?post=2983"}],"wp:featuredmedia":[{"embeddable":true,"href":"https:\/\/theperfumebottles.com\/da\/wp-json\/wp\/v2\/media\/2988"}],"wp:attachment":[{"href":"https:\/\/theperfumebottles.com\/da\/wp-json\/wp\/v2\/media?parent=2983"}],"wp:term":[{"taxonomy":"product_brand","embeddable":true,"href":"https:\/\/theperfumebottles.com\/da\/wp-json\/wp\/v2\/product_brand?post=2983"},{"taxonomy":"product_cat","embeddable":true,"href":"https:\/\/theperfumebottles.com\/da\/wp-json\/wp\/v2\/product_cat?post=2983"},{"taxonomy":"product_tag","embeddable":true,"href":"https:\/\/theperfumebottles.com\/da\/wp-json\/wp\/v2\/product_tag?post=2983"}],"curies":[{"name":"wp","href":"https:\/\/api.w.org\/{rel}","templated":true}]}}