{"id":2990,"date":"2025-04-08T04:01:41","date_gmt":"2025-04-08T04:01:41","guid":{"rendered":"https:\/\/theperfumebottles.com\/?post_type=product&#038;p=2990"},"modified":"2026-04-01T11:39:35","modified_gmt":"2026-04-01T03:39:35","slug":"small-refillable-perfume-bottles-gold-accent-glass-perfume-bottle","status":"publish","type":"product","link":"https:\/\/theperfumebottles.com\/da\/vare\/small-refillable-perfume-bottles-gold-accent-glass-perfume-bottle\/","title":{"rendered":"Sm\u00e5 genopfyldelige parfumeflasker med gulddetaljer"},"content":{"rendered":"<h2>Refillable Perfume Bottles: Luxury Meets Sustainability<\/h2>\n<p>L\u00f8ft din duftbranding med vores sm\u00e5 genopfyldelige parfumeflasker \u2013 den ultimative blanding af overd\u00e5dighed og milj\u00f8bevidst design. Som en betroet producent af premium glasparfumeflasker tilbyder vi gyldne parfumeflaskekollektioner, der omdefinerer luksusemballage til kr\u00e6sne m\u00e6rker.<\/p>\n<h2>Hvorfor v\u00e6lge vores genopfyldelige parfumeflasker?<\/h2>\n<p>1<strong>Specialm\u00e6rket Royalty<\/strong><br \/>\nGiv din duft en krone med vores vintage parfumeflaske med 24 karat guldgalvanisering og krystalslebne l\u00e5g. Perfekt til brugerdefineret logotryk og farvejusteringer.<\/p>\n<p>2<strong>Rejseklar ydeevne<\/strong><br \/>\nBest\u00e5 ubesv\u00e6ret sikkerhedstjek i fly med l\u00e6kagesikker forst\u00f8verteknologi. T\u00e5ler temperaturer fra -20\u00b0C til 40\u00b0C \u2013 ideel til cologne-serier i rejsest\u00f8rrelse.<\/p>\n<p>3<strong>Multifunktionel alsidighed<\/strong><br \/>\nUdover parfume kan den ogs\u00e5 bruges som solcremespray, toner eller makeupvand. Fire unikke glasflaskeformer (50 ml kapacitet) passer til enhver produktlinje.<\/p>\n<h2>N\u00f8glespecifikationer<\/h2>\n<table style=\"border-collapse: collapse; width: 80%; margin-left: auto; margin-right: auto;\" border=\"0\" width=\"80%\" cellspacing=\"0\" cellpadding=\"0\">\n<tbody>\n<tr style=\"height: 13.50pt;\">\n<td class=\"et3\" style=\"height: 13.50pt; width: 95.25pt;\" width=\"127\" height=\"18\">Stil<\/td>\n<td class=\"et3\" style=\"width: 65.25pt;\" width=\"87\">Kapacitet<\/td>\n<td class=\"et3\" style=\"width: 89.25pt;\" width=\"119\">Totalh\u00f8jde<\/td>\n<td class=\"et3\" style=\"width: 84.00pt;\" width=\"112\">Kropsh\u00f8jde<\/td>\n<td class=\"et3\" style=\"width: 54.00pt;\" width=\"72\">Bredde<\/td>\n<td class=\"et3\" style=\"width: 171.75pt;\" width=\"229\">S\u00e6rlig funktion<\/td>\n<\/tr>\n<tr style=\"height: 13.50pt;\">\n<td class=\"et4\" style=\"height: 13.50pt; width: 95.25pt;\" width=\"127\" height=\"18\">Firkant<\/td>\n<td class=\"et4\" style=\"width: 65.25pt;\" width=\"87\">30 ml<\/td>\n<td class=\"et4\" style=\"width: 89.25pt;\" width=\"119\">87 mm<\/td>\n<td class=\"et4\" style=\"width: 84.00pt;\" width=\"112\">58 mm<\/td>\n<td class=\"et4\" style=\"width: 54.00pt;\" width=\"72\">38 mm<\/td>\n<td class=\"et4\" style=\"width: 171.75pt;\" width=\"229\">Moderne geometrisk profil<\/td>\n<\/tr>\n<tr style=\"height: 13.50pt;\">\n<td class=\"et4\" style=\"height: 13.50pt; width: 95.25pt;\" width=\"127\" height=\"18\">Oval<\/td>\n<td class=\"et4\" style=\"width: 65.25pt;\" width=\"87\">50 ml<\/td>\n<td class=\"et4\" style=\"width: 89.25pt;\" width=\"119\">130 mm<\/td>\n<td class=\"et4\" style=\"width: 84.00pt;\" width=\"112\">98 mm<\/td>\n<td class=\"et4\" style=\"width: 54.00pt;\" width=\"72\">67 mm<\/td>\n<td class=\"et4\" style=\"width: 171.75pt;\" width=\"229\">Ergonomisk grebdesign<\/td>\n<\/tr>\n<tr style=\"height: 13.50pt;\">\n<td class=\"et4\" style=\"height: 13.50pt; width: 95.25pt;\" width=\"127\" height=\"18\">Klassisk runde<\/td>\n<td class=\"et2\">50 ml<\/td>\n<td class=\"et4\" style=\"width: 89.25pt;\" width=\"119\">106 mm<\/td>\n<td class=\"et4\" style=\"width: 84.00pt;\" width=\"112\">75 mm<\/td>\n<td class=\"et4\" style=\"width: 54.00pt;\" width=\"72\">48 mm<\/td>\n<td class=\"et4\" style=\"width: 171.75pt;\" width=\"229\">Tidl\u00f8s luksus\u00e6stetik<\/td>\n<\/tr>\n<tr style=\"height: 13.50pt;\">\n<td class=\"et4\" style=\"height: 13.50pt; width: 95.25pt;\" width=\"127\" height=\"18\">Vintage Krone<\/td>\n<td class=\"et4\" style=\"width: 65.25pt;\" width=\"87\">60 ml<\/td>\n<td class=\"et4\" style=\"width: 89.25pt;\" width=\"119\">96 mm<\/td>\n<td class=\"et4\" style=\"width: 84.00pt;\" width=\"112\">64 mm<\/td>\n<td class=\"et4\" style=\"width: 54.00pt;\" width=\"72\">60 mm<\/td>\n<td class=\"et4\" style=\"width: 171.75pt;\" width=\"229\">Kongelig h\u00e6tte med krystaltopping<\/td>\n<\/tr>\n<\/tbody>\n<\/table>\n<h2>Ideel til:<\/h2>\n<ul>\n<li>Redesign af luksusparfumeemballage<\/li>\n<li>Kollektioner af cologne i guld<\/li>\n<li>Gaves\u00e6t i begr\u00e6nset oplag<\/li>\n<li>Private label hudplejelinjer<\/li>\n<\/ul>\n<p>Skab din egen duftoplevelse i dag \u2013 kontakt os for at f\u00e5 d\u00e6kket dine behov for genopfyldelige parfumeflasker.<\/p>","protected":false},"excerpt":{"rendered":"<p>Sm\u00e5, genopfyldelige parfumeflasker i premiumkvalitet med gulddetaljer og krystall\u00e5g. Luksusemballage, der kan tilpasses til parfumem\u00e6rker. Milj\u00f8venlig og rejsesikker.<\/p>","protected":false},"featured_media":2992,"comment_status":"open","ping_status":"closed","template":"","meta":{"_acf_changed":false,"site-sidebar-layout":"default","site-content-layout":"","ast-site-content-layout":"default","site-content-style":"default","site-sidebar-style":"default","ast-global-header-display":"","ast-banner-title-visibility":"","ast-main-header-display":"","ast-hfb-above-header-display":"","ast-hfb-below-header-display":"","ast-hfb-mobile-header-display":"","site-post-title":"","ast-breadcrumbs-content":"","ast-featured-img":"","footer-sml-layout":"","ast-disable-related-posts":"","theme-transparent-header-meta":"default","adv-header-id-meta":"","stick-header-meta":"","header-above-stick-meta":"","header-main-stick-meta":"","header-below-stick-meta":"","astra-migrate-meta-layouts":"set","ast-page-background-enabled":"default","ast-page-background-meta":{"desktop":{"background-color":"var(--ast-global-color-5)","background-image":"","background-repeat":"repeat","background-position":"center center","background-size":"auto","background-attachment":"scroll","background-type":"","background-media":"","overlay-type":"","overlay-color":"","overlay-opacity":"","overlay-gradient":""},"tablet":{"background-color":"","background-image":"","background-repeat":"repeat","background-position":"center center","background-size":"auto","background-attachment":"scroll","background-type":"","background-media":"","overlay-type":"","overlay-color":"","overlay-opacity":"","overlay-gradient":""},"mobile":{"background-color":"","background-image":"","background-repeat":"repeat","background-position":"center center","background-size":"auto","background-attachment":"scroll","background-type":"","background-media":"","overlay-type":"","overlay-color":"","overlay-opacity":"","overlay-gradient":""}},"ast-content-background-meta":{"desktop":{"background-color":"var(--ast-global-color-4)","background-image":"","background-repeat":"repeat","background-position":"center center","background-size":"auto","background-attachment":"scroll","background-type":"","background-media":"","overlay-type":"","overlay-color":"","overlay-opacity":"","overlay-gradient":""},"tablet":{"background-color":"var(--ast-global-color-4)","background-image":"","background-repeat":"repeat","background-position":"center center","background-size":"auto","background-attachment":"scroll","background-type":"","background-media":"","overlay-type":"","overlay-color":"","overlay-opacity":"","overlay-gradient":""},"mobile":{"background-color":"var(--ast-global-color-4)","background-image":"","background-repeat":"repeat","background-position":"center center","background-size":"auto","background-attachment":"scroll","background-type":"","background-media":"","overlay-type":"","overlay-color":"","overlay-opacity":"","overlay-gradient":""}}},"product_brand":[],"product_cat":[90,72,41],"product_tag":[],"class_list":{"0":"post-2990","1":"product","2":"type-product","3":"status-publish","4":"has-post-thumbnail","6":"product_cat-refillable-perfume-bottles","7":"product_cat-cosmetic-packaging","8":"product_cat-perfume-bottles","9":"desktop-align-left","10":"tablet-align-left","11":"mobile-align-left","13":"first","14":"instock","15":"shipping-taxable","16":"product-type-simple"},"acf":[],"jetpack_sharing_enabled":true,"_links":{"self":[{"href":"https:\/\/theperfumebottles.com\/da\/wp-json\/wp\/v2\/product\/2990","targetHints":{"allow":["GET"]}}],"collection":[{"href":"https:\/\/theperfumebottles.com\/da\/wp-json\/wp\/v2\/product"}],"about":[{"href":"https:\/\/theperfumebottles.com\/da\/wp-json\/wp\/v2\/types\/product"}],"replies":[{"embeddable":true,"href":"https:\/\/theperfumebottles.com\/da\/wp-json\/wp\/v2\/comments?post=2990"}],"wp:featuredmedia":[{"embeddable":true,"href":"https:\/\/theperfumebottles.com\/da\/wp-json\/wp\/v2\/media\/2992"}],"wp:attachment":[{"href":"https:\/\/theperfumebottles.com\/da\/wp-json\/wp\/v2\/media?parent=2990"}],"wp:term":[{"taxonomy":"product_brand","embeddable":true,"href":"https:\/\/theperfumebottles.com\/da\/wp-json\/wp\/v2\/product_brand?post=2990"},{"taxonomy":"product_cat","embeddable":true,"href":"https:\/\/theperfumebottles.com\/da\/wp-json\/wp\/v2\/product_cat?post=2990"},{"taxonomy":"product_tag","embeddable":true,"href":"https:\/\/theperfumebottles.com\/da\/wp-json\/wp\/v2\/product_tag?post=2990"}],"curies":[{"name":"wp","href":"https:\/\/api.w.org\/{rel}","templated":true}]}}