{"id":3007,"date":"2025-04-09T04:02:22","date_gmt":"2025-04-09T04:02:22","guid":{"rendered":"https:\/\/theperfumebottles.com\/?post_type=product&#038;p=3007"},"modified":"2025-04-17T07:54:20","modified_gmt":"2025-04-17T07:54:20","slug":"30ml-50ml-100ml-red-round-perfume-bottles-with-lava-mountain-base","status":"publish","type":"product","link":"https:\/\/theperfumebottles.com\/da\/vare\/30ml-50ml-100ml-red-round-perfume-bottles-with-lava-mountain-base\/","title":{"rendered":"30ml 50ml 100ml r\u00f8de runde parfumeflasker med lavabjergbund"},"content":{"rendered":"<p>For m\u00e6rker, der er tr\u00e6tte af kedelige parfumeflasker: M\u00f8d den skulpturelle r\u00f8de lavabase, der hvisker &#034;luksuri\u00f8s rebel&#034;. V\u00e6lg st\u00f8rrelser p\u00e5 30 ml\/50 ml\/100 ml \u2013 hver med den der smeltet sten m\u00f8der krystalglas-kontrast. Du s\u00e6lger ikke bare duft; du s\u00e6lger en vibe, der ser fantastisk ud p\u00e5 Instagram ved siden af \u200b\u200bmarmorbordplader.<\/p>\n<table style=\"border-collapse: collapse; margin-left: auto; margin-right: auto; width: 162.03pt;\" border=\"0\" width=\"216\" cellspacing=\"0\" cellpadding=\"0\">\n<tbody>\n<tr style=\"height: 13.50pt;\">\n<td style=\"height: 13.50pt; width: 54.00pt;\" width=\"72\" height=\"18\">\n<p><figure id=\"attachment_3011\" aria-describedby=\"caption-attachment-3011\" style=\"width: 300px\" class=\"wp-caption aligncenter\"><img fetchpriority=\"high\" decoding=\"async\" class=\"size-medium wp-image-3011\" src=\"https:\/\/theperfumebottles.com\/wp-content\/uploads\/2025\/04\/round-perfume-bottle-HS0601-300x300.webp\" alt=\"rund parfumeflaske\" width=\"300\" height=\"300\" srcset=\"https:\/\/theperfumebottles.com\/wp-content\/uploads\/2025\/04\/round-perfume-bottle-HS0601-300x300.webp 300w, https:\/\/theperfumebottles.com\/wp-content\/uploads\/2025\/04\/round-perfume-bottle-HS0601-150x150.webp 150w, https:\/\/theperfumebottles.com\/wp-content\/uploads\/2025\/04\/round-perfume-bottle-HS0601-768x768.webp 768w, https:\/\/theperfumebottles.com\/wp-content\/uploads\/2025\/04\/round-perfume-bottle-HS0601-12x12.webp 12w, https:\/\/theperfumebottles.com\/wp-content\/uploads\/2025\/04\/round-perfume-bottle-HS0601-600x600.webp 600w, https:\/\/theperfumebottles.com\/wp-content\/uploads\/2025\/04\/round-perfume-bottle-HS0601-100x100.webp 100w, https:\/\/theperfumebottles.com\/wp-content\/uploads\/2025\/04\/round-perfume-bottle-HS0601.webp 1024w\" sizes=\"(max-width: 300px) 100vw, 300px\" \/><figcaption id=\"caption-attachment-3011\" class=\"wp-caption-text\">30 ml rund parfumeflaske<\/figcaption><\/figure><\/td>\n<td style=\"width: 54.00pt;\" width=\"72\">\n<p><figure id=\"attachment_3012\" aria-describedby=\"caption-attachment-3012\" style=\"width: 300px\" class=\"wp-caption aligncenter\"><img decoding=\"async\" class=\"size-medium wp-image-3012\" src=\"https:\/\/theperfumebottles.com\/wp-content\/uploads\/2025\/04\/round-perfume-bottle-HS0602-300x300.webp\" alt=\"rund parfumeflaske\" width=\"300\" height=\"300\" srcset=\"https:\/\/theperfumebottles.com\/wp-content\/uploads\/2025\/04\/round-perfume-bottle-HS0602-300x300.webp 300w, https:\/\/theperfumebottles.com\/wp-content\/uploads\/2025\/04\/round-perfume-bottle-HS0602-150x150.webp 150w, https:\/\/theperfumebottles.com\/wp-content\/uploads\/2025\/04\/round-perfume-bottle-HS0602-768x768.webp 768w, https:\/\/theperfumebottles.com\/wp-content\/uploads\/2025\/04\/round-perfume-bottle-HS0602-12x12.webp 12w, https:\/\/theperfumebottles.com\/wp-content\/uploads\/2025\/04\/round-perfume-bottle-HS0602-600x600.webp 600w, https:\/\/theperfumebottles.com\/wp-content\/uploads\/2025\/04\/round-perfume-bottle-HS0602-100x100.webp 100w, https:\/\/theperfumebottles.com\/wp-content\/uploads\/2025\/04\/round-perfume-bottle-HS0602.webp 1024w\" sizes=\"(max-width: 300px) 100vw, 300px\" \/><figcaption id=\"caption-attachment-3012\" class=\"wp-caption-text\">50 ml rund parfumeflaske<\/figcaption><\/figure><\/td>\n<td style=\"width: 54.00pt;\" width=\"72\">\n<p><figure id=\"attachment_3013\" aria-describedby=\"caption-attachment-3013\" style=\"width: 300px\" class=\"wp-caption aligncenter\"><img decoding=\"async\" class=\"size-medium wp-image-3013\" src=\"https:\/\/theperfumebottles.com\/wp-content\/uploads\/2025\/04\/round-perfume-bottle-HS0603-300x300.webp\" alt=\"runde parfumeflasker\" width=\"300\" height=\"300\" srcset=\"https:\/\/theperfumebottles.com\/wp-content\/uploads\/2025\/04\/round-perfume-bottle-HS0603-300x300.webp 300w, https:\/\/theperfumebottles.com\/wp-content\/uploads\/2025\/04\/round-perfume-bottle-HS0603-150x150.webp 150w, https:\/\/theperfumebottles.com\/wp-content\/uploads\/2025\/04\/round-perfume-bottle-HS0603-768x768.webp 768w, https:\/\/theperfumebottles.com\/wp-content\/uploads\/2025\/04\/round-perfume-bottle-HS0603-12x12.webp 12w, https:\/\/theperfumebottles.com\/wp-content\/uploads\/2025\/04\/round-perfume-bottle-HS0603-600x600.webp 600w, https:\/\/theperfumebottles.com\/wp-content\/uploads\/2025\/04\/round-perfume-bottle-HS0603-100x100.webp 100w, https:\/\/theperfumebottles.com\/wp-content\/uploads\/2025\/04\/round-perfume-bottle-HS0603.webp 1024w\" sizes=\"(max-width: 300px) 100vw, 300px\" \/><figcaption id=\"caption-attachment-3013\" class=\"wp-caption-text\">100 ml runde parfumeflasker<\/figcaption><\/figure><\/td>\n<\/tr>\n<\/tbody>\n<\/table>\n<h2>Overblik over de vigtigste specifikationer<\/h2>\n<div class=\"hyc-common-markdown__table-wrapper\">\n<table>\n<thead>\n<tr>\n<th>Model<\/th>\n<th>Kapacitet<\/th>\n<th>St\u00f8rrelse (H\u00d7Diameter)<\/th>\n<th>Materiale<\/th>\n<th>Farvedesign<\/th>\n<\/tr>\n<\/thead>\n<tbody>\n<tr>\n<td>PB-HS0601<\/td>\n<td>30 ml\/1 oz<\/td>\n<td>73\u00d746 mm<\/td>\n<td>Krystalglas<\/td>\n<td>Gennemsigtig + R\u00f8d Lavabase<\/td>\n<\/tr>\n<tr>\n<td>PB-HS0602<\/td>\n<td>50 ml\/1,7 oz<\/td>\n<td>80\u00d751 mm<\/td>\n<td>Krystalglas<\/td>\n<td>Gennemsigtig + R\u00f8d Lavabase<\/td>\n<\/tr>\n<tr>\n<td>PB-HS0603<\/td>\n<td>100 ml\/3,4 oz<\/td>\n<td>94\u00d759 mm<\/td>\n<td>Krystalglas<\/td>\n<td>Gennemsigtig + R\u00f8d Lavabase<\/td>\n<\/tr>\n<\/tbody>\n<\/table>\n<\/div>\n<p><em>Alle modeller leveres med en r\u00f8d metallisk h\u00e6tte og standard spr\u00f8jtepumpe. Kompatibel med de fleste krympesystemer.<\/em><\/p>\n<h2>Hvorfor v\u00e6lge Volcano-serien?<\/h2>\n<h3><strong>For brandejere<\/strong><\/h3>\n<ul>\n<li>\u200b<strong>Skil dig ud<\/strong>Den dristige r\u00f8de lavabase st\u00e5r i smuk kontrast til konkurrenternes gr\u00f8nne flaske-cologne eller minimalistiske designs.<\/li>\n<li>\u200b<strong>Alsidige st\u00f8rrelser<\/strong>Lanceringssamplere (30 ml), rejsest\u00f8rrelser (50 ml) eller flagskibsprodukter (100 ml) med sammenh\u00e6ngende emballage.<\/li>\n<li>\u200b<strong>Luksusf\u00f8lelse<\/strong>Tyk glaskonstruktion og v\u00e6gtet base formidler f\u00f8rsteklasses kvalitet.<\/li>\n<\/ul>\n<h3><strong>For handlende<\/strong><\/h3>\n<ul>\n<li>\u200b<strong>H\u00f8j eftersp\u00f8rgsel<\/strong>R\u00f8de parfumeflasker er trendy blandt unisex- og s\u00e6sonbestemte dufte.<\/li>\n<li>\u200b<strong>Nem tilpasning<\/strong>Tilbyder kunderne UV-tryk, farvematchning af kasketter (guld, s\u00f8lv, gr\u00f8n) og bulkrabatter.<\/li>\n<li>\u200b<strong>Holdbarhed<\/strong>Brudsikre parfumeflasker i glas reducerer risikoen ved forsendelse.<\/li>\n<\/ul>\n<h2>Skab din egen signaturduft i dag<\/h2>\n<p>Opret en konto for at f\u00e5 adgang til engrospriser, MOQ-oplysninger og 3D-designv\u00e6rkt\u00f8jer. Uanset om du har brug for en brugerdefineret r\u00f8d parfumeflaske til m\u00e6nd eller kvinder til Valentinsdagskollektionerne, tilpasser Volcano-serien sig din vision.<\/p>\n<p><a href=\"https:\/\/theperfumebottles.com\/da\/contact\/\"><em>Kontakt vores producentteam for at anmode om pr\u00f8ver eller udforske private label-parfumeemballagel\u00f8sninger.<\/em><\/a><\/p>","protected":false},"excerpt":{"rendered":"<p>L\u00f8ft dit parfumem\u00e6rke med runde parfumeflasker i Volcano-serien. F\u00e5s i den markant r\u00f8de cologne-flaske til m\u00e6nd og den r\u00f8de parfumeflaske til kvinder i st\u00f8rrelserne 28 ml, 47 ml og 96 ml.<\/p>","protected":false},"featured_media":3013,"comment_status":"open","ping_status":"closed","template":"","meta":{"_acf_changed":false,"site-sidebar-layout":"default","site-content-layout":"","ast-site-content-layout":"default","site-content-style":"default","site-sidebar-style":"default","ast-global-header-display":"","ast-banner-title-visibility":"","ast-main-header-display":"","ast-hfb-above-header-display":"","ast-hfb-below-header-display":"","ast-hfb-mobile-header-display":"","site-post-title":"","ast-breadcrumbs-content":"","ast-featured-img":"","footer-sml-layout":"","ast-disable-related-posts":"","theme-transparent-header-meta":"default","adv-header-id-meta":"","stick-header-meta":"","header-above-stick-meta":"","header-main-stick-meta":"","header-below-stick-meta":"","astra-migrate-meta-layouts":"set","ast-page-background-enabled":"default","ast-page-background-meta":{"desktop":{"background-color":"var(--ast-global-color-5)","background-image":"","background-repeat":"repeat","background-position":"center center","background-size":"auto","background-attachment":"scroll","background-type":"","background-media":"","overlay-type":"","overlay-color":"","overlay-opacity":"","overlay-gradient":""},"tablet":{"background-color":"","background-image":"","background-repeat":"repeat","background-position":"center center","background-size":"auto","background-attachment":"scroll","background-type":"","background-media":"","overlay-type":"","overlay-color":"","overlay-opacity":"","overlay-gradient":""},"mobile":{"background-color":"","background-image":"","background-repeat":"repeat","background-position":"center center","background-size":"auto","background-attachment":"scroll","background-type":"","background-media":"","overlay-type":"","overlay-color":"","overlay-opacity":"","overlay-gradient":""}},"ast-content-background-meta":{"desktop":{"background-color":"var(--ast-global-color-4)","background-image":"","background-repeat":"repeat","background-position":"center center","background-size":"auto","background-attachment":"scroll","background-type":"","background-media":"","overlay-type":"","overlay-color":"","overlay-opacity":"","overlay-gradient":""},"tablet":{"background-color":"var(--ast-global-color-4)","background-image":"","background-repeat":"repeat","background-position":"center center","background-size":"auto","background-attachment":"scroll","background-type":"","background-media":"","overlay-type":"","overlay-color":"","overlay-opacity":"","overlay-gradient":""},"mobile":{"background-color":"var(--ast-global-color-4)","background-image":"","background-repeat":"repeat","background-position":"center center","background-size":"auto","background-attachment":"scroll","background-type":"","background-media":"","overlay-type":"","overlay-color":"","overlay-opacity":"","overlay-gradient":""}}},"product_brand":[],"product_cat":[72,91,41],"product_tag":[],"class_list":{"0":"post-3007","1":"product","2":"type-product","3":"status-publish","4":"has-post-thumbnail","6":"product_cat-cosmetic-packaging","7":"product_cat-custom-perfume-bottles","8":"product_cat-perfume-bottles","9":"desktop-align-left","10":"tablet-align-left","11":"mobile-align-left","13":"first","14":"instock","15":"shipping-taxable","16":"product-type-simple"},"acf":[],"jetpack_sharing_enabled":true,"_links":{"self":[{"href":"https:\/\/theperfumebottles.com\/da\/wp-json\/wp\/v2\/product\/3007","targetHints":{"allow":["GET"]}}],"collection":[{"href":"https:\/\/theperfumebottles.com\/da\/wp-json\/wp\/v2\/product"}],"about":[{"href":"https:\/\/theperfumebottles.com\/da\/wp-json\/wp\/v2\/types\/product"}],"replies":[{"embeddable":true,"href":"https:\/\/theperfumebottles.com\/da\/wp-json\/wp\/v2\/comments?post=3007"}],"wp:featuredmedia":[{"embeddable":true,"href":"https:\/\/theperfumebottles.com\/da\/wp-json\/wp\/v2\/media\/3013"}],"wp:attachment":[{"href":"https:\/\/theperfumebottles.com\/da\/wp-json\/wp\/v2\/media?parent=3007"}],"wp:term":[{"taxonomy":"product_brand","embeddable":true,"href":"https:\/\/theperfumebottles.com\/da\/wp-json\/wp\/v2\/product_brand?post=3007"},{"taxonomy":"product_cat","embeddable":true,"href":"https:\/\/theperfumebottles.com\/da\/wp-json\/wp\/v2\/product_cat?post=3007"},{"taxonomy":"product_tag","embeddable":true,"href":"https:\/\/theperfumebottles.com\/da\/wp-json\/wp\/v2\/product_tag?post=3007"}],"curies":[{"name":"wp","href":"https:\/\/api.w.org\/{rel}","templated":true}]}}