{"id":3014,"date":"2025-04-09T06:31:55","date_gmt":"2025-04-09T06:31:55","guid":{"rendered":"https:\/\/theperfumebottles.com\/?post_type=product&#038;p=3014"},"modified":"2025-05-28T19:00:45","modified_gmt":"2025-05-28T11:00:45","slug":"drop-shaped-2-5-oz-perfume-bottle-custom-luxury-glass-packaging","status":"publish","type":"product","link":"https:\/\/theperfumebottles.com\/da\/vare\/drop-shaped-2-5-oz-perfume-bottle-custom-luxury-glass-packaging\/","title":{"rendered":"75 ml dr\u00e5beformet parfumeflaske med guldl\u00e5g"},"content":{"rendered":"<p>Denne dr\u00e5beformede parfumeflaske (model PB-YX01) er designet til nichedufte og luksuri\u00f8se dameparfumer. De asymmetriske kurver er som frossent m\u00e5neskin, og den gyldne b\u00f8lgede flaskeh\u00e6tte fanger \u00f8jeblikkeligt \u00f8jet \u2013 den er ikke kun en beholder, men ogs\u00e5 et konkret udtryk for moderne femininitet.<\/p>\n<h2>Minimitilaus<\/h2>\n<div class=\"hyc-common-markdown__table-wrapper\">\n<table>\n<thead>\n<tr>\n<th>\u200b<strong>Attribut<\/strong><\/th>\n<th>\u200b<strong>Detaljer<\/strong><\/th>\n<\/tr>\n<\/thead>\n<tbody>\n<tr>\n<td>\u200b<strong>Model<\/strong><\/td>\n<td>PB-YX01<\/td>\n<\/tr>\n<tr>\n<td>\u200b<strong>Kapacitet<\/strong><\/td>\n<td>75 ml \/ 2,5 oz flaske parfume<\/td>\n<\/tr>\n<tr>\n<td>\u200b<strong>Materiale<\/strong><\/td>\n<td>Krystalglas + forgyldt plastikl\u00e5g<\/td>\n<\/tr>\n<tr>\n<td>\u200b<strong>Dimensioner<\/strong><\/td>\n<td>39 mm * 76 mm * 94 mm, 15 mm diameter<\/td>\n<\/tr>\n<tr>\n<td>\u200b<strong>H\u00e6ttefinish<\/strong><\/td>\n<td>H\u00f8jglans metallisk guld<\/td>\n<\/tr>\n<tr>\n<td>\u200b<strong>Tilpasning<\/strong><\/td>\n<td>Logotryk, l\u00e5gfarver, genopfyldningsmuligheder<\/td>\n<\/tr>\n<tr>\n<td>\u200b<strong>Applikationer<\/strong><\/td>\n<td>Dameparfumer, nichedufte, luksuslanceringer<\/td>\n<\/tr>\n<\/tbody>\n<\/table>\n<\/div>\n<h2>Hvorfor denne dr\u00e5beparfumeflaske vinder kundernes opm\u00e6rksomhed?<\/h2>\n<p>Elegance-serien overg\u00e5r almindelige glasflasker med sin asymmetriske gyldne l\u00e5g og lysende kurver. Dens kapacitet p\u00e5 75 ml\/2,5 oz balancerer praktisk anvendelighed og luksus, mens den tomme parfumeflaskes design muligg\u00f8r ubesv\u00e6ret p\u00e5fyldning via forst\u00f8ver, pumpe eller spraymekanismer.<\/p>\n<h3>Tilpasning skr\u00e6ddersyet til dit brand<\/h3>\n<ul>\n<li><strong>Variationer af l\u00e5g og glas:<\/strong> V\u00e6lg metalliske, matte eller plastikkapper; v\u00e6lg tonet glas.<\/li>\n<li><strong>Brandingteknikker:<\/strong> Silketryk, UV-tryk eller varmstemplede logoer.<\/li>\n<li><strong>Emballagesynergi:<\/strong> Kombiner med gave\u00e6sker med logo for at skabe en betagende unboxing-oplevelse.<\/li>\n<\/ul>\n<h3>Designet til kr\u00e6sne m\u00e6rker<\/h3>\n<p>Uanset om det drejer sig om at lancere en ny parfumeflaskekollektion p\u00e5 75 ml eller rebrande en signaturduft p\u00e5 75 ml, forener denne dr\u00e5beformede parfumeflaske i glas kunstnerisk udtryk med kommerciel appel. Dens genopfyldelige design stemmer ogs\u00e5 overens med b\u00e6redygtige luksustrends \u2013 ideelt til milj\u00f8bevidste duftlinjer.<br \/>\n<strong>Klar til at lave din egen signaturflaske?<\/strong><br \/>\nKontakt producentteamet for at udforske brugerdefinerede st\u00f8rrelser, m\u00e6rkevareemballage og l\u00f8sninger til bulkbestillinger. Som en betroet producent af glasparfumeflasker leverer vi ikoniske designs, der g\u00f8r din duft uforglemmelig.<\/p>","protected":false},"excerpt":{"rendered":"<p>Premium 2,5oz\/75ml vanddr\u00e5be-parfumeflasker i krystalglas. Specialdesignede designs med guldfarvede b\u00f8lgel\u00e5g \u2013 ideelle til lanceringer af luksuri\u00f8se dufte.<\/p>","protected":false},"featured_media":3017,"comment_status":"open","ping_status":"closed","template":"","meta":{"_acf_changed":false,"site-sidebar-layout":"default","site-content-layout":"","ast-site-content-layout":"default","site-content-style":"default","site-sidebar-style":"default","ast-global-header-display":"","ast-banner-title-visibility":"","ast-main-header-display":"","ast-hfb-above-header-display":"","ast-hfb-below-header-display":"","ast-hfb-mobile-header-display":"","site-post-title":"","ast-breadcrumbs-content":"","ast-featured-img":"","footer-sml-layout":"","ast-disable-related-posts":"","theme-transparent-header-meta":"default","adv-header-id-meta":"","stick-header-meta":"","header-above-stick-meta":"","header-main-stick-meta":"","header-below-stick-meta":"","astra-migrate-meta-layouts":"set","ast-page-background-enabled":"default","ast-page-background-meta":{"desktop":{"background-color":"var(--ast-global-color-5)","background-image":"","background-repeat":"repeat","background-position":"center center","background-size":"auto","background-attachment":"scroll","background-type":"","background-media":"","overlay-type":"","overlay-color":"","overlay-opacity":"","overlay-gradient":""},"tablet":{"background-color":"","background-image":"","background-repeat":"repeat","background-position":"center center","background-size":"auto","background-attachment":"scroll","background-type":"","background-media":"","overlay-type":"","overlay-color":"","overlay-opacity":"","overlay-gradient":""},"mobile":{"background-color":"","background-image":"","background-repeat":"repeat","background-position":"center center","background-size":"auto","background-attachment":"scroll","background-type":"","background-media":"","overlay-type":"","overlay-color":"","overlay-opacity":"","overlay-gradient":""}},"ast-content-background-meta":{"desktop":{"background-color":"var(--ast-global-color-4)","background-image":"","background-repeat":"repeat","background-position":"center center","background-size":"auto","background-attachment":"scroll","background-type":"","background-media":"","overlay-type":"","overlay-color":"","overlay-opacity":"","overlay-gradient":""},"tablet":{"background-color":"var(--ast-global-color-4)","background-image":"","background-repeat":"repeat","background-position":"center center","background-size":"auto","background-attachment":"scroll","background-type":"","background-media":"","overlay-type":"","overlay-color":"","overlay-opacity":"","overlay-gradient":""},"mobile":{"background-color":"var(--ast-global-color-4)","background-image":"","background-repeat":"repeat","background-position":"center center","background-size":"auto","background-attachment":"scroll","background-type":"","background-media":"","overlay-type":"","overlay-color":"","overlay-opacity":"","overlay-gradient":""}}},"product_brand":[],"product_cat":[41,72,91],"product_tag":[],"class_list":{"0":"post-3014","1":"product","2":"type-product","3":"status-publish","4":"has-post-thumbnail","6":"product_cat-perfume-bottles","7":"product_cat-cosmetic-packaging","8":"product_cat-custom-perfume-bottles","9":"desktop-align-left","10":"tablet-align-left","11":"mobile-align-left","13":"first","14":"instock","15":"shipping-taxable","16":"product-type-simple"},"acf":[],"jetpack_sharing_enabled":true,"_links":{"self":[{"href":"https:\/\/theperfumebottles.com\/da\/wp-json\/wp\/v2\/product\/3014","targetHints":{"allow":["GET"]}}],"collection":[{"href":"https:\/\/theperfumebottles.com\/da\/wp-json\/wp\/v2\/product"}],"about":[{"href":"https:\/\/theperfumebottles.com\/da\/wp-json\/wp\/v2\/types\/product"}],"replies":[{"embeddable":true,"href":"https:\/\/theperfumebottles.com\/da\/wp-json\/wp\/v2\/comments?post=3014"}],"wp:featuredmedia":[{"embeddable":true,"href":"https:\/\/theperfumebottles.com\/da\/wp-json\/wp\/v2\/media\/3017"}],"wp:attachment":[{"href":"https:\/\/theperfumebottles.com\/da\/wp-json\/wp\/v2\/media?parent=3014"}],"wp:term":[{"taxonomy":"product_brand","embeddable":true,"href":"https:\/\/theperfumebottles.com\/da\/wp-json\/wp\/v2\/product_brand?post=3014"},{"taxonomy":"product_cat","embeddable":true,"href":"https:\/\/theperfumebottles.com\/da\/wp-json\/wp\/v2\/product_cat?post=3014"},{"taxonomy":"product_tag","embeddable":true,"href":"https:\/\/theperfumebottles.com\/da\/wp-json\/wp\/v2\/product_tag?post=3014"}],"curies":[{"name":"wp","href":"https:\/\/api.w.org\/{rel}","templated":true}]}}