{"id":3023,"date":"2025-04-10T09:30:17","date_gmt":"2025-04-10T09:30:17","guid":{"rendered":"https:\/\/theperfumebottles.com\/?post_type=product&#038;p=3023"},"modified":"2025-04-15T08:07:15","modified_gmt":"2025-04-15T08:07:15","slug":"1-7-oz-flower-shaped-perfume-bottle-with-crown-cap","status":"publish","type":"product","link":"https:\/\/theperfumebottles.com\/da\/vare\/1-7-oz-flower-shaped-perfume-bottle-with-crown-cap\/","title":{"rendered":"Blomsterformet 1,7 oz parfumeflaske med kroneh\u00e6tte"},"content":{"rendered":"<p>L\u00f8ft dit parfumem\u00e6rke med model PB-YX02 \u2013 en parfumeflaske p\u00e5 1,7 oz, der er designet til at imponere luksusmarkeder. Denne blomsterformede parfumeflaske er fremstillet til brandejere og -handlere, der s\u00f8ger enest\u00e5ende emballage, og blander tidl\u00f8s elegance med funktionel innovation.<\/p>\n<h2><strong>Minimitilaus<\/strong><\/h2>\n<div class=\"hyc-common-markdown__table-wrapper\">\n<table>\n<thead>\n<tr>\n<th>\u200b<strong>Attribut<\/strong><\/th>\n<th>\u200b<strong>Detaljer<\/strong><\/th>\n<\/tr>\n<\/thead>\n<tbody>\n<tr>\n<td>Model<\/td>\n<td>PB-YX02<\/td>\n<\/tr>\n<tr>\n<td>Kapacitet<\/td>\n<td>50 ml \/ 1,7 oz<\/td>\n<\/tr>\n<tr>\n<td>Materiale<\/td>\n<td>Krystalglas + akrylkapsel<\/td>\n<\/tr>\n<tr>\n<td>Flaskem\u00e5l<\/td>\n<td>64 mm (diameter) \u00d7 62 mm (h\u00f8jde)<\/td>\n<\/tr>\n<tr>\n<td>Spr\u00f8jtetype<\/td>\n<td>Forgyldt fin t\u00e5geforst\u00f8ver<\/td>\n<\/tr>\n<tr>\n<td>Farvemuligheder<\/td>\n<td>Gennemsigtigt glas + guld\/s\u00f8lv l\u00e5g<\/td>\n<\/tr>\n<tr>\n<td>Bedst til<\/td>\n<td>Dameparfumer, luksusserier, gaves\u00e6t<\/td>\n<\/tr>\n<\/tbody>\n<\/table>\n<\/div>\n<hr \/>\n<h2>\u200b<strong>Hvorfor v\u00e6lge denne parfumeflaske i glas?<\/strong><\/h2>\n<p>Denne parfumeflaske p\u00e5 1,7 oz er konstrueret til brugerdefineret duftbranding:<\/p>\n<ul>\n<li>\u200b<strong>Tomme parfumeflasker<\/strong>\u00a0klar til dit unikke logo, farve eller emballagedesign.<\/li>\n<li>\u200b<strong>F\u00f8rsteklasses spr\u00f8jteydelse<\/strong>\u00a0sikrer ensartet duftlevering, hvilket \u00f8ger kundetilfredsheden.<\/li>\n<li>\u200b<strong>Stabilitet p\u00e5 hylden<\/strong>\u00a0med en v\u00e6gtet base for at forhindre v\u00e6ltning og forbedre udpakningsoplevelsen.<\/li>\n<\/ul>\n<p>Ideel til<strong>parfumeproducenter<\/strong> Med fokus p\u00e5 eksklusive butikker, feriekollektioner eller lanceringer med blomstertema fremkalder dens blomsterformede glaskrop og kroneh\u00e6tte tidl\u00f8s elegance.<\/p>\n<h2>\u200b<strong>Opret din brugerdefinerede konto i dag<\/strong><\/h2>\n<p>Klar til at bestille brugerdefinerede parfumeflasker formet som blomster? Kontakt os for at f\u00e5 adgang til priser i store m\u00e6ngder, eksklusiv designsupport og hurtig global levering. Forvandl din duftlinje med emballage, der udstr\u00e5ler royalitet.<\/p>","protected":false},"excerpt":{"rendered":"<p>Premium blomsterformet parfumeflaske med krystalglas og kroneh\u00e6tte. L\u00f8ft din duftbranding med brugerdefinerede 1,7 oz parfumeflasker til luksusmarkeder.<\/p>","protected":false},"featured_media":3026,"comment_status":"open","ping_status":"closed","template":"","meta":{"_acf_changed":false,"site-sidebar-layout":"default","site-content-layout":"","ast-site-content-layout":"default","site-content-style":"default","site-sidebar-style":"default","ast-global-header-display":"","ast-banner-title-visibility":"","ast-main-header-display":"","ast-hfb-above-header-display":"","ast-hfb-below-header-display":"","ast-hfb-mobile-header-display":"","site-post-title":"","ast-breadcrumbs-content":"","ast-featured-img":"","footer-sml-layout":"","ast-disable-related-posts":"","theme-transparent-header-meta":"default","adv-header-id-meta":"","stick-header-meta":"","header-above-stick-meta":"","header-main-stick-meta":"","header-below-stick-meta":"","astra-migrate-meta-layouts":"set","ast-page-background-enabled":"default","ast-page-background-meta":{"desktop":{"background-color":"var(--ast-global-color-5)","background-image":"","background-repeat":"repeat","background-position":"center center","background-size":"auto","background-attachment":"scroll","background-type":"","background-media":"","overlay-type":"","overlay-color":"","overlay-opacity":"","overlay-gradient":""},"tablet":{"background-color":"","background-image":"","background-repeat":"repeat","background-position":"center center","background-size":"auto","background-attachment":"scroll","background-type":"","background-media":"","overlay-type":"","overlay-color":"","overlay-opacity":"","overlay-gradient":""},"mobile":{"background-color":"","background-image":"","background-repeat":"repeat","background-position":"center center","background-size":"auto","background-attachment":"scroll","background-type":"","background-media":"","overlay-type":"","overlay-color":"","overlay-opacity":"","overlay-gradient":""}},"ast-content-background-meta":{"desktop":{"background-color":"var(--ast-global-color-4)","background-image":"","background-repeat":"repeat","background-position":"center center","background-size":"auto","background-attachment":"scroll","background-type":"","background-media":"","overlay-type":"","overlay-color":"","overlay-opacity":"","overlay-gradient":""},"tablet":{"background-color":"var(--ast-global-color-4)","background-image":"","background-repeat":"repeat","background-position":"center center","background-size":"auto","background-attachment":"scroll","background-type":"","background-media":"","overlay-type":"","overlay-color":"","overlay-opacity":"","overlay-gradient":""},"mobile":{"background-color":"var(--ast-global-color-4)","background-image":"","background-repeat":"repeat","background-position":"center center","background-size":"auto","background-attachment":"scroll","background-type":"","background-media":"","overlay-type":"","overlay-color":"","overlay-opacity":"","overlay-gradient":""}}},"product_brand":[],"product_cat":[72,91,41],"product_tag":[],"class_list":{"0":"post-3023","1":"product","2":"type-product","3":"status-publish","4":"has-post-thumbnail","6":"product_cat-cosmetic-packaging","7":"product_cat-custom-perfume-bottles","8":"product_cat-perfume-bottles","9":"desktop-align-left","10":"tablet-align-left","11":"mobile-align-left","13":"first","14":"instock","15":"shipping-taxable","16":"product-type-simple"},"acf":[],"jetpack_sharing_enabled":true,"_links":{"self":[{"href":"https:\/\/theperfumebottles.com\/da\/wp-json\/wp\/v2\/product\/3023","targetHints":{"allow":["GET"]}}],"collection":[{"href":"https:\/\/theperfumebottles.com\/da\/wp-json\/wp\/v2\/product"}],"about":[{"href":"https:\/\/theperfumebottles.com\/da\/wp-json\/wp\/v2\/types\/product"}],"replies":[{"embeddable":true,"href":"https:\/\/theperfumebottles.com\/da\/wp-json\/wp\/v2\/comments?post=3023"}],"wp:featuredmedia":[{"embeddable":true,"href":"https:\/\/theperfumebottles.com\/da\/wp-json\/wp\/v2\/media\/3026"}],"wp:attachment":[{"href":"https:\/\/theperfumebottles.com\/da\/wp-json\/wp\/v2\/media?parent=3023"}],"wp:term":[{"taxonomy":"product_brand","embeddable":true,"href":"https:\/\/theperfumebottles.com\/da\/wp-json\/wp\/v2\/product_brand?post=3023"},{"taxonomy":"product_cat","embeddable":true,"href":"https:\/\/theperfumebottles.com\/da\/wp-json\/wp\/v2\/product_cat?post=3023"},{"taxonomy":"product_tag","embeddable":true,"href":"https:\/\/theperfumebottles.com\/da\/wp-json\/wp\/v2\/product_tag?post=3023"}],"curies":[{"name":"wp","href":"https:\/\/api.w.org\/{rel}","templated":true}]}}