{"id":3070,"date":"2025-04-16T05:58:27","date_gmt":"2025-04-16T05:58:27","guid":{"rendered":"https:\/\/theperfumebottles.com\/?post_type=product&#038;p=3070"},"modified":"2025-05-28T19:27:39","modified_gmt":"2025-05-28T11:27:39","slug":"square-100-ml-empty-spray-bottles-custom-perfume-packaging","status":"publish","type":"product","link":"https:\/\/theperfumebottles.com\/da\/vare\/square-100-ml-empty-spray-bottles-custom-perfume-packaging\/","title":{"rendered":"Firkantede 100 ml tomme sprayflasker brugerdefineret parfumeemballage"},"content":{"rendered":"<p>Vores YX04-serie af parfumeflasker i glas kombinerer elegance og funktionalitet. Vores 100 ml tomme sprayflasker er det ideelle valg til eksklusive m\u00e6rker med deres stabile glasbund og luksuri\u00f8se touch, der beskytter de dyrebare dufte.<\/p>\n<h2><strong>Specifikationer<\/strong><\/h2>\n<div class=\"hyc-common-markdown__table-wrapper\">\n<table>\n<thead>\n<tr>\n<th>Attribut<\/th>\n<th>Detaljer<\/th>\n<\/tr>\n<\/thead>\n<tbody>\n<tr>\n<td>Model<\/td>\n<td>MH-YX04<\/td>\n<\/tr>\n<tr>\n<td>Kapacitet<\/td>\n<td>100 ml (tilpassede st\u00f8rrelser tilg\u00e6ngelige)<\/td>\n<\/tr>\n<tr>\n<td>Materiale<\/td>\n<td>Klart glas med tyk bund<\/td>\n<\/tr>\n<tr>\n<td>Farvemuligheder<\/td>\n<td>Transparent hus, sort\/specialtilpasset l\u00e5g<\/td>\n<\/tr>\n<tr>\n<td>Certificeringer<\/td>\n<td>CE, ISO, REACH, BSCI, MSDS<\/td>\n<\/tr>\n<tr>\n<td>Leveringstid<\/td>\n<td>7-15 dage (lager), 30-45 dage (specialfremstillet)<\/td>\n<\/tr>\n<\/tbody>\n<\/table>\n<\/div>\n<h2>Fordele:<\/h2>\n<p>Uanset om du er en startup eller et etableret brand, l\u00f8ser disse 100 ml tomme sprayflasker to kritiske behov: emballage, der imponerer kunderne, og logistik, der sparer tid. Den konkave b\u00e6ltedetalje tilf\u00f8jer et strejf af stil uden at overv\u00e6lde din etiket, og den brugerdefinerbare l\u00e5gfarve giver dig mulighed for at v\u00e6lge branding-accenter, der stemmer overens med din brandstil.<\/p>\n<h2>Forslag:<\/h2>\n<p>Pynt med kvaster eller gulddetaljer for en festlig gave. Kontakt os for at anmode om en pr\u00f8ve, s\u00e5 hj\u00e6lper vi dig med at skabe en uforglemmelig duftoplevelse.<\/p>","protected":false},"excerpt":{"rendered":"<p>Opdag vores 100 ml tomme parfumesprayflasker med brugerdefinerede designs. Storbestillinger, hurtig levering og p\u00e5lidelige certificeringer til din parfumevirksomhed.<\/p>","protected":false},"featured_media":3072,"comment_status":"open","ping_status":"closed","template":"","meta":{"_acf_changed":false,"site-sidebar-layout":"default","site-content-layout":"","ast-site-content-layout":"default","site-content-style":"default","site-sidebar-style":"default","ast-global-header-display":"","ast-banner-title-visibility":"","ast-main-header-display":"","ast-hfb-above-header-display":"","ast-hfb-below-header-display":"","ast-hfb-mobile-header-display":"","site-post-title":"","ast-breadcrumbs-content":"","ast-featured-img":"","footer-sml-layout":"","ast-disable-related-posts":"","theme-transparent-header-meta":"default","adv-header-id-meta":"","stick-header-meta":"","header-above-stick-meta":"","header-main-stick-meta":"","header-below-stick-meta":"","astra-migrate-meta-layouts":"set","ast-page-background-enabled":"default","ast-page-background-meta":{"desktop":{"background-color":"var(--ast-global-color-5)","background-image":"","background-repeat":"repeat","background-position":"center center","background-size":"auto","background-attachment":"scroll","background-type":"","background-media":"","overlay-type":"","overlay-color":"","overlay-opacity":"","overlay-gradient":""},"tablet":{"background-color":"","background-image":"","background-repeat":"repeat","background-position":"center center","background-size":"auto","background-attachment":"scroll","background-type":"","background-media":"","overlay-type":"","overlay-color":"","overlay-opacity":"","overlay-gradient":""},"mobile":{"background-color":"","background-image":"","background-repeat":"repeat","background-position":"center center","background-size":"auto","background-attachment":"scroll","background-type":"","background-media":"","overlay-type":"","overlay-color":"","overlay-opacity":"","overlay-gradient":""}},"ast-content-background-meta":{"desktop":{"background-color":"var(--ast-global-color-4)","background-image":"","background-repeat":"repeat","background-position":"center center","background-size":"auto","background-attachment":"scroll","background-type":"","background-media":"","overlay-type":"","overlay-color":"","overlay-opacity":"","overlay-gradient":""},"tablet":{"background-color":"var(--ast-global-color-4)","background-image":"","background-repeat":"repeat","background-position":"center center","background-size":"auto","background-attachment":"scroll","background-type":"","background-media":"","overlay-type":"","overlay-color":"","overlay-opacity":"","overlay-gradient":""},"mobile":{"background-color":"var(--ast-global-color-4)","background-image":"","background-repeat":"repeat","background-position":"center center","background-size":"auto","background-attachment":"scroll","background-type":"","background-media":"","overlay-type":"","overlay-color":"","overlay-opacity":"","overlay-gradient":""}}},"product_brand":[],"product_cat":[72,91,41],"product_tag":[],"class_list":{"0":"post-3070","1":"product","2":"type-product","3":"status-publish","4":"has-post-thumbnail","6":"product_cat-cosmetic-packaging","7":"product_cat-custom-perfume-bottles","8":"product_cat-perfume-bottles","9":"desktop-align-left","10":"tablet-align-left","11":"mobile-align-left","13":"first","14":"instock","15":"shipping-taxable","16":"product-type-simple"},"acf":[],"jetpack_sharing_enabled":true,"_links":{"self":[{"href":"https:\/\/theperfumebottles.com\/da\/wp-json\/wp\/v2\/product\/3070","targetHints":{"allow":["GET"]}}],"collection":[{"href":"https:\/\/theperfumebottles.com\/da\/wp-json\/wp\/v2\/product"}],"about":[{"href":"https:\/\/theperfumebottles.com\/da\/wp-json\/wp\/v2\/types\/product"}],"replies":[{"embeddable":true,"href":"https:\/\/theperfumebottles.com\/da\/wp-json\/wp\/v2\/comments?post=3070"}],"wp:featuredmedia":[{"embeddable":true,"href":"https:\/\/theperfumebottles.com\/da\/wp-json\/wp\/v2\/media\/3072"}],"wp:attachment":[{"href":"https:\/\/theperfumebottles.com\/da\/wp-json\/wp\/v2\/media?parent=3070"}],"wp:term":[{"taxonomy":"product_brand","embeddable":true,"href":"https:\/\/theperfumebottles.com\/da\/wp-json\/wp\/v2\/product_brand?post=3070"},{"taxonomy":"product_cat","embeddable":true,"href":"https:\/\/theperfumebottles.com\/da\/wp-json\/wp\/v2\/product_cat?post=3070"},{"taxonomy":"product_tag","embeddable":true,"href":"https:\/\/theperfumebottles.com\/da\/wp-json\/wp\/v2\/product_tag?post=3070"}],"curies":[{"name":"wp","href":"https:\/\/api.w.org\/{rel}","templated":true}]}}