{"id":3076,"date":"2025-04-16T08:01:59","date_gmt":"2025-04-16T08:01:59","guid":{"rendered":"https:\/\/theperfumebottles.com\/?post_type=product&#038;p=3076"},"modified":"2025-04-16T08:02:00","modified_gmt":"2025-04-16T08:02:00","slug":"octagonal-luxury-crystal-perfume-bottle-with-gold-accent","status":"publish","type":"product","link":"https:\/\/theperfumebottles.com\/da\/vare\/octagonal-luxury-crystal-perfume-bottle-with-gold-accent\/","title":{"rendered":"Ottekantet luksuskrystal parfumeflaske med guld accent"},"content":{"rendered":"<p>Vores YX05-serie af parfumeflasker kombinerer moderne geometriske former med tidl\u00f8s raffinement. Det g\u00f8r vores luksuri\u00f8se krystalparfumeflakon, som er designet til at f\u00e5 din parfume til at skille sig ud p\u00e5 enhver hylde. Uanset om du er m\u00e6rkevareejer og lancerer en ny duft eller er forhandler, kan du stole p\u00e5, at denne parfumeflakon opfylder dine kunders krav til kvalitet og stil.<\/p>\n<h2>N\u00f8glespecifikationer<\/h2>\n<div class=\"hyc-common-markdown__table-wrapper\">\n<table>\n<thead>\n<tr>\n<th>Parameter<\/th>\n<th>Detaljer<\/th>\n<\/tr>\n<\/thead>\n<tbody>\n<tr>\n<td>Model<\/td>\n<td>MH-YX05<\/td>\n<\/tr>\n<tr>\n<td>Kapacitet<\/td>\n<td>100 ml (3,4 oz)<\/td>\n<\/tr>\n<tr>\n<td>Dimensioner<\/td>\n<td>75 mm x 34 mm x 89 mm<\/td>\n<\/tr>\n<tr>\n<td>Overfladeindstillinger<\/td>\n<td>Frostet, silketryk, varmstempling, brugerdefinerede farver\/logoer<\/td>\n<\/tr>\n<tr>\n<td>Brug<\/td>\n<td>Parfumer, cologner, kropssprays, olier, hydrosoler<\/td>\n<\/tr>\n<tr>\n<td>Certificeringer<\/td>\n<td>CE, ISO, BSCI, REACH, MSDS<\/td>\n<\/tr>\n<tr>\n<td>Emballage<\/td>\n<td>Tilpassede kartoner eller tr\u00e6paller til store ordrer<\/td>\n<\/tr>\n<tr>\n<td>Leveringstid<\/td>\n<td>7-15 dage (lager); 30-45 dage (specialfremstillet)<\/td>\n<\/tr>\n<\/tbody>\n<\/table>\n<\/div>\n<p>Den ottekantede flaske er b\u00e5de smuk og praktisk og fanger lyset perfekt. Kapaciteten p\u00e5 100 ml opfylder de almindelige markedsstandarder. Med en sort h\u00e6tte med guldkant udstr\u00e5ler den en diskret luksus.<\/p>\n<p><strong>Robust og holdbar<\/strong>: Lavet af tykt glas, det er holdbart og behageligt at holde, hvilket fremh\u00e6ver produktets kvalitet. Produktet har best\u00e5et CE- og ISO-certificering.<\/p>\n<p><strong>Effektiv og fleksibel<\/strong>: Om ordrem\u00e6ngden er 500 eller <span class=\"wrapper\">50,000<\/span> stykker, kan vores lager og muligheder hj\u00e6lpe dig. Du kan bestille pr\u00f8ver f\u00f8rst og skalere op med tillid.<\/p>\n<p>MH-YX05-parfumeflasken er ideel til at skabe mindev\u00e6rdige brands. Fra det f\u00f8rste spr\u00f8jt til den sidste dr\u00e5be g\u00f8r den parfumens udseende og aroma forfriskende.<\/p>\n<h2>Forslag til matchende emballage<\/h2>\n<p><strong>Gave\u00e6ske<\/strong>: V\u00e6lg en sort eller m\u00f8rkebl\u00e5 \u00e6ske. Tryk et enkelt logo p\u00e5 \u00e6skens overflade, og match det med en sl\u00f8jfe i samme farve. Brug en bl\u00f8d svamp eller flockmateriale til at fylde rummene inde i parfumeflasken.<\/p>\n<p><strong>Fyldning<\/strong>: Brug milj\u00f8venlige materialer som raffia eller makuleret papir. Du kan ogs\u00e5 pakke parfumeflasken ind i tyl for at tilf\u00f8je en f\u00f8lelse af ceremoni.<\/p>\n<p><strong>H\u00e5ndtasker<\/strong>: H\u00e5ndtasker af papir eller ikke-v\u00e6vet materiale med logo og slogan er tilg\u00e6ngelige. Til avancerede kunder kan l\u00e6derh\u00e5ndtasker tilpasses.<\/p>\n<h2>Guide til brug<\/h2>\n<p>\ud83d\udc49 Bestil pr\u00f8ver til at teste sprayen.<\/p>\n<p>\ud83d\udc49 Tilpas flaskens farve og brandoplysninger.<\/p>\n<p>\ud83d\udc49 Konsulter engrosmulighederne for en overkommelig l\u00f8sning.<\/p>\n<p>V\u00e6lg denne parfumeflaske til din samling, og skab en mindev\u00e6rdig produktlancering sammen.<\/p>","protected":false},"excerpt":{"rendered":"<p>Vores YX05-serie af parfumeflasker kombinerer moderne geometriske former med tidl\u00f8s raffinement. L\u00f8ft din duftlinje med vores luksuri\u00f8se krystalparfumeflasker. 100 ml ottekantet glasdesign, CE\/ISO-certificeret, bulkordrer, der kan tilpasses.<\/p>","protected":false},"featured_media":3080,"comment_status":"open","ping_status":"closed","template":"","meta":{"_acf_changed":false,"site-sidebar-layout":"default","site-content-layout":"","ast-site-content-layout":"default","site-content-style":"default","site-sidebar-style":"default","ast-global-header-display":"","ast-banner-title-visibility":"","ast-main-header-display":"","ast-hfb-above-header-display":"","ast-hfb-below-header-display":"","ast-hfb-mobile-header-display":"","site-post-title":"","ast-breadcrumbs-content":"","ast-featured-img":"","footer-sml-layout":"","ast-disable-related-posts":"","theme-transparent-header-meta":"default","adv-header-id-meta":"","stick-header-meta":"","header-above-stick-meta":"","header-main-stick-meta":"","header-below-stick-meta":"","astra-migrate-meta-layouts":"set","ast-page-background-enabled":"default","ast-page-background-meta":{"desktop":{"background-color":"var(--ast-global-color-5)","background-image":"","background-repeat":"repeat","background-position":"center center","background-size":"auto","background-attachment":"scroll","background-type":"","background-media":"","overlay-type":"","overlay-color":"","overlay-opacity":"","overlay-gradient":""},"tablet":{"background-color":"","background-image":"","background-repeat":"repeat","background-position":"center center","background-size":"auto","background-attachment":"scroll","background-type":"","background-media":"","overlay-type":"","overlay-color":"","overlay-opacity":"","overlay-gradient":""},"mobile":{"background-color":"","background-image":"","background-repeat":"repeat","background-position":"center center","background-size":"auto","background-attachment":"scroll","background-type":"","background-media":"","overlay-type":"","overlay-color":"","overlay-opacity":"","overlay-gradient":""}},"ast-content-background-meta":{"desktop":{"background-color":"var(--ast-global-color-4)","background-image":"","background-repeat":"repeat","background-position":"center center","background-size":"auto","background-attachment":"scroll","background-type":"","background-media":"","overlay-type":"","overlay-color":"","overlay-opacity":"","overlay-gradient":""},"tablet":{"background-color":"var(--ast-global-color-4)","background-image":"","background-repeat":"repeat","background-position":"center center","background-size":"auto","background-attachment":"scroll","background-type":"","background-media":"","overlay-type":"","overlay-color":"","overlay-opacity":"","overlay-gradient":""},"mobile":{"background-color":"var(--ast-global-color-4)","background-image":"","background-repeat":"repeat","background-position":"center center","background-size":"auto","background-attachment":"scroll","background-type":"","background-media":"","overlay-type":"","overlay-color":"","overlay-opacity":"","overlay-gradient":""}}},"product_brand":[],"product_cat":[72,91,41],"product_tag":[],"class_list":{"0":"post-3076","1":"product","2":"type-product","3":"status-publish","4":"has-post-thumbnail","6":"product_cat-cosmetic-packaging","7":"product_cat-custom-perfume-bottles","8":"product_cat-perfume-bottles","9":"desktop-align-left","10":"tablet-align-left","11":"mobile-align-left","13":"first","14":"instock","15":"shipping-taxable","16":"product-type-simple"},"acf":[],"jetpack_sharing_enabled":true,"_links":{"self":[{"href":"https:\/\/theperfumebottles.com\/da\/wp-json\/wp\/v2\/product\/3076","targetHints":{"allow":["GET"]}}],"collection":[{"href":"https:\/\/theperfumebottles.com\/da\/wp-json\/wp\/v2\/product"}],"about":[{"href":"https:\/\/theperfumebottles.com\/da\/wp-json\/wp\/v2\/types\/product"}],"replies":[{"embeddable":true,"href":"https:\/\/theperfumebottles.com\/da\/wp-json\/wp\/v2\/comments?post=3076"}],"wp:featuredmedia":[{"embeddable":true,"href":"https:\/\/theperfumebottles.com\/da\/wp-json\/wp\/v2\/media\/3080"}],"wp:attachment":[{"href":"https:\/\/theperfumebottles.com\/da\/wp-json\/wp\/v2\/media?parent=3076"}],"wp:term":[{"taxonomy":"product_brand","embeddable":true,"href":"https:\/\/theperfumebottles.com\/da\/wp-json\/wp\/v2\/product_brand?post=3076"},{"taxonomy":"product_cat","embeddable":true,"href":"https:\/\/theperfumebottles.com\/da\/wp-json\/wp\/v2\/product_cat?post=3076"},{"taxonomy":"product_tag","embeddable":true,"href":"https:\/\/theperfumebottles.com\/da\/wp-json\/wp\/v2\/product_tag?post=3076"}],"curies":[{"name":"wp","href":"https:\/\/api.w.org\/{rel}","templated":true}]}}