{"id":3081,"date":"2025-04-16T09:14:49","date_gmt":"2025-04-16T09:14:49","guid":{"rendered":"https:\/\/theperfumebottles.com\/?post_type=product&#038;p=3081"},"modified":"2026-04-07T15:47:10","modified_gmt":"2026-04-07T07:47:10","slug":"1-oz-30-ml-perfume-bottle-with-customizable-design","status":"publish","type":"product","link":"https:\/\/theperfumebottles.com\/da\/vare\/1-oz-30-ml-perfume-bottle-with-customizable-design\/","title":{"rendered":"1 oz 30 ml parfumeflaske med brugerdefineret design"},"content":{"rendered":"<p>I dag anbefaler vi en fremragende YX06 30 ml parfumeflaske i glas. 30 ml parfumeflasken indeholder et essentielt designelement, der bruger ultraklart glas til sin rektangul\u00e6re form og kombineres med en s\u00f8lvforkromet spraydyse, der skaber en diskret luksuri\u00f8s effekt.<\/p>\n<h2>N\u00f8glespecifikationer<\/h2>\n<div>\n<table class=\"aligncenter\" style=\"border-collapse: collapse; width: 524.27pt;\" border=\"0\" width=\"699\" cellspacing=\"0\" cellpadding=\"0\">\n<tbody>\n<tr style=\"height: 13.50pt;\">\n<td style=\"height: 13.50pt; width: 96.75pt;\" width=\"129\" height=\"18\">Funktion<\/td>\n<td style=\"width: 427.50pt;\" width=\"570\">Detaljer<\/td>\n<\/tr>\n<tr style=\"height: 13.50pt;\">\n<td style=\"height: 13.50pt;\" height=\"18\">Model<\/td>\n<td>PB-YX06<\/td>\n<\/tr>\n<tr style=\"height: 13.50pt;\">\n<td style=\"height: 13.50pt;\" height=\"18\">Kapacitet<\/td>\n<td>30 ml (1 oz)<\/td>\n<\/tr>\n<tr style=\"height: 13.50pt;\">\n<td style=\"height: 13.50pt;\" height=\"18\">Dimensioner<\/td>\n<td>37 \u00d7 25 \u00d7 95 mm<\/td>\n<\/tr>\n<tr style=\"height: 13.50pt;\">\n<td style=\"height: 13.50pt;\" height=\"18\">Overfladeindstillinger<\/td>\n<td>Frostet glas, silketryk, varmpr\u00e6gning, brugerdefinerede farvedesigns<\/td>\n<\/tr>\n<tr style=\"height: 13.50pt;\">\n<td style=\"height: 13.50pt;\" height=\"18\">Certificeringer<\/td>\n<td>ISO, CE, REACH, BSCI, MSDS<\/td>\n<\/tr>\n<tr style=\"height: 13.50pt;\">\n<td style=\"height: 13.50pt;\" height=\"18\">Emballage<\/td>\n<td>Tilpassede kartoner eller tr\u00e6paller til store ordrer<\/td>\n<\/tr>\n<tr style=\"height: 13.50pt;\">\n<td style=\"height: 13.50pt;\" height=\"18\">Leveringstid<\/td>\n<td>7-15 dage (lager); 30-45 dage (specialfremstillet)<\/td>\n<\/tr>\n<\/tbody>\n<\/table>\n<\/div>\n<h2>Om bulkordrer<\/h2>\n<p>Uanset om du skal k\u00f8be 500 eller 50.000 stk., kan vi tilbyde fleksible og varierede emballagemuligheder og sikre hurtig levering. Lagervarer kan sendes inden for 1 til 2 uger, og specialfremstillede produkter leveres normalt inden for 30 til 45 dage for at sikre, at ordren gennemf\u00f8res til tiden.<\/p>\n<h2>Forslag til tilpasning af parfumeflasker p\u00e5 1 oz<\/h2>\n<ul>\n<li>Variationer i firkantede proportioner: Skab nye produktdesigns ved at udvikle flaskeformer, der inkluderer h\u00f8je, smalle og korte, brede, firkantede beholdere, der bevarer deres \u00e6stetiske v\u00e6rdi i hele produktlinjen.<\/li>\n<li>Magnetisk flaskeh\u00e6tte: Flaskeh\u00e6tten har et sikkert magnetisk forseglingsdesign, der giver brugerne en kontinuerlig overflade og dermed forbedrer deres interaktion med produktet.<\/li>\n<li>Avanceret tilpasning af spr\u00f8jten: Spr\u00f8jtedysen giver brugerne mulighed for at \u00e6ndre dens farve og form og justere spr\u00f8jtem\u00f8nsteret, indtil de opn\u00e5r de \u00f8nskede resultater.<\/li>\n<\/ul>","protected":false},"excerpt":{"rendered":"<p>Opdag elegante 30 ml parfumeflasker (1 oz) med brugerdefinerede designs, muligheder for engroshandel og hurtig levering. Perfekt til parfumem\u00e6rker og leverand\u00f8rer.<\/p>","protected":false},"featured_media":3082,"comment_status":"open","ping_status":"closed","template":"","meta":{"_acf_changed":false,"site-sidebar-layout":"default","site-content-layout":"","ast-site-content-layout":"default","site-content-style":"default","site-sidebar-style":"default","ast-global-header-display":"","ast-banner-title-visibility":"","ast-main-header-display":"","ast-hfb-above-header-display":"","ast-hfb-below-header-display":"","ast-hfb-mobile-header-display":"","site-post-title":"","ast-breadcrumbs-content":"","ast-featured-img":"","footer-sml-layout":"","ast-disable-related-posts":"","theme-transparent-header-meta":"default","adv-header-id-meta":"","stick-header-meta":"","header-above-stick-meta":"","header-main-stick-meta":"","header-below-stick-meta":"","astra-migrate-meta-layouts":"set","ast-page-background-enabled":"default","ast-page-background-meta":{"desktop":{"background-color":"var(--ast-global-color-5)","background-image":"","background-repeat":"repeat","background-position":"center center","background-size":"auto","background-attachment":"scroll","background-type":"","background-media":"","overlay-type":"","overlay-color":"","overlay-opacity":"","overlay-gradient":""},"tablet":{"background-color":"","background-image":"","background-repeat":"repeat","background-position":"center center","background-size":"auto","background-attachment":"scroll","background-type":"","background-media":"","overlay-type":"","overlay-color":"","overlay-opacity":"","overlay-gradient":""},"mobile":{"background-color":"","background-image":"","background-repeat":"repeat","background-position":"center center","background-size":"auto","background-attachment":"scroll","background-type":"","background-media":"","overlay-type":"","overlay-color":"","overlay-opacity":"","overlay-gradient":""}},"ast-content-background-meta":{"desktop":{"background-color":"var(--ast-global-color-4)","background-image":"","background-repeat":"repeat","background-position":"center center","background-size":"auto","background-attachment":"scroll","background-type":"","background-media":"","overlay-type":"","overlay-color":"","overlay-opacity":"","overlay-gradient":""},"tablet":{"background-color":"var(--ast-global-color-4)","background-image":"","background-repeat":"repeat","background-position":"center center","background-size":"auto","background-attachment":"scroll","background-type":"","background-media":"","overlay-type":"","overlay-color":"","overlay-opacity":"","overlay-gradient":""},"mobile":{"background-color":"var(--ast-global-color-4)","background-image":"","background-repeat":"repeat","background-position":"center center","background-size":"auto","background-attachment":"scroll","background-type":"","background-media":"","overlay-type":"","overlay-color":"","overlay-opacity":"","overlay-gradient":""}}},"product_brand":[],"product_cat":[91,72,41],"product_tag":[],"class_list":{"0":"post-3081","1":"product","2":"type-product","3":"status-publish","4":"has-post-thumbnail","6":"product_cat-custom-perfume-bottles","7":"product_cat-cosmetic-packaging","8":"product_cat-perfume-bottles","9":"desktop-align-left","10":"tablet-align-left","11":"mobile-align-left","13":"first","14":"instock","15":"shipping-taxable","16":"product-type-simple"},"acf":[],"jetpack_sharing_enabled":true,"_links":{"self":[{"href":"https:\/\/theperfumebottles.com\/da\/wp-json\/wp\/v2\/product\/3081","targetHints":{"allow":["GET"]}}],"collection":[{"href":"https:\/\/theperfumebottles.com\/da\/wp-json\/wp\/v2\/product"}],"about":[{"href":"https:\/\/theperfumebottles.com\/da\/wp-json\/wp\/v2\/types\/product"}],"replies":[{"embeddable":true,"href":"https:\/\/theperfumebottles.com\/da\/wp-json\/wp\/v2\/comments?post=3081"}],"wp:featuredmedia":[{"embeddable":true,"href":"https:\/\/theperfumebottles.com\/da\/wp-json\/wp\/v2\/media\/3082"}],"wp:attachment":[{"href":"https:\/\/theperfumebottles.com\/da\/wp-json\/wp\/v2\/media?parent=3081"}],"wp:term":[{"taxonomy":"product_brand","embeddable":true,"href":"https:\/\/theperfumebottles.com\/da\/wp-json\/wp\/v2\/product_brand?post=3081"},{"taxonomy":"product_cat","embeddable":true,"href":"https:\/\/theperfumebottles.com\/da\/wp-json\/wp\/v2\/product_cat?post=3081"},{"taxonomy":"product_tag","embeddable":true,"href":"https:\/\/theperfumebottles.com\/da\/wp-json\/wp\/v2\/product_tag?post=3081"}],"curies":[{"name":"wp","href":"https:\/\/api.w.org\/{rel}","templated":true}]}}