{"id":3099,"date":"2025-04-18T07:05:07","date_gmt":"2025-04-18T07:05:07","guid":{"rendered":"https:\/\/theperfumebottles.com\/?post_type=product&#038;p=3099"},"modified":"2025-05-28T19:24:10","modified_gmt":"2025-05-28T11:24:10","slug":"custom-100ml-cool-perfume-bottles-aftershave-bottles-for-wholesale","status":"publish","type":"product","link":"https:\/\/theperfumebottles.com\/da\/vare\/custom-100ml-cool-perfume-bottles-aftershave-bottles-for-wholesale\/","title":{"rendered":"Brugerdefinerede 100ml fede parfumeflasker og aftershaveflasker til engros"},"content":{"rendered":"<p>Vores rektangul\u00e6re, cool parfumeflasker blander skarpe kanter med flydende metalliske accenter - gyldne spraydyser st\u00e5r i kontrast til slanke glashalse og skaber et lysbrydende drama, der er indbegrebet af banebrydende \u00e6stetik.<\/p>\n<h2><strong>Specifikationer<\/strong><\/h2>\n<table>\n<thead>\n<tr>\n<th><strong>Funktion<\/strong><\/th>\n<th><strong>Detaljer<\/strong><\/th>\n<\/tr>\n<\/thead>\n<tbody>\n<tr>\n<td><strong>Model<\/strong><\/td>\n<td>PB-YX08<\/td>\n<\/tr>\n<tr>\n<td><strong>Form<\/strong><\/td>\n<td>Rektangul\u00e6r<\/td>\n<\/tr>\n<tr>\n<td><strong>Kapacitet<\/strong><\/td>\n<td>100 ml (3,4 oz)<\/td>\n<\/tr>\n<tr>\n<td><strong>Til toppen<\/strong><\/td>\n<td>Sf\u00e6risk h\u00e6tte med spraydyse<\/td>\n<\/tr>\n<tr>\n<td><strong>Dimensioner<\/strong><\/td>\n<td>55 mm (B) \u00d7 30 mm (D) \u00d7 118 mm (H)<\/td>\n<\/tr>\n<tr>\n<td><strong>Overfladeindstillinger<\/strong><\/td>\n<td>Sandbl\u00e6sning, serigrafi, forgyldning, spr\u00f8jtning, pr\u00e6gning, polering, m\u00e6rkater<\/td>\n<\/tr>\n<tr>\n<td><strong>Certificeringer<\/strong><\/td>\n<td>CE, ISO, BSCI, REACH<\/td>\n<\/tr>\n<tr>\n<td><strong>Indpakningsmuligheder<\/strong><\/td>\n<td>Tr\u00e6paller, kartoner eller specialemballage<\/td>\n<\/tr>\n<\/tbody>\n<\/table>\n<h2>Tips til emballering:<\/h2>\n<p>Et brand brugte denne flaske som beholder til sin nye aftershave. Ved at tilf\u00f8je en mat sort finish og guldpr\u00e6gning skabte de en stilfuld og kantet \u00e6stetik, som \u00f8gede deres synlighed i onlines\u00f8gninger. Flaskernes holdbarhed og deres CE-certificering gjorde, at de hurtigt kunne komme ind p\u00e5 det europ\u00e6iske marked.<\/p>","protected":false},"excerpt":{"rendered":"<p>Oplev 100 ml k\u00f8lige parfumeflasker og aftershaveflasker til din parfumevirksomhed. Tilpas design, hurtige engrosordrer og globale certificeringer.<\/p>","protected":false},"featured_media":3101,"comment_status":"open","ping_status":"closed","template":"","meta":{"_acf_changed":false,"site-sidebar-layout":"default","site-content-layout":"","ast-site-content-layout":"default","site-content-style":"default","site-sidebar-style":"default","ast-global-header-display":"","ast-banner-title-visibility":"","ast-main-header-display":"","ast-hfb-above-header-display":"","ast-hfb-below-header-display":"","ast-hfb-mobile-header-display":"","site-post-title":"","ast-breadcrumbs-content":"","ast-featured-img":"","footer-sml-layout":"","ast-disable-related-posts":"","theme-transparent-header-meta":"default","adv-header-id-meta":"","stick-header-meta":"","header-above-stick-meta":"","header-main-stick-meta":"","header-below-stick-meta":"","astra-migrate-meta-layouts":"set","ast-page-background-enabled":"default","ast-page-background-meta":{"desktop":{"background-color":"var(--ast-global-color-5)","background-image":"","background-repeat":"repeat","background-position":"center center","background-size":"auto","background-attachment":"scroll","background-type":"","background-media":"","overlay-type":"","overlay-color":"","overlay-opacity":"","overlay-gradient":""},"tablet":{"background-color":"","background-image":"","background-repeat":"repeat","background-position":"center center","background-size":"auto","background-attachment":"scroll","background-type":"","background-media":"","overlay-type":"","overlay-color":"","overlay-opacity":"","overlay-gradient":""},"mobile":{"background-color":"","background-image":"","background-repeat":"repeat","background-position":"center center","background-size":"auto","background-attachment":"scroll","background-type":"","background-media":"","overlay-type":"","overlay-color":"","overlay-opacity":"","overlay-gradient":""}},"ast-content-background-meta":{"desktop":{"background-color":"var(--ast-global-color-4)","background-image":"","background-repeat":"repeat","background-position":"center center","background-size":"auto","background-attachment":"scroll","background-type":"","background-media":"","overlay-type":"","overlay-color":"","overlay-opacity":"","overlay-gradient":""},"tablet":{"background-color":"var(--ast-global-color-4)","background-image":"","background-repeat":"repeat","background-position":"center center","background-size":"auto","background-attachment":"scroll","background-type":"","background-media":"","overlay-type":"","overlay-color":"","overlay-opacity":"","overlay-gradient":""},"mobile":{"background-color":"var(--ast-global-color-4)","background-image":"","background-repeat":"repeat","background-position":"center center","background-size":"auto","background-attachment":"scroll","background-type":"","background-media":"","overlay-type":"","overlay-color":"","overlay-opacity":"","overlay-gradient":""}}},"product_brand":[],"product_cat":[72,91],"product_tag":[],"class_list":{"0":"post-3099","1":"product","2":"type-product","3":"status-publish","4":"has-post-thumbnail","6":"product_cat-cosmetic-packaging","7":"product_cat-custom-perfume-bottles","8":"desktop-align-left","9":"tablet-align-left","10":"mobile-align-left","12":"first","13":"instock","14":"shipping-taxable","15":"product-type-simple"},"acf":[],"jetpack_sharing_enabled":true,"_links":{"self":[{"href":"https:\/\/theperfumebottles.com\/da\/wp-json\/wp\/v2\/product\/3099","targetHints":{"allow":["GET"]}}],"collection":[{"href":"https:\/\/theperfumebottles.com\/da\/wp-json\/wp\/v2\/product"}],"about":[{"href":"https:\/\/theperfumebottles.com\/da\/wp-json\/wp\/v2\/types\/product"}],"replies":[{"embeddable":true,"href":"https:\/\/theperfumebottles.com\/da\/wp-json\/wp\/v2\/comments?post=3099"}],"wp:featuredmedia":[{"embeddable":true,"href":"https:\/\/theperfumebottles.com\/da\/wp-json\/wp\/v2\/media\/3101"}],"wp:attachment":[{"href":"https:\/\/theperfumebottles.com\/da\/wp-json\/wp\/v2\/media?parent=3099"}],"wp:term":[{"taxonomy":"product_brand","embeddable":true,"href":"https:\/\/theperfumebottles.com\/da\/wp-json\/wp\/v2\/product_brand?post=3099"},{"taxonomy":"product_cat","embeddable":true,"href":"https:\/\/theperfumebottles.com\/da\/wp-json\/wp\/v2\/product_cat?post=3099"},{"taxonomy":"product_tag","embeddable":true,"href":"https:\/\/theperfumebottles.com\/da\/wp-json\/wp\/v2\/product_tag?post=3099"}],"curies":[{"name":"wp","href":"https:\/\/api.w.org\/{rel}","templated":true}]}}