{"id":3124,"date":"2025-04-22T04:03:56","date_gmt":"2025-04-22T04:03:56","guid":{"rendered":"https:\/\/theperfumebottles.com\/?post_type=product&#038;p=3124"},"modified":"2025-05-29T10:34:52","modified_gmt":"2025-05-29T02:34:52","slug":"customize-your-own-big-cologne-bottles-empty-perfume-bottles-100ml","status":"publish","type":"product","link":"https:\/\/theperfumebottles.com\/da\/vare\/customize-your-own-big-cologne-bottles-empty-perfume-bottles-100ml\/","title":{"rendered":"Tilpas dine egne store cologneflasker \u2013 Tomme parfumeflasker 100ml"},"content":{"rendered":"<p>Uanset om du er m\u00e6rkevareejer eller grossist, kan vores PB-YX13 100 ml store flaske v\u00e6re h\u00f8jdepunktet i din virksomhed. Elegant design + praktisk kapacitet, en flaske opfylder b\u00e5de avancerede og daglige behov.<\/p>\n<h2>Specifikation<\/h2>\n<p><img fetchpriority=\"high\" decoding=\"async\" class=\"wp-image-3125 aligncenter\" src=\"https:\/\/theperfumebottles.com\/wp-content\/uploads\/2025\/04\/big-cologne-bottles-sizes-yx13.webp\" alt=\"store cologneflasker\" width=\"500\" height=\"500\" srcset=\"https:\/\/theperfumebottles.com\/wp-content\/uploads\/2025\/04\/big-cologne-bottles-sizes-yx13.webp 1000w, https:\/\/theperfumebottles.com\/wp-content\/uploads\/2025\/04\/big-cologne-bottles-sizes-yx13-300x300.webp 300w, https:\/\/theperfumebottles.com\/wp-content\/uploads\/2025\/04\/big-cologne-bottles-sizes-yx13-150x150.webp 150w, https:\/\/theperfumebottles.com\/wp-content\/uploads\/2025\/04\/big-cologne-bottles-sizes-yx13-768x768.webp 768w, https:\/\/theperfumebottles.com\/wp-content\/uploads\/2025\/04\/big-cologne-bottles-sizes-yx13-12x12.webp 12w, https:\/\/theperfumebottles.com\/wp-content\/uploads\/2025\/04\/big-cologne-bottles-sizes-yx13-600x600.webp 600w, https:\/\/theperfumebottles.com\/wp-content\/uploads\/2025\/04\/big-cologne-bottles-sizes-yx13-100x100.webp 100w\" sizes=\"(max-width: 500px) 100vw, 500px\" \/><\/p>\n<table style=\"border-collapse: collapse;border: 0;margin-left: auto;margin-right: auto;width: 366.77pt\" border=\"0\" width=\"489\" cellspacing=\"0\" cellpadding=\"0\">\n<tbody>\n<tr style=\"height: 15.00pt\">\n<td class=\"et1\" style=\"height: 15.00pt;width: 141.15pt\" width=\"188\" height=\"20\"><strong>Kapacitet<\/strong><\/td>\n<td class=\"et1\" style=\"width: 225.85pt\" width=\"301\">100 ml (3,4 oz)<\/td>\n<\/tr>\n<tr style=\"height: 15.00pt\">\n<td class=\"et1\" style=\"height: 15.00pt\" height=\"20\"><strong>Materiale<\/strong><\/td>\n<td class=\"et1\">Krystalglas<\/td>\n<\/tr>\n<tr style=\"height: 15.00pt\">\n<td class=\"et1\" style=\"height: 15.00pt\" height=\"20\"><strong>Spr\u00f8jtetype<\/strong><\/td>\n<td class=\"et1\">Forst\u00f8ver<\/td>\n<\/tr>\n<tr style=\"height: 15.00pt\">\n<td class=\"et1\" style=\"height: 15.00pt\" height=\"20\"><strong>Tilg\u00e6ngelige farver<\/strong><\/td>\n<td class=\"et1\">Guld, s\u00f8lv, sort, hvid, tr\u00e6<\/td>\n<\/tr>\n<\/tbody>\n<\/table>\n<h2>Anvendelige scenarier fuld strategi<\/h2>\n<ul>\n<li><strong>Daglig brug:<\/strong> Kapaciteten p\u00e5 100 ml er velegnet til at have med rundt og opfylder behovet for at fylde p\u00e5 med duft hele dagen.<\/li>\n<li><strong>Julegaver:<\/strong> uds\u00f8gt flaske + tilpasset emballage, er et kvalitetsvalg til gavescener.<\/li>\n<li><strong>Tilpasning til flere dufte:<\/strong> Eau de toilette, blomstervand, cologne er alle kompatible.<\/li>\n<\/ul>\n<figure id=\"attachment_3128\" aria-describedby=\"caption-attachment-3128\" style=\"width: 500px\" class=\"wp-caption aligncenter\"><img decoding=\"async\" class=\"wp-image-3128\" src=\"https:\/\/theperfumebottles.com\/wp-content\/uploads\/2025\/04\/empty-perfume-bottles-100ml-yx13.webp\" alt=\"tomme parfumeflasker 100 ml\" width=\"500\" height=\"500\" srcset=\"https:\/\/theperfumebottles.com\/wp-content\/uploads\/2025\/04\/empty-perfume-bottles-100ml-yx13.webp 1000w, https:\/\/theperfumebottles.com\/wp-content\/uploads\/2025\/04\/empty-perfume-bottles-100ml-yx13-300x300.webp 300w, https:\/\/theperfumebottles.com\/wp-content\/uploads\/2025\/04\/empty-perfume-bottles-100ml-yx13-150x150.webp 150w, https:\/\/theperfumebottles.com\/wp-content\/uploads\/2025\/04\/empty-perfume-bottles-100ml-yx13-768x768.webp 768w, https:\/\/theperfumebottles.com\/wp-content\/uploads\/2025\/04\/empty-perfume-bottles-100ml-yx13-12x12.webp 12w, https:\/\/theperfumebottles.com\/wp-content\/uploads\/2025\/04\/empty-perfume-bottles-100ml-yx13-600x600.webp 600w, https:\/\/theperfumebottles.com\/wp-content\/uploads\/2025\/04\/empty-perfume-bottles-100ml-yx13-100x100.webp 100w\" sizes=\"(max-width: 500px) 100vw, 500px\" \/><figcaption id=\"caption-attachment-3128\" class=\"wp-caption-text\">tomme parfumeflasker 100 ml<\/figcaption><\/figure>\n<h2>Forslag til emballage<\/h2>\n<p>Et high-end brand brugte engang vores YX1301-model (specialgraveringsmodel) til at lancere en limited edition-parfume - det \u00f8gede ikke kun salget, men skabte ogs\u00e5 heftige diskussioner p\u00e5 de sociale medier.<\/p>\n<h2>tips til tilpasning:<\/h2>\n<ul>\n<li><strong>Gravering af flasker<\/strong>: brand LOGO, eksklusivt slogan, kunstnerisk m\u00f8nster.<\/li>\n<li><strong>Dekoration til flaskehals<\/strong>: metalring, b\u00e5nd, udsmykning i naturmateriale.<\/li>\n<li><strong>Opgradering af emballage<\/strong>: fra simpel papirkasse til luksuri\u00f8s tr\u00e6kasse, der opfylder forskellige budgetter og scenebehov.<\/li>\n<\/ul>\n<p>Tilpas nu, og g\u00f8r hver flaske til en b\u00e6rer af brandets historie!<\/p>","protected":false},"excerpt":{"rendered":"<p>Oplev vores store parfumeflasker, der kan tilpasses, herunder tomme parfumeflasker p\u00e5 100 ml. Perfekt til dine forretningsbehov med unikke designs og topkvalitet.<\/p>","protected":false},"featured_media":3127,"comment_status":"open","ping_status":"closed","template":"","meta":{"_acf_changed":false,"site-sidebar-layout":"default","site-content-layout":"","ast-site-content-layout":"default","site-content-style":"default","site-sidebar-style":"default","ast-global-header-display":"","ast-banner-title-visibility":"","ast-main-header-display":"","ast-hfb-above-header-display":"","ast-hfb-below-header-display":"","ast-hfb-mobile-header-display":"","site-post-title":"","ast-breadcrumbs-content":"","ast-featured-img":"","footer-sml-layout":"","ast-disable-related-posts":"","theme-transparent-header-meta":"default","adv-header-id-meta":"","stick-header-meta":"","header-above-stick-meta":"","header-main-stick-meta":"","header-below-stick-meta":"","astra-migrate-meta-layouts":"set","ast-page-background-enabled":"default","ast-page-background-meta":{"desktop":{"background-color":"var(--ast-global-color-5)","background-image":"","background-repeat":"repeat","background-position":"center center","background-size":"auto","background-attachment":"scroll","background-type":"","background-media":"","overlay-type":"","overlay-color":"","overlay-opacity":"","overlay-gradient":""},"tablet":{"background-color":"","background-image":"","background-repeat":"repeat","background-position":"center center","background-size":"auto","background-attachment":"scroll","background-type":"","background-media":"","overlay-type":"","overlay-color":"","overlay-opacity":"","overlay-gradient":""},"mobile":{"background-color":"","background-image":"","background-repeat":"repeat","background-position":"center center","background-size":"auto","background-attachment":"scroll","background-type":"","background-media":"","overlay-type":"","overlay-color":"","overlay-opacity":"","overlay-gradient":""}},"ast-content-background-meta":{"desktop":{"background-color":"var(--ast-global-color-4)","background-image":"","background-repeat":"repeat","background-position":"center center","background-size":"auto","background-attachment":"scroll","background-type":"","background-media":"","overlay-type":"","overlay-color":"","overlay-opacity":"","overlay-gradient":""},"tablet":{"background-color":"var(--ast-global-color-4)","background-image":"","background-repeat":"repeat","background-position":"center center","background-size":"auto","background-attachment":"scroll","background-type":"","background-media":"","overlay-type":"","overlay-color":"","overlay-opacity":"","overlay-gradient":""},"mobile":{"background-color":"var(--ast-global-color-4)","background-image":"","background-repeat":"repeat","background-position":"center center","background-size":"auto","background-attachment":"scroll","background-type":"","background-media":"","overlay-type":"","overlay-color":"","overlay-opacity":"","overlay-gradient":""}}},"product_brand":[],"product_cat":[72,91,41],"product_tag":[],"class_list":{"0":"post-3124","1":"product","2":"type-product","3":"status-publish","4":"has-post-thumbnail","6":"product_cat-cosmetic-packaging","7":"product_cat-custom-perfume-bottles","8":"product_cat-perfume-bottles","9":"desktop-align-left","10":"tablet-align-left","11":"mobile-align-left","13":"first","14":"instock","15":"shipping-taxable","16":"product-type-simple"},"acf":[],"jetpack_sharing_enabled":true,"_links":{"self":[{"href":"https:\/\/theperfumebottles.com\/da\/wp-json\/wp\/v2\/product\/3124","targetHints":{"allow":["GET"]}}],"collection":[{"href":"https:\/\/theperfumebottles.com\/da\/wp-json\/wp\/v2\/product"}],"about":[{"href":"https:\/\/theperfumebottles.com\/da\/wp-json\/wp\/v2\/types\/product"}],"replies":[{"embeddable":true,"href":"https:\/\/theperfumebottles.com\/da\/wp-json\/wp\/v2\/comments?post=3124"}],"wp:featuredmedia":[{"embeddable":true,"href":"https:\/\/theperfumebottles.com\/da\/wp-json\/wp\/v2\/media\/3127"}],"wp:attachment":[{"href":"https:\/\/theperfumebottles.com\/da\/wp-json\/wp\/v2\/media?parent=3124"}],"wp:term":[{"taxonomy":"product_brand","embeddable":true,"href":"https:\/\/theperfumebottles.com\/da\/wp-json\/wp\/v2\/product_brand?post=3124"},{"taxonomy":"product_cat","embeddable":true,"href":"https:\/\/theperfumebottles.com\/da\/wp-json\/wp\/v2\/product_cat?post=3124"},{"taxonomy":"product_tag","embeddable":true,"href":"https:\/\/theperfumebottles.com\/da\/wp-json\/wp\/v2\/product_tag?post=3124"}],"curies":[{"name":"wp","href":"https:\/\/api.w.org\/{rel}","templated":true}]}}