{"id":3206,"date":"2025-04-25T07:43:22","date_gmt":"2025-04-25T07:43:22","guid":{"rendered":"https:\/\/theperfumebottles.com\/?post_type=product&#038;p=3206"},"modified":"2025-04-25T07:51:56","modified_gmt":"2025-04-25T07:51:56","slug":"3-oz-perfume-bottles-glass-cologne-bottles-for-bulk-orders","status":"publish","type":"product","link":"https:\/\/theperfumebottles.com\/da\/vare\/3-oz-perfume-bottles-glass-cologne-bottles-for-bulk-orders\/","title":{"rendered":"3 oz Parfume Flasker | Glas K\u00f6ln Flasker for Bulk Ordrer"},"content":{"rendered":"<p>Vores PB-YX1702 3 oz parfumeflaske har et afrundet, n\u00e6sten cylindrisk rektangul\u00e6rt design med et klart glasl\u00e5g og en tyk glasbase, der giver et luksuri\u00f8st look.<\/p>\n<p><img fetchpriority=\"high\" decoding=\"async\" class=\"wp-image-3209 aligncenter\" src=\"https:\/\/theperfumebottles.com\/wp-content\/uploads\/2025\/04\/3-oz-cologne-bottle-sizes-yx1702.webp\" alt=\"3 oz parfumeflaske\" width=\"500\" height=\"500\" srcset=\"https:\/\/theperfumebottles.com\/wp-content\/uploads\/2025\/04\/3-oz-cologne-bottle-sizes-yx1702.webp 1000w, https:\/\/theperfumebottles.com\/wp-content\/uploads\/2025\/04\/3-oz-cologne-bottle-sizes-yx1702-300x300.webp 300w, https:\/\/theperfumebottles.com\/wp-content\/uploads\/2025\/04\/3-oz-cologne-bottle-sizes-yx1702-150x150.webp 150w, https:\/\/theperfumebottles.com\/wp-content\/uploads\/2025\/04\/3-oz-cologne-bottle-sizes-yx1702-768x768.webp 768w, https:\/\/theperfumebottles.com\/wp-content\/uploads\/2025\/04\/3-oz-cologne-bottle-sizes-yx1702-12x12.webp 12w, https:\/\/theperfumebottles.com\/wp-content\/uploads\/2025\/04\/3-oz-cologne-bottle-sizes-yx1702-600x600.webp 600w, https:\/\/theperfumebottles.com\/wp-content\/uploads\/2025\/04\/3-oz-cologne-bottle-sizes-yx1702-100x100.webp 100w\" sizes=\"(max-width: 500px) 100vw, 500px\" \/><\/p>\n<h2>Vigtige specifikationer<\/h2>\n<table>\n<thead>\n<tr>\n<th style=\"text-align: left;\"><strong>Model<\/strong><\/th>\n<th style=\"text-align: left;\">PB-YX1702<\/th>\n<\/tr>\n<\/thead>\n<tbody>\n<tr>\n<td><strong>Kapacitet<\/strong><\/td>\n<td>90 ml (3 oz)<\/td>\n<\/tr>\n<tr>\n<td><strong>Dimensioner<\/strong><\/td>\n<td>55\u00d755\u00d788 mm<\/td>\n<\/tr>\n<tr>\n<td><strong>Farver p\u00e5 dyser<\/strong><\/td>\n<td>S\u00f8lv\/guld forst\u00f8ver<\/td>\n<\/tr>\n<tr>\n<td><strong>Forseglingstype<\/strong><\/td>\n<td>Press-fit hals for l\u00e6kagesikker forsegling<\/td>\n<\/tr>\n<\/tbody>\n<\/table>\n<h2>Tilpasningstips<\/h2>\n<p>En parfumegrossist brugte vores 3 oz cologne-flaske til at rebrande deres 3 oz cologne-linje. Ved at tilpasse deres brandlogo med varmstempling og bruge milj\u00f8venlig emballage modtog de en bulkordre p\u00e5 over $50.000 fra en luksusforhandler.<\/p>\n<ol>\n<li>Du kan indgravere tekst p\u00e5 glasflasken til firmagaver eller bryllupsgaver.<\/li>\n<li>Alternativt kan du v\u00e6lge en mat eller blank finish til blanke flasker.<\/li>\n<li>Kombiner med displaystativer i tr\u00e6 til messekampagner.<\/li>\n<\/ol>","protected":false},"excerpt":{"rendered":"<p>Descover 3 oz parfumeflaske (90 ml) med rundt rektangul\u00e6rt glasdesign, velegnet til bulkbestilling. Brugerdefineret farve, st\u00f8rrelse, overflade og tilbeh\u00f8r til dit parfumem\u00e6rke.<\/p>","protected":false},"featured_media":3211,"comment_status":"open","ping_status":"closed","template":"","meta":{"_acf_changed":false,"site-sidebar-layout":"default","site-content-layout":"","ast-site-content-layout":"default","site-content-style":"default","site-sidebar-style":"default","ast-global-header-display":"","ast-banner-title-visibility":"","ast-main-header-display":"","ast-hfb-above-header-display":"","ast-hfb-below-header-display":"","ast-hfb-mobile-header-display":"","site-post-title":"","ast-breadcrumbs-content":"","ast-featured-img":"","footer-sml-layout":"","ast-disable-related-posts":"","theme-transparent-header-meta":"default","adv-header-id-meta":"","stick-header-meta":"","header-above-stick-meta":"","header-main-stick-meta":"","header-below-stick-meta":"","astra-migrate-meta-layouts":"set","ast-page-background-enabled":"default","ast-page-background-meta":{"desktop":{"background-color":"var(--ast-global-color-5)","background-image":"","background-repeat":"repeat","background-position":"center center","background-size":"auto","background-attachment":"scroll","background-type":"","background-media":"","overlay-type":"","overlay-color":"","overlay-opacity":"","overlay-gradient":""},"tablet":{"background-color":"","background-image":"","background-repeat":"repeat","background-position":"center center","background-size":"auto","background-attachment":"scroll","background-type":"","background-media":"","overlay-type":"","overlay-color":"","overlay-opacity":"","overlay-gradient":""},"mobile":{"background-color":"","background-image":"","background-repeat":"repeat","background-position":"center center","background-size":"auto","background-attachment":"scroll","background-type":"","background-media":"","overlay-type":"","overlay-color":"","overlay-opacity":"","overlay-gradient":""}},"ast-content-background-meta":{"desktop":{"background-color":"var(--ast-global-color-4)","background-image":"","background-repeat":"repeat","background-position":"center center","background-size":"auto","background-attachment":"scroll","background-type":"","background-media":"","overlay-type":"","overlay-color":"","overlay-opacity":"","overlay-gradient":""},"tablet":{"background-color":"var(--ast-global-color-4)","background-image":"","background-repeat":"repeat","background-position":"center center","background-size":"auto","background-attachment":"scroll","background-type":"","background-media":"","overlay-type":"","overlay-color":"","overlay-opacity":"","overlay-gradient":""},"mobile":{"background-color":"var(--ast-global-color-4)","background-image":"","background-repeat":"repeat","background-position":"center center","background-size":"auto","background-attachment":"scroll","background-type":"","background-media":"","overlay-type":"","overlay-color":"","overlay-opacity":"","overlay-gradient":""}}},"product_brand":[],"product_cat":[72,91,41],"product_tag":[],"class_list":{"0":"post-3206","1":"product","2":"type-product","3":"status-publish","4":"has-post-thumbnail","6":"product_cat-cosmetic-packaging","7":"product_cat-custom-perfume-bottles","8":"product_cat-perfume-bottles","9":"desktop-align-left","10":"tablet-align-left","11":"mobile-align-left","13":"first","14":"instock","15":"shipping-taxable","16":"product-type-simple"},"acf":[],"jetpack_sharing_enabled":true,"_links":{"self":[{"href":"https:\/\/theperfumebottles.com\/da\/wp-json\/wp\/v2\/product\/3206","targetHints":{"allow":["GET"]}}],"collection":[{"href":"https:\/\/theperfumebottles.com\/da\/wp-json\/wp\/v2\/product"}],"about":[{"href":"https:\/\/theperfumebottles.com\/da\/wp-json\/wp\/v2\/types\/product"}],"replies":[{"embeddable":true,"href":"https:\/\/theperfumebottles.com\/da\/wp-json\/wp\/v2\/comments?post=3206"}],"wp:featuredmedia":[{"embeddable":true,"href":"https:\/\/theperfumebottles.com\/da\/wp-json\/wp\/v2\/media\/3211"}],"wp:attachment":[{"href":"https:\/\/theperfumebottles.com\/da\/wp-json\/wp\/v2\/media?parent=3206"}],"wp:term":[{"taxonomy":"product_brand","embeddable":true,"href":"https:\/\/theperfumebottles.com\/da\/wp-json\/wp\/v2\/product_brand?post=3206"},{"taxonomy":"product_cat","embeddable":true,"href":"https:\/\/theperfumebottles.com\/da\/wp-json\/wp\/v2\/product_cat?post=3206"},{"taxonomy":"product_tag","embeddable":true,"href":"https:\/\/theperfumebottles.com\/da\/wp-json\/wp\/v2\/product_tag?post=3206"}],"curies":[{"name":"wp","href":"https:\/\/api.w.org\/{rel}","templated":true}]}}