{"id":3235,"date":"2025-04-28T08:04:02","date_gmt":"2025-04-28T08:04:02","guid":{"rendered":"https:\/\/theperfumebottles.com\/?post_type=product&#038;p=3235"},"modified":"2026-04-07T14:19:18","modified_gmt":"2026-04-07T06:19:18","slug":"25ml-stylish-small-empty-perfume-bottles-for-wholesale","status":"publish","type":"product","link":"https:\/\/theperfumebottles.com\/da\/vare\/25ml-stylish-small-empty-perfume-bottles-for-wholesale\/","title":{"rendered":"25 ml stilfulde sm\u00e5 tomme parfumeflasker til engros"},"content":{"rendered":"<p>De rektangul\u00e6re sm\u00e5 tomme parfumeflasker med glatte kanter skaber et moderne udseende gennem deres symmetriske design. Flaskens krop fremh\u00e6ver duftens farve, fordi dens klare glaslegeme kombineres med dens tykke bund, hvilket forbedrer stabiliteten. Produktet kombinerer en str\u00f8mlinet cylindrisk h\u00e6tte med en delikat sprayd\u00e5se, hvilket g\u00f8r den velegnet til hverdagsbrug og kompakte rejseform\u00e5l.<\/p>\n<h2>N\u00f8glespecifikationer<\/h2>\n<p>&nbsp;<\/p>\n<table style=\"border-collapse: collapse; margin-left: auto; margin-right: auto; width: 80%;\" border=\"0\" width=\"80%\" cellspacing=\"0\" cellpadding=\"0\">\n<tbody>\n<tr style=\"height: 13.50pt;\">\n<td style=\"height: 13.5pt; width: 132pt; text-align: center;\" width=\"176\" height=\"18\"><strong>Model<\/strong><\/td>\n<td style=\"width: 195pt; text-align: center;\" width=\"260\">PB-YX2001<\/td>\n<\/tr>\n<tr style=\"height: 13.50pt;\">\n<td style=\"height: 13.5pt; text-align: center;\" height=\"18\"><strong>Dimension<\/strong><\/td>\n<td style=\"text-align: center;\">25 ml<\/td>\n<\/tr>\n<tr style=\"height: 13.50pt;\">\n<td style=\"height: 13.5pt; text-align: center;\" height=\"18\"><strong>St\u00f8rrelse<\/strong><\/td>\n<td style=\"text-align: center;\">32\u00d720\u00d775 mm<\/td>\n<\/tr>\n<tr style=\"height: 13.50pt;\">\n<td style=\"height: 13.5pt; text-align: center;\" height=\"18\"><strong>Kaliber<\/strong><\/td>\n<td style=\"text-align: center;\">15 mm<\/td>\n<\/tr>\n<tr style=\"height: 13.50pt;\">\n<td style=\"height: 13.5pt; text-align: center;\" height=\"18\"><strong>Tilg\u00e6ngelige pumpefarver<\/strong><\/td>\n<td style=\"text-align: center;\">S\u00f8lv, Guld, Sort<\/td>\n<\/tr>\n<tr style=\"height: 13.50pt;\">\n<td style=\"height: 13.5pt; text-align: center;\" height=\"18\"><strong>Forseglingstype<\/strong><\/td>\n<td style=\"text-align: center;\">Krympehals<\/td>\n<\/tr>\n<\/tbody>\n<\/table>\n<h2>Successag<\/h2>\n<p>Et uafh\u00e6ngigt parfumem\u00e6rke henvendte sig til os og valgte vores 25 ml rektangul\u00e6re parfumeflaskedesign. Flaskens tilpasningsproces involverede p\u00e5f\u00f8ring af en bl\u00f8d gradientbel\u00e6gning p\u00e5 dens indre, hvilket skabte en speciel effekt, der fremh\u00e6vede duftv\u00e6skens naturlige farve. Kapslerne blev specialfremstillet i to forskellige stilarter - b\u00f8rstet guld og blank sort - for at skelne mellem de forskellige duftkategorier. M\u00e6rkelogoet blev p\u00e5f\u00f8rt ved hj\u00e6lp af en pr\u00e6cis serigrafimetode, der gav overlegen vedh\u00e6ftning til overfladen.<\/p>\n<p>Kunden bestilte yderligere produkter efter at have observeret en stigning p\u00e5 35 % i salget af gaves\u00e6t i pr\u00f8vest\u00f8rrelser i l\u00f8bet af de to m\u00e5neder efter deres officielle lancering.<\/p>\n<h2>Tilpasningsforslag<\/h2>\n<p>En af vores kunder er en nichevirksomhed inden for parfume, som har specialdesignet disse flasker til bestilling af pr\u00f8ver. De specialfremstillede overfladen af \u200b\u200bvarmpr\u00e6gningsprocessen og dekorationen p\u00e5 halsen. Den elegante emballage forbedrede deres brandimage og \u00f8gede dermed antallet af engros-foresp\u00f8rgsler.<\/p>\n<p>Fra valg af spr\u00f8jtepumpe og h\u00e6tte til valg af karton eller \u00e6ske kan vores team designe en emballagel\u00f8sning, der passer til dine forretningsbehov.<\/p>","protected":false},"excerpt":{"rendered":"<p>Sm\u00e5 tomme parfumeflasker i h\u00f8j kvalitet til grossister, direkte levering fra fabrik, brugerdefineret design og hurtig levering. Mini parfumeflasker i l\u00f8s v\u00e6gt.<\/p>","protected":false},"featured_media":3238,"comment_status":"open","ping_status":"closed","template":"","meta":{"_acf_changed":false,"site-sidebar-layout":"default","site-content-layout":"","ast-site-content-layout":"default","site-content-style":"default","site-sidebar-style":"default","ast-global-header-display":"","ast-banner-title-visibility":"","ast-main-header-display":"","ast-hfb-above-header-display":"","ast-hfb-below-header-display":"","ast-hfb-mobile-header-display":"","site-post-title":"","ast-breadcrumbs-content":"","ast-featured-img":"","footer-sml-layout":"","ast-disable-related-posts":"","theme-transparent-header-meta":"default","adv-header-id-meta":"","stick-header-meta":"","header-above-stick-meta":"","header-main-stick-meta":"","header-below-stick-meta":"","astra-migrate-meta-layouts":"set","ast-page-background-enabled":"default","ast-page-background-meta":{"desktop":{"background-color":"var(--ast-global-color-5)","background-image":"","background-repeat":"repeat","background-position":"center center","background-size":"auto","background-attachment":"scroll","background-type":"","background-media":"","overlay-type":"","overlay-color":"","overlay-opacity":"","overlay-gradient":""},"tablet":{"background-color":"","background-image":"","background-repeat":"repeat","background-position":"center center","background-size":"auto","background-attachment":"scroll","background-type":"","background-media":"","overlay-type":"","overlay-color":"","overlay-opacity":"","overlay-gradient":""},"mobile":{"background-color":"","background-image":"","background-repeat":"repeat","background-position":"center center","background-size":"auto","background-attachment":"scroll","background-type":"","background-media":"","overlay-type":"","overlay-color":"","overlay-opacity":"","overlay-gradient":""}},"ast-content-background-meta":{"desktop":{"background-color":"var(--ast-global-color-4)","background-image":"","background-repeat":"repeat","background-position":"center center","background-size":"auto","background-attachment":"scroll","background-type":"","background-media":"","overlay-type":"","overlay-color":"","overlay-opacity":"","overlay-gradient":""},"tablet":{"background-color":"var(--ast-global-color-4)","background-image":"","background-repeat":"repeat","background-position":"center center","background-size":"auto","background-attachment":"scroll","background-type":"","background-media":"","overlay-type":"","overlay-color":"","overlay-opacity":"","overlay-gradient":""},"mobile":{"background-color":"var(--ast-global-color-4)","background-image":"","background-repeat":"repeat","background-position":"center center","background-size":"auto","background-attachment":"scroll","background-type":"","background-media":"","overlay-type":"","overlay-color":"","overlay-opacity":"","overlay-gradient":""}}},"product_brand":[],"product_cat":[74,72,41],"product_tag":[],"class_list":{"0":"post-3235","1":"product","2":"type-product","3":"status-publish","4":"has-post-thumbnail","6":"product_cat-mini-perfume-bottles","7":"product_cat-cosmetic-packaging","8":"product_cat-perfume-bottles","9":"desktop-align-left","10":"tablet-align-left","11":"mobile-align-left","13":"first","14":"instock","15":"shipping-taxable","16":"product-type-simple"},"acf":[],"jetpack_sharing_enabled":true,"_links":{"self":[{"href":"https:\/\/theperfumebottles.com\/da\/wp-json\/wp\/v2\/product\/3235","targetHints":{"allow":["GET"]}}],"collection":[{"href":"https:\/\/theperfumebottles.com\/da\/wp-json\/wp\/v2\/product"}],"about":[{"href":"https:\/\/theperfumebottles.com\/da\/wp-json\/wp\/v2\/types\/product"}],"replies":[{"embeddable":true,"href":"https:\/\/theperfumebottles.com\/da\/wp-json\/wp\/v2\/comments?post=3235"}],"wp:featuredmedia":[{"embeddable":true,"href":"https:\/\/theperfumebottles.com\/da\/wp-json\/wp\/v2\/media\/3238"}],"wp:attachment":[{"href":"https:\/\/theperfumebottles.com\/da\/wp-json\/wp\/v2\/media?parent=3235"}],"wp:term":[{"taxonomy":"product_brand","embeddable":true,"href":"https:\/\/theperfumebottles.com\/da\/wp-json\/wp\/v2\/product_brand?post=3235"},{"taxonomy":"product_cat","embeddable":true,"href":"https:\/\/theperfumebottles.com\/da\/wp-json\/wp\/v2\/product_cat?post=3235"},{"taxonomy":"product_tag","embeddable":true,"href":"https:\/\/theperfumebottles.com\/da\/wp-json\/wp\/v2\/product_tag?post=3235"}],"curies":[{"name":"wp","href":"https:\/\/api.w.org\/{rel}","templated":true}]}}