{"id":3250,"date":"2025-04-30T09:16:37","date_gmt":"2025-04-30T09:16:37","guid":{"rendered":"https:\/\/theperfumebottles.com\/?post_type=product&#038;p=3250"},"modified":"2025-05-23T13:25:40","modified_gmt":"2025-05-23T05:25:40","slug":"minimalist-perfume-bottle-for-modern-fragrance-brands","status":"publish","type":"product","link":"https:\/\/theperfumebottles.com\/da\/vare\/minimalist-perfume-bottle-for-modern-fragrance-brands\/","title":{"rendered":"30ml 50ml 100ml minimalistisk parfumeflaske til moderne duftm\u00e6rker"},"content":{"rendered":"<p>Vores PB-YX22-kollektion af minimalistiske duftbeholdere har en p\u00e6n, afrundet rektangul\u00e6r form. Krystalglas fremh\u00e6ver materialets gennemsigtighed og renhed og giver et elegant og stilfuldt udseende. Den rektangul\u00e6re h\u00e6tte f\u00e5s i s\u00f8lv, guld og sort, hvilket bidrager til det samlede layouts raffinement og variation.<\/p>\n<table style=\"border-collapse: collapse; margin-left: auto; margin-right: auto; width: 162.03pt;\" border=\"0\" width=\"216\" cellspacing=\"0\" cellpadding=\"0\">\n<tbody>\n<tr style=\"height: 13.50pt;\">\n<td style=\"height: 13.50pt; width: 54.00pt;\" width=\"72\" height=\"18\">\n<p><figure id=\"attachment_3251\" aria-describedby=\"caption-attachment-3251\" style=\"width: 300px\" class=\"wp-caption aligncenter\"><img fetchpriority=\"high\" decoding=\"async\" class=\"wp-image-3251 size-medium\" src=\"https:\/\/theperfumebottles.com\/wp-content\/uploads\/2025\/04\/minimalist-perfume-bottle-yx2201-300x300.webp\" alt=\"minimalistisk parfumeflaske\" width=\"300\" height=\"300\" srcset=\"https:\/\/theperfumebottles.com\/wp-content\/uploads\/2025\/04\/minimalist-perfume-bottle-yx2201-300x300.webp 300w, https:\/\/theperfumebottles.com\/wp-content\/uploads\/2025\/04\/minimalist-perfume-bottle-yx2201-150x150.webp 150w, https:\/\/theperfumebottles.com\/wp-content\/uploads\/2025\/04\/minimalist-perfume-bottle-yx2201-768x768.webp 768w, https:\/\/theperfumebottles.com\/wp-content\/uploads\/2025\/04\/minimalist-perfume-bottle-yx2201-12x12.webp 12w, https:\/\/theperfumebottles.com\/wp-content\/uploads\/2025\/04\/minimalist-perfume-bottle-yx2201-600x600.webp 600w, https:\/\/theperfumebottles.com\/wp-content\/uploads\/2025\/04\/minimalist-perfume-bottle-yx2201-100x100.webp 100w, https:\/\/theperfumebottles.com\/wp-content\/uploads\/2025\/04\/minimalist-perfume-bottle-yx2201.webp 1000w\" sizes=\"(max-width: 300px) 100vw, 300px\" \/><figcaption id=\"caption-attachment-3251\" class=\"wp-caption-text\">30 ml PB-YX2201<\/figcaption><\/figure><\/td>\n<td style=\"width: 54.00pt;\" width=\"72\">\n<p><figure id=\"attachment_3252\" aria-describedby=\"caption-attachment-3252\" style=\"width: 300px\" class=\"wp-caption aligncenter\"><img decoding=\"async\" class=\"wp-image-3252 size-medium\" src=\"https:\/\/theperfumebottles.com\/wp-content\/uploads\/2025\/04\/minimalist-perfume-bottle-yx2202-300x300.webp\" alt=\"minimalistisk parfumeflaske\" width=\"300\" height=\"300\" srcset=\"https:\/\/theperfumebottles.com\/wp-content\/uploads\/2025\/04\/minimalist-perfume-bottle-yx2202-300x300.webp 300w, https:\/\/theperfumebottles.com\/wp-content\/uploads\/2025\/04\/minimalist-perfume-bottle-yx2202-150x150.webp 150w, https:\/\/theperfumebottles.com\/wp-content\/uploads\/2025\/04\/minimalist-perfume-bottle-yx2202-768x768.webp 768w, https:\/\/theperfumebottles.com\/wp-content\/uploads\/2025\/04\/minimalist-perfume-bottle-yx2202-12x12.webp 12w, https:\/\/theperfumebottles.com\/wp-content\/uploads\/2025\/04\/minimalist-perfume-bottle-yx2202-600x600.webp 600w, https:\/\/theperfumebottles.com\/wp-content\/uploads\/2025\/04\/minimalist-perfume-bottle-yx2202-100x100.webp 100w, https:\/\/theperfumebottles.com\/wp-content\/uploads\/2025\/04\/minimalist-perfume-bottle-yx2202.webp 1000w\" sizes=\"(max-width: 300px) 100vw, 300px\" \/><figcaption id=\"caption-attachment-3252\" class=\"wp-caption-text\">50 ml PB-YX2202<\/figcaption><\/figure><\/td>\n<td style=\"width: 54.00pt;\" width=\"72\">\n<p><figure id=\"attachment_3253\" aria-describedby=\"caption-attachment-3253\" style=\"width: 300px\" class=\"wp-caption aligncenter\"><img decoding=\"async\" class=\"wp-image-3253 size-medium\" src=\"https:\/\/theperfumebottles.com\/wp-content\/uploads\/2025\/04\/minimalist-perfume-bottle-YX2203-300x300.webp\" alt=\"minimalistisk parfumeflaske\" width=\"300\" height=\"300\" srcset=\"https:\/\/theperfumebottles.com\/wp-content\/uploads\/2025\/04\/minimalist-perfume-bottle-YX2203-300x300.webp 300w, https:\/\/theperfumebottles.com\/wp-content\/uploads\/2025\/04\/minimalist-perfume-bottle-YX2203-150x150.webp 150w, https:\/\/theperfumebottles.com\/wp-content\/uploads\/2025\/04\/minimalist-perfume-bottle-YX2203-768x768.webp 768w, https:\/\/theperfumebottles.com\/wp-content\/uploads\/2025\/04\/minimalist-perfume-bottle-YX2203-12x12.webp 12w, https:\/\/theperfumebottles.com\/wp-content\/uploads\/2025\/04\/minimalist-perfume-bottle-YX2203-600x600.webp 600w, https:\/\/theperfumebottles.com\/wp-content\/uploads\/2025\/04\/minimalist-perfume-bottle-YX2203-100x100.webp 100w, https:\/\/theperfumebottles.com\/wp-content\/uploads\/2025\/04\/minimalist-perfume-bottle-YX2203.webp 1000w\" sizes=\"(max-width: 300px) 100vw, 300px\" \/><figcaption id=\"caption-attachment-3253\" class=\"wp-caption-text\">100 ml PB-YX2203<\/figcaption><\/figure><\/td>\n<\/tr>\n<\/tbody>\n<\/table>\n<h2>N\u00f8glespecifikationer<\/h2>\n<table style=\"border-collapse: collapse; width: 80%; margin-left: auto; margin-right: auto;\" border=\"0\" width=\"80%\" cellspacing=\"0\" cellpadding=\"0\">\n<tbody>\n<tr style=\"height: 13.50pt;\">\n<td style=\"height: 13.50pt; width: 98.25pt;\" width=\"131\" height=\"18\"><strong>Model<\/strong><\/td>\n<td style=\"width: 110.25pt;\" width=\"147\"><strong>PB-YX2201<\/strong><\/td>\n<td style=\"width: 111.75pt;\" width=\"149\"><strong>PB-YX2202<\/strong><\/td>\n<td style=\"width: 108.00pt;\" width=\"144\"><strong>PB-YX2203<\/strong><\/td>\n<\/tr>\n<tr style=\"height: 13.50pt;\">\n<td style=\"height: 13.50pt;\" height=\"18\"><strong>Kapacitet<\/strong><\/td>\n<td>30 ml<\/td>\n<td>50 ml<\/td>\n<td>100 ml<\/td>\n<\/tr>\n<tr style=\"height: 13.50pt;\">\n<td style=\"height: 13.50pt;\" height=\"18\"><strong>Dimensioner<\/strong><\/td>\n<td>56 x 28 x 70 mm<\/td>\n<td>63 x 31 x 79 mm<\/td>\n<td>76 x 38 x 98 mm<\/td>\n<\/tr>\n<tr style=\"height: 13.50pt;\">\n<td style=\"height: 13.50pt;\" height=\"18\"><strong>H\u00e6ttediameter<\/strong><\/td>\n<td class=\"et2\" colspan=\"3\">15 mm<\/td>\n<\/tr>\n<tr style=\"height: 13.50pt;\">\n<td style=\"height: 13.50pt;\" height=\"18\"><strong>Farvemuligheder for h\u00e6tten<\/strong><\/td>\n<td class=\"et2\" colspan=\"3\">S\u00f8lv, Guld, Sort<\/td>\n<\/tr>\n<tr style=\"height: 13.50pt;\">\n<td style=\"height: 13.50pt;\" height=\"18\"><strong>Forseglingstype<\/strong><\/td>\n<td class=\"et2\" colspan=\"3\">Krympehals<\/td>\n<\/tr>\n<\/tbody>\n<\/table>\n<h2>Ideer til produktemballage:<\/h2>\n<p>En europ\u00e6isk duftstartup henvendte sig til os for at udvikle en minimalistisk duftserie til unge, der er bekymrede for milj\u00f8et. Vi tilpassede en 50 ml glasflaske med en mat overflade og en grundl\u00e6ggende, milj\u00f8venlig produktemballage i karton. Varen fik derfor god feedback fra forbrugerne, som roste dens \"enkle stil\" og \"luksuri\u00f8se fornemmelse\" samt dens konkurrencedygtige pris.<\/p>\n<h3>Tips til personligg\u00f8relse:<\/h3>\n<ul>\n<li><strong>Overfladebehandlinger<\/strong>: Matte og blanke glasoverflader kan give dit produkt en \u00e6stetisk merv\u00e6rdi.<\/li>\n<li><strong>Logo<\/strong>: Lasergravering eller varmstempling kan give dit produkt en f\u00f8rsteklasses fornemmelse.<\/li>\n<li><strong>Kasser<\/strong>: Fra basis\u00e6sker til luksuri\u00f8se gaves\u00e6t, ideelt til detailhandel og shopping.<\/li>\n<li><strong>M\u00e5lgruppe<\/strong>: Gotiske layouts kan tiltr\u00e6kke et bestemt nichemarked, mens minimale layouts har en tendens til at tiltr\u00e6kke et bredere publikum.<\/li>\n<\/ul>","protected":false},"excerpt":{"rendered":"<p>Find f\u00f8rsteklasses minimale parfumeflasker til moderne duftm\u00e6rker. K\u00f8b moderne parfumeflasker engros, og l\u00f8ft din produktemballage i dag.<\/p>","protected":false},"featured_media":3252,"comment_status":"open","ping_status":"closed","template":"","meta":{"_acf_changed":false,"site-sidebar-layout":"default","site-content-layout":"","ast-site-content-layout":"default","site-content-style":"default","site-sidebar-style":"default","ast-global-header-display":"","ast-banner-title-visibility":"","ast-main-header-display":"","ast-hfb-above-header-display":"","ast-hfb-below-header-display":"","ast-hfb-mobile-header-display":"","site-post-title":"","ast-breadcrumbs-content":"","ast-featured-img":"","footer-sml-layout":"","ast-disable-related-posts":"","theme-transparent-header-meta":"default","adv-header-id-meta":"","stick-header-meta":"","header-above-stick-meta":"","header-main-stick-meta":"","header-below-stick-meta":"","astra-migrate-meta-layouts":"set","ast-page-background-enabled":"default","ast-page-background-meta":{"desktop":{"background-color":"var(--ast-global-color-5)","background-image":"","background-repeat":"repeat","background-position":"center center","background-size":"auto","background-attachment":"scroll","background-type":"","background-media":"","overlay-type":"","overlay-color":"","overlay-opacity":"","overlay-gradient":""},"tablet":{"background-color":"","background-image":"","background-repeat":"repeat","background-position":"center center","background-size":"auto","background-attachment":"scroll","background-type":"","background-media":"","overlay-type":"","overlay-color":"","overlay-opacity":"","overlay-gradient":""},"mobile":{"background-color":"","background-image":"","background-repeat":"repeat","background-position":"center center","background-size":"auto","background-attachment":"scroll","background-type":"","background-media":"","overlay-type":"","overlay-color":"","overlay-opacity":"","overlay-gradient":""}},"ast-content-background-meta":{"desktop":{"background-color":"var(--ast-global-color-4)","background-image":"","background-repeat":"repeat","background-position":"center center","background-size":"auto","background-attachment":"scroll","background-type":"","background-media":"","overlay-type":"","overlay-color":"","overlay-opacity":"","overlay-gradient":""},"tablet":{"background-color":"var(--ast-global-color-4)","background-image":"","background-repeat":"repeat","background-position":"center center","background-size":"auto","background-attachment":"scroll","background-type":"","background-media":"","overlay-type":"","overlay-color":"","overlay-opacity":"","overlay-gradient":""},"mobile":{"background-color":"var(--ast-global-color-4)","background-image":"","background-repeat":"repeat","background-position":"center center","background-size":"auto","background-attachment":"scroll","background-type":"","background-media":"","overlay-type":"","overlay-color":"","overlay-opacity":"","overlay-gradient":""}}},"product_brand":[],"product_cat":[72,91,41],"product_tag":[],"class_list":{"0":"post-3250","1":"product","2":"type-product","3":"status-publish","4":"has-post-thumbnail","6":"product_cat-cosmetic-packaging","7":"product_cat-custom-perfume-bottles","8":"product_cat-perfume-bottles","9":"desktop-align-left","10":"tablet-align-left","11":"mobile-align-left","13":"first","14":"instock","15":"shipping-taxable","16":"product-type-simple"},"acf":[],"jetpack_sharing_enabled":true,"_links":{"self":[{"href":"https:\/\/theperfumebottles.com\/da\/wp-json\/wp\/v2\/product\/3250","targetHints":{"allow":["GET"]}}],"collection":[{"href":"https:\/\/theperfumebottles.com\/da\/wp-json\/wp\/v2\/product"}],"about":[{"href":"https:\/\/theperfumebottles.com\/da\/wp-json\/wp\/v2\/types\/product"}],"replies":[{"embeddable":true,"href":"https:\/\/theperfumebottles.com\/da\/wp-json\/wp\/v2\/comments?post=3250"}],"wp:featuredmedia":[{"embeddable":true,"href":"https:\/\/theperfumebottles.com\/da\/wp-json\/wp\/v2\/media\/3252"}],"wp:attachment":[{"href":"https:\/\/theperfumebottles.com\/da\/wp-json\/wp\/v2\/media?parent=3250"}],"wp:term":[{"taxonomy":"product_brand","embeddable":true,"href":"https:\/\/theperfumebottles.com\/da\/wp-json\/wp\/v2\/product_brand?post=3250"},{"taxonomy":"product_cat","embeddable":true,"href":"https:\/\/theperfumebottles.com\/da\/wp-json\/wp\/v2\/product_cat?post=3250"},{"taxonomy":"product_tag","embeddable":true,"href":"https:\/\/theperfumebottles.com\/da\/wp-json\/wp\/v2\/product_tag?post=3250"}],"curies":[{"name":"wp","href":"https:\/\/api.w.org\/{rel}","templated":true}]}}