{"id":3264,"date":"2025-05-06T06:06:27","date_gmt":"2025-05-06T06:06:27","guid":{"rendered":"https:\/\/theperfumebottles.com\/?post_type=product&#038;p=3264"},"modified":"2025-05-23T13:10:13","modified_gmt":"2025-05-23T05:10:13","slug":"diamond-perfume-bottle-crystal-perfume-atomisers-for-custom-fragrance-brands","status":"publish","type":"product","link":"https:\/\/theperfumebottles.com\/da\/vare\/diamond-perfume-bottle-crystal-perfume-atomisers-for-custom-fragrance-brands\/","title":{"rendered":"Diamant parfumeflaske \u2013 Krystal parfumeforst\u00f8vere til brugerdefinerede duftm\u00e6rker"},"content":{"rendered":"<p>Vores PB-YX24-serie af diamantparfumeflasker er designet til ejere af parfume-brands og grossister, som \u00f8nsker at g\u00f8re opm\u00e6rksom p\u00e5 sig selv.<\/p>\n<table style=\"border-collapse: collapse; margin-left: auto; margin-right: auto; width: 162.03pt;\" border=\"0\" width=\"216\" cellspacing=\"0\" cellpadding=\"0\">\n<tbody>\n<tr style=\"height: 13.50pt;\">\n<td style=\"height: 13.50pt; width: 54.00pt;\" width=\"72\" height=\"18\">\n<p><figure id=\"attachment_3268\" aria-describedby=\"caption-attachment-3268\" style=\"width: 300px\" class=\"wp-caption aligncenter\"><img fetchpriority=\"high\" decoding=\"async\" class=\"wp-image-3268 size-medium\" src=\"https:\/\/theperfumebottles.com\/wp-content\/uploads\/2025\/05\/perfume-diamond-bottle-yx2401-300x300.webp\" alt=\"parfume diamantflaske\" width=\"300\" height=\"300\" srcset=\"https:\/\/theperfumebottles.com\/wp-content\/uploads\/2025\/05\/perfume-diamond-bottle-yx2401-300x300.webp 300w, https:\/\/theperfumebottles.com\/wp-content\/uploads\/2025\/05\/perfume-diamond-bottle-yx2401-150x150.webp 150w, https:\/\/theperfumebottles.com\/wp-content\/uploads\/2025\/05\/perfume-diamond-bottle-yx2401-768x768.webp 768w, https:\/\/theperfumebottles.com\/wp-content\/uploads\/2025\/05\/perfume-diamond-bottle-yx2401-12x12.webp 12w, https:\/\/theperfumebottles.com\/wp-content\/uploads\/2025\/05\/perfume-diamond-bottle-yx2401-600x600.webp 600w, https:\/\/theperfumebottles.com\/wp-content\/uploads\/2025\/05\/perfume-diamond-bottle-yx2401-100x100.webp 100w, https:\/\/theperfumebottles.com\/wp-content\/uploads\/2025\/05\/perfume-diamond-bottle-yx2401.webp 1000w\" sizes=\"(max-width: 300px) 100vw, 300px\" \/><figcaption id=\"caption-attachment-3268\" class=\"wp-caption-text\">30 ml PB-YX2401<\/figcaption><\/figure><\/td>\n<td style=\"width: 54.00pt;\" width=\"72\">\n<p><figure id=\"attachment_3269\" aria-describedby=\"caption-attachment-3269\" style=\"width: 300px\" class=\"wp-caption aligncenter\"><img decoding=\"async\" class=\"wp-image-3269 size-medium\" src=\"https:\/\/theperfumebottles.com\/wp-content\/uploads\/2025\/05\/perfume-diamond-bottle-yx2402-300x300.webp\" alt=\"parfume diamantflaske\" width=\"300\" height=\"300\" srcset=\"https:\/\/theperfumebottles.com\/wp-content\/uploads\/2025\/05\/perfume-diamond-bottle-yx2402-300x300.webp 300w, https:\/\/theperfumebottles.com\/wp-content\/uploads\/2025\/05\/perfume-diamond-bottle-yx2402-150x150.webp 150w, https:\/\/theperfumebottles.com\/wp-content\/uploads\/2025\/05\/perfume-diamond-bottle-yx2402-768x768.webp 768w, https:\/\/theperfumebottles.com\/wp-content\/uploads\/2025\/05\/perfume-diamond-bottle-yx2402-12x12.webp 12w, https:\/\/theperfumebottles.com\/wp-content\/uploads\/2025\/05\/perfume-diamond-bottle-yx2402-600x600.webp 600w, https:\/\/theperfumebottles.com\/wp-content\/uploads\/2025\/05\/perfume-diamond-bottle-yx2402-100x100.webp 100w, https:\/\/theperfumebottles.com\/wp-content\/uploads\/2025\/05\/perfume-diamond-bottle-yx2402.webp 1000w\" sizes=\"(max-width: 300px) 100vw, 300px\" \/><figcaption id=\"caption-attachment-3269\" class=\"wp-caption-text\">50 ml PB-YX2402<\/figcaption><\/figure><\/td>\n<td style=\"width: 54.00pt;\" width=\"72\">\n<p><figure id=\"attachment_3271\" aria-describedby=\"caption-attachment-3271\" style=\"width: 300px\" class=\"wp-caption aligncenter\"><img decoding=\"async\" class=\"wp-image-3271 size-medium\" src=\"https:\/\/theperfumebottles.com\/wp-content\/uploads\/2025\/05\/crystal-perfume-atomiser-yx2403-300x300.webp\" alt=\"Parfumeforst\u00f8ver i krystal\" width=\"300\" height=\"300\" srcset=\"https:\/\/theperfumebottles.com\/wp-content\/uploads\/2025\/05\/crystal-perfume-atomiser-yx2403-300x300.webp 300w, https:\/\/theperfumebottles.com\/wp-content\/uploads\/2025\/05\/crystal-perfume-atomiser-yx2403-150x150.webp 150w, https:\/\/theperfumebottles.com\/wp-content\/uploads\/2025\/05\/crystal-perfume-atomiser-yx2403-768x768.webp 768w, https:\/\/theperfumebottles.com\/wp-content\/uploads\/2025\/05\/crystal-perfume-atomiser-yx2403-12x12.webp 12w, https:\/\/theperfumebottles.com\/wp-content\/uploads\/2025\/05\/crystal-perfume-atomiser-yx2403-600x600.webp 600w, https:\/\/theperfumebottles.com\/wp-content\/uploads\/2025\/05\/crystal-perfume-atomiser-yx2403-100x100.webp 100w, https:\/\/theperfumebottles.com\/wp-content\/uploads\/2025\/05\/crystal-perfume-atomiser-yx2403.webp 1000w\" sizes=\"(max-width: 300px) 100vw, 300px\" \/><figcaption id=\"caption-attachment-3271\" class=\"wp-caption-text\">100 ml PB-YX2403<\/figcaption><\/figure><\/td>\n<\/tr>\n<\/tbody>\n<\/table>\n<h2>N\u00f8glespecifikationer<\/h2>\n<table style=\"border-collapse: collapse; margin-left: auto; margin-right: auto; width: 80%;\" border=\"0\" width=\"80%\" cellspacing=\"0\" cellpadding=\"0\">\n<tbody>\n<tr style=\"height: 13.50pt;\">\n<td style=\"height: 13.50pt; width: 82.50pt;\" width=\"110\" height=\"18\"><strong>Model<\/strong><\/td>\n<td style=\"width: 71.25pt;\" width=\"95\"><strong>Kaliber<\/strong><\/td>\n<td style=\"width: 68.25pt;\" width=\"91\"><strong>Kapacitet<\/strong><\/td>\n<td style=\"width: 149.25pt;\" width=\"199\"><strong>Dimensioner (B x D x H)<\/strong><\/td>\n<td style=\"width: 87.00pt;\" width=\"116\"><strong>Halstype<\/strong><\/td>\n<\/tr>\n<tr style=\"height: 13.50pt;\">\n<td style=\"height: 13.50pt;\" height=\"18\"><strong>PB-YX2401<\/strong><\/td>\n<td>15 mm<\/td>\n<td>30 ml<\/td>\n<td>44 x 34 x 77 mm<\/td>\n<td>Krympehals<\/td>\n<\/tr>\n<tr style=\"height: 13.50pt;\">\n<td style=\"height: 13.50pt;\" height=\"18\"><strong>PB-YX2402<\/strong><\/td>\n<td>15 mm<\/td>\n<td>50 ml<\/td>\n<td>50 x 39 x 87 mm<\/td>\n<td>Krympehals<\/td>\n<\/tr>\n<tr style=\"height: 13.50pt;\">\n<td style=\"height: 13.50pt;\" height=\"18\"><strong>PB-YX2403<\/strong><\/td>\n<td>15 mm<\/td>\n<td>100ml<\/td>\n<td>60 x 47 x 110 mm<\/td>\n<td>Krympehals<\/td>\n<\/tr>\n<\/tbody>\n<\/table>\n<h2>Forslag til emballage<\/h2>\n<p>En butikskonfektionsm\u00e6rke fra Paris \u00f8nskede at finde en luksus-emballagel\u00f8sning. De valgte vores PB-YX2403 model, lavet af klart glas, med en brugerdefineret guldkrone og h\u00e6tkonstants logo. Deres konfektions s\u00e6lger steg med 25% inden for to m\u00e5neder og bragte en 10% kunderek\u00f8bsrate.<\/p>\n<p>Vi tilbyder tre specifikationer p\u00e5 30ml, 50ml og 100ml for at d\u00e6kke forskellige forretningsbehov. Vi underst\u00f8tter bulkbestillinger og kan fleksibelt tilpasse emballagel\u00f8sninger for at hj\u00e6lpe dit brand med at operere effektivt og i stor skala.<\/p>\n<p>&nbsp;<\/p>\n<h2>Tilpasningstips<\/h2>\n<p>V\u00e6lg din yndlingsglasfarve (klar, ravfarvet, pink, bl\u00e5 osv.)<\/p>\n<p>Tilpas h\u00e6ttens form og overfladebehandling<\/p>\n<p>Tilf\u00f8j lasergravering eller logotryk<\/p>\n<p>&nbsp;<\/p>","protected":false},"excerpt":{"rendered":"<p>Vores PB-YX24-serie af diamantparfumeflasker er designet til ejere af parfume-brands og grossister, som \u00f8nsker at g\u00f8re opm\u00e6rksom p\u00e5 sig selv.<\/p>","protected":false},"featured_media":3269,"comment_status":"open","ping_status":"closed","template":"","meta":{"_acf_changed":false,"site-sidebar-layout":"default","site-content-layout":"","ast-site-content-layout":"default","site-content-style":"default","site-sidebar-style":"default","ast-global-header-display":"","ast-banner-title-visibility":"","ast-main-header-display":"","ast-hfb-above-header-display":"","ast-hfb-below-header-display":"","ast-hfb-mobile-header-display":"","site-post-title":"","ast-breadcrumbs-content":"","ast-featured-img":"","footer-sml-layout":"","ast-disable-related-posts":"","theme-transparent-header-meta":"default","adv-header-id-meta":"","stick-header-meta":"","header-above-stick-meta":"","header-main-stick-meta":"","header-below-stick-meta":"","astra-migrate-meta-layouts":"set","ast-page-background-enabled":"default","ast-page-background-meta":{"desktop":{"background-color":"var(--ast-global-color-5)","background-image":"","background-repeat":"repeat","background-position":"center center","background-size":"auto","background-attachment":"scroll","background-type":"","background-media":"","overlay-type":"","overlay-color":"","overlay-opacity":"","overlay-gradient":""},"tablet":{"background-color":"","background-image":"","background-repeat":"repeat","background-position":"center center","background-size":"auto","background-attachment":"scroll","background-type":"","background-media":"","overlay-type":"","overlay-color":"","overlay-opacity":"","overlay-gradient":""},"mobile":{"background-color":"","background-image":"","background-repeat":"repeat","background-position":"center center","background-size":"auto","background-attachment":"scroll","background-type":"","background-media":"","overlay-type":"","overlay-color":"","overlay-opacity":"","overlay-gradient":""}},"ast-content-background-meta":{"desktop":{"background-color":"var(--ast-global-color-4)","background-image":"","background-repeat":"repeat","background-position":"center center","background-size":"auto","background-attachment":"scroll","background-type":"","background-media":"","overlay-type":"","overlay-color":"","overlay-opacity":"","overlay-gradient":""},"tablet":{"background-color":"var(--ast-global-color-4)","background-image":"","background-repeat":"repeat","background-position":"center center","background-size":"auto","background-attachment":"scroll","background-type":"","background-media":"","overlay-type":"","overlay-color":"","overlay-opacity":"","overlay-gradient":""},"mobile":{"background-color":"var(--ast-global-color-4)","background-image":"","background-repeat":"repeat","background-position":"center center","background-size":"auto","background-attachment":"scroll","background-type":"","background-media":"","overlay-type":"","overlay-color":"","overlay-opacity":"","overlay-gradient":""}}},"product_brand":[],"product_cat":[72,91,41],"product_tag":[],"class_list":{"0":"post-3264","1":"product","2":"type-product","3":"status-publish","4":"has-post-thumbnail","6":"product_cat-cosmetic-packaging","7":"product_cat-custom-perfume-bottles","8":"product_cat-perfume-bottles","9":"desktop-align-left","10":"tablet-align-left","11":"mobile-align-left","13":"first","14":"instock","15":"shipping-taxable","16":"product-type-simple"},"acf":[],"jetpack_sharing_enabled":true,"_links":{"self":[{"href":"https:\/\/theperfumebottles.com\/da\/wp-json\/wp\/v2\/product\/3264","targetHints":{"allow":["GET"]}}],"collection":[{"href":"https:\/\/theperfumebottles.com\/da\/wp-json\/wp\/v2\/product"}],"about":[{"href":"https:\/\/theperfumebottles.com\/da\/wp-json\/wp\/v2\/types\/product"}],"replies":[{"embeddable":true,"href":"https:\/\/theperfumebottles.com\/da\/wp-json\/wp\/v2\/comments?post=3264"}],"wp:featuredmedia":[{"embeddable":true,"href":"https:\/\/theperfumebottles.com\/da\/wp-json\/wp\/v2\/media\/3269"}],"wp:attachment":[{"href":"https:\/\/theperfumebottles.com\/da\/wp-json\/wp\/v2\/media?parent=3264"}],"wp:term":[{"taxonomy":"product_brand","embeddable":true,"href":"https:\/\/theperfumebottles.com\/da\/wp-json\/wp\/v2\/product_brand?post=3264"},{"taxonomy":"product_cat","embeddable":true,"href":"https:\/\/theperfumebottles.com\/da\/wp-json\/wp\/v2\/product_cat?post=3264"},{"taxonomy":"product_tag","embeddable":true,"href":"https:\/\/theperfumebottles.com\/da\/wp-json\/wp\/v2\/product_tag?post=3264"}],"curies":[{"name":"wp","href":"https:\/\/api.w.org\/{rel}","templated":true}]}}