{"id":3272,"date":"2025-05-07T08:01:39","date_gmt":"2025-05-07T08:01:39","guid":{"rendered":"https:\/\/theperfumebottles.com\/?post_type=product&#038;p=3272"},"modified":"2025-05-12T05:20:09","modified_gmt":"2025-05-12T05:20:09","slug":"tall-100ml-perfume-glass-bottle-custom-scent-containers","status":"publish","type":"product","link":"https:\/\/theperfumebottles.com\/da\/vare\/tall-100ml-perfume-glass-bottle-custom-scent-containers\/","title":{"rendered":"H\u00f8j 100 ml parfumeglasflaske | Brugerdefinerede duftbeholdere"},"content":{"rendered":"<p>Vores PB-YZ01 3,4 oz\/100 ml parfumeglasflaske med afrundet design maksimerer hyldeeksponeringen, mens spraymekanismen sikrer en pr\u00e6cis spray. Uanset om du har brug for en stilfuld duftbeholder til dine duftolier eller en stor glasflaske til din almindelige duftsamling, s\u00e5 er PB-YX2401 lige noget for dig.<\/p>\n<h2>N\u00f8glespecifikationer<\/h2>\n<table style=\"border-collapse: collapse; margin-left: auto; margin-right: auto; width: 80%;\" border=\"0\" width=\"80%\" cellspacing=\"0\" cellpadding=\"0\">\n<tbody>\n<tr style=\"height: 13.50pt;\">\n<td style=\"height: 13.50pt; width: 126.00pt;\" width=\"168\" height=\"18\"><strong>Model<\/strong><\/td>\n<td style=\"width: 326.25pt;\" width=\"435\">PB-YZ01<\/td>\n<\/tr>\n<tr style=\"height: 13.50pt;\">\n<td style=\"height: 13.50pt;\" height=\"18\"><strong>Kapacitet<\/strong><\/td>\n<td>100ml<\/td>\n<\/tr>\n<tr style=\"height: 13.50pt;\">\n<td style=\"height: 13.50pt;\" height=\"18\"><strong>Dimensioner<\/strong><\/td>\n<td>55 x 114 mm<\/td>\n<\/tr>\n<tr style=\"height: 13.50pt;\">\n<td style=\"height: 13.50pt;\" height=\"18\"><strong>Kaliber<\/strong><\/td>\n<td>15 mm<\/td>\n<\/tr>\n<tr style=\"height: 13.50pt;\">\n<td style=\"height: 13.50pt;\" height=\"18\"><strong>Materiale<\/strong><\/td>\n<td>Krystalglas, akrylh\u00e6tte<\/td>\n<\/tr>\n<tr style=\"height: 13.50pt;\">\n<td style=\"height: 13.50pt;\" height=\"18\"><strong>Forseglingstype<\/strong><\/td>\n<td>Krympehals med spr\u00f8jtepumpe<\/td>\n<\/tr>\n<tr style=\"height: 13.50pt;\">\n<td style=\"height: 13.50pt;\" height=\"18\"><strong>Materialer<\/strong><\/td>\n<td>Krystalglas, akryll\u00e5g, pumpe af metal\/plastik<\/td>\n<\/tr>\n<\/tbody>\n<\/table>\n<h2>Forslag til emballage<\/h2>\n<p>Et fransk parfumem\u00e6rke \u00f8gede salget af sin nye Jasmine-kollektion med 27% ved hj\u00e6lp af vores 100 ml glasparfumeflasker. Den spejlblanke guldh\u00e6tte supplerer brandets \"affordable luxury\"-positionering og beviser, at selv blomstervand kan f\u00f8les luksuri\u00f8st.<\/p>\n<h3>Tilpasningstips<\/h3>\n<p>Farvematch: V\u00e6lg en bl\u00f8d nuance som mat hvid til en enkel \u00e6stetik eller en fed ravfarve til en nicheduft.<\/p>\n<p>Dekoration af h\u00e6tten: Tilf\u00f8j en mat finish som kontrast til den blanke flaske, eller pr\u00e6g dit eget logo.<\/p>\n<p>Valg af pumpehoved: V\u00e6lg metalforst\u00f8vere til avancerede parfumer eller plastikpumpehoveder til massebestillinger til en overkommelig pris.<\/p>","protected":false},"excerpt":{"rendered":"<p>Oplev f\u00f8rsteklasses 100 ml parfumeglasflasker, der er udformet til luksuri\u00f8s emballage til parfumedufte. Mulighed for tilpasning, l\u00e6kagesikkerhed og bulkbestilling.<\/p>","protected":false},"featured_media":3274,"comment_status":"open","ping_status":"closed","template":"","meta":{"_acf_changed":false,"site-sidebar-layout":"default","site-content-layout":"","ast-site-content-layout":"default","site-content-style":"default","site-sidebar-style":"default","ast-global-header-display":"","ast-banner-title-visibility":"","ast-main-header-display":"","ast-hfb-above-header-display":"","ast-hfb-below-header-display":"","ast-hfb-mobile-header-display":"","site-post-title":"","ast-breadcrumbs-content":"","ast-featured-img":"","footer-sml-layout":"","ast-disable-related-posts":"","theme-transparent-header-meta":"default","adv-header-id-meta":"","stick-header-meta":"","header-above-stick-meta":"","header-main-stick-meta":"","header-below-stick-meta":"","astra-migrate-meta-layouts":"set","ast-page-background-enabled":"default","ast-page-background-meta":{"desktop":{"background-color":"var(--ast-global-color-5)","background-image":"","background-repeat":"repeat","background-position":"center center","background-size":"auto","background-attachment":"scroll","background-type":"","background-media":"","overlay-type":"","overlay-color":"","overlay-opacity":"","overlay-gradient":""},"tablet":{"background-color":"","background-image":"","background-repeat":"repeat","background-position":"center center","background-size":"auto","background-attachment":"scroll","background-type":"","background-media":"","overlay-type":"","overlay-color":"","overlay-opacity":"","overlay-gradient":""},"mobile":{"background-color":"","background-image":"","background-repeat":"repeat","background-position":"center center","background-size":"auto","background-attachment":"scroll","background-type":"","background-media":"","overlay-type":"","overlay-color":"","overlay-opacity":"","overlay-gradient":""}},"ast-content-background-meta":{"desktop":{"background-color":"var(--ast-global-color-4)","background-image":"","background-repeat":"repeat","background-position":"center center","background-size":"auto","background-attachment":"scroll","background-type":"","background-media":"","overlay-type":"","overlay-color":"","overlay-opacity":"","overlay-gradient":""},"tablet":{"background-color":"var(--ast-global-color-4)","background-image":"","background-repeat":"repeat","background-position":"center center","background-size":"auto","background-attachment":"scroll","background-type":"","background-media":"","overlay-type":"","overlay-color":"","overlay-opacity":"","overlay-gradient":""},"mobile":{"background-color":"var(--ast-global-color-4)","background-image":"","background-repeat":"repeat","background-position":"center center","background-size":"auto","background-attachment":"scroll","background-type":"","background-media":"","overlay-type":"","overlay-color":"","overlay-opacity":"","overlay-gradient":""}}},"product_brand":[],"product_cat":[72,91,41],"product_tag":[],"class_list":{"0":"post-3272","1":"product","2":"type-product","3":"status-publish","4":"has-post-thumbnail","6":"product_cat-cosmetic-packaging","7":"product_cat-custom-perfume-bottles","8":"product_cat-perfume-bottles","9":"desktop-align-left","10":"tablet-align-left","11":"mobile-align-left","13":"first","14":"instock","15":"shipping-taxable","16":"product-type-simple"},"acf":[],"jetpack_sharing_enabled":true,"_links":{"self":[{"href":"https:\/\/theperfumebottles.com\/da\/wp-json\/wp\/v2\/product\/3272","targetHints":{"allow":["GET"]}}],"collection":[{"href":"https:\/\/theperfumebottles.com\/da\/wp-json\/wp\/v2\/product"}],"about":[{"href":"https:\/\/theperfumebottles.com\/da\/wp-json\/wp\/v2\/types\/product"}],"replies":[{"embeddable":true,"href":"https:\/\/theperfumebottles.com\/da\/wp-json\/wp\/v2\/comments?post=3272"}],"wp:featuredmedia":[{"embeddable":true,"href":"https:\/\/theperfumebottles.com\/da\/wp-json\/wp\/v2\/media\/3274"}],"wp:attachment":[{"href":"https:\/\/theperfumebottles.com\/da\/wp-json\/wp\/v2\/media?parent=3272"}],"wp:term":[{"taxonomy":"product_brand","embeddable":true,"href":"https:\/\/theperfumebottles.com\/da\/wp-json\/wp\/v2\/product_brand?post=3272"},{"taxonomy":"product_cat","embeddable":true,"href":"https:\/\/theperfumebottles.com\/da\/wp-json\/wp\/v2\/product_cat?post=3272"},{"taxonomy":"product_tag","embeddable":true,"href":"https:\/\/theperfumebottles.com\/da\/wp-json\/wp\/v2\/product_tag?post=3272"}],"curies":[{"name":"wp","href":"https:\/\/api.w.org\/{rel}","templated":true}]}}