{"id":3292,"date":"2025-05-12T03:29:57","date_gmt":"2025-05-12T03:29:57","guid":{"rendered":"https:\/\/theperfumebottles.com\/?post_type=product&#038;p=3292"},"modified":"2025-05-12T03:41:05","modified_gmt":"2025-05-12T03:41:05","slug":"90-ml-3-oz-cologne-bottle-with-ball-cap","status":"publish","type":"product","link":"https:\/\/theperfumebottles.com\/da\/vare\/90-ml-3-oz-cologne-bottle-with-ball-cap\/","title":{"rendered":"90 ml 85 g cologneflaske med kugleh\u00e6tte"},"content":{"rendered":"<p>Vores PB-YZ03 parfumeflaske er der, hvor minimalisme m\u00f8der dristigt design. Denne 3 oz cologne-flakon er mere end bare emballage; den er en historiefort\u00e6ller. PB-YZ03 parfumeflasken l\u00f8fter parfume fra en hverdagsspray til et kunstv\u00e6rk, der kan b\u00e6res. Bestil en pr\u00f8ve i dag, og lad os skabe dit eget signaturlook.<\/p>\n<figure id=\"attachment_3291\" aria-describedby=\"caption-attachment-3291\" style=\"width: 500px\" class=\"wp-caption aligncenter\"><img fetchpriority=\"high\" decoding=\"async\" class=\"wp-image-3291\" src=\"https:\/\/theperfumebottles.com\/wp-content\/uploads\/2025\/05\/90-ml-perfume-bottles-yz03.webp\" alt=\"Premium 90 ml 3 oz Cologne-flaske med kugleh\u00e6tte\" width=\"500\" height=\"500\" srcset=\"https:\/\/theperfumebottles.com\/wp-content\/uploads\/2025\/05\/90-ml-perfume-bottles-yz03.webp 1000w, https:\/\/theperfumebottles.com\/wp-content\/uploads\/2025\/05\/90-ml-perfume-bottles-yz03-300x300.webp 300w, https:\/\/theperfumebottles.com\/wp-content\/uploads\/2025\/05\/90-ml-perfume-bottles-yz03-150x150.webp 150w, https:\/\/theperfumebottles.com\/wp-content\/uploads\/2025\/05\/90-ml-perfume-bottles-yz03-768x768.webp 768w, https:\/\/theperfumebottles.com\/wp-content\/uploads\/2025\/05\/90-ml-perfume-bottles-yz03-12x12.webp 12w, https:\/\/theperfumebottles.com\/wp-content\/uploads\/2025\/05\/90-ml-perfume-bottles-yz03-600x600.webp 600w, https:\/\/theperfumebottles.com\/wp-content\/uploads\/2025\/05\/90-ml-perfume-bottles-yz03-100x100.webp 100w\" sizes=\"(max-width: 500px) 100vw, 500px\" \/><figcaption id=\"caption-attachment-3291\" class=\"wp-caption-text\">90 ml parfumeflaske med kugleh\u00e6tte<\/figcaption><\/figure>\n<h2>N\u00f8glespecifikationer<\/h2>\n<table style=\"border-collapse: collapse; margin-left: auto; margin-right: auto; width: 80%;\" border=\"0\" width=\"80%\" cellspacing=\"0\" cellpadding=\"0\">\n<tbody>\n<tr style=\"height: 13.50pt;\">\n<td style=\"height: 13.50pt; width: 105.00pt;\" width=\"140\" height=\"18\"><strong>Attribut<\/strong><\/td>\n<td style=\"width: 257.25pt;\" width=\"343\"><strong>Detalje<\/strong><\/td>\n<\/tr>\n<tr style=\"height: 13.50pt;\">\n<td style=\"height: 13.50pt;\" height=\"18\"><strong>Kapacitet<\/strong><\/td>\n<td>90 ml (3 oz)<\/td>\n<\/tr>\n<tr style=\"height: 13.50pt;\">\n<td style=\"height: 13.50pt;\" height=\"18\"><strong>Materiale<\/strong><\/td>\n<td>Krystalglas<\/td>\n<\/tr>\n<tr style=\"height: 13.50pt;\">\n<td style=\"height: 13.50pt;\" height=\"18\"><strong>Dimensioner<\/strong><\/td>\n<td>60 mm x 95 mm<\/td>\n<\/tr>\n<tr style=\"height: 13.50pt;\">\n<td style=\"height: 13.50pt;\" height=\"18\"><strong>Kaliber<\/strong><\/td>\n<td>15 mm \u00e5bning med gevind<\/td>\n<\/tr>\n<tr style=\"height: 13.50pt;\">\n<td style=\"height: 13.50pt;\" height=\"18\"><strong>Forseglingstype<\/strong><\/td>\n<td>Krympehals + forst\u00f8ver<\/td>\n<\/tr>\n<tr style=\"height: 13.50pt;\">\n<td style=\"height: 13.50pt;\" height=\"18\"><strong>Farvemuligheder<\/strong><\/td>\n<td>Gennemsigtigt glas, h\u00e6tte, der kan tilpasses<\/td>\n<\/tr>\n<\/tbody>\n<\/table>\n<h2>Hvorfor er denne flaske den rigtige for dig?<\/h2>\n<p>Uanset om du skal lave en 3 oz herreparfumeflaske eller en blomstret parfumet\u00e5ge, passer dette design perfekt. Halsen p\u00e5 15 mm passer til de fleste standardforst\u00f8vere i branchen, og glasset beskytter sarte duftolier mod UV-skader.<\/p>\n<h2>Forslag til emballage<\/h2>\n<p>Et botanisk nicheduftm\u00e6rke valgte denne 90 ml parfumeflaske til sin nye kollektion. Den markante bl\u00e5 h\u00e6tte og det silketrykte logo supplerede brandets image og f\u00f8rte til en salgsv\u00e6kst p\u00e5 18% i f\u00f8rste kvartal. Den begr\u00e6nsede udgave af produktet blev udsolgt p\u00e5 tre uger.<\/p>\n<h3>Tips til tilpasning\uff1a.<\/h3>\n<ul>\n<li>I luksusserien kan man v\u00e6lge en metallisk flaskeh\u00e6tte (guld eller rosaguld).<\/li>\n<li>I duftserien med \u00f8kologisk tema kan du v\u00e6lge en mat spray med en gennemsigtig h\u00e6tte.<\/li>\n<li>Massebestillinger kan reducere omkostningerne ved at lancere nye s\u00e6sonprodukter.<\/li>\n<\/ul>\n<h3>For nystartede virksomheder:<\/h3>\n<p>Start med et lille parti (50 stk.) for at teste designet. Etablerede brands kan bruge engrosrabatter til at lancere globale marketingkampagner. At k\u00f8be vores lagerflasker med let tilpasning i stedet for fuld tilpasning hj\u00e6lper med at kontrollere omkostningerne i brandets tidlige stadier.<\/p>","protected":false},"excerpt":{"rendered":"<p>L\u00f8ft dit duftm\u00e6rke med vores 3 oz cologne-flaske. 90 ml parfumeflaske med mulighed for tilpasning, massebestillinger. Perfekt til luksus- og h\u00e5ndv\u00e6rksm\u00e6rker.<\/p>","protected":false},"featured_media":3290,"comment_status":"open","ping_status":"closed","template":"","meta":{"_acf_changed":false,"site-sidebar-layout":"default","site-content-layout":"","ast-site-content-layout":"default","site-content-style":"default","site-sidebar-style":"default","ast-global-header-display":"","ast-banner-title-visibility":"","ast-main-header-display":"","ast-hfb-above-header-display":"","ast-hfb-below-header-display":"","ast-hfb-mobile-header-display":"","site-post-title":"","ast-breadcrumbs-content":"","ast-featured-img":"","footer-sml-layout":"","ast-disable-related-posts":"","theme-transparent-header-meta":"default","adv-header-id-meta":"","stick-header-meta":"","header-above-stick-meta":"","header-main-stick-meta":"","header-below-stick-meta":"","astra-migrate-meta-layouts":"set","ast-page-background-enabled":"default","ast-page-background-meta":{"desktop":{"background-color":"var(--ast-global-color-5)","background-image":"","background-repeat":"repeat","background-position":"center center","background-size":"auto","background-attachment":"scroll","background-type":"","background-media":"","overlay-type":"","overlay-color":"","overlay-opacity":"","overlay-gradient":""},"tablet":{"background-color":"","background-image":"","background-repeat":"repeat","background-position":"center center","background-size":"auto","background-attachment":"scroll","background-type":"","background-media":"","overlay-type":"","overlay-color":"","overlay-opacity":"","overlay-gradient":""},"mobile":{"background-color":"","background-image":"","background-repeat":"repeat","background-position":"center center","background-size":"auto","background-attachment":"scroll","background-type":"","background-media":"","overlay-type":"","overlay-color":"","overlay-opacity":"","overlay-gradient":""}},"ast-content-background-meta":{"desktop":{"background-color":"var(--ast-global-color-4)","background-image":"","background-repeat":"repeat","background-position":"center center","background-size":"auto","background-attachment":"scroll","background-type":"","background-media":"","overlay-type":"","overlay-color":"","overlay-opacity":"","overlay-gradient":""},"tablet":{"background-color":"var(--ast-global-color-4)","background-image":"","background-repeat":"repeat","background-position":"center center","background-size":"auto","background-attachment":"scroll","background-type":"","background-media":"","overlay-type":"","overlay-color":"","overlay-opacity":"","overlay-gradient":""},"mobile":{"background-color":"var(--ast-global-color-4)","background-image":"","background-repeat":"repeat","background-position":"center center","background-size":"auto","background-attachment":"scroll","background-type":"","background-media":"","overlay-type":"","overlay-color":"","overlay-opacity":"","overlay-gradient":""}}},"product_brand":[],"product_cat":[72,91,41],"product_tag":[],"class_list":{"0":"post-3292","1":"product","2":"type-product","3":"status-publish","4":"has-post-thumbnail","6":"product_cat-cosmetic-packaging","7":"product_cat-custom-perfume-bottles","8":"product_cat-perfume-bottles","9":"desktop-align-left","10":"tablet-align-left","11":"mobile-align-left","13":"first","14":"instock","15":"shipping-taxable","16":"product-type-simple"},"acf":[],"jetpack_sharing_enabled":true,"_links":{"self":[{"href":"https:\/\/theperfumebottles.com\/da\/wp-json\/wp\/v2\/product\/3292","targetHints":{"allow":["GET"]}}],"collection":[{"href":"https:\/\/theperfumebottles.com\/da\/wp-json\/wp\/v2\/product"}],"about":[{"href":"https:\/\/theperfumebottles.com\/da\/wp-json\/wp\/v2\/types\/product"}],"replies":[{"embeddable":true,"href":"https:\/\/theperfumebottles.com\/da\/wp-json\/wp\/v2\/comments?post=3292"}],"wp:featuredmedia":[{"embeddable":true,"href":"https:\/\/theperfumebottles.com\/da\/wp-json\/wp\/v2\/media\/3290"}],"wp:attachment":[{"href":"https:\/\/theperfumebottles.com\/da\/wp-json\/wp\/v2\/media?parent=3292"}],"wp:term":[{"taxonomy":"product_brand","embeddable":true,"href":"https:\/\/theperfumebottles.com\/da\/wp-json\/wp\/v2\/product_brand?post=3292"},{"taxonomy":"product_cat","embeddable":true,"href":"https:\/\/theperfumebottles.com\/da\/wp-json\/wp\/v2\/product_cat?post=3292"},{"taxonomy":"product_tag","embeddable":true,"href":"https:\/\/theperfumebottles.com\/da\/wp-json\/wp\/v2\/product_tag?post=3292"}],"curies":[{"name":"wp","href":"https:\/\/api.w.org\/{rel}","templated":true}]}}