{"id":3300,"date":"2025-05-12T06:03:14","date_gmt":"2025-05-12T06:03:14","guid":{"rendered":"https:\/\/theperfumebottles.com\/?post_type=product&#038;p=3300"},"modified":"2025-05-23T11:48:09","modified_gmt":"2025-05-23T03:48:09","slug":"55ml-portable-perfume-bottles-with-diamond-cap","status":"publish","type":"product","link":"https:\/\/theperfumebottles.com\/da\/vare\/55ml-portable-perfume-bottles-with-diamond-cap\/","title":{"rendered":"55 ml b\u00e6rbar parfumeflaske med diamanth\u00e6tte"},"content":{"rendered":"<p>Premium 55 ml mobile duftflasker til avancerede dufte. Justerbart glaslayout, bulkordrer og str\u00f8mlinet emballage - perfekt til parfumem\u00e6rker og grossister. Vores PB-YZ05 b\u00e6rbare parfumeflaske er mere end bare produktemballage; den er en samtalestarter.<\/p>\n<p>Moderne kvinder er i stigende grad glade for at have parfume p\u00e5 sig. De kan altid b\u00e6re deres yndlingsduft. Uanset om det er en frisk og elegant parfume eller en fyldig cologne, kan vi tilpasse flasken, s\u00e5 den passer til dit brands stil. Massebestilling kan spare omkostninger uden at g\u00e5 p\u00e5 kompromis med kvaliteten.<\/p>\n<figure id=\"attachment_3296\" aria-describedby=\"caption-attachment-3296\" style=\"width: 500px\" class=\"wp-caption aligncenter\"><img fetchpriority=\"high\" decoding=\"async\" class=\"wp-image-3296\" src=\"https:\/\/theperfumebottles.com\/wp-content\/uploads\/2025\/05\/portable-perfume-bottle-yz05pb.webp\" alt=\"b\u00e6rbar parfumeflaske\" width=\"500\" height=\"500\" srcset=\"https:\/\/theperfumebottles.com\/wp-content\/uploads\/2025\/05\/portable-perfume-bottle-yz05pb.webp 1000w, https:\/\/theperfumebottles.com\/wp-content\/uploads\/2025\/05\/portable-perfume-bottle-yz05pb-300x300.webp 300w, https:\/\/theperfumebottles.com\/wp-content\/uploads\/2025\/05\/portable-perfume-bottle-yz05pb-150x150.webp 150w, https:\/\/theperfumebottles.com\/wp-content\/uploads\/2025\/05\/portable-perfume-bottle-yz05pb-768x768.webp 768w, https:\/\/theperfumebottles.com\/wp-content\/uploads\/2025\/05\/portable-perfume-bottle-yz05pb-12x12.webp 12w, https:\/\/theperfumebottles.com\/wp-content\/uploads\/2025\/05\/portable-perfume-bottle-yz05pb-600x600.webp 600w, https:\/\/theperfumebottles.com\/wp-content\/uploads\/2025\/05\/portable-perfume-bottle-yz05pb-100x100.webp 100w\" sizes=\"(max-width: 500px) 100vw, 500px\" \/><figcaption id=\"caption-attachment-3296\" class=\"wp-caption-text\">55 ml b\u00e6rbar parfumeflaske<\/figcaption><\/figure>\n<h2>N\u00f8glespecifikation<\/h2>\n<p>&nbsp;<\/p>\n<table style=\"border-collapse: collapse; margin-left: auto; margin-right: auto; width: 80%;\" border=\"0\" width=\"80%\" cellspacing=\"0\" cellpadding=\"0\">\n<tbody>\n<tr style=\"height: 13.50pt;\">\n<td style=\"height: 13.50pt; width: 102.00pt;\" width=\"136\" height=\"18\"><strong>Model<\/strong><\/td>\n<td style=\"width: 219.00pt;\" width=\"292\">PB-YZ05<\/td>\n<\/tr>\n<tr style=\"height: 13.50pt;\">\n<td style=\"height: 13.50pt;\" height=\"18\"><strong>Kapacitet<\/strong><\/td>\n<td>55 ml<\/td>\n<\/tr>\n<tr style=\"height: 13.50pt;\">\n<td style=\"height: 13.50pt;\" height=\"18\"><strong>Dimensioner<\/strong><\/td>\n<td>40 mm (diameter) x 102 mm (h\u00f8jde)<\/td>\n<\/tr>\n<tr style=\"height: 13.50pt;\">\n<td style=\"height: 13.50pt;\" height=\"18\"><strong>Kaliber<\/strong><\/td>\n<td>15 mm<\/td>\n<\/tr>\n<tr style=\"height: 13.50pt;\">\n<td style=\"height: 13.50pt;\" height=\"18\"><strong>Materiale<\/strong><\/td>\n<td>Krystalglas, akrylh\u00e6tte, metalaccenter<\/td>\n<\/tr>\n<tr style=\"height: 13.50pt;\">\n<td style=\"height: 13.50pt;\" height=\"18\"><strong>Forseglingstype<\/strong><\/td>\n<td>Krympehals + spr\u00f8jte<\/td>\n<\/tr>\n<tr style=\"height: 13.50pt;\">\n<td style=\"height: 13.50pt;\" height=\"18\"><strong>Farve<\/strong><\/td>\n<td>tilpasses<\/td>\n<\/tr>\n<\/tbody>\n<\/table>\n<h2>Produktets emballage Case:<\/h2>\n<p>Et s\u00e6rligt niche high-end parfumem\u00e6rke personliggjorde vores 55 ml b\u00e6rbare parfumesprayflaske med klisterm\u00e6rker, en guldpumpe og skulderdesigns, som matchede deres stil med \"skinnende raffinement\" og drev salgsudviklingen af 32% i hele feries\u00e6sonen.<\/p>\n<h3>Henvisninger til tilpasning:<\/h3>\n<ul>\n<li>Tilf\u00f8j dit brandlogo p\u00e5 glasset og l\u00e5get for at \u00f8ge brandgenkendelsen.<\/li>\n<li>H\u00e6ttens farve b\u00f8r matche duften (f.eks. pink for en rosenduft).<\/li>\n<li>N\u00e5r du bestiller engros, kan du matche den med en velourpose for at skabe en f\u00f8rsteklasses \u00e6stetisk produktemballage.<\/li>\n<li>S\u00e6t den sammen med et duftoliepr\u00f8ves\u00e6t for at skabe et gaves\u00e6t. S\u00e6lg ikke bare parfume; tilbyd en oplevelse i lommest\u00f8rrelse!<\/li>\n<\/ul>","protected":false},"excerpt":{"rendered":"<p>Premium 55 ml b\u00e6rbare parfumeflasker til luksusdufte. Glasflaskedesigns, der kan tilpasses, bulkordrer og elegant emballage - ideelt til parfumem\u00e6rker og grossister.<\/p>","protected":false},"featured_media":3295,"comment_status":"open","ping_status":"closed","template":"","meta":{"_acf_changed":false,"site-sidebar-layout":"default","site-content-layout":"","ast-site-content-layout":"default","site-content-style":"default","site-sidebar-style":"default","ast-global-header-display":"","ast-banner-title-visibility":"","ast-main-header-display":"","ast-hfb-above-header-display":"","ast-hfb-below-header-display":"","ast-hfb-mobile-header-display":"","site-post-title":"","ast-breadcrumbs-content":"","ast-featured-img":"","footer-sml-layout":"","ast-disable-related-posts":"","theme-transparent-header-meta":"default","adv-header-id-meta":"","stick-header-meta":"","header-above-stick-meta":"","header-main-stick-meta":"","header-below-stick-meta":"","astra-migrate-meta-layouts":"set","ast-page-background-enabled":"default","ast-page-background-meta":{"desktop":{"background-color":"var(--ast-global-color-5)","background-image":"","background-repeat":"repeat","background-position":"center center","background-size":"auto","background-attachment":"scroll","background-type":"","background-media":"","overlay-type":"","overlay-color":"","overlay-opacity":"","overlay-gradient":""},"tablet":{"background-color":"","background-image":"","background-repeat":"repeat","background-position":"center center","background-size":"auto","background-attachment":"scroll","background-type":"","background-media":"","overlay-type":"","overlay-color":"","overlay-opacity":"","overlay-gradient":""},"mobile":{"background-color":"","background-image":"","background-repeat":"repeat","background-position":"center center","background-size":"auto","background-attachment":"scroll","background-type":"","background-media":"","overlay-type":"","overlay-color":"","overlay-opacity":"","overlay-gradient":""}},"ast-content-background-meta":{"desktop":{"background-color":"var(--ast-global-color-4)","background-image":"","background-repeat":"repeat","background-position":"center center","background-size":"auto","background-attachment":"scroll","background-type":"","background-media":"","overlay-type":"","overlay-color":"","overlay-opacity":"","overlay-gradient":""},"tablet":{"background-color":"var(--ast-global-color-4)","background-image":"","background-repeat":"repeat","background-position":"center center","background-size":"auto","background-attachment":"scroll","background-type":"","background-media":"","overlay-type":"","overlay-color":"","overlay-opacity":"","overlay-gradient":""},"mobile":{"background-color":"var(--ast-global-color-4)","background-image":"","background-repeat":"repeat","background-position":"center center","background-size":"auto","background-attachment":"scroll","background-type":"","background-media":"","overlay-type":"","overlay-color":"","overlay-opacity":"","overlay-gradient":""}}},"product_brand":[],"product_cat":[72,91,41],"product_tag":[],"class_list":{"0":"post-3300","1":"product","2":"type-product","3":"status-publish","4":"has-post-thumbnail","6":"product_cat-cosmetic-packaging","7":"product_cat-custom-perfume-bottles","8":"product_cat-perfume-bottles","9":"desktop-align-left","10":"tablet-align-left","11":"mobile-align-left","13":"first","14":"instock","15":"shipping-taxable","16":"product-type-simple"},"acf":[],"jetpack_sharing_enabled":true,"_links":{"self":[{"href":"https:\/\/theperfumebottles.com\/da\/wp-json\/wp\/v2\/product\/3300","targetHints":{"allow":["GET"]}}],"collection":[{"href":"https:\/\/theperfumebottles.com\/da\/wp-json\/wp\/v2\/product"}],"about":[{"href":"https:\/\/theperfumebottles.com\/da\/wp-json\/wp\/v2\/types\/product"}],"replies":[{"embeddable":true,"href":"https:\/\/theperfumebottles.com\/da\/wp-json\/wp\/v2\/comments?post=3300"}],"wp:featuredmedia":[{"embeddable":true,"href":"https:\/\/theperfumebottles.com\/da\/wp-json\/wp\/v2\/media\/3295"}],"wp:attachment":[{"href":"https:\/\/theperfumebottles.com\/da\/wp-json\/wp\/v2\/media?parent=3300"}],"wp:term":[{"taxonomy":"product_brand","embeddable":true,"href":"https:\/\/theperfumebottles.com\/da\/wp-json\/wp\/v2\/product_brand?post=3300"},{"taxonomy":"product_cat","embeddable":true,"href":"https:\/\/theperfumebottles.com\/da\/wp-json\/wp\/v2\/product_cat?post=3300"},{"taxonomy":"product_tag","embeddable":true,"href":"https:\/\/theperfumebottles.com\/da\/wp-json\/wp\/v2\/product_tag?post=3300"}],"curies":[{"name":"wp","href":"https:\/\/api.w.org\/{rel}","templated":true}]}}