{"id":3325,"date":"2025-05-14T03:26:10","date_gmt":"2025-05-14T03:26:10","guid":{"rendered":"https:\/\/theperfumebottles.com\/?post_type=product&#038;p=3325"},"modified":"2025-05-23T10:54:00","modified_gmt":"2025-05-23T02:54:00","slug":"premium-perfume-bottles-recyclable-modern-fragrance-bottle-set","status":"publish","type":"product","link":"https:\/\/theperfumebottles.com\/da\/vare\/premium-perfume-bottles-recyclable-modern-fragrance-bottle-set\/","title":{"rendered":"50ml 100ml genanvendelig parfumeflaskes\u00e6t til duftm\u00e6rker"},"content":{"rendered":"<p>Vores PB-YZ06 parfumeflaskes\u00e6t er en perfekt kombination af b\u00e6redygtighed, stil og praktisk anvendelighed. Vores PB-YZ06 parfumeflaskes\u00e6t kombinerer b\u00e6redygtighed, mode og funktionalitet. Velegnet til aftapning af parfume, cologne, blomstervand eller produkter med \u00e6teriske olier osv. Derudover kan vores fulde brugerdefinerede muligheder fuldt ud udtrykke din kreativitet.<\/p>\n<figure id=\"attachment_3330\" aria-describedby=\"caption-attachment-3330\" style=\"width: 500px\" class=\"wp-caption aligncenter\"><img fetchpriority=\"high\" decoding=\"async\" class=\"wp-image-3330\" src=\"https:\/\/theperfumebottles.com\/wp-content\/uploads\/2025\/05\/perfume-bottles-recyclable-pbyz06.webp\" alt=\"Premium parfumeflasker genanvendelige | moderne duftflaskes\u00e6t\" width=\"500\" height=\"500\" srcset=\"https:\/\/theperfumebottles.com\/wp-content\/uploads\/2025\/05\/perfume-bottles-recyclable-pbyz06.webp 1000w, https:\/\/theperfumebottles.com\/wp-content\/uploads\/2025\/05\/perfume-bottles-recyclable-pbyz06-300x300.webp 300w, https:\/\/theperfumebottles.com\/wp-content\/uploads\/2025\/05\/perfume-bottles-recyclable-pbyz06-150x150.webp 150w, https:\/\/theperfumebottles.com\/wp-content\/uploads\/2025\/05\/perfume-bottles-recyclable-pbyz06-768x768.webp 768w, https:\/\/theperfumebottles.com\/wp-content\/uploads\/2025\/05\/perfume-bottles-recyclable-pbyz06-12x12.webp 12w, https:\/\/theperfumebottles.com\/wp-content\/uploads\/2025\/05\/perfume-bottles-recyclable-pbyz06-600x600.webp 600w, https:\/\/theperfumebottles.com\/wp-content\/uploads\/2025\/05\/perfume-bottles-recyclable-pbyz06-100x100.webp 100w\" sizes=\"(max-width: 500px) 100vw, 500px\" \/><figcaption id=\"caption-attachment-3330\" class=\"wp-caption-text\">Premium s\u00e6t med parfumeflasker<\/figcaption><\/figure>\n<h2>N\u00f8glespecifikationer<\/h2>\n<table border=\"0\" width=\"80%\" cellspacing=\"0\" cellpadding=\"0\">\n<tbody>\n<tr>\n<td width=\"96\" height=\"18\">Model<\/td>\n<td width=\"93\">Kapacitet<\/td>\n<td width=\"104\">Glasst\u00f8rrelse<\/td>\n<td width=\"128\">Materiale<\/td>\n<td width=\"211\">Forseglingstype<\/td>\n<td width=\"225\">Farvemuligheder<\/td>\n<\/tr>\n<tr>\n<td height=\"18\">PB-YZ0601<\/td>\n<td>50 ml<\/td>\n<td>47 * 81 mm<\/td>\n<td>Krystalglas<\/td>\n<td>15 mm krympehals + spr\u00f8jte<\/td>\n<td>Gennemsigtig + S\u00f8lv\/Pink<\/td>\n<\/tr>\n<tr>\n<td height=\"18\">PB-YZ0602<\/td>\n<td>100ml<\/td>\n<td>59 * 103 mm<\/td>\n<td>Krystalglas<\/td>\n<td>15 mm krympehals + spr\u00f8jte<\/td>\n<td>Gennemsigtig + s\u00f8lv\/sort<\/td>\n<\/tr>\n<\/tbody>\n<\/table>\n<h2>Forslag til emballage<\/h2>\n<p>Indie-m\u00e6rket Bloom &amp; Mist lancerede deres unisex-duftkollektion med vores PB-YZ0601 parfumeflaske (50 ml). De tilpassede kapslerne med en finish i rosaguld og tilf\u00f8jede en minimalistisk etiket, hvilket var med til at \u00f8ge salget med 27% i f\u00f8rste kvartal.<\/p>\n<h2>Tilpasningstips:<\/h2>\n<p>Match dit brands farver: N\u00e5r du bestiller i l\u00f8s v\u00e6gt, skal kaskettens farver matche din brandidentitet.<\/p>\n<p>H\u00e6tter: Disse parfumeflasker kan kombineres med metalliske sprayh\u00e6tter for et luksuri\u00f8st look<\/p>\n<p>Overfladebehandlinger: V\u00e6lg en mat finish for et minimalistisk look.<\/p>\n<h2>Hvorfor v\u00e6lge vores parfumeflasker?<\/h2>\n<p>Uanset om du har brug for tomme parfumeflasker til et lille oplag eller specialfremstillet kosmetikemballage i store m\u00e6ngder, er du d\u00e6kket ind med vores alsidige parfumeflaskes\u00e6t med hurtig levering, holdbarhed og meget mere.<\/p>\n<p>Har du brug for hj\u00e6lp? Vi guider dig fra design til levering! Bestil dit returparfumeflaskes\u00e6t i dag - f\u00e5 engrosrabatter p\u00e5 kommercielle masseordrer!<\/p>","protected":false},"excerpt":{"rendered":"<p>Forbedr din duft brand med vores parfumeflaske s\u00e6t. Slank, tilpasningsdygtige parfumeflasker genbrugelige for kvindeparfume, m\u00e6nd koloni &amp; aromatiske olier.<\/p>","protected":false},"featured_media":3333,"comment_status":"open","ping_status":"closed","template":"","meta":{"_acf_changed":false,"site-sidebar-layout":"default","site-content-layout":"","ast-site-content-layout":"default","site-content-style":"default","site-sidebar-style":"default","ast-global-header-display":"","ast-banner-title-visibility":"","ast-main-header-display":"","ast-hfb-above-header-display":"","ast-hfb-below-header-display":"","ast-hfb-mobile-header-display":"","site-post-title":"","ast-breadcrumbs-content":"","ast-featured-img":"","footer-sml-layout":"","ast-disable-related-posts":"","theme-transparent-header-meta":"default","adv-header-id-meta":"","stick-header-meta":"","header-above-stick-meta":"","header-main-stick-meta":"","header-below-stick-meta":"","astra-migrate-meta-layouts":"set","ast-page-background-enabled":"default","ast-page-background-meta":{"desktop":{"background-color":"var(--ast-global-color-5)","background-image":"","background-repeat":"repeat","background-position":"center center","background-size":"auto","background-attachment":"scroll","background-type":"","background-media":"","overlay-type":"","overlay-color":"","overlay-opacity":"","overlay-gradient":""},"tablet":{"background-color":"","background-image":"","background-repeat":"repeat","background-position":"center center","background-size":"auto","background-attachment":"scroll","background-type":"","background-media":"","overlay-type":"","overlay-color":"","overlay-opacity":"","overlay-gradient":""},"mobile":{"background-color":"","background-image":"","background-repeat":"repeat","background-position":"center center","background-size":"auto","background-attachment":"scroll","background-type":"","background-media":"","overlay-type":"","overlay-color":"","overlay-opacity":"","overlay-gradient":""}},"ast-content-background-meta":{"desktop":{"background-color":"var(--ast-global-color-4)","background-image":"","background-repeat":"repeat","background-position":"center center","background-size":"auto","background-attachment":"scroll","background-type":"","background-media":"","overlay-type":"","overlay-color":"","overlay-opacity":"","overlay-gradient":""},"tablet":{"background-color":"var(--ast-global-color-4)","background-image":"","background-repeat":"repeat","background-position":"center center","background-size":"auto","background-attachment":"scroll","background-type":"","background-media":"","overlay-type":"","overlay-color":"","overlay-opacity":"","overlay-gradient":""},"mobile":{"background-color":"var(--ast-global-color-4)","background-image":"","background-repeat":"repeat","background-position":"center center","background-size":"auto","background-attachment":"scroll","background-type":"","background-media":"","overlay-type":"","overlay-color":"","overlay-opacity":"","overlay-gradient":""}}},"product_brand":[],"product_cat":[72,91,37,41],"product_tag":[],"class_list":{"0":"post-3325","1":"product","2":"type-product","3":"status-publish","4":"has-post-thumbnail","6":"product_cat-cosmetic-packaging","7":"product_cat-custom-perfume-bottles","8":"product_cat-uncategorized","9":"product_cat-perfume-bottles","10":"desktop-align-left","11":"tablet-align-left","12":"mobile-align-left","14":"first","15":"instock","16":"shipping-taxable","17":"product-type-simple"},"acf":[],"jetpack_sharing_enabled":true,"_links":{"self":[{"href":"https:\/\/theperfumebottles.com\/da\/wp-json\/wp\/v2\/product\/3325","targetHints":{"allow":["GET"]}}],"collection":[{"href":"https:\/\/theperfumebottles.com\/da\/wp-json\/wp\/v2\/product"}],"about":[{"href":"https:\/\/theperfumebottles.com\/da\/wp-json\/wp\/v2\/types\/product"}],"replies":[{"embeddable":true,"href":"https:\/\/theperfumebottles.com\/da\/wp-json\/wp\/v2\/comments?post=3325"}],"wp:featuredmedia":[{"embeddable":true,"href":"https:\/\/theperfumebottles.com\/da\/wp-json\/wp\/v2\/media\/3333"}],"wp:attachment":[{"href":"https:\/\/theperfumebottles.com\/da\/wp-json\/wp\/v2\/media?parent=3325"}],"wp:term":[{"taxonomy":"product_brand","embeddable":true,"href":"https:\/\/theperfumebottles.com\/da\/wp-json\/wp\/v2\/product_brand?post=3325"},{"taxonomy":"product_cat","embeddable":true,"href":"https:\/\/theperfumebottles.com\/da\/wp-json\/wp\/v2\/product_cat?post=3325"},{"taxonomy":"product_tag","embeddable":true,"href":"https:\/\/theperfumebottles.com\/da\/wp-json\/wp\/v2\/product_tag?post=3325"}],"curies":[{"name":"wp","href":"https:\/\/api.w.org\/{rel}","templated":true}]}}