{"id":3334,"date":"2025-05-15T04:03:28","date_gmt":"2025-05-15T04:03:28","guid":{"rendered":"https:\/\/theperfumebottles.com\/?post_type=product&#038;p=3334"},"modified":"2025-05-23T10:38:52","modified_gmt":"2025-05-23T02:38:52","slug":"100ml-spray-bottles-bulk-cylinder-perfume-empty-glass-bottles","status":"publish","type":"product","link":"https:\/\/theperfumebottles.com\/da\/vare\/100ml-spray-bottles-bulk-cylinder-perfume-empty-glass-bottles\/","title":{"rendered":"100ml sprayflasker i bulk \u2013 tomme cylinderflasker til parfume"},"content":{"rendered":"<p>Uanset om du lancerer en forfriskende citrusspray eller en neutral tr\u00e6agtig cologne, kan vores cylindriske tomme glasflasker til parfume opfylde mange forskellige behov. Det genanvendelige materiale foretr\u00e6kkes af milj\u00f8venlige forbrugere, og den blanke overflade kan vise dit brands personlighed. Har du brug for at teste et lille parti? Vi accepterer ordrer p\u00e5 500 stk. for at hj\u00e6lpe nystartede virksomheder med at reducere risici.<\/p>\n<figure id=\"attachment_3336\" aria-describedby=\"caption-attachment-3336\" style=\"width: 500px\" class=\"wp-caption aligncenter\"><img fetchpriority=\"high\" decoding=\"async\" class=\"wp-image-3336\" src=\"https:\/\/theperfumebottles.com\/wp-content\/uploads\/2025\/05\/100ml-spray-bottles-bulk-yz07.webp\" alt=\"100 ml sprayflasker i l\u00f8s v\u00e6gt - tomme glasflasker til cylinderparfume\" width=\"500\" height=\"500\" srcset=\"https:\/\/theperfumebottles.com\/wp-content\/uploads\/2025\/05\/100ml-spray-bottles-bulk-yz07.webp 1000w, https:\/\/theperfumebottles.com\/wp-content\/uploads\/2025\/05\/100ml-spray-bottles-bulk-yz07-300x300.webp 300w, https:\/\/theperfumebottles.com\/wp-content\/uploads\/2025\/05\/100ml-spray-bottles-bulk-yz07-150x150.webp 150w, https:\/\/theperfumebottles.com\/wp-content\/uploads\/2025\/05\/100ml-spray-bottles-bulk-yz07-768x768.webp 768w, https:\/\/theperfumebottles.com\/wp-content\/uploads\/2025\/05\/100ml-spray-bottles-bulk-yz07-12x12.webp 12w, https:\/\/theperfumebottles.com\/wp-content\/uploads\/2025\/05\/100ml-spray-bottles-bulk-yz07-600x600.webp 600w, https:\/\/theperfumebottles.com\/wp-content\/uploads\/2025\/05\/100ml-spray-bottles-bulk-yz07-100x100.webp 100w\" sizes=\"(max-width: 500px) 100vw, 500px\" \/><figcaption id=\"caption-attachment-3336\" class=\"wp-caption-text\">100ml sprayflasker i bulk \u2013 tomme cylinderflasker til parfume<\/figcaption><\/figure>\n<h2>N\u00f8glespecifikationer<\/h2>\n<table style=\"border-collapse: collapse; margin-left: auto; magrin-right: auto; width: 80%;\" border=\"0\" width=\"80%\" cellspacing=\"0\" cellpadding=\"0\">\n<tbody>\n<tr style=\"height: 13.50pt;\">\n<td style=\"height: 13.50pt; width: 93.00pt;\" width=\"124\" height=\"18\"><strong>Model<\/strong><\/td>\n<td style=\"width: 258.00pt;\" width=\"344\">PB-YZ07<\/td>\n<\/tr>\n<tr style=\"height: 13.50pt;\">\n<td style=\"height: 13.50pt;\" height=\"18\"><strong>Kapacitet<\/strong><\/td>\n<td>100ml<\/td>\n<\/tr>\n<tr style=\"height: 13.50pt;\">\n<td style=\"height: 13.50pt;\" height=\"18\"><strong>Dimensioner<\/strong><\/td>\n<td>52 mm (dia) x 98 mm (h\u00f8jde)<\/td>\n<\/tr>\n<tr style=\"height: 13.50pt;\">\n<td style=\"height: 13.50pt;\" height=\"18\"><strong>Kaliber<\/strong><\/td>\n<td>15 mm<\/td>\n<\/tr>\n<tr style=\"height: 13.50pt;\">\n<td style=\"height: 13.50pt;\" height=\"18\"><strong>Form<\/strong><\/td>\n<td>Cylindrisk<\/td>\n<\/tr>\n<tr style=\"height: 13.50pt;\">\n<td style=\"height: 13.50pt;\" height=\"18\"><strong>Materiale<\/strong><\/td>\n<td>Krystalglas (genanvendeligt)<\/td>\n<\/tr>\n<tr style=\"height: 13.50pt;\">\n<td style=\"height: 13.50pt;\" height=\"18\"><strong>Forseglingstype<\/strong><\/td>\n<td>Krympehals + spr\u00f8jte<\/td>\n<\/tr>\n<tr style=\"height: 13.50pt;\">\n<td style=\"height: 13.50pt;\" height=\"18\"><strong>Farvemuligheder<\/strong><\/td>\n<td>Gennemsigtigt glas, sort h\u00e6tte, kan tilpasses<\/td>\n<\/tr>\n<\/tbody>\n<\/table>\n<h2>Forslag til emballage<\/h2>\n<p>Et nyt nichem\u00e6rke valgte vores cylindriske parfumeflasker til deres unisex vandige cologne-serie. Det gennemsigtige design fremh\u00e6ver farven p\u00e5 deres duft, mens den v\u00e6gtede base giver en luksuri\u00f8s fornemmelse. Resultatet var en salgsstigning p\u00e5 35% i f\u00f8rste kvartal og opk\u00f8b af 8 engrospartnere.<\/p>\n<h2>Tips til tilpasning af dine brands:<\/h2>\n<ol>\n<li>Skift den sorte h\u00e6tte ud med en metallisk finish, der passer til dit brands farvepalet<\/li>\n<li>Tilf\u00f8j subtil pr\u00e6gning til glasset for en taktil branding<\/li>\n<li>Massebestillinger af 100 ml sprayflasker reducerer enhedsomkostningerne<\/li>\n<li>Kombiner med skr\u00e6ddersyede yderkasser for en mere eksklusiv unboxing-oplevelse<\/li>\n<li>Brug matte etiketter som en moderne kontrast til det klare glas.<\/li>\n<\/ol>\n<p>Ved massebestillinger af vores 100 ml tomme glasparfumeflasker kan du sp\u00f8rge om brugerdefinerede h\u00e6ttefarver og opgraderinger af spr\u00f8jten, s\u00e5 din parfume virkelig skiller sig ud. Forvandl din parfumeemballage i dag - lad os skabe et design, der virkelig indfanger essensen af dit brand!<\/p>","protected":false},"excerpt":{"rendered":"<p>Cylinderparfume tomme glasflasker, der kan tilpasses, til engros. Gennemsigtige 100 ml sprayflasker til bulkbestillinger, genanvendeligt og slankt design til duftm\u00e6rker.<\/p>","protected":false},"featured_media":3338,"comment_status":"open","ping_status":"closed","template":"","meta":{"_acf_changed":false,"site-sidebar-layout":"default","site-content-layout":"","ast-site-content-layout":"default","site-content-style":"default","site-sidebar-style":"default","ast-global-header-display":"","ast-banner-title-visibility":"","ast-main-header-display":"","ast-hfb-above-header-display":"","ast-hfb-below-header-display":"","ast-hfb-mobile-header-display":"","site-post-title":"","ast-breadcrumbs-content":"","ast-featured-img":"","footer-sml-layout":"","ast-disable-related-posts":"","theme-transparent-header-meta":"default","adv-header-id-meta":"","stick-header-meta":"","header-above-stick-meta":"","header-main-stick-meta":"","header-below-stick-meta":"","astra-migrate-meta-layouts":"set","ast-page-background-enabled":"default","ast-page-background-meta":{"desktop":{"background-color":"var(--ast-global-color-5)","background-image":"","background-repeat":"repeat","background-position":"center center","background-size":"auto","background-attachment":"scroll","background-type":"","background-media":"","overlay-type":"","overlay-color":"","overlay-opacity":"","overlay-gradient":""},"tablet":{"background-color":"","background-image":"","background-repeat":"repeat","background-position":"center center","background-size":"auto","background-attachment":"scroll","background-type":"","background-media":"","overlay-type":"","overlay-color":"","overlay-opacity":"","overlay-gradient":""},"mobile":{"background-color":"","background-image":"","background-repeat":"repeat","background-position":"center center","background-size":"auto","background-attachment":"scroll","background-type":"","background-media":"","overlay-type":"","overlay-color":"","overlay-opacity":"","overlay-gradient":""}},"ast-content-background-meta":{"desktop":{"background-color":"var(--ast-global-color-4)","background-image":"","background-repeat":"repeat","background-position":"center center","background-size":"auto","background-attachment":"scroll","background-type":"","background-media":"","overlay-type":"","overlay-color":"","overlay-opacity":"","overlay-gradient":""},"tablet":{"background-color":"var(--ast-global-color-4)","background-image":"","background-repeat":"repeat","background-position":"center center","background-size":"auto","background-attachment":"scroll","background-type":"","background-media":"","overlay-type":"","overlay-color":"","overlay-opacity":"","overlay-gradient":""},"mobile":{"background-color":"var(--ast-global-color-4)","background-image":"","background-repeat":"repeat","background-position":"center center","background-size":"auto","background-attachment":"scroll","background-type":"","background-media":"","overlay-type":"","overlay-color":"","overlay-opacity":"","overlay-gradient":""}}},"product_brand":[],"product_cat":[72,91,41],"product_tag":[],"class_list":{"0":"post-3334","1":"product","2":"type-product","3":"status-publish","4":"has-post-thumbnail","6":"product_cat-cosmetic-packaging","7":"product_cat-custom-perfume-bottles","8":"product_cat-perfume-bottles","9":"desktop-align-left","10":"tablet-align-left","11":"mobile-align-left","13":"first","14":"instock","15":"shipping-taxable","16":"product-type-simple"},"acf":[],"jetpack_sharing_enabled":true,"_links":{"self":[{"href":"https:\/\/theperfumebottles.com\/da\/wp-json\/wp\/v2\/product\/3334","targetHints":{"allow":["GET"]}}],"collection":[{"href":"https:\/\/theperfumebottles.com\/da\/wp-json\/wp\/v2\/product"}],"about":[{"href":"https:\/\/theperfumebottles.com\/da\/wp-json\/wp\/v2\/types\/product"}],"replies":[{"embeddable":true,"href":"https:\/\/theperfumebottles.com\/da\/wp-json\/wp\/v2\/comments?post=3334"}],"wp:featuredmedia":[{"embeddable":true,"href":"https:\/\/theperfumebottles.com\/da\/wp-json\/wp\/v2\/media\/3338"}],"wp:attachment":[{"href":"https:\/\/theperfumebottles.com\/da\/wp-json\/wp\/v2\/media?parent=3334"}],"wp:term":[{"taxonomy":"product_brand","embeddable":true,"href":"https:\/\/theperfumebottles.com\/da\/wp-json\/wp\/v2\/product_brand?post=3334"},{"taxonomy":"product_cat","embeddable":true,"href":"https:\/\/theperfumebottles.com\/da\/wp-json\/wp\/v2\/product_cat?post=3334"},{"taxonomy":"product_tag","embeddable":true,"href":"https:\/\/theperfumebottles.com\/da\/wp-json\/wp\/v2\/product_tag?post=3334"}],"curies":[{"name":"wp","href":"https:\/\/api.w.org\/{rel}","templated":true}]}}