{"id":3381,"date":"2025-05-22T11:47:13","date_gmt":"2025-05-22T03:47:13","guid":{"rendered":"https:\/\/theperfumebottles.com\/?post_type=product&#038;p=3381"},"modified":"2025-05-23T10:23:30","modified_gmt":"2025-05-23T02:23:30","slug":"custom-30ml-50ml-roll-on-bottles-wholesale","status":"publish","type":"product","link":"https:\/\/theperfumebottles.com\/da\/vare\/custom-30ml-50ml-roll-on-bottles-wholesale\/","title":{"rendered":"Brugerdefinerede 30ml 50ml roll-on flasker engros"},"content":{"rendered":"<p>Vil du k\u00f8be roll on-flasker engros, der blander design, funktion og b\u00e6redygtighed? Vores rollerflasker af glas er udviklet til m\u00e6rker som dit. Fra 30 ml rollerball-beholdere i rejsest\u00f8rrelse til 50 ml genopfyldelige vigtige olieflasker med roller hj\u00e6lper vi dig med at udvikle emballage, der skiller sig ud. V\u00e6lg mellem 30 ml eller 50 ml og v\u00e6lg mellem sorte, hvide, guld- eller s\u00f8lvh\u00e6tter. Har du brug for noget unikt? Vi hj\u00e6lper dig med at designe glasruller, der afspejler dit brands identitet - uanset om den er minimalistisk, luksuri\u00f8s eller milj\u00f8fokuseret.<\/p>\n<h2>N\u00f8glespecifikationer<\/h2>\n<table style=\"border-collapse: collapse; margin-left: auto; margin-right: auto; width: 80%;\" border=\"0\" width=\"80%\" cellspacing=\"0\" cellpadding=\"0\">\n<tbody>\n<tr style=\"height: 13.50pt;\">\n<td style=\"height: 13.50pt; width: 112.50pt;\" width=\"150\" height=\"18\"><strong>Kapacitet<\/strong><\/td>\n<td style=\"width: 382.50pt;\" width=\"510\">30 ml \/ 50 ml<\/td>\n<\/tr>\n<tr style=\"height: 13.50pt;\">\n<td style=\"height: 13.50pt;\" height=\"18\"><strong>Materiale<\/strong><\/td>\n<td>Brandpoleret glas (transparent), plast (kan tilpasses)<\/td>\n<\/tr>\n<tr style=\"height: 13.50pt;\">\n<td style=\"height: 13.50pt;\" height=\"18\"><strong>Farvemuligheder for h\u00e6tten<\/strong><\/td>\n<td>Sort, hvid, guld, s\u00f8lv (tilpassede farver f\u00e5s)<\/td>\n<\/tr>\n<tr style=\"height: 13.50pt;\">\n<td style=\"height: 13.50pt;\" height=\"18\"><strong>T\u00e6tningsmekanisme<\/strong><\/td>\n<td>Skruehals + rullekugle<\/td>\n<\/tr>\n<tr style=\"height: 13.50pt;\">\n<td style=\"height: 13.50pt;\" height=\"18\"><strong>Dimensioner<\/strong><\/td>\n<td>Cylindrisk form, kompakt til rejse- eller detailemballage<\/td>\n<\/tr>\n<tr style=\"height: 54.00pt;\">\n<td style=\"height: 54.00pt;\" height=\"72\"><strong>M\u00e5lrettet brug<\/strong><\/td>\n<td class=\"et2\" style=\"width: 382.50pt;\" width=\"510\">Designet til roll-on parfumer, \u00e6teriske olier, deodoranter eller serum.<br \/>\nPerfekt til produkter i rejsest\u00f8rrelse, produkter til daglig brug eller m\u00e5lrettet hudpleje\/parfume<\/td>\n<\/tr>\n<\/tbody>\n<\/table>\n<h2>Kuffert til produktemballage<\/h2>\n<p>Et wellness-brand oplevede en stigning p\u00e5 35% i antallet af tilbagevendende kunder, efter at de skiftede til 30 ml glasflasker til deres rulleflasker med \u00e6teriske olier. Det klare glas fremh\u00e6vede produktets naturlige farve, mens den genanvendelige produktemballage rettede op p\u00e5 deres milj\u00f8venlige v\u00e6rdier.<\/p>\n<h2>Tilpassede tips<\/h2>\n<ul>\n<li>Til 50 ml roll-on-flasker: V\u00e6lg s\u00f8lv- eller guldh\u00e6tter for at l\u00f8fte en luksuri\u00f8s parfumeserie.<\/li>\n<li>Til 30 ml glasrulleflasker: Brug sorte eller hvide plasth\u00e6tter for at f\u00e5 en p\u00e6n og minimalistisk kosmetikemballage.<\/li>\n<\/ul>\n<p>&nbsp;<\/p>","protected":false},"excerpt":{"rendered":"<p>Boost dit brand med vores roll-on-flasker engros - milj\u00f8venlige glasflasker i 30 ml og 50 ml til roll-on-parfumer, \u00e6teriske olier, deodoranter eller serum.<\/p>","protected":false},"featured_media":3385,"comment_status":"open","ping_status":"closed","template":"","meta":{"_acf_changed":false,"site-sidebar-layout":"default","site-content-layout":"","ast-site-content-layout":"default","site-content-style":"default","site-sidebar-style":"default","ast-global-header-display":"","ast-banner-title-visibility":"","ast-main-header-display":"","ast-hfb-above-header-display":"","ast-hfb-below-header-display":"","ast-hfb-mobile-header-display":"","site-post-title":"","ast-breadcrumbs-content":"","ast-featured-img":"","footer-sml-layout":"","ast-disable-related-posts":"","theme-transparent-header-meta":"default","adv-header-id-meta":"","stick-header-meta":"","header-above-stick-meta":"","header-main-stick-meta":"","header-below-stick-meta":"","astra-migrate-meta-layouts":"set","ast-page-background-enabled":"default","ast-page-background-meta":{"desktop":{"background-color":"var(--ast-global-color-5)","background-image":"","background-repeat":"repeat","background-position":"center center","background-size":"auto","background-attachment":"scroll","background-type":"","background-media":"","overlay-type":"","overlay-color":"","overlay-opacity":"","overlay-gradient":""},"tablet":{"background-color":"","background-image":"","background-repeat":"repeat","background-position":"center center","background-size":"auto","background-attachment":"scroll","background-type":"","background-media":"","overlay-type":"","overlay-color":"","overlay-opacity":"","overlay-gradient":""},"mobile":{"background-color":"","background-image":"","background-repeat":"repeat","background-position":"center center","background-size":"auto","background-attachment":"scroll","background-type":"","background-media":"","overlay-type":"","overlay-color":"","overlay-opacity":"","overlay-gradient":""}},"ast-content-background-meta":{"desktop":{"background-color":"var(--ast-global-color-4)","background-image":"","background-repeat":"repeat","background-position":"center center","background-size":"auto","background-attachment":"scroll","background-type":"","background-media":"","overlay-type":"","overlay-color":"","overlay-opacity":"","overlay-gradient":""},"tablet":{"background-color":"var(--ast-global-color-4)","background-image":"","background-repeat":"repeat","background-position":"center center","background-size":"auto","background-attachment":"scroll","background-type":"","background-media":"","overlay-type":"","overlay-color":"","overlay-opacity":"","overlay-gradient":""},"mobile":{"background-color":"var(--ast-global-color-4)","background-image":"","background-repeat":"repeat","background-position":"center center","background-size":"auto","background-attachment":"scroll","background-type":"","background-media":"","overlay-type":"","overlay-color":"","overlay-opacity":"","overlay-gradient":""}}},"product_brand":[],"product_cat":[72,62,60],"product_tag":[],"class_list":{"0":"post-3381","1":"product","2":"type-product","3":"status-publish","4":"has-post-thumbnail","6":"product_cat-cosmetic-packaging","7":"product_cat-cosmetic-containers","8":"product_cat-roller-bottles","9":"desktop-align-left","10":"tablet-align-left","11":"mobile-align-left","13":"first","14":"instock","15":"shipping-taxable","16":"product-type-simple"},"acf":[],"jetpack_sharing_enabled":true,"_links":{"self":[{"href":"https:\/\/theperfumebottles.com\/da\/wp-json\/wp\/v2\/product\/3381","targetHints":{"allow":["GET"]}}],"collection":[{"href":"https:\/\/theperfumebottles.com\/da\/wp-json\/wp\/v2\/product"}],"about":[{"href":"https:\/\/theperfumebottles.com\/da\/wp-json\/wp\/v2\/types\/product"}],"replies":[{"embeddable":true,"href":"https:\/\/theperfumebottles.com\/da\/wp-json\/wp\/v2\/comments?post=3381"}],"wp:featuredmedia":[{"embeddable":true,"href":"https:\/\/theperfumebottles.com\/da\/wp-json\/wp\/v2\/media\/3385"}],"wp:attachment":[{"href":"https:\/\/theperfumebottles.com\/da\/wp-json\/wp\/v2\/media?parent=3381"}],"wp:term":[{"taxonomy":"product_brand","embeddable":true,"href":"https:\/\/theperfumebottles.com\/da\/wp-json\/wp\/v2\/product_brand?post=3381"},{"taxonomy":"product_cat","embeddable":true,"href":"https:\/\/theperfumebottles.com\/da\/wp-json\/wp\/v2\/product_cat?post=3381"},{"taxonomy":"product_tag","embeddable":true,"href":"https:\/\/theperfumebottles.com\/da\/wp-json\/wp\/v2\/product_tag?post=3381"}],"curies":[{"name":"wp","href":"https:\/\/api.w.org\/{rel}","templated":true}]}}