{"id":3409,"date":"2025-05-23T18:00:18","date_gmt":"2025-05-23T10:00:18","guid":{"rendered":"https:\/\/theperfumebottles.com\/?post_type=product&#038;p=3409"},"modified":"2025-05-26T13:33:07","modified_gmt":"2025-05-26T05:33:07","slug":"10ml-20ml-30ml-refillable-fragrance-bottle-travel-cologne-bottle","status":"publish","type":"product","link":"https:\/\/theperfumebottles.com\/da\/vare\/10ml-20ml-30ml-refillable-fragrance-bottle-travel-cologne-bottle\/","title":{"rendered":"10ml 20ml 30ml genopfyldelig duftflaske og rejse-cologneflaske"},"content":{"rendered":"<p>Er du ogs\u00e5 p\u00e5 udkig efter en beholder, der kan b\u00e6re duften og formidle brandets sj\u00e6l? Forestil dig: N\u00e5r kunden forsigtigt \u00e5bner din genopfyldelige parfumeflaske, flyder den delikate glasstruktur mellem fingrene, og den ravfarvede v\u00e6ske str\u00f8mmer ud som silke, og hver dr\u00e5be fort\u00e6ller din brandhistorie.<\/p>\n<h2>\nN\u00f8glespecifikationer<\/h2>\n<table style=\"border-collapse: collapse;margin-left: auto;margin-right: auto;width: 80%\" border=\"0\" width=\"80%\" cellspacing=\"0\" cellpadding=\"0\">\n<tbody>\n<tr style=\"height: 13.50pt\">\n<td style=\"height: 13.50pt;width: 109.50pt\" width=\"146\" height=\"18\"><strong>Kapacitet<\/strong><\/td>\n<td style=\"width: 194.25pt\" width=\"259\">10 ml, 20 ml, 30 ml<\/td>\n<\/tr>\n<tr style=\"height: 13.50pt\">\n<td style=\"height: 13.50pt\" height=\"18\"><strong>Materiale<\/strong><\/td>\n<td>Krystalglas, metalh\u00e6tte<\/td>\n<\/tr>\n<tr style=\"height: 13.50pt\">\n<td style=\"height: 13.50pt\" height=\"18\"><strong>Forsegling<\/strong><\/td>\n<td>skruehals + spr\u00f8jtedyse<\/td>\n<\/tr>\n<tr style=\"height: 13.50pt\">\n<td style=\"height: 13.50pt\" height=\"18\"><strong>Farve<\/strong><\/td>\n<td>Fuldt tilpasselig<\/td>\n<\/tr>\n<tr style=\"height: 13.50pt\">\n<td style=\"height: 13.50pt\" height=\"18\"><strong>Form<\/strong><\/td>\n<td>Cylindrisk<\/td>\n<\/tr>\n<tr style=\"height: 13.50pt\">\n<td style=\"height: 13.50pt\" height=\"18\"><strong>Emballagetype<\/strong><\/td>\n<td>Genanvendelig kosmetikemballage<\/td>\n<\/tr>\n<\/tbody>\n<\/table>\n<p><img fetchpriority=\"high\" decoding=\"async\" class=\"wp-image-3402\" src=\"https:\/\/theperfumebottles.com\/wp-content\/uploads\/2025\/05\/travel-cologne-bottle-rb3020.webp\" alt=\"rejse cologne flaske\" width=\"451\" height=\"451\" srcset=\"https:\/\/theperfumebottles.com\/wp-content\/uploads\/2025\/05\/travel-cologne-bottle-rb3020.webp 1000w, https:\/\/theperfumebottles.com\/wp-content\/uploads\/2025\/05\/travel-cologne-bottle-rb3020-300x300.webp 300w, https:\/\/theperfumebottles.com\/wp-content\/uploads\/2025\/05\/travel-cologne-bottle-rb3020-150x150.webp 150w, https:\/\/theperfumebottles.com\/wp-content\/uploads\/2025\/05\/travel-cologne-bottle-rb3020-768x768.webp 768w, https:\/\/theperfumebottles.com\/wp-content\/uploads\/2025\/05\/travel-cologne-bottle-rb3020-12x12.webp 12w, https:\/\/theperfumebottles.com\/wp-content\/uploads\/2025\/05\/travel-cologne-bottle-rb3020-600x600.webp 600w, https:\/\/theperfumebottles.com\/wp-content\/uploads\/2025\/05\/travel-cologne-bottle-rb3020-100x100.webp 100w\" sizes=\"(max-width: 451px) 100vw, 451px\" \/><\/p>\n<p>&nbsp;<\/p>\n<h2>Succeshistorie og tips til tilpasning<\/h2>\n<p>Et hudplejem\u00e6rke, vi arbejdede med, \u00f8gede deres kundefastholdelse med 40% ved at bruge disse glasparfumeflasker som pr\u00f8ver i rejsest\u00f8rrelse. Ved at tilbyde genopfyldelige parfumeflasker reducerede de spild og opfordrede til gentagne k\u00f8b.<\/p>\n<h2>Tilpasningstips<\/h2>\n<ul>\n<li><strong>Fleksibilitet i designet<\/strong>: Tilf\u00f8j dit logo via gravering eller farveblokering for at skabe et m\u00e6rkespecifikt look.<\/li>\n<li><strong>Massebestillinger<\/strong>: Bestil engros for at fylde op med pr\u00f8veflasker til arrangementer eller detailhandel.<\/li>\n<li><strong>Milj\u00f8venlig kant<\/strong>: Fremh\u00e6v det genanvendelige glas og det b\u00e6rbare design i din markedsf\u00f8ring for at tiltr\u00e6kke bevidste forbrugere.<\/li>\n<\/ul>\n<h2>Lad duftens sk\u00f8nhed komme til sin ret<\/h2>\n<p>Er du ogs\u00e5 p\u00e5 udkig efter en beholder, der kan b\u00e6re duften og formidle brandets sj\u00e6l? Forestil dig: N\u00e5r kunden forsigtigt \u00e5bner din parfumeflaske, flyder den delikate glasstruktur mellem fingrene, og den ravfarvede v\u00e6ske str\u00f8mmer ud som silke, og hver dr\u00e5be fort\u00e6ller din brandhistorie.<\/p>\n<p>Vi er godt klar over, at moderne forbrugere ikke kun k\u00f8ber parfume, men ogs\u00e5 opslugende oplevelser. Se...<\/p>\n<blockquote><p>L\u00e6kagesikkert design g\u00f8r forretningsrejser elegante og rolige<\/p>\n<p>Magnetisk flaskekapsel fortolker den uds\u00f8gte orientalske \u00e6stetik<\/p>\n<p>Mat tekstur fremh\u00e6ver diskret high-end-f\u00f8lelse<\/p><\/blockquote>\n<p>Disse detaljer er meget sigende: Dette er ikke en middelm\u00e5dig beholder, men et omvandrende kunstv\u00e6rk.<\/p>\n<h2>Start med din id\u00e9<\/h2>\n<p>Har du brug for en dedikeret designer til at hj\u00e6lpe dig med at skabe en mindev\u00e6rdig pointe? Fra flaskens krumning til lys- og skyggeeffekterne vil vores team udforme hver eneste detalje som et kunstv\u00e6rk. Kan du huske den kunde, der \u00f8nskede at skabe konceptet \"Moonlight Forest\"? Vi bruger gradientglas + lysende logo for at f\u00e5 hendes brand til at skille sig ud p\u00e5 udstillingen.<\/p>\n<h3>Lige nu skal du bare sige det til mig:<\/h3>\n<p>Hvilken slags brandtemperament forventer du at formidle?<\/p>\n<p>Hvilken slags ber\u00f8ringsoplevelse foretr\u00e6kker m\u00e5lgruppen?<\/p>\n<p>P.S. Du skal ikke bare tage vores ord for det. Pr\u00f8v et pr\u00f8veparti f\u00f8rst - for godt design starter med et godt f\u00f8rsteh\u00e5ndsindtryk.<\/p>","protected":false},"excerpt":{"rendered":"<p>Opgrader dit brand med vores genopfyldelige parfumeflasker og rejseparfumeflasker. Brugerdefinerede parfumeflasker i glas i sm\u00e5, b\u00e6rbare designs til engros- eller bulkordrer.<\/p>","protected":false},"featured_media":3399,"comment_status":"open","ping_status":"closed","template":"","meta":{"_acf_changed":false,"site-sidebar-layout":"default","site-content-layout":"","ast-site-content-layout":"default","site-content-style":"default","site-sidebar-style":"default","ast-global-header-display":"","ast-banner-title-visibility":"","ast-main-header-display":"","ast-hfb-above-header-display":"","ast-hfb-below-header-display":"","ast-hfb-mobile-header-display":"","site-post-title":"","ast-breadcrumbs-content":"","ast-featured-img":"","footer-sml-layout":"","ast-disable-related-posts":"","theme-transparent-header-meta":"default","adv-header-id-meta":"","stick-header-meta":"","header-above-stick-meta":"","header-main-stick-meta":"","header-below-stick-meta":"","astra-migrate-meta-layouts":"set","ast-page-background-enabled":"default","ast-page-background-meta":{"desktop":{"background-color":"var(--ast-global-color-5)","background-image":"","background-repeat":"repeat","background-position":"center center","background-size":"auto","background-attachment":"scroll","background-type":"","background-media":"","overlay-type":"","overlay-color":"","overlay-opacity":"","overlay-gradient":""},"tablet":{"background-color":"","background-image":"","background-repeat":"repeat","background-position":"center center","background-size":"auto","background-attachment":"scroll","background-type":"","background-media":"","overlay-type":"","overlay-color":"","overlay-opacity":"","overlay-gradient":""},"mobile":{"background-color":"","background-image":"","background-repeat":"repeat","background-position":"center center","background-size":"auto","background-attachment":"scroll","background-type":"","background-media":"","overlay-type":"","overlay-color":"","overlay-opacity":"","overlay-gradient":""}},"ast-content-background-meta":{"desktop":{"background-color":"var(--ast-global-color-4)","background-image":"","background-repeat":"repeat","background-position":"center center","background-size":"auto","background-attachment":"scroll","background-type":"","background-media":"","overlay-type":"","overlay-color":"","overlay-opacity":"","overlay-gradient":""},"tablet":{"background-color":"var(--ast-global-color-4)","background-image":"","background-repeat":"repeat","background-position":"center center","background-size":"auto","background-attachment":"scroll","background-type":"","background-media":"","overlay-type":"","overlay-color":"","overlay-opacity":"","overlay-gradient":""},"mobile":{"background-color":"var(--ast-global-color-4)","background-image":"","background-repeat":"repeat","background-position":"center center","background-size":"auto","background-attachment":"scroll","background-type":"","background-media":"","overlay-type":"","overlay-color":"","overlay-opacity":"","overlay-gradient":""}}},"product_brand":[],"product_cat":[72,74,90,41],"product_tag":[],"class_list":{"0":"post-3409","1":"product","2":"type-product","3":"status-publish","4":"has-post-thumbnail","6":"product_cat-cosmetic-packaging","7":"product_cat-mini-perfume-bottles","8":"product_cat-refillable-perfume-bottles","9":"product_cat-perfume-bottles","10":"desktop-align-left","11":"tablet-align-left","12":"mobile-align-left","14":"first","15":"instock","16":"shipping-taxable","17":"product-type-simple"},"acf":[],"jetpack_sharing_enabled":true,"_links":{"self":[{"href":"https:\/\/theperfumebottles.com\/da\/wp-json\/wp\/v2\/product\/3409","targetHints":{"allow":["GET"]}}],"collection":[{"href":"https:\/\/theperfumebottles.com\/da\/wp-json\/wp\/v2\/product"}],"about":[{"href":"https:\/\/theperfumebottles.com\/da\/wp-json\/wp\/v2\/types\/product"}],"replies":[{"embeddable":true,"href":"https:\/\/theperfumebottles.com\/da\/wp-json\/wp\/v2\/comments?post=3409"}],"wp:featuredmedia":[{"embeddable":true,"href":"https:\/\/theperfumebottles.com\/da\/wp-json\/wp\/v2\/media\/3399"}],"wp:attachment":[{"href":"https:\/\/theperfumebottles.com\/da\/wp-json\/wp\/v2\/media?parent=3409"}],"wp:term":[{"taxonomy":"product_brand","embeddable":true,"href":"https:\/\/theperfumebottles.com\/da\/wp-json\/wp\/v2\/product_brand?post=3409"},{"taxonomy":"product_cat","embeddable":true,"href":"https:\/\/theperfumebottles.com\/da\/wp-json\/wp\/v2\/product_cat?post=3409"},{"taxonomy":"product_tag","embeddable":true,"href":"https:\/\/theperfumebottles.com\/da\/wp-json\/wp\/v2\/product_tag?post=3409"}],"curies":[{"name":"wp","href":"https:\/\/api.w.org\/{rel}","templated":true}]}}