{"id":3430,"date":"2025-05-26T14:39:30","date_gmt":"2025-05-26T06:39:30","guid":{"rendered":"https:\/\/theperfumebottles.com\/?post_type=product&#038;p=3430"},"modified":"2026-03-30T09:49:23","modified_gmt":"2026-03-30T01:49:23","slug":"50ml-1-7oz-perfume-bottle-for-custom-brand-packaging","status":"publish","type":"product","link":"https:\/\/theperfumebottles.com\/da\/vare\/50ml-1-7oz-perfume-bottle-for-custom-brand-packaging\/","title":{"rendered":"50 ml\/1,7 oz parfumeflaske til brugerdefineret m\u00e6rkeemballage"},"content":{"rendered":"<p>Forestil dig en parfumeflakon, der ikke bare indeholder din signaturduft, men som er indbegrebet af dit brands essens. Vores PB-YZ0801 model 1,7 oz parfumeflaske (50 ml cologne-flaske) er udviklet til brands, der kr\u00e6ver b\u00e5de raffinement og funktionalitet. Uanset om du lancerer en luksuslinje eller har brug for engrosemballage til kosmetik, er denne flaske dit l\u00e6rred.<\/p>\n<h2>N\u00f8glespecifikationer<\/h2>\n<table style=\"border-collapse: collapse; margin-left: auto; margin-right: auto; width: 80%;\" border=\"0\" width=\"80%\" cellspacing=\"0\" cellpadding=\"0\">\n<tbody>\n<tr style=\"height: 13.50pt;\">\n<td style=\"height: 13.50pt; width: 93.75pt;\" width=\"125\" height=\"18\"><strong>Model<\/strong><\/td>\n<td style=\"width: 222.00pt;\" width=\"296\">PB-YZ0801<\/td>\n<\/tr>\n<tr style=\"height: 13.50pt;\">\n<td style=\"height: 13.50pt;\" height=\"18\"><strong>Kapacitet<\/strong><\/td>\n<td style=\"width: 222.00pt;\" width=\"296\">50 ml \/ 1,7 oz<\/td>\n<\/tr>\n<tr style=\"height: 13.50pt;\">\n<td style=\"height: 13.50pt;\" height=\"18\"><strong>Dimensioner<\/strong><\/td>\n<td>43 x 96 mm<\/td>\n<\/tr>\n<tr style=\"height: 13.50pt;\">\n<td style=\"height: 13.50pt;\" height=\"18\"><strong>Halsdiameter<\/strong><\/td>\n<td>15 mm<\/td>\n<\/tr>\n<tr style=\"height: 13.50pt;\">\n<td style=\"height: 13.50pt;\" height=\"18\"><strong>Form<\/strong><\/td>\n<td>Cylindrisk med skr\u00e5nende skulder<\/td>\n<\/tr>\n<tr style=\"height: 13.50pt;\">\n<td style=\"height: 13.50pt;\" height=\"18\"><strong>Closure<\/strong><\/td>\n<td>Push-top spray + dip tube<\/td>\n<\/tr>\n<tr style=\"height: 13.50pt;\">\n<td style=\"height: 13.50pt;\" height=\"18\"><strong>Materiale<\/strong><\/td>\n<td>H\u00f8jhvidt soda-limeglas<\/td>\n<\/tr>\n<tr style=\"height: 13.50pt;\">\n<td style=\"height: 13.50pt;\" height=\"18\"><strong>Farvemuligheder<\/strong><\/td>\n<td>Fuldt tilpasselig<\/td>\n<\/tr>\n<\/tbody>\n<\/table>\n<h2>Emballage<\/h2>\n<p>Et voksende parfumebrand havde brug for en dristig, men minimalistisk parfumeflaske af glas til deres \"Midnight Bloom\"-parfume. Da de valgte vores 50 ml parfumeflaske med en dyb violet farve og rosaguld h\u00e6tte, oplevede de en stigning p\u00e5 40% i antallet af kundeforesp\u00f8rgsler. \"Glasflaskerne f\u00f8ltes som smykker,\" sagde deres chefdesigner. \"Det fik vores duft til at f\u00f8les som et arvestykke.\"<\/p>\n<h2>Tilpassede tips<\/h2>\n<ul>\n<li><strong>Brugerdefineret farve<\/strong>: V\u00e6lg en farve, der afspejler dit brands stemning (f.eks. koboltbl\u00e5 for ro, rubin for lidenskab, r\u00f8d, hvid, sort, hvad som helst).<\/li>\n<li><strong>Brugerdefineret finish<\/strong>: Skab et personligt pr\u00e6g - som lasergravering, klisterm\u00e6rker eller dekorationer p\u00e5 flaskehalsen.<\/li>\n<li><strong>Bestil i l\u00f8s v\u00e6gt<\/strong>: Har du brug for pr\u00f8veflasker til at teste udseendet, f\u00f8r du forpligter dig? Vi tilbyder engrospriser for store ordrer.<\/li>\n<\/ul>\n<p>Er du klar til at bestille? Lad os designe en flaske, der v\u00e6kker opsigt og skaber loyalitet.<\/p>\n<p>P.S. Du skal ikke bare tage vores ord for det. Pr\u00f8v en pr\u00f8veflaske i dag, og se, hvorfor kloge virksomhedsejere tilpasser deres egne parfumeflasker af glas. Din n\u00e6ste store id\u00e9 fortjener en beholder, der matcher dens ambitioner.<\/p>","protected":false},"excerpt":{"rendered":"<p data-spm-anchor-id=\"5176.28103460.0.i4.59d21db8X86Wee\">Oplev vores 1,7 oz parfumeflaske (50 ml cologne-flaske) - f\u00f8rsteklasses glasdesign til brands. Tilpassede farver, engrosmuligheder og rejsevenlig emballage.<\/p>","protected":false},"featured_media":3433,"comment_status":"open","ping_status":"closed","template":"","meta":{"_acf_changed":false,"site-sidebar-layout":"default","site-content-layout":"","ast-site-content-layout":"default","site-content-style":"default","site-sidebar-style":"default","ast-global-header-display":"","ast-banner-title-visibility":"","ast-main-header-display":"","ast-hfb-above-header-display":"","ast-hfb-below-header-display":"","ast-hfb-mobile-header-display":"","site-post-title":"","ast-breadcrumbs-content":"","ast-featured-img":"","footer-sml-layout":"","ast-disable-related-posts":"","theme-transparent-header-meta":"default","adv-header-id-meta":"","stick-header-meta":"","header-above-stick-meta":"","header-main-stick-meta":"","header-below-stick-meta":"","astra-migrate-meta-layouts":"set","ast-page-background-enabled":"default","ast-page-background-meta":{"desktop":{"background-color":"var(--ast-global-color-5)","background-image":"","background-repeat":"repeat","background-position":"center center","background-size":"auto","background-attachment":"scroll","background-type":"","background-media":"","overlay-type":"","overlay-color":"","overlay-opacity":"","overlay-gradient":""},"tablet":{"background-color":"","background-image":"","background-repeat":"repeat","background-position":"center center","background-size":"auto","background-attachment":"scroll","background-type":"","background-media":"","overlay-type":"","overlay-color":"","overlay-opacity":"","overlay-gradient":""},"mobile":{"background-color":"","background-image":"","background-repeat":"repeat","background-position":"center center","background-size":"auto","background-attachment":"scroll","background-type":"","background-media":"","overlay-type":"","overlay-color":"","overlay-opacity":"","overlay-gradient":""}},"ast-content-background-meta":{"desktop":{"background-color":"var(--ast-global-color-4)","background-image":"","background-repeat":"repeat","background-position":"center center","background-size":"auto","background-attachment":"scroll","background-type":"","background-media":"","overlay-type":"","overlay-color":"","overlay-opacity":"","overlay-gradient":""},"tablet":{"background-color":"var(--ast-global-color-4)","background-image":"","background-repeat":"repeat","background-position":"center center","background-size":"auto","background-attachment":"scroll","background-type":"","background-media":"","overlay-type":"","overlay-color":"","overlay-opacity":"","overlay-gradient":""},"mobile":{"background-color":"var(--ast-global-color-4)","background-image":"","background-repeat":"repeat","background-position":"center center","background-size":"auto","background-attachment":"scroll","background-type":"","background-media":"","overlay-type":"","overlay-color":"","overlay-opacity":"","overlay-gradient":""}}},"product_brand":[],"product_cat":[91,72,41],"product_tag":[],"class_list":{"0":"post-3430","1":"product","2":"type-product","3":"status-publish","4":"has-post-thumbnail","6":"product_cat-custom-perfume-bottles","7":"product_cat-cosmetic-packaging","8":"product_cat-perfume-bottles","9":"desktop-align-left","10":"tablet-align-left","11":"mobile-align-left","13":"first","14":"instock","15":"shipping-taxable","16":"product-type-simple"},"acf":[],"jetpack_sharing_enabled":true,"_links":{"self":[{"href":"https:\/\/theperfumebottles.com\/da\/wp-json\/wp\/v2\/product\/3430","targetHints":{"allow":["GET"]}}],"collection":[{"href":"https:\/\/theperfumebottles.com\/da\/wp-json\/wp\/v2\/product"}],"about":[{"href":"https:\/\/theperfumebottles.com\/da\/wp-json\/wp\/v2\/types\/product"}],"replies":[{"embeddable":true,"href":"https:\/\/theperfumebottles.com\/da\/wp-json\/wp\/v2\/comments?post=3430"}],"wp:featuredmedia":[{"embeddable":true,"href":"https:\/\/theperfumebottles.com\/da\/wp-json\/wp\/v2\/media\/3433"}],"wp:attachment":[{"href":"https:\/\/theperfumebottles.com\/da\/wp-json\/wp\/v2\/media?parent=3430"}],"wp:term":[{"taxonomy":"product_brand","embeddable":true,"href":"https:\/\/theperfumebottles.com\/da\/wp-json\/wp\/v2\/product_brand?post=3430"},{"taxonomy":"product_cat","embeddable":true,"href":"https:\/\/theperfumebottles.com\/da\/wp-json\/wp\/v2\/product_cat?post=3430"},{"taxonomy":"product_tag","embeddable":true,"href":"https:\/\/theperfumebottles.com\/da\/wp-json\/wp\/v2\/product_tag?post=3430"}],"curies":[{"name":"wp","href":"https:\/\/api.w.org\/{rel}","templated":true}]}}