{"id":3437,"date":"2025-05-26T16:07:27","date_gmt":"2025-05-26T08:07:27","guid":{"rendered":"https:\/\/theperfumebottles.com\/?post_type=product&#038;p=3437"},"modified":"2025-05-26T16:19:40","modified_gmt":"2025-05-26T08:19:40","slug":"custom-tall-blank-100-ml-perfume-bottle-with-spray-cap","status":"publish","type":"product","link":"https:\/\/theperfumebottles.com\/da\/vare\/custom-tall-blank-100-ml-perfume-bottle-with-spray-cap\/","title":{"rendered":"Brugerdefineret h\u00f8j, blank 100 ml parfumeflaske med sprayh\u00e6tte"},"content":{"rendered":"<p>Vores PB-YZ0802 er en 100 ml h\u00f8j parfumeflaske fremstillet af f\u00f8rsteklasses krystalglas. Uanset om du lancerer en ny duft eller tilf\u00f8jer en praktisk og smuk pakke til dit engroslager, vil denne parfumeflaske v\u00e6re dit ideelle valg. Den ser ikke kun stilfuld ud, men opfylder ogs\u00e5 praktiske behov.<\/p>\n<h2>N\u00f8glespecifikationer<\/h2>\n<table style=\"border-collapse: collapse; margin-left: auto; margin-right: auto; width: 80%;\" border=\"0\" width=\"80%\" cellspacing=\"0\" cellpadding=\"0\">\n<tbody>\n<tr style=\"height: 13.50pt;\">\n<td style=\"height: 13.50pt; width: 97.50pt;\" width=\"130\" height=\"18\">Model<\/td>\n<td style=\"width: 231.75pt;\" width=\"309\">PB-YZ0802<\/td>\n<\/tr>\n<tr style=\"height: 13.50pt;\">\n<td style=\"height: 13.50pt;\" height=\"18\">Kapacitet<\/td>\n<td>100 ml<\/td>\n<\/tr>\n<tr style=\"height: 13.50pt;\">\n<td style=\"height: 13.50pt;\" height=\"18\">Form<\/td>\n<td>Cylindrisk<\/td>\n<\/tr>\n<tr style=\"height: 13.50pt;\">\n<td style=\"height: 13.50pt;\" height=\"18\">Dimensioner<\/td>\n<td>40 mm x 129 mm<\/td>\n<\/tr>\n<tr style=\"height: 13.50pt;\">\n<td style=\"height: 13.50pt;\" height=\"18\">Halsdiameter<\/td>\n<td>15 mm<\/td>\n<\/tr>\n<tr style=\"height: 13.50pt;\">\n<td style=\"height: 13.50pt;\" height=\"18\">Lukningstype<\/td>\n<td>Krympehals + spr\u00f8jte<\/td>\n<\/tr>\n<tr style=\"height: 13.50pt;\">\n<td style=\"height: 13.50pt;\" height=\"18\">Materiale<\/td>\n<td>Krystalglas<\/td>\n<\/tr>\n<tr style=\"height: 13.50pt;\">\n<td style=\"height: 13.50pt;\" height=\"18\">Farvemuligheder<\/td>\n<td>Fuldt tilpasselig<\/td>\n<\/tr>\n<tr style=\"height: 13.50pt;\">\n<td style=\"height: 13.50pt;\" height=\"18\">Ideel til<\/td>\n<td>Parfume, ansigts- og kropsspray<\/td>\n<\/tr>\n<\/tbody>\n<\/table>\n<h2>Emballage<\/h2>\n<p>Et boutique-duftm\u00e6rke i Frankrig bestilte 30.000 eksemplarer af denne 100 ml parfumeflaske til deres nye serie af unisex-dufte. De valgte en frostet indgraveret logo med magnetisk h\u00e6tte og var begejstrede for, hvordan flaskerne l\u00f8ftede deres image. Inden for fire m\u00e5neder oplevede de en stigning i detailsalget p\u00e5 30% og ekspanderede til tre nye markeder.<\/p>\n<h2>Frascos Roll-on personalizados de 30ml e 50ml para atacado<\/h2>\n<ul>\n<li><strong>M\u00e6rkning<\/strong>: Tilf\u00f8j dit logo via silketryk eller lasergravering.<\/li>\n<li><strong>Farve<\/strong>: V\u00e6lg mellem klar, rav, kobolt eller anmod om et PANTONE-match.<\/li>\n<li><strong>H\u00e6ttefinish<\/strong>: G\u00e5 efter mat sort, guld eller rosaguld for en luksuri\u00f8s f\u00f8lelse.<\/li>\n<li><strong>Boks<\/strong>: Kombiner med brugerdefinerede indsatser eller \u00e6sker med logo for at fuldende looket.<\/li>\n<\/ul>\n<p>Vi tilbyder pr\u00f8veflasker f\u00f8r fuld produktion, s\u00e5 du kan teste pasform, f\u00f8lelse og sprayens ydeevne - uden g\u00e6tterier.<\/p>\n<h2>Hvorfor v\u00e6lge denne 100 ml parfumeflaske?<\/h2>\n<p>Uanset om du er virksomhedsejer, indk\u00f8ber eller brand manager, er denne b\u00e6rbare parfumeflaske i glas af h\u00f8j kvalitet en smart investering. Det er ikke bare en beholder - det er en del af din produkthistorie. Og med engrospriser og tilpasningsmuligheder f\u00e5r du mere end bare en flaske - du f\u00e5r et statement piece.<\/p>\n<p>Er du stadig i tvivl? Kontakt os, s\u00e5 hj\u00e6lper vi dig med at beslutte, hvad der er bedst for dit brand - for n\u00e5r det handler om design, t\u00e6ller hver eneste detalje.<\/p>","protected":false},"excerpt":{"rendered":"<p>Custom 100 ml parfumeflaske i h\u00f8jt glasdesign. Tom cologne-flaske perfekt til duftbranding. Stort engrossalg tilg\u00e6ngeligt.<\/p>","protected":false},"featured_media":3438,"comment_status":"open","ping_status":"closed","template":"","meta":{"_acf_changed":false,"site-sidebar-layout":"default","site-content-layout":"","ast-site-content-layout":"default","site-content-style":"default","site-sidebar-style":"default","ast-global-header-display":"","ast-banner-title-visibility":"","ast-main-header-display":"","ast-hfb-above-header-display":"","ast-hfb-below-header-display":"","ast-hfb-mobile-header-display":"","site-post-title":"","ast-breadcrumbs-content":"","ast-featured-img":"","footer-sml-layout":"","ast-disable-related-posts":"","theme-transparent-header-meta":"default","adv-header-id-meta":"","stick-header-meta":"","header-above-stick-meta":"","header-main-stick-meta":"","header-below-stick-meta":"","astra-migrate-meta-layouts":"set","ast-page-background-enabled":"default","ast-page-background-meta":{"desktop":{"background-color":"var(--ast-global-color-5)","background-image":"","background-repeat":"repeat","background-position":"center center","background-size":"auto","background-attachment":"scroll","background-type":"","background-media":"","overlay-type":"","overlay-color":"","overlay-opacity":"","overlay-gradient":""},"tablet":{"background-color":"","background-image":"","background-repeat":"repeat","background-position":"center center","background-size":"auto","background-attachment":"scroll","background-type":"","background-media":"","overlay-type":"","overlay-color":"","overlay-opacity":"","overlay-gradient":""},"mobile":{"background-color":"","background-image":"","background-repeat":"repeat","background-position":"center center","background-size":"auto","background-attachment":"scroll","background-type":"","background-media":"","overlay-type":"","overlay-color":"","overlay-opacity":"","overlay-gradient":""}},"ast-content-background-meta":{"desktop":{"background-color":"var(--ast-global-color-4)","background-image":"","background-repeat":"repeat","background-position":"center center","background-size":"auto","background-attachment":"scroll","background-type":"","background-media":"","overlay-type":"","overlay-color":"","overlay-opacity":"","overlay-gradient":""},"tablet":{"background-color":"var(--ast-global-color-4)","background-image":"","background-repeat":"repeat","background-position":"center center","background-size":"auto","background-attachment":"scroll","background-type":"","background-media":"","overlay-type":"","overlay-color":"","overlay-opacity":"","overlay-gradient":""},"mobile":{"background-color":"var(--ast-global-color-4)","background-image":"","background-repeat":"repeat","background-position":"center center","background-size":"auto","background-attachment":"scroll","background-type":"","background-media":"","overlay-type":"","overlay-color":"","overlay-opacity":"","overlay-gradient":""}}},"product_brand":[],"product_cat":[72,91,41],"product_tag":[],"class_list":{"0":"post-3437","1":"product","2":"type-product","3":"status-publish","4":"has-post-thumbnail","6":"product_cat-cosmetic-packaging","7":"product_cat-custom-perfume-bottles","8":"product_cat-perfume-bottles","9":"desktop-align-left","10":"tablet-align-left","11":"mobile-align-left","13":"first","14":"instock","15":"shipping-taxable","16":"product-type-simple"},"acf":[],"jetpack_sharing_enabled":true,"_links":{"self":[{"href":"https:\/\/theperfumebottles.com\/da\/wp-json\/wp\/v2\/product\/3437","targetHints":{"allow":["GET"]}}],"collection":[{"href":"https:\/\/theperfumebottles.com\/da\/wp-json\/wp\/v2\/product"}],"about":[{"href":"https:\/\/theperfumebottles.com\/da\/wp-json\/wp\/v2\/types\/product"}],"replies":[{"embeddable":true,"href":"https:\/\/theperfumebottles.com\/da\/wp-json\/wp\/v2\/comments?post=3437"}],"wp:featuredmedia":[{"embeddable":true,"href":"https:\/\/theperfumebottles.com\/da\/wp-json\/wp\/v2\/media\/3438"}],"wp:attachment":[{"href":"https:\/\/theperfumebottles.com\/da\/wp-json\/wp\/v2\/media?parent=3437"}],"wp:term":[{"taxonomy":"product_brand","embeddable":true,"href":"https:\/\/theperfumebottles.com\/da\/wp-json\/wp\/v2\/product_brand?post=3437"},{"taxonomy":"product_cat","embeddable":true,"href":"https:\/\/theperfumebottles.com\/da\/wp-json\/wp\/v2\/product_cat?post=3437"},{"taxonomy":"product_tag","embeddable":true,"href":"https:\/\/theperfumebottles.com\/da\/wp-json\/wp\/v2\/product_tag?post=3437"}],"curies":[{"name":"wp","href":"https:\/\/api.w.org\/{rel}","templated":true}]}}