{"id":3581,"date":"2025-06-02T12:00:15","date_gmt":"2025-06-02T04:00:15","guid":{"rendered":"https:\/\/theperfumebottles.com\/?post_type=product&#038;p=3581"},"modified":"2025-06-11T18:36:26","modified_gmt":"2025-06-11T10:36:26","slug":"50ml-100ml-luxury-glass-perfume-decanters-with-gold-lids","status":"publish","type":"product","link":"https:\/\/theperfumebottles.com\/da\/vare\/50ml-100ml-luxury-glass-perfume-decanters-with-gold-lids\/","title":{"rendered":"50ml 100ml luksusglas parfumekarafler med guldl\u00e5g"},"content":{"rendered":"<p>Hvis du er p\u00e5 udkig efter en parfumekaraffel, der f\u00e5r dit brands duft til at blive h\u00e6ngende i dine kunders bevidsthed i lang tid, s\u00e5 tag et kig p\u00e5 vores PB-YZ0901 og PB-YZ0902. De kombinerer p\u00e5 smart vis klassisk sk\u00f8nhed med moderne funktionalitet og er specielt designet til brands, der \u00f8nsker at efterlade et dybt indtryk.<\/p>\n<h2>N\u00f8glespecifikationer<\/h2>\n<table style=\"border-collapse: collapse;margin-left: auto;margin-right: auto;width: 90%\" border=\"0\" width=\"90%\" cellspacing=\"0\" cellpadding=\"0\">\n<tbody>\n<tr style=\"height: 13.50pt\">\n<td style=\"height: 13.50pt;width: 96.00pt\" width=\"128\" height=\"18\"><strong>Model<\/strong><\/td>\n<td style=\"width: 75.75pt\" width=\"101\"><strong>Kapacitet<\/strong><\/td>\n<td style=\"width: 99.00pt\" width=\"132\">Dimensioner (mm)<\/td>\n<td style=\"width: 95.25pt\" width=\"127\">Halsdiameter<\/td>\n<td style=\"width: 160.50pt\" width=\"214\">Forseglingsmetode<\/td>\n<td style=\"width: 90.75pt\" width=\"121\">Materiale<\/td>\n<td style=\"width: 90.75pt\" width=\"121\">Farvemuligheder<\/td>\n<\/tr>\n<tr style=\"height: 13.50pt\">\n<td style=\"height: 13.50pt\" height=\"18\">PB-YZ0901<\/td>\n<td>50 ml<\/td>\n<td>43 x 77<\/td>\n<td>15 mm<\/td>\n<td>Press-fit hals + forst\u00f8ver<\/td>\n<td>Krystalglas<\/td>\n<td>Kan tilpasses<\/td>\n<\/tr>\n<tr style=\"height: 13.50pt\">\n<td style=\"height: 13.50pt\" height=\"18\">PB-YZ0902<\/td>\n<td>100 ml<\/td>\n<td>52 x 93<\/td>\n<td>15 mm<\/td>\n<td>Press-fit hals + forst\u00f8ver<\/td>\n<td>Krystalglas<\/td>\n<td>Kan tilpasses<\/td>\n<\/tr>\n<\/tbody>\n<\/table>\n<h2>Succeshistorie: Et brands spring til luksus<\/h2>\n<p>Et europ\u00e6isk parfumem\u00e6rke valgte vores PB-YZ0901 til deres limited edition-kollektion. Ved at udskifte deres gamle plastikflasker med parfume-karafler af glas med indgraverede l\u00e5g oplevede de en stigning p\u00e5 40% i salget af gaves\u00e6t. Og hvorfor? Emballagen indeholdt ikke bare parfume - den fortalte en historie om h\u00e5ndv\u00e6rk.<\/p>\n<h2>Pro-tip til tilpasning:<\/h2>\n<ul>\n<li><strong>Til herredufte<\/strong>: V\u00e6lg dybe marinebl\u00e5 kasketter og minimalistiske logoer.<\/li>\n<li><strong>Til kvinders linjer<\/strong>: S\u00e6t sartrosa kasketter sammen med accenter af bladguld.<\/li>\n<li><strong>Til gaver<\/strong>: Tilf\u00f8j en silkepose til din parfumeflaskes indpakning - g\u00f8r et produkt til en gave.<\/li>\n<\/ul>\n<h2>Hvorfor dette virker for dig<\/h2>\n<p>Du s\u00e6lger mere end bare parfume, du s\u00e6lger en uforglemmelig oplevelse. Disse glasflasker er ikke kun beholdere til opbevaring af dufte, men ogs\u00e5 medier til at forst\u00e6rke deres charme, s\u00e5 hver dr\u00e5be parfume udstr\u00e5ler mere charmerende glans. Forestil dig, at en kunde \u00e5bner en matsort \u00e6ske og finder en krystalklar karaffel, der fanger lyset. Det er ikke bare emballage; det er et \u00f8jeblik.<\/p>\n<p>Har du brug for hj\u00e6lp til at beslutte dig? Lad os skabe noget uforglemmeligt sammen.<\/p>\n<p>P.S. Lad ikke konkurrenterne stj\u00e6le rampelyset. Din parfume har brug for en topflaske, der skriger: \"Dette er luksus.\" Lad os g\u00f8re den til din.<\/p>","protected":false},"excerpt":{"rendered":"<p>L\u00f8ft dit brand med elegante parfume-karafler i glas og f\u00f8rsteklasses flaskeemballage. V\u00e6lg fra producenten til f\u00f8rsteklasses duftl\u00f8sninger.<\/p>","protected":false},"featured_media":3585,"comment_status":"open","ping_status":"closed","template":"","meta":{"_acf_changed":false,"site-sidebar-layout":"default","site-content-layout":"","ast-site-content-layout":"default","site-content-style":"default","site-sidebar-style":"default","ast-global-header-display":"","ast-banner-title-visibility":"","ast-main-header-display":"","ast-hfb-above-header-display":"","ast-hfb-below-header-display":"","ast-hfb-mobile-header-display":"","site-post-title":"","ast-breadcrumbs-content":"","ast-featured-img":"","footer-sml-layout":"","ast-disable-related-posts":"","theme-transparent-header-meta":"default","adv-header-id-meta":"","stick-header-meta":"","header-above-stick-meta":"","header-main-stick-meta":"","header-below-stick-meta":"","astra-migrate-meta-layouts":"set","ast-page-background-enabled":"default","ast-page-background-meta":{"desktop":{"background-color":"var(--ast-global-color-5)","background-image":"","background-repeat":"repeat","background-position":"center center","background-size":"auto","background-attachment":"scroll","background-type":"","background-media":"","overlay-type":"","overlay-color":"","overlay-opacity":"","overlay-gradient":""},"tablet":{"background-color":"","background-image":"","background-repeat":"repeat","background-position":"center center","background-size":"auto","background-attachment":"scroll","background-type":"","background-media":"","overlay-type":"","overlay-color":"","overlay-opacity":"","overlay-gradient":""},"mobile":{"background-color":"","background-image":"","background-repeat":"repeat","background-position":"center center","background-size":"auto","background-attachment":"scroll","background-type":"","background-media":"","overlay-type":"","overlay-color":"","overlay-opacity":"","overlay-gradient":""}},"ast-content-background-meta":{"desktop":{"background-color":"var(--ast-global-color-4)","background-image":"","background-repeat":"repeat","background-position":"center center","background-size":"auto","background-attachment":"scroll","background-type":"","background-media":"","overlay-type":"","overlay-color":"","overlay-opacity":"","overlay-gradient":""},"tablet":{"background-color":"var(--ast-global-color-4)","background-image":"","background-repeat":"repeat","background-position":"center center","background-size":"auto","background-attachment":"scroll","background-type":"","background-media":"","overlay-type":"","overlay-color":"","overlay-opacity":"","overlay-gradient":""},"mobile":{"background-color":"var(--ast-global-color-4)","background-image":"","background-repeat":"repeat","background-position":"center center","background-size":"auto","background-attachment":"scroll","background-type":"","background-media":"","overlay-type":"","overlay-color":"","overlay-opacity":"","overlay-gradient":""}}},"product_brand":[],"product_cat":[72,91,37,41],"product_tag":[89],"class_list":{"0":"post-3581","1":"product","2":"type-product","3":"status-publish","4":"has-post-thumbnail","6":"product_cat-cosmetic-packaging","7":"product_cat-custom-perfume-bottles","8":"product_cat-uncategorized","9":"product_cat-perfume-bottles","10":"product_tag-perfume-bottle","11":"desktop-align-left","12":"tablet-align-left","13":"mobile-align-left","15":"first","16":"instock","17":"shipping-taxable","18":"product-type-simple"},"acf":[],"jetpack_sharing_enabled":true,"_links":{"self":[{"href":"https:\/\/theperfumebottles.com\/da\/wp-json\/wp\/v2\/product\/3581","targetHints":{"allow":["GET"]}}],"collection":[{"href":"https:\/\/theperfumebottles.com\/da\/wp-json\/wp\/v2\/product"}],"about":[{"href":"https:\/\/theperfumebottles.com\/da\/wp-json\/wp\/v2\/types\/product"}],"replies":[{"embeddable":true,"href":"https:\/\/theperfumebottles.com\/da\/wp-json\/wp\/v2\/comments?post=3581"}],"wp:featuredmedia":[{"embeddable":true,"href":"https:\/\/theperfumebottles.com\/da\/wp-json\/wp\/v2\/media\/3585"}],"wp:attachment":[{"href":"https:\/\/theperfumebottles.com\/da\/wp-json\/wp\/v2\/media?parent=3581"}],"wp:term":[{"taxonomy":"product_brand","embeddable":true,"href":"https:\/\/theperfumebottles.com\/da\/wp-json\/wp\/v2\/product_brand?post=3581"},{"taxonomy":"product_cat","embeddable":true,"href":"https:\/\/theperfumebottles.com\/da\/wp-json\/wp\/v2\/product_cat?post=3581"},{"taxonomy":"product_tag","embeddable":true,"href":"https:\/\/theperfumebottles.com\/da\/wp-json\/wp\/v2\/product_tag?post=3581"}],"curies":[{"name":"wp","href":"https:\/\/api.w.org\/{rel}","templated":true}]}}