{"id":3589,"date":"2025-06-03T09:31:45","date_gmt":"2025-06-03T01:31:45","guid":{"rendered":"https:\/\/theperfumebottles.com\/?post_type=product&#038;p=3589"},"modified":"2025-06-11T18:35:36","modified_gmt":"2025-06-11T10:35:36","slug":"30ml-50ml-100ml-custom-empty-glass-perfume-bottles","status":"publish","type":"product","link":"https:\/\/theperfumebottles.com\/da\/vare\/30ml-50ml-100ml-custom-empty-glass-perfume-bottles\/","title":{"rendered":"30ml 50ml 100ml brugerdefinerede tomme parfumeflasker i glas"},"content":{"rendered":"<p>Leder du efter en parfumeflaske, der skiller sig ud p\u00e5 hylden og udstr\u00e5ler luksus? Vi tilbyder tomme parfumeflasker i glas i tilpassede farver og st\u00f8rrelser for at forbedre dit brands image. Lad os analysere, hvorfor vores PB-YZ1001- til PB-YZ1003-serier kan skabe afg\u00f8rende \u00e6ndringer i din parfumeforretning. Find den ideelle beholder til din unikke duft!<\/p>\n<h2>N\u00f8glespecifikation<\/h2>\n<table style=\"border-collapse: collapse;margin-left: auto;margin-right: auto;width: 80%\" border=\"0\" width=\"80%\" cellspacing=\"0\" cellpadding=\"0\">\n<tbody>\n<tr style=\"height: 13.50pt\">\n<td style=\"height: 13.50pt;width: 74.25pt\" width=\"99\" height=\"18\">Model<\/td>\n<td style=\"width: 63.00pt\" width=\"84\">Kapacitet<\/td>\n<td style=\"width: 104.25pt\" width=\"139\">Dimensioner (mm)<\/td>\n<td style=\"width: 93.00pt\" width=\"124\">Halsdiameter<\/td>\n<td style=\"width: 129.75pt\" width=\"173\">Farvemuligheder<\/td>\n<\/tr>\n<tr style=\"height: 13.50pt\">\n<td style=\"height: 13.50pt\" height=\"18\">PB-YZ1001<\/td>\n<td>30 ml<\/td>\n<td>45 x 56<\/td>\n<td>15 mm<\/td>\n<td>Brugerdefineret (kun glas)<\/td>\n<\/tr>\n<tr style=\"height: 13.50pt\">\n<td style=\"height: 13.50pt\" height=\"18\">PB-YZ1002<\/td>\n<td>50 ml<\/td>\n<td>51 x 72<\/td>\n<td>15 mm<\/td>\n<td>Brugerdefineret (glas + h\u00e6tte)<\/td>\n<\/tr>\n<tr style=\"height: 13.50pt\">\n<td style=\"height: 13.50pt\" height=\"18\">PB-YZ1003<\/td>\n<td>100ml<\/td>\n<td>57 x 84<\/td>\n<td>15 mm<\/td>\n<td>Brugerdefineret (glas + h\u00e6tte)<\/td>\n<\/tr>\n<\/tbody>\n<\/table>\n<h2>Succeshistorie fra den virkelige verden<\/h2>\n<p>Et luksusparfumem\u00e6rke i Paris skiftede til vores PB-YZ1002-flasker sidste \u00e5r. De parrede 50 ml-st\u00f8rrelsen med dybbrune tr\u00e6h\u00e6tter og en mat sort glasfinish. Resultatet? 30% h\u00f8jere synlighed p\u00e5 hylderne i butikkerne og 20% flere ordrer fra kunder, der sagde, at emballagen f\u00f8ltes \"som at \u00e5bne en skattekiste\".<\/p>\n<h2>Pro-tip til tilpasning:<\/h2>\n<p>Vil du skille dig ud? Pr\u00f8v at kombinere en lys tr\u00e6h\u00e6tte med en klar glasflaske og en spraydyse i guld. Det er som at give din duft en diamanthalsk\u00e6de - funklende, men tidl\u00f8s.<\/p>\n<h2>Hvorfor vil du elske at arbejde med os?<\/h2>\n<ul>\n<li>Vil du have en 100 ml high-end parfumeflaske? Kom direkte til os!<\/li>\n<li>Vil du v\u00e6lge milj\u00f8venlig emballage? Vores glasflasker er 100% genanvendelige, holdbare og sikre.<\/li>\n<li>Feedback fra kunderne? En erhvervskunde var begejstret: \"Disse flasker f\u00e5r vores parfume til at f\u00f8les som en spa-dag i en flaske.\"<\/li>\n<\/ul>\n<h2>Sidste tanke<\/h2>\n<p>Parfume er ikke bare et produkt, det er en oplevelse. Vores flasker lader hver eneste dr\u00e5be duft f\u00e5 sin egen historie. Start dit unikke minde nu!<br \/>\nP.S. Har du ikke et design endnu? Vores team hj\u00e6lper dig med at f\u00e6rdigg\u00f8re farve- og st\u00f8rrelseskombinationer p\u00e5 under 48 timer. Intet pres, kun resultater.<\/p>","protected":false},"excerpt":{"rendered":"<p>Elegante tomme glasparfumeflasker med tr\u00e6h\u00e6tter, perfekte til luksusparfumeemballage. Holdbare, milj\u00f8venlige og ideelle til brugerdefineret branding.<\/p>","protected":false},"featured_media":3591,"comment_status":"open","ping_status":"closed","template":"","meta":{"_acf_changed":false,"site-sidebar-layout":"default","site-content-layout":"","ast-site-content-layout":"default","site-content-style":"default","site-sidebar-style":"default","ast-global-header-display":"","ast-banner-title-visibility":"","ast-main-header-display":"","ast-hfb-above-header-display":"","ast-hfb-below-header-display":"","ast-hfb-mobile-header-display":"","site-post-title":"","ast-breadcrumbs-content":"","ast-featured-img":"","footer-sml-layout":"","ast-disable-related-posts":"","theme-transparent-header-meta":"default","adv-header-id-meta":"","stick-header-meta":"","header-above-stick-meta":"","header-main-stick-meta":"","header-below-stick-meta":"","astra-migrate-meta-layouts":"set","ast-page-background-enabled":"default","ast-page-background-meta":{"desktop":{"background-color":"var(--ast-global-color-5)","background-image":"","background-repeat":"repeat","background-position":"center center","background-size":"auto","background-attachment":"scroll","background-type":"","background-media":"","overlay-type":"","overlay-color":"","overlay-opacity":"","overlay-gradient":""},"tablet":{"background-color":"","background-image":"","background-repeat":"repeat","background-position":"center center","background-size":"auto","background-attachment":"scroll","background-type":"","background-media":"","overlay-type":"","overlay-color":"","overlay-opacity":"","overlay-gradient":""},"mobile":{"background-color":"","background-image":"","background-repeat":"repeat","background-position":"center center","background-size":"auto","background-attachment":"scroll","background-type":"","background-media":"","overlay-type":"","overlay-color":"","overlay-opacity":"","overlay-gradient":""}},"ast-content-background-meta":{"desktop":{"background-color":"var(--ast-global-color-4)","background-image":"","background-repeat":"repeat","background-position":"center center","background-size":"auto","background-attachment":"scroll","background-type":"","background-media":"","overlay-type":"","overlay-color":"","overlay-opacity":"","overlay-gradient":""},"tablet":{"background-color":"var(--ast-global-color-4)","background-image":"","background-repeat":"repeat","background-position":"center center","background-size":"auto","background-attachment":"scroll","background-type":"","background-media":"","overlay-type":"","overlay-color":"","overlay-opacity":"","overlay-gradient":""},"mobile":{"background-color":"var(--ast-global-color-4)","background-image":"","background-repeat":"repeat","background-position":"center center","background-size":"auto","background-attachment":"scroll","background-type":"","background-media":"","overlay-type":"","overlay-color":"","overlay-opacity":"","overlay-gradient":""}}},"product_brand":[],"product_cat":[72,91,41],"product_tag":[49],"class_list":{"0":"post-3589","1":"product","2":"type-product","3":"status-publish","4":"has-post-thumbnail","6":"product_cat-cosmetic-packaging","7":"product_cat-custom-perfume-bottles","8":"product_cat-perfume-bottles","9":"product_tag-perfume-bottles","10":"desktop-align-left","11":"tablet-align-left","12":"mobile-align-left","14":"first","15":"instock","16":"shipping-taxable","17":"product-type-simple"},"acf":[],"jetpack_sharing_enabled":true,"_links":{"self":[{"href":"https:\/\/theperfumebottles.com\/da\/wp-json\/wp\/v2\/product\/3589","targetHints":{"allow":["GET"]}}],"collection":[{"href":"https:\/\/theperfumebottles.com\/da\/wp-json\/wp\/v2\/product"}],"about":[{"href":"https:\/\/theperfumebottles.com\/da\/wp-json\/wp\/v2\/types\/product"}],"replies":[{"embeddable":true,"href":"https:\/\/theperfumebottles.com\/da\/wp-json\/wp\/v2\/comments?post=3589"}],"wp:featuredmedia":[{"embeddable":true,"href":"https:\/\/theperfumebottles.com\/da\/wp-json\/wp\/v2\/media\/3591"}],"wp:attachment":[{"href":"https:\/\/theperfumebottles.com\/da\/wp-json\/wp\/v2\/media?parent=3589"}],"wp:term":[{"taxonomy":"product_brand","embeddable":true,"href":"https:\/\/theperfumebottles.com\/da\/wp-json\/wp\/v2\/product_brand?post=3589"},{"taxonomy":"product_cat","embeddable":true,"href":"https:\/\/theperfumebottles.com\/da\/wp-json\/wp\/v2\/product_cat?post=3589"},{"taxonomy":"product_tag","embeddable":true,"href":"https:\/\/theperfumebottles.com\/da\/wp-json\/wp\/v2\/product_tag?post=3589"}],"curies":[{"name":"wp","href":"https:\/\/api.w.org\/{rel}","templated":true}]}}